{"id":4558,"date":"2020-10-02T18:23:19","date_gmt":"2020-10-02T16:23:19","guid":{"rendered":"https:\/\/www.idsp.fr\/?page_id=4558"},"modified":"2025-11-03T11:54:19","modified_gmt":"2025-11-03T10:54:19","slug":"conseil-et-soutien","status":"publish","type":"page","link":"https:\/\/www.idsp.fr\/fr\/vie-de-lecole\/conseil-et-soutien\/","title":{"rendered":"Conseil et soutien"},"content":{"rendered":"\n<style type=\"text\/css\" data-created_by=\"avia_inline_auto\" id=\"style-css-av-k9tzp0ta-6dd7479124f797f4d8afc0b20a8557c6\">\n.avia-section.av-k9tzp0ta-6dd7479124f797f4d8afc0b20a8557c6{\nbackground-color:#024d7d;\nbackground-image:unset;\n}\n<\/style>\n<div id='av_section_1'  class='avia-section av-k9tzp0ta-6dd7479124f797f4d8afc0b20a8557c6 main_color avia-section-small avia-no-border-styling  avia-builder-el-0  el_before_av_one_full  avia-builder-el-first  avia-bg-style-scroll av-minimum-height av-minimum-height-custom av-height-custom  container_wrap sidebar_right'   data-av_minimum_height_px='100'><div class='container av-section-cont-open' style='height:100px'><main  role=\"main\" itemprop=\"mainContentOfPage\"  class='template-page content  av-content-small alpha units'><div class='post-entry post-entry-type-page post-entry-4558'><div class='entry-content-wrapper clearfix'>\n\n<style type=\"text\/css\" data-created_by=\"avia_inline_auto\" id=\"style-css-av-kg6mt4o2-427b4358f41d964986399ee4eb4be142\">\n#top .av-special-heading.av-kg6mt4o2-427b4358f41d964986399ee4eb4be142{\npadding-bottom:10px;\ncolor:#ffffff;\n}\nbody .av-special-heading.av-kg6mt4o2-427b4358f41d964986399ee4eb4be142 .av-special-heading-tag .heading-char{\nfont-size:25px;\n}\n.av-special-heading.av-kg6mt4o2-427b4358f41d964986399ee4eb4be142 .special-heading-inner-border{\nborder-color:#ffffff;\n}\n.av-special-heading.av-kg6mt4o2-427b4358f41d964986399ee4eb4be142 .av-subheading{\nfont-size:15px;\n}\n<\/style>\n<div  class='av-special-heading av-kg6mt4o2-427b4358f41d964986399ee4eb4be142 av-special-heading-h2 custom-color-heading  avia-builder-el-1  avia-builder-el-no-sibling '><h2 class='av-special-heading-tag '  itemprop=\"headline\"  >Conseil et soutien<\/h2><div class=\"special-heading-border\"><div class=\"special-heading-inner-border\"><\/div><\/div><\/div>\n<\/div><\/div><\/main><!-- close content main element --><\/div><\/div><div id='after_section_1'  class='main_color av_default_container_wrap container_wrap sidebar_right'  ><div class='container av-section-cont-open' ><div class='template-page content  av-content-small alpha units'><div class='post-entry post-entry-type-page post-entry-4558'><div class='entry-content-wrapper clearfix'>\n\n<style type=\"text\/css\" data-created_by=\"avia_inline_auto\" id=\"style-css-av-73tk2-ea7ce749cc756d15beac608c055db350\">\n.flex_column.av-73tk2-ea7ce749cc756d15beac608c055db350{\nborder-radius:0px 0px 0px 0px;\npadding:0px 0px 0px 0px;\n}\n<\/style>\n<div  class='flex_column av-73tk2-ea7ce749cc756d15beac608c055db350 av_one_full  avia-builder-el-2  el_after_av_section  el_before_av_hr  avia-builder-el-first  first flex_column_div av-zero-column-padding  '     ><\/div>\n\n<style type=\"text\/css\" data-created_by=\"avia_inline_auto\" id=\"style-css-av-kcex5ol5-d4078869862e9ac64f55913349852223\">\n#top .hr.hr-invisible.av-kcex5ol5-d4078869862e9ac64f55913349852223{\nheight:25px;\n}\n<\/style>\n<div  class='hr av-kcex5ol5-d4078869862e9ac64f55913349852223 hr-invisible  avia-builder-el-4  el_after_av_one_full  el_before_av_textblock '><span class='hr-inner '><span class=\"hr-inner-style\"><\/span><\/span><\/div>\n<section  class='av_textblock_section av-kb0qmkuk-15d2f5182574c6fd8eaf864040a923b9 '   itemscope=\"itemscope\" itemtype=\"https:\/\/schema.org\/CreativeWork\" ><div class='avia_textblock'  itemprop=\"text\" ><blockquote>\n<p>L&rsquo;\u00e9quipe de socio-p\u00e9dagogues de l&rsquo;iDSP conseille et soutient les parents et les p\u00e9dagogues de la maternelle \u00e0 la terminale sur les questions d&rsquo;enseignement et d&rsquo;\u00e9ducation. En plus de nombreuses autres t\u00e2ches, nos socio-p\u00e9dagogues travaillent de mani\u00e8re pr\u00e9ventive avec les \u00e9l\u00e8ves sur des probl\u00e8mes sp\u00e9cifiques aux jeunes et proposent r\u00e9guli\u00e8rement des permanences individuelles ainsi que des soir\u00e9es d&rsquo;information pour les parents.<\/p>\n<\/blockquote>\n<p>Voici un aper\u00e7u de ses activit\u00e9s diverses :<\/p>\n<ul>\n<li><strong>Entretiens individuels<\/strong> et <strong>aide au cas par cas<\/strong> aupr\u00e8s des \u00e9l\u00e8ves, des parents et des enseignants<\/li>\n<li><strong>Interventions en classe\/travail de groupe<\/strong>, par ex. pour la pr\u00e9vention des toxicomanies, l&rsquo;entra\u00eenement \u00e0 la communication, la gestion des conflits<\/li>\n<li><strong>Direction d&rsquo;ateliers<\/strong> (AG) : p\u00e9dagogie par l&rsquo;exp\u00e9rience, apprentissage social pour le d\u00e9veloppement de l&rsquo;\u00e9quipe<\/li>\n<li>Soutien \u00e0 l&rsquo;<strong>int\u00e9gration des nouveaux \u00e9l\u00e8ves <\/strong>\u00e0 l&rsquo;iDSP<\/li>\n<li>Organisation de <strong>soir\u00e9es d&rsquo;information th\u00e9matiques pour les parents<\/strong>, par exemple sur la pubert\u00e9, la gestion du stress et des m\u00e9dias, le harc\u00e8lement et la cyberintimidation.<\/li>\n<li><strong>Encadrement et suivi des repr\u00e9sentants des \u00e9l\u00e8ves<\/strong> (renforcement de la communaut\u00e9 du groupe, planification et r\u00e9alisation de diff\u00e9rents projets).<\/li>\n<li><strong>Organisation du stage social<\/strong> pour la 9e classe, encadrement des t\u00e2ches sociales et travail en r\u00e9seau<\/li>\n<li>\u00c9laboration d&rsquo;un <strong>programme de vacances<\/strong><\/li>\n<li><strong>Gestion du centre d&rsquo;accueil p\u00e9riscolaire<\/strong><\/li>\n<li>Organisation et gestion communes du <strong>kiosque bio<\/strong> interne (Biosk) avec les \u00e9l\u00e8ves<\/li>\n<\/ul>\n\n<style type=\"text\/css\" data-created_by=\"avia_inline_auto\" id=\"style-css-av-28cjlq-df5c84a634b9288bf87878a9e20350d6\">\n#top .hr.hr-invisible.av-28cjlq-df5c84a634b9288bf87878a9e20350d6{\nheight:25px;\n}\n<\/style>\n<div  class='hr av-28cjlq-df5c84a634b9288bf87878a9e20350d6 hr-invisible  avia-builder-el-6  avia-builder-el-no-sibling '><span class='hr-inner '><span class=\"hr-inner-style\"><\/span><\/span><\/div>\n<\/div><\/section>\n\n<style type=\"text\/css\" data-created_by=\"avia_inline_auto\" id=\"style-css-av-1d7aa-2e0ff0bfa2ff739db47173231b55c698\">\n#top .hr.hr-invisible.av-1d7aa-2e0ff0bfa2ff739db47173231b55c698{\nheight:25px;\n}\n<\/style>\n<div  class='hr av-1d7aa-2e0ff0bfa2ff739db47173231b55c698 hr-invisible  avia-builder-el-7  el_after_av_textblock  el_before_av_one_half '><span class='hr-inner '><span class=\"hr-inner-style\"><\/span><\/span><\/div>\n<div  class='flex_column av-av_one_half-7714eba142aeda1f8b5272a3c372b279 av_one_half  avia-builder-el-8  el_after_av_hr  el_before_av_one_half  first flex_column_div  '     ><article  class='iconbox iconbox_left av-kt2ufx38-7dab0189debe1c277bdcfc562bf8005b  avia-builder-el-9  avia-builder-el-no-sibling '  itemscope=\"itemscope\" itemtype=\"https:\/\/schema.org\/CreativeWork\" ><div class=\"iconbox_content\"><header class=\"entry-content-header\" aria-label=\"Ic\u00f4ne : PERMANENCES\"><div class='iconbox_icon heading-color avia-iconfont avia-font-entypo-fontello' data-av_icon='\ue81f' data-av_iconfont='entypo-fontello'  ><\/div><h3 class='iconbox_content_title '  itemprop=\"headline\" >PERMANENCES<\/h3><\/header><div class='iconbox_content_container '  itemprop=\"text\" ><p>Pour les parents: sur rendez-vous<\/p>\n<p><img decoding=\"async\" class=\"alignnone wp-image-29875 size-large\" src=\"https:\/\/www.idsp.fr\/wp-content\/uploads\/2024\/09\/Offene-Sprechzeiten_SP_2024_2025-732x1030.jpg\" alt=\"\" width=\"732\" height=\"1030\" srcset=\"https:\/\/www.idsp.fr\/wp-content\/uploads\/2024\/09\/Offene-Sprechzeiten_SP_2024_2025-732x1030.jpg 732w, https:\/\/www.idsp.fr\/wp-content\/uploads\/2024\/09\/Offene-Sprechzeiten_SP_2024_2025-227x320.jpg 227w, https:\/\/www.idsp.fr\/wp-content\/uploads\/2024\/09\/Offene-Sprechzeiten_SP_2024_2025-768x1081.jpg 768w, https:\/\/www.idsp.fr\/wp-content\/uploads\/2024\/09\/Offene-Sprechzeiten_SP_2024_2025-501x705.jpg 501w, https:\/\/www.idsp.fr\/wp-content\/uploads\/2024\/09\/Offene-Sprechzeiten_SP_2024_2025.jpg 835w\" sizes=\"(max-width: 732px) 100vw, 732px\" \/><\/p>\n<\/div><\/div><footer class=\"entry-footer\"><\/footer><\/article><\/div>\n<div  class='flex_column av-av_one_half-f1c518e9ff58e869f80c8f093487abc9 av_one_half  avia-builder-el-10  el_after_av_one_half  el_before_av_hr  flex_column_div  '     ><section  class='av_textblock_section av-lrgdw1rx-eb48be99d5540c3b0d1f13a6eece85d3 '   itemscope=\"itemscope\" itemtype=\"https:\/\/schema.org\/CreativeWork\" ><div class='avia_textblock'  itemprop=\"text\" ><h3>L&rsquo;\u00c9QUIPE<\/h3>\n<p><a href=\"https:\/\/www.idsp.fr\/wp-content\/uploads\/2025\/05\/SozPaedTeam_3_klein.jpg\"><img decoding=\"async\" class=\"aligncenter wp-image-31781\" src=\"https:\/\/www.idsp.fr\/wp-content\/uploads\/2025\/05\/SozPaedTeam_3_klein-240x320.jpg\" alt=\"\" width=\"350\" height=\"467\" srcset=\"https:\/\/www.idsp.fr\/wp-content\/uploads\/2025\/05\/SozPaedTeam_3_klein-240x320.jpg 240w, https:\/\/www.idsp.fr\/wp-content\/uploads\/2025\/05\/SozPaedTeam_3_klein-529x705.jpg 529w, https:\/\/www.idsp.fr\/wp-content\/uploads\/2025\/05\/SozPaedTeam_3_klein.jpg 600w\" sizes=\"(max-width: 350px) 100vw, 350px\" \/><\/a><\/p>\n<p><strong>Thomas Weinbrecht, Nina Friedmann et Isabelle Ecklebe<\/strong><strong>, <\/strong>sont \u00e0 la disposition des \u00e9l\u00e8ves, des parents et des enseignants pour r\u00e9pondre aux questions et aux probl\u00e8mes li\u00e9s \u00e0 l&rsquo;apprentissage et au passage \u00e0 l&rsquo;\u00e2ge adulte, aux conflits en classe ou en famille.<\/p>\n<\/div><\/section><\/div>\n<style type=\"text\/css\" data-created_by=\"avia_inline_auto\" id=\"style-css-av-kcex5ol5-d4078869862e9ac64f55913349852223\">\n#top .hr.hr-invisible.av-kcex5ol5-d4078869862e9ac64f55913349852223{\nheight:25px;\n}\n<\/style>\n<div  class='hr av-kcex5ol5-d4078869862e9ac64f55913349852223 hr-invisible  avia-builder-el-12  el_after_av_one_half  avia-builder-el-last '><span class='hr-inner '><span class=\"hr-inner-style\"><\/span><\/span><\/div><\/p>\n","protected":false},"excerpt":{"rendered":"","protected":false},"author":3,"featured_media":0,"parent":3999,"menu_order":36,"comment_status":"closed","ping_status":"closed","template":"","meta":{"footnotes":""},"class_list":["post-4558","page","type-page","status-publish","hentry"],"yoast_head":"<!-- This site is optimized with the Yoast SEO plugin v27.4 - https:\/\/yoast.com\/product\/yoast-seo-wordpress\/ -->\n<title>Conseil et soutien - iDSP - La Schule - Internationale Deutsche Schule Paris<\/title>\n<meta name=\"robots\" content=\"index, follow, max-snippet:-1, max-image-preview:large, max-video-preview:-1\" \/>\n<link rel=\"canonical\" href=\"https:\/\/www.idsp.fr\/fr\/vie-de-lecole\/conseil-et-soutien\/\" \/>\n<meta property=\"og:locale\" content=\"fr_FR\" \/>\n<meta property=\"og:type\" content=\"article\" \/>\n<meta property=\"og:title\" content=\"Conseil et soutien - iDSP - La Schule - Internationale Deutsche Schule Paris\" \/>\n<meta property=\"og:url\" content=\"https:\/\/www.idsp.fr\/fr\/vie-de-lecole\/conseil-et-soutien\/\" \/>\n<meta property=\"og:site_name\" content=\"iDSP - La Schule - Internationale Deutsche Schule Paris\" \/>\n<meta property=\"article:modified_time\" content=\"2025-11-03T10:54:19+00:00\" \/>\n<meta property=\"og:image\" content=\"https:\/\/www.idsp.fr\/wp-content\/uploads\/2024\/09\/Offene-Sprechzeiten_SP_2024_2025-732x1030.jpg\" \/>\n<meta name=\"twitter:card\" content=\"summary_large_image\" \/>\n<meta name=\"twitter:label1\" content=\"Dur\u00e9e de lecture estim\u00e9e\" \/>\n\t<meta name=\"twitter:data1\" content=\"2 minutes\" \/>\n<script type=\"application\/ld+json\" class=\"yoast-schema-graph\">{\"@context\":\"https:\\\/\\\/schema.org\",\"@graph\":[{\"@type\":\"WebPage\",\"@id\":\"https:\\\/\\\/www.idsp.fr\\\/fr\\\/vie-de-lecole\\\/conseil-et-soutien\\\/\",\"url\":\"https:\\\/\\\/www.idsp.fr\\\/fr\\\/vie-de-lecole\\\/conseil-et-soutien\\\/\",\"name\":\"Conseil et soutien - iDSP - La Schule - Internationale Deutsche Schule Paris\",\"isPartOf\":{\"@id\":\"https:\\\/\\\/www.idsp.fr\\\/#website\"},\"primaryImageOfPage\":{\"@id\":\"https:\\\/\\\/www.idsp.fr\\\/fr\\\/vie-de-lecole\\\/conseil-et-soutien\\\/#primaryimage\"},\"image\":{\"@id\":\"https:\\\/\\\/www.idsp.fr\\\/fr\\\/vie-de-lecole\\\/conseil-et-soutien\\\/#primaryimage\"},\"thumbnailUrl\":\"https:\\\/\\\/www.idsp.fr\\\/wp-content\\\/uploads\\\/2024\\\/09\\\/Offene-Sprechzeiten_SP_2024_2025-732x1030.jpg\",\"datePublished\":\"2020-10-02T16:23:19+00:00\",\"dateModified\":\"2025-11-03T10:54:19+00:00\",\"breadcrumb\":{\"@id\":\"https:\\\/\\\/www.idsp.fr\\\/fr\\\/vie-de-lecole\\\/conseil-et-soutien\\\/#breadcrumb\"},\"inLanguage\":\"fr-FR\",\"potentialAction\":[{\"@type\":\"ReadAction\",\"target\":[\"https:\\\/\\\/www.idsp.fr\\\/fr\\\/vie-de-lecole\\\/conseil-et-soutien\\\/\"]}]},{\"@type\":\"ImageObject\",\"inLanguage\":\"fr-FR\",\"@id\":\"https:\\\/\\\/www.idsp.fr\\\/fr\\\/vie-de-lecole\\\/conseil-et-soutien\\\/#primaryimage\",\"url\":\"https:\\\/\\\/www.idsp.fr\\\/wp-content\\\/uploads\\\/2024\\\/09\\\/Offene-Sprechzeiten_SP_2024_2025-732x1030.jpg\",\"contentUrl\":\"https:\\\/\\\/www.idsp.fr\\\/wp-content\\\/uploads\\\/2024\\\/09\\\/Offene-Sprechzeiten_SP_2024_2025-732x1030.jpg\"},{\"@type\":\"BreadcrumbList\",\"@id\":\"https:\\\/\\\/www.idsp.fr\\\/fr\\\/vie-de-lecole\\\/conseil-et-soutien\\\/#breadcrumb\",\"itemListElement\":[{\"@type\":\"ListItem\",\"position\":1,\"name\":\"Startseite\",\"item\":\"https:\\\/\\\/www.idsp.fr\\\/fr\\\/idsp-ecole-allemande-internationale-de-paris\\\/\"},{\"@type\":\"ListItem\",\"position\":2,\"name\":\"Vie de l&rsquo;\u00e9cole\",\"item\":\"https:\\\/\\\/www.idsp.fr\\\/fr\\\/vie-de-lecole\\\/\"},{\"@type\":\"ListItem\",\"position\":3,\"name\":\"Conseil et soutien\"}]},{\"@type\":\"WebSite\",\"@id\":\"https:\\\/\\\/www.idsp.fr\\\/#website\",\"url\":\"https:\\\/\\\/www.idsp.fr\\\/\",\"name\":\"iDSP - La Schule - Internationale Deutsche Schule Paris\",\"description\":\"\",\"potentialAction\":[{\"@type\":\"SearchAction\",\"target\":{\"@type\":\"EntryPoint\",\"urlTemplate\":\"https:\\\/\\\/www.idsp.fr\\\/?s={search_term_string}\"},\"query-input\":{\"@type\":\"PropertyValueSpecification\",\"valueRequired\":true,\"valueName\":\"search_term_string\"}}],\"inLanguage\":\"fr-FR\"}]}<\/script>\n<!-- \/ Yoast SEO plugin. -->","yoast_head_json":{"title":"Conseil et soutien - iDSP - La Schule - Internationale Deutsche Schule Paris","robots":{"index":"index","follow":"follow","max-snippet":"max-snippet:-1","max-image-preview":"max-image-preview:large","max-video-preview":"max-video-preview:-1"},"canonical":"https:\/\/www.idsp.fr\/fr\/vie-de-lecole\/conseil-et-soutien\/","og_locale":"fr_FR","og_type":"article","og_title":"Conseil et soutien - iDSP - La Schule - Internationale Deutsche Schule Paris","og_url":"https:\/\/www.idsp.fr\/fr\/vie-de-lecole\/conseil-et-soutien\/","og_site_name":"iDSP - La Schule - Internationale Deutsche Schule Paris","article_modified_time":"2025-11-03T10:54:19+00:00","og_image":[{"url":"https:\/\/www.idsp.fr\/wp-content\/uploads\/2024\/09\/Offene-Sprechzeiten_SP_2024_2025-732x1030.jpg","type":"","width":"","height":""}],"twitter_card":"summary_large_image","twitter_misc":{"Dur\u00e9e de lecture estim\u00e9e":"2 minutes"},"schema":{"@context":"https:\/\/schema.org","@graph":[{"@type":"WebPage","@id":"https:\/\/www.idsp.fr\/fr\/vie-de-lecole\/conseil-et-soutien\/","url":"https:\/\/www.idsp.fr\/fr\/vie-de-lecole\/conseil-et-soutien\/","name":"Conseil et soutien - iDSP - La Schule - Internationale Deutsche Schule Paris","isPartOf":{"@id":"https:\/\/www.idsp.fr\/#website"},"primaryImageOfPage":{"@id":"https:\/\/www.idsp.fr\/fr\/vie-de-lecole\/conseil-et-soutien\/#primaryimage"},"image":{"@id":"https:\/\/www.idsp.fr\/fr\/vie-de-lecole\/conseil-et-soutien\/#primaryimage"},"thumbnailUrl":"https:\/\/www.idsp.fr\/wp-content\/uploads\/2024\/09\/Offene-Sprechzeiten_SP_2024_2025-732x1030.jpg","datePublished":"2020-10-02T16:23:19+00:00","dateModified":"2025-11-03T10:54:19+00:00","breadcrumb":{"@id":"https:\/\/www.idsp.fr\/fr\/vie-de-lecole\/conseil-et-soutien\/#breadcrumb"},"inLanguage":"fr-FR","potentialAction":[{"@type":"ReadAction","target":["https:\/\/www.idsp.fr\/fr\/vie-de-lecole\/conseil-et-soutien\/"]}]},{"@type":"ImageObject","inLanguage":"fr-FR","@id":"https:\/\/www.idsp.fr\/fr\/vie-de-lecole\/conseil-et-soutien\/#primaryimage","url":"https:\/\/www.idsp.fr\/wp-content\/uploads\/2024\/09\/Offene-Sprechzeiten_SP_2024_2025-732x1030.jpg","contentUrl":"https:\/\/www.idsp.fr\/wp-content\/uploads\/2024\/09\/Offene-Sprechzeiten_SP_2024_2025-732x1030.jpg"},{"@type":"BreadcrumbList","@id":"https:\/\/www.idsp.fr\/fr\/vie-de-lecole\/conseil-et-soutien\/#breadcrumb","itemListElement":[{"@type":"ListItem","position":1,"name":"Startseite","item":"https:\/\/www.idsp.fr\/fr\/idsp-ecole-allemande-internationale-de-paris\/"},{"@type":"ListItem","position":2,"name":"Vie de l&rsquo;\u00e9cole","item":"https:\/\/www.idsp.fr\/fr\/vie-de-lecole\/"},{"@type":"ListItem","position":3,"name":"Conseil et soutien"}]},{"@type":"WebSite","@id":"https:\/\/www.idsp.fr\/#website","url":"https:\/\/www.idsp.fr\/","name":"iDSP - La Schule - Internationale Deutsche Schule Paris","description":"","potentialAction":[{"@type":"SearchAction","target":{"@type":"EntryPoint","urlTemplate":"https:\/\/www.idsp.fr\/?s={search_term_string}"},"query-input":{"@type":"PropertyValueSpecification","valueRequired":true,"valueName":"search_term_string"}}],"inLanguage":"fr-FR"}]}},"_links":{"self":[{"href":"https:\/\/www.idsp.fr\/fr\/wp-json\/wp\/v2\/pages\/4558","targetHints":{"allow":["GET"]}}],"collection":[{"href":"https:\/\/www.idsp.fr\/fr\/wp-json\/wp\/v2\/pages"}],"about":[{"href":"https:\/\/www.idsp.fr\/fr\/wp-json\/wp\/v2\/types\/page"}],"author":[{"embeddable":true,"href":"https:\/\/www.idsp.fr\/fr\/wp-json\/wp\/v2\/users\/3"}],"replies":[{"embeddable":true,"href":"https:\/\/www.idsp.fr\/fr\/wp-json\/wp\/v2\/comments?post=4558"}],"version-history":[{"count":10,"href":"https:\/\/www.idsp.fr\/fr\/wp-json\/wp\/v2\/pages\/4558\/revisions"}],"predecessor-version":[{"id":31790,"href":"https:\/\/www.idsp.fr\/fr\/wp-json\/wp\/v2\/pages\/4558\/revisions\/31790"}],"up":[{"embeddable":true,"href":"https:\/\/www.idsp.fr\/fr\/wp-json\/wp\/v2\/pages\/3999"}],"wp:attachment":[{"href":"https:\/\/www.idsp.fr\/fr\/wp-json\/wp\/v2\/media?parent=4558"}],"curies":[{"name":"wp","href":"https:\/\/api.w.org\/{rel}","templated":true}]}}