{"id":4520,"date":"2020-10-02T18:13:11","date_gmt":"2020-10-02T16:13:11","guid":{"rendered":"https:\/\/www.idsp.fr\/?page_id=4520"},"modified":"2025-12-07T19:46:06","modified_gmt":"2025-12-07T18:46:06","slug":"ateliers","status":"publish","type":"page","link":"https:\/\/www.idsp.fr\/fr\/vie-de-lecole\/ateliers\/","title":{"rendered":"Ateliers"},"content":{"rendered":"\n<style type=\"text\/css\" data-created_by=\"avia_inline_auto\" id=\"style-css-av-k9tzp0ta-6dd7479124f797f4d8afc0b20a8557c6\">\n.avia-section.av-k9tzp0ta-6dd7479124f797f4d8afc0b20a8557c6{\nbackground-color:#024d7d;\nbackground-image:unset;\n}\n<\/style>\n<div id='av_section_1'  class='avia-section av-k9tzp0ta-6dd7479124f797f4d8afc0b20a8557c6 main_color avia-section-small avia-no-border-styling  avia-builder-el-0  el_before_av_heading  avia-builder-el-first  avia-bg-style-scroll av-minimum-height av-minimum-height-custom av-height-custom  container_wrap sidebar_right'   data-av_minimum_height_px='100'><div class='container av-section-cont-open' style='height:100px'><main  role=\"main\" itemprop=\"mainContentOfPage\"  class='template-page content  av-content-small alpha units'><div class='post-entry post-entry-type-page post-entry-4520'><div class='entry-content-wrapper clearfix'>\n\n<style type=\"text\/css\" data-created_by=\"avia_inline_auto\" id=\"style-css-av-kcew6o1g-d83f88ca76a56eef3e447eb3f54cc4ba\">\n#top .av-special-heading.av-kcew6o1g-d83f88ca76a56eef3e447eb3f54cc4ba{\npadding-bottom:10px;\ncolor:#ffffff;\n}\nbody .av-special-heading.av-kcew6o1g-d83f88ca76a56eef3e447eb3f54cc4ba .av-special-heading-tag .heading-char{\nfont-size:25px;\n}\n.av-special-heading.av-kcew6o1g-d83f88ca76a56eef3e447eb3f54cc4ba .special-heading-inner-border{\nborder-color:#ffffff;\n}\n.av-special-heading.av-kcew6o1g-d83f88ca76a56eef3e447eb3f54cc4ba .av-subheading{\nfont-size:15px;\n}\n<\/style>\n<div  class='av-special-heading av-kcew6o1g-d83f88ca76a56eef3e447eb3f54cc4ba av-special-heading-h2 custom-color-heading  avia-builder-el-1  avia-builder-el-no-sibling '><h2 class='av-special-heading-tag '  itemprop=\"headline\"  >Ganztagsschule<\/h2><div class=\"special-heading-border\"><div class=\"special-heading-inner-border\"><\/div><\/div><\/div>\n<\/div><\/div><\/main><!-- close content main element --><\/div><\/div><div id='after_section_1'  class='main_color av_default_container_wrap container_wrap sidebar_right'  ><div class='container av-section-cont-open' ><div class='template-page content  av-content-small alpha units'><div class='post-entry post-entry-type-page post-entry-4520'><div class='entry-content-wrapper clearfix'>\n\n<style type=\"text\/css\" data-created_by=\"avia_inline_auto\" id=\"style-css-av-9hgtr-fc3b17ddd44831580d265ec6bf2d2579\">\n#top .av-special-heading.av-9hgtr-fc3b17ddd44831580d265ec6bf2d2579{\npadding-bottom:10px;\n}\nbody .av-special-heading.av-9hgtr-fc3b17ddd44831580d265ec6bf2d2579 .av-special-heading-tag .heading-char{\nfont-size:25px;\n}\n.av-special-heading.av-9hgtr-fc3b17ddd44831580d265ec6bf2d2579 .av-subheading{\nfont-size:15px;\n}\n<\/style>\n<div  class='av-special-heading av-9hgtr-fc3b17ddd44831580d265ec6bf2d2579 av-special-heading-h3  avia-builder-el-2  el_after_av_section  el_before_av_gallery  avia-builder-el-first '><h3 class='av-special-heading-tag '  itemprop=\"headline\"  >Die Arbeitsgemeinschaften ( AGs)<\/h3><div class=\"special-heading-border\"><div class=\"special-heading-inner-border\"><\/div><\/div><\/div>\n\n<style type=\"text\/css\" data-created_by=\"avia_inline_auto\" id=\"style-css-av-kazo5kt2-055ae36e892fb2e0ca93944b9caa1d8a\">\n#top .avia-gallery.av-kazo5kt2-055ae36e892fb2e0ca93944b9caa1d8a .avia-gallery-thumb a{\nwidth:20%;\n}\n<\/style>\n<div  class='avia-gallery av-kazo5kt2-055ae36e892fb2e0ca93944b9caa1d8a avia_animate_when_visible  avia-builder-el-3  el_after_av_heading  el_before_av_textblock  deactivate_avia_lazyload avia-gallery-animate avia-gallery-1'  itemprop=\"image\" itemscope=\"itemscope\" itemtype=\"https:\/\/schema.org\/ImageObject\" ><meta itemprop=\"contentURL\" content=\"https:\/\/www.idsp.fr\/fr\/vie-de-lecole\/ateliers\/\"><div class='avia-gallery-thumb'><a href=\"https:\/\/www.idsp.fr\/wp-content\/uploads\/2024\/02\/AG_1.jpg\" data-srcset=\"https:\/\/www.idsp.fr\/wp-content\/uploads\/2024\/02\/AG_1.jpg 800w, https:\/\/www.idsp.fr\/wp-content\/uploads\/2024\/02\/AG_1-340x255.jpg 340w, https:\/\/www.idsp.fr\/wp-content\/uploads\/2024\/02\/AG_1-768x576.jpg 768w, https:\/\/www.idsp.fr\/wp-content\/uploads\/2024\/02\/AG_1-705x529.jpg 705w\" data-sizes=\"(max-width: 800px) 100vw, 800px\" data-rel='gallery-1' data-prev-img='https:\/\/www.idsp.fr\/wp-content\/uploads\/2024\/02\/AG_1-495x400.jpg' class='first_thumb lightbox ' data-onclick='1' title=''  itemprop=\"thumbnailUrl\"  ><img decoding=\"async\" fetchpriority=\"high\" class=\"wp-image-26166 avia-img-lazy-loading-not-26166\"   src=\"https:\/\/www.idsp.fr\/wp-content\/uploads\/2024\/02\/AG_1-180x180.jpg\" width=\"180\" height=\"180\"  title='' alt='' srcset=\"https:\/\/www.idsp.fr\/wp-content\/uploads\/2024\/02\/AG_1-180x180.jpg 180w, https:\/\/www.idsp.fr\/wp-content\/uploads\/2024\/02\/AG_1-80x80.jpg 80w, https:\/\/www.idsp.fr\/wp-content\/uploads\/2024\/02\/AG_1-36x36.jpg 36w\" sizes=\"(max-width: 180px) 100vw, 180px\" \/><div class='big-prev-fake'><img decoding=\"async\" loading=\"lazy\" class=\"wp-image-26166 avia-img-lazy-loading-26166\"  width=\"495\" height=\"400\" src=\"https:\/\/www.idsp.fr\/wp-content\/uploads\/2024\/02\/AG_1-495x400.jpg\" title='' alt='' \/><\/div><\/a><a href=\"https:\/\/www.idsp.fr\/wp-content\/uploads\/2024\/02\/AG_3.jpg\" data-srcset=\"https:\/\/www.idsp.fr\/wp-content\/uploads\/2024\/02\/AG_3.jpg 600w, https:\/\/www.idsp.fr\/wp-content\/uploads\/2024\/02\/AG_3-240x320.jpg 240w, https:\/\/www.idsp.fr\/wp-content\/uploads\/2024\/02\/AG_3-529x705.jpg 529w\" data-sizes=\"(max-width: 600px) 100vw, 600px\" data-rel='gallery-1' data-prev-img='https:\/\/www.idsp.fr\/wp-content\/uploads\/2024\/02\/AG_3-495x400.jpg' class='lightbox ' data-onclick='2' title=''  itemprop=\"thumbnailUrl\"  ><img decoding=\"async\" fetchpriority=\"high\" class=\"wp-image-26170 avia-img-lazy-loading-not-26170\"   src=\"https:\/\/www.idsp.fr\/wp-content\/uploads\/2024\/02\/AG_3-180x180.jpg\" width=\"180\" height=\"180\"  title='' alt='' srcset=\"https:\/\/www.idsp.fr\/wp-content\/uploads\/2024\/02\/AG_3-180x180.jpg 180w, https:\/\/www.idsp.fr\/wp-content\/uploads\/2024\/02\/AG_3-80x80.jpg 80w, https:\/\/www.idsp.fr\/wp-content\/uploads\/2024\/02\/AG_3-36x36.jpg 36w\" sizes=\"(max-width: 180px) 100vw, 180px\" \/><div class='big-prev-fake'><img decoding=\"async\" loading=\"lazy\" class=\"wp-image-26170 avia-img-lazy-loading-26170\"  width=\"495\" height=\"400\" src=\"https:\/\/www.idsp.fr\/wp-content\/uploads\/2024\/02\/AG_3-495x400.jpg\" title='' alt='' \/><\/div><\/a><a href=\"https:\/\/www.idsp.fr\/wp-content\/uploads\/2024\/02\/AG_4.jpg\" data-srcset=\"https:\/\/www.idsp.fr\/wp-content\/uploads\/2024\/02\/AG_4.jpg 600w, https:\/\/www.idsp.fr\/wp-content\/uploads\/2024\/02\/AG_4-240x320.jpg 240w, https:\/\/www.idsp.fr\/wp-content\/uploads\/2024\/02\/AG_4-529x705.jpg 529w\" data-sizes=\"(max-width: 600px) 100vw, 600px\" data-rel='gallery-1' data-prev-img='https:\/\/www.idsp.fr\/wp-content\/uploads\/2024\/02\/AG_4-495x400.jpg' class='lightbox ' data-onclick='3' title=''  itemprop=\"thumbnailUrl\"  ><img decoding=\"async\" fetchpriority=\"high\" class=\"wp-image-26172 avia-img-lazy-loading-not-26172\"   src=\"https:\/\/www.idsp.fr\/wp-content\/uploads\/2024\/02\/AG_4-180x180.jpg\" width=\"180\" height=\"180\"  title='' alt='' srcset=\"https:\/\/www.idsp.fr\/wp-content\/uploads\/2024\/02\/AG_4-180x180.jpg 180w, https:\/\/www.idsp.fr\/wp-content\/uploads\/2024\/02\/AG_4-80x80.jpg 80w, https:\/\/www.idsp.fr\/wp-content\/uploads\/2024\/02\/AG_4-36x36.jpg 36w\" sizes=\"(max-width: 180px) 100vw, 180px\" \/><div class='big-prev-fake'><img decoding=\"async\" loading=\"lazy\" class=\"wp-image-26172 avia-img-lazy-loading-26172\"  width=\"495\" height=\"400\" src=\"https:\/\/www.idsp.fr\/wp-content\/uploads\/2024\/02\/AG_4-495x400.jpg\" title='' alt='' \/><\/div><\/a><a href=\"https:\/\/www.idsp.fr\/wp-content\/uploads\/2024\/02\/AG_5.jpg\" data-srcset=\"https:\/\/www.idsp.fr\/wp-content\/uploads\/2024\/02\/AG_5.jpg 600w, https:\/\/www.idsp.fr\/wp-content\/uploads\/2024\/02\/AG_5-240x320.jpg 240w, https:\/\/www.idsp.fr\/wp-content\/uploads\/2024\/02\/AG_5-529x705.jpg 529w\" data-sizes=\"(max-width: 600px) 100vw, 600px\" data-rel='gallery-1' data-prev-img='https:\/\/www.idsp.fr\/wp-content\/uploads\/2024\/02\/AG_5-495x400.jpg' class='lightbox ' data-onclick='4' title=''  itemprop=\"thumbnailUrl\"  ><img decoding=\"async\" fetchpriority=\"high\" class=\"wp-image-26174 avia-img-lazy-loading-not-26174\"   src=\"https:\/\/www.idsp.fr\/wp-content\/uploads\/2024\/02\/AG_5-180x180.jpg\" width=\"180\" height=\"180\"  title='' alt='' srcset=\"https:\/\/www.idsp.fr\/wp-content\/uploads\/2024\/02\/AG_5-180x180.jpg 180w, https:\/\/www.idsp.fr\/wp-content\/uploads\/2024\/02\/AG_5-80x80.jpg 80w, https:\/\/www.idsp.fr\/wp-content\/uploads\/2024\/02\/AG_5-36x36.jpg 36w\" sizes=\"(max-width: 180px) 100vw, 180px\" \/><div class='big-prev-fake'><img decoding=\"async\" loading=\"lazy\" class=\"wp-image-26174 avia-img-lazy-loading-26174\"  width=\"495\" height=\"400\" src=\"https:\/\/www.idsp.fr\/wp-content\/uploads\/2024\/02\/AG_5-495x400.jpg\" title='' alt='' \/><\/div><\/a><a href=\"https:\/\/www.idsp.fr\/wp-content\/uploads\/2024\/02\/AG_2.jpg\" data-srcset=\"https:\/\/www.idsp.fr\/wp-content\/uploads\/2024\/02\/AG_2.jpg 800w, https:\/\/www.idsp.fr\/wp-content\/uploads\/2024\/02\/AG_2-340x255.jpg 340w, https:\/\/www.idsp.fr\/wp-content\/uploads\/2024\/02\/AG_2-768x576.jpg 768w, https:\/\/www.idsp.fr\/wp-content\/uploads\/2024\/02\/AG_2-705x529.jpg 705w\" data-sizes=\"(max-width: 800px) 100vw, 800px\" data-rel='gallery-1' data-prev-img='https:\/\/www.idsp.fr\/wp-content\/uploads\/2024\/02\/AG_2-495x400.jpg' class='lightbox ' data-onclick='5' title=''  itemprop=\"thumbnailUrl\"  ><img decoding=\"async\" fetchpriority=\"high\" class=\"wp-image-26168 avia-img-lazy-loading-not-26168\"   src=\"https:\/\/www.idsp.fr\/wp-content\/uploads\/2024\/02\/AG_2-180x180.jpg\" width=\"180\" height=\"180\"  title='' alt='' srcset=\"https:\/\/www.idsp.fr\/wp-content\/uploads\/2024\/02\/AG_2-180x180.jpg 180w, https:\/\/www.idsp.fr\/wp-content\/uploads\/2024\/02\/AG_2-80x80.jpg 80w, https:\/\/www.idsp.fr\/wp-content\/uploads\/2024\/02\/AG_2-36x36.jpg 36w\" sizes=\"(max-width: 180px) 100vw, 180px\" \/><div class='big-prev-fake'><img decoding=\"async\" loading=\"lazy\" class=\"wp-image-26168 avia-img-lazy-loading-26168\"  width=\"495\" height=\"400\" src=\"https:\/\/www.idsp.fr\/wp-content\/uploads\/2024\/02\/AG_2-495x400.jpg\" title='' alt='' \/><\/div><\/a><\/div><\/div>\n<section  class='av_textblock_section av-kazmrb8r-e850bfd37275c4f9a25d253f1c6946d8 '   itemscope=\"itemscope\" itemtype=\"https:\/\/schema.org\/CreativeWork\" ><div class='avia_textblock'  itemprop=\"text\" ><blockquote>\n<p>Die Arbeitsgemeinschaften der iDSP sind ein wichtiger Bestandteil unseres Schulalltags und sind im Ganztagsangebot enthalten.\u00a0Hier stehen sowohl der Spa\u00df als auch das Entdecken von neuen Bereichen und verborgenen Talenten im Vordergrund!<\/p>\n<\/blockquote>\n<p>Nach erfolgreicher Anmeldung ist die Teilnahme f\u00fcr das gesamte Schuljahr verbindlich.<\/p>\n<p>F\u00fcr den Fall, dass es bei AGs mit begrenzter Teilnehmerzahl zu viele Anmeldungen gibt, werden die teilnehmenden Sch\u00fclerInnen fairerweise ausgelost. Es wird angestrebt, dass alle Kinder die M\u00f6glichkeit bekommen unser gesamtes Angebot im Laufe ihrer (Grund)Schulzeit zu besuchen.<\/p>\n<\/div><\/section>\n\n<style type=\"text\/css\" data-created_by=\"avia_inline_auto\" id=\"style-css-av-ftu9z-0ecc9dc31d5acf6400d491047ea8ed12\">\n.flex_column.av-ftu9z-0ecc9dc31d5acf6400d491047ea8ed12{\nborder-radius:0px 0px 0px 0px;\npadding:0px 0px 0px 0px;\n}\n<\/style>\n<div  class='flex_column av-ftu9z-0ecc9dc31d5acf6400d491047ea8ed12 av_one_full  avia-builder-el-5  el_after_av_textblock  el_before_av_hr  first flex_column_div av-zero-column-padding  column-top-margin'     ><div  class='avia-button-wrap avia-button-center  avia-builder-el-6  avia-builder-el-no-sibling '>\n<style type=\"text\/css\" data-created_by=\"avia_inline_auto\" id=\"style-css-av-ksoc7bkf-61e5ae155151743dd51ce273500c6b50\">\n#top #wrap_all .avia-button.av-ksoc7bkf-61e5ae155151743dd51ce273500c6b50:hover{\ncolor:white;\ntransition:all 0.4s ease-in-out;\n}\n#top #wrap_all .avia-button.av-ksoc7bkf-61e5ae155151743dd51ce273500c6b50:hover .avia-svg-icon svg:first-child{\nfill:white;\nstroke:white;\n}\n<\/style>\n<a href='https:\/\/www.idsp.fr\/wp-content\/uploads\/2024\/09\/AGs-Schuljahr-202425-1-hj-2.pdf' class='avia-color-theme-color avia-font-color-theme-color avia-button avia-button-fullwidth av-ksoc7bkf-61e5ae155151743dd51ce273500c6b50 avia-icon_select-no avia-color-theme-color'  target=\"_blank\"  rel=\"noopener noreferrer\"  aria-label=\"Unser AGs-Angebot f\u00fcr das Schuljahr 2024-2025\"><span class='avia_iconbox_title' >Unser AGs-Angebot f\u00fcr das Schuljahr 2024-2025<\/span><span class='avia_button_background avia-button avia-button-fullwidth avia-color-theme-color-highlight'><\/span><\/a><\/div><\/div>\n<style type=\"text\/css\" data-created_by=\"avia_inline_auto\" id=\"style-css-av-k9va6nzt-678a804bd314bdd63f6d963b3b768b81\">\n#top .hr.av-k9va6nzt-678a804bd314bdd63f6d963b3b768b81{\nmargin-top:25px;\nmargin-bottom:30px;\n}\n.hr.av-k9va6nzt-678a804bd314bdd63f6d963b3b768b81 .hr-inner{\nwidth:50px;\nborder-color:#024d7d;\n}\n<\/style>\n<div  class='hr av-k9va6nzt-678a804bd314bdd63f6d963b3b768b81 hr-custom  avia-builder-el-7  el_after_av_one_full  el_before_av_textblock  hr-left hr-icon-no'><span class='hr-inner inner-border-av-border-fat'><span class=\"hr-inner-style\"><\/span><\/span><\/div><\/p>\n<section  class='av_textblock_section av-kazn45cq-dd17c866b363aa9a839bb289fccf57fb '   itemscope=\"itemscope\" itemtype=\"https:\/\/schema.org\/CreativeWork\" ><div class='avia_textblock'  itemprop=\"text\" ><p><strong>Wer? <\/strong><\/p>\n<p>Unser Angebot richtet sich an alle iDSP-Sch\u00fclerInnen<\/p>\n<p><strong>Wann? <\/strong><\/p>\n<p>T\u00e4glich 14.00-15.30 Uhr<\/p>\n<p><strong>Ansprechpartnerin<\/strong>: Nina Friedmann <a href=\"mailto:nina.friedmann@idsp.fr\">nina.friedmann@idsp.fr<\/a><\/p>\n<\/div><\/section>\n","protected":false},"excerpt":{"rendered":"","protected":false},"author":3,"featured_media":0,"parent":3999,"menu_order":18,"comment_status":"closed","ping_status":"closed","template":"","meta":{"footnotes":""},"class_list":["post-4520","page","type-page","status-publish","hentry"],"yoast_head":"<!-- This site is optimized with the Yoast SEO plugin v27.4 - https:\/\/yoast.com\/product\/yoast-seo-wordpress\/ -->\n<title>Ateliers - iDSP - La Schule - Internationale Deutsche Schule Paris<\/title>\n<meta name=\"robots\" content=\"index, follow, max-snippet:-1, max-image-preview:large, max-video-preview:-1\" \/>\n<link rel=\"canonical\" href=\"https:\/\/www.idsp.fr\/fr\/vie-de-lecole\/ateliers\/\" \/>\n<meta property=\"og:locale\" content=\"fr_FR\" \/>\n<meta property=\"og:type\" content=\"article\" \/>\n<meta property=\"og:title\" content=\"Ateliers - iDSP - La Schule - Internationale Deutsche Schule Paris\" \/>\n<meta property=\"og:url\" content=\"https:\/\/www.idsp.fr\/fr\/vie-de-lecole\/ateliers\/\" \/>\n<meta property=\"og:site_name\" content=\"iDSP - La Schule - Internationale Deutsche Schule Paris\" \/>\n<meta property=\"article:modified_time\" content=\"2025-12-07T18:46:06+00:00\" \/>\n<meta name=\"twitter:card\" content=\"summary_large_image\" \/>\n<meta name=\"twitter:label1\" content=\"Dur\u00e9e de lecture estim\u00e9e\" \/>\n\t<meta name=\"twitter:data1\" content=\"3 minutes\" \/>\n<script type=\"application\/ld+json\" class=\"yoast-schema-graph\">{\"@context\":\"https:\\\/\\\/schema.org\",\"@graph\":[{\"@type\":\"WebPage\",\"@id\":\"https:\\\/\\\/www.idsp.fr\\\/fr\\\/vie-de-lecole\\\/ateliers\\\/\",\"url\":\"https:\\\/\\\/www.idsp.fr\\\/fr\\\/vie-de-lecole\\\/ateliers\\\/\",\"name\":\"Ateliers - iDSP - La Schule - Internationale Deutsche Schule Paris\",\"isPartOf\":{\"@id\":\"https:\\\/\\\/www.idsp.fr\\\/#website\"},\"datePublished\":\"2020-10-02T16:13:11+00:00\",\"dateModified\":\"2025-12-07T18:46:06+00:00\",\"breadcrumb\":{\"@id\":\"https:\\\/\\\/www.idsp.fr\\\/fr\\\/vie-de-lecole\\\/ateliers\\\/#breadcrumb\"},\"inLanguage\":\"fr-FR\",\"potentialAction\":[{\"@type\":\"ReadAction\",\"target\":[\"https:\\\/\\\/www.idsp.fr\\\/fr\\\/vie-de-lecole\\\/ateliers\\\/\"]}]},{\"@type\":\"BreadcrumbList\",\"@id\":\"https:\\\/\\\/www.idsp.fr\\\/fr\\\/vie-de-lecole\\\/ateliers\\\/#breadcrumb\",\"itemListElement\":[{\"@type\":\"ListItem\",\"position\":1,\"name\":\"Startseite\",\"item\":\"https:\\\/\\\/www.idsp.fr\\\/fr\\\/idsp-ecole-allemande-internationale-de-paris\\\/\"},{\"@type\":\"ListItem\",\"position\":2,\"name\":\"Vie de l&rsquo;\u00e9cole\",\"item\":\"https:\\\/\\\/www.idsp.fr\\\/fr\\\/vie-de-lecole\\\/\"},{\"@type\":\"ListItem\",\"position\":3,\"name\":\"Ateliers\"}]},{\"@type\":\"WebSite\",\"@id\":\"https:\\\/\\\/www.idsp.fr\\\/#website\",\"url\":\"https:\\\/\\\/www.idsp.fr\\\/\",\"name\":\"iDSP - La Schule - Internationale Deutsche Schule Paris\",\"description\":\"\",\"potentialAction\":[{\"@type\":\"SearchAction\",\"target\":{\"@type\":\"EntryPoint\",\"urlTemplate\":\"https:\\\/\\\/www.idsp.fr\\\/?s={search_term_string}\"},\"query-input\":{\"@type\":\"PropertyValueSpecification\",\"valueRequired\":true,\"valueName\":\"search_term_string\"}}],\"inLanguage\":\"fr-FR\"}]}<\/script>\n<!-- \/ Yoast SEO plugin. -->","yoast_head_json":{"title":"Ateliers - iDSP - La Schule - Internationale Deutsche Schule Paris","robots":{"index":"index","follow":"follow","max-snippet":"max-snippet:-1","max-image-preview":"max-image-preview:large","max-video-preview":"max-video-preview:-1"},"canonical":"https:\/\/www.idsp.fr\/fr\/vie-de-lecole\/ateliers\/","og_locale":"fr_FR","og_type":"article","og_title":"Ateliers - iDSP - La Schule - Internationale Deutsche Schule Paris","og_url":"https:\/\/www.idsp.fr\/fr\/vie-de-lecole\/ateliers\/","og_site_name":"iDSP - La Schule - Internationale Deutsche Schule Paris","article_modified_time":"2025-12-07T18:46:06+00:00","twitter_card":"summary_large_image","twitter_misc":{"Dur\u00e9e de lecture estim\u00e9e":"3 minutes"},"schema":{"@context":"https:\/\/schema.org","@graph":[{"@type":"WebPage","@id":"https:\/\/www.idsp.fr\/fr\/vie-de-lecole\/ateliers\/","url":"https:\/\/www.idsp.fr\/fr\/vie-de-lecole\/ateliers\/","name":"Ateliers - iDSP - La Schule - Internationale Deutsche Schule Paris","isPartOf":{"@id":"https:\/\/www.idsp.fr\/#website"},"datePublished":"2020-10-02T16:13:11+00:00","dateModified":"2025-12-07T18:46:06+00:00","breadcrumb":{"@id":"https:\/\/www.idsp.fr\/fr\/vie-de-lecole\/ateliers\/#breadcrumb"},"inLanguage":"fr-FR","potentialAction":[{"@type":"ReadAction","target":["https:\/\/www.idsp.fr\/fr\/vie-de-lecole\/ateliers\/"]}]},{"@type":"BreadcrumbList","@id":"https:\/\/www.idsp.fr\/fr\/vie-de-lecole\/ateliers\/#breadcrumb","itemListElement":[{"@type":"ListItem","position":1,"name":"Startseite","item":"https:\/\/www.idsp.fr\/fr\/idsp-ecole-allemande-internationale-de-paris\/"},{"@type":"ListItem","position":2,"name":"Vie de l&rsquo;\u00e9cole","item":"https:\/\/www.idsp.fr\/fr\/vie-de-lecole\/"},{"@type":"ListItem","position":3,"name":"Ateliers"}]},{"@type":"WebSite","@id":"https:\/\/www.idsp.fr\/#website","url":"https:\/\/www.idsp.fr\/","name":"iDSP - La Schule - Internationale Deutsche Schule Paris","description":"","potentialAction":[{"@type":"SearchAction","target":{"@type":"EntryPoint","urlTemplate":"https:\/\/www.idsp.fr\/?s={search_term_string}"},"query-input":{"@type":"PropertyValueSpecification","valueRequired":true,"valueName":"search_term_string"}}],"inLanguage":"fr-FR"}]}},"_links":{"self":[{"href":"https:\/\/www.idsp.fr\/fr\/wp-json\/wp\/v2\/pages\/4520","targetHints":{"allow":["GET"]}}],"collection":[{"href":"https:\/\/www.idsp.fr\/fr\/wp-json\/wp\/v2\/pages"}],"about":[{"href":"https:\/\/www.idsp.fr\/fr\/wp-json\/wp\/v2\/types\/page"}],"author":[{"embeddable":true,"href":"https:\/\/www.idsp.fr\/fr\/wp-json\/wp\/v2\/users\/3"}],"replies":[{"embeddable":true,"href":"https:\/\/www.idsp.fr\/fr\/wp-json\/wp\/v2\/comments?post=4520"}],"version-history":[{"count":35,"href":"https:\/\/www.idsp.fr\/fr\/wp-json\/wp\/v2\/pages\/4520\/revisions"}],"predecessor-version":[{"id":33675,"href":"https:\/\/www.idsp.fr\/fr\/wp-json\/wp\/v2\/pages\/4520\/revisions\/33675"}],"up":[{"embeddable":true,"href":"https:\/\/www.idsp.fr\/fr\/wp-json\/wp\/v2\/pages\/3999"}],"wp:attachment":[{"href":"https:\/\/www.idsp.fr\/fr\/wp-json\/wp\/v2\/media?parent=4520"}],"curies":[{"name":"wp","href":"https:\/\/api.w.org\/{rel}","templated":true}]}}