{"id":4515,"date":"2020-10-02T15:42:51","date_gmt":"2020-10-02T13:42:51","guid":{"rendered":"https:\/\/www.idsp.fr\/?page_id=4515"},"modified":"2024-08-29T15:19:45","modified_gmt":"2024-08-29T13:19:45","slug":"enseignants","status":"publish","type":"page","link":"https:\/\/www.idsp.fr\/fr\/qui-sommes-nous\/enseignants\/","title":{"rendered":"Enseignants"},"content":{"rendered":"\n<style type=\"text\/css\" data-created_by=\"avia_inline_auto\" id=\"style-css-av-k9tzp0ta-6dd7479124f797f4d8afc0b20a8557c6\">\n.avia-section.av-k9tzp0ta-6dd7479124f797f4d8afc0b20a8557c6{\nbackground-color:#024d7d;\nbackground-image:unset;\n}\n<\/style>\n<div id='av_section_1'  class='avia-section av-k9tzp0ta-6dd7479124f797f4d8afc0b20a8557c6 main_color avia-section-small avia-no-border-styling  avia-builder-el-0  el_before_av_textblock  avia-builder-el-first  avia-bg-style-scroll av-minimum-height av-minimum-height-custom av-height-custom  container_wrap sidebar_right'   data-av_minimum_height_px='100'><div class='container av-section-cont-open' style='height:100px'><main  role=\"main\" itemprop=\"mainContentOfPage\"  class='template-page content  av-content-small alpha units'><div class='post-entry post-entry-type-page post-entry-4515'><div class='entry-content-wrapper clearfix'>\n\n<style type=\"text\/css\" data-created_by=\"avia_inline_auto\" id=\"style-css-av-kfwmqys0-760d2470a541fbadf6c9107ef7e53f6d\">\n#top .av-special-heading.av-kfwmqys0-760d2470a541fbadf6c9107ef7e53f6d{\npadding-bottom:10px;\ncolor:#ffffff;\n}\nbody .av-special-heading.av-kfwmqys0-760d2470a541fbadf6c9107ef7e53f6d .av-special-heading-tag .heading-char{\nfont-size:25px;\n}\n.av-special-heading.av-kfwmqys0-760d2470a541fbadf6c9107ef7e53f6d .special-heading-inner-border{\nborder-color:#ffffff;\n}\n.av-special-heading.av-kfwmqys0-760d2470a541fbadf6c9107ef7e53f6d .av-subheading{\nfont-size:15px;\n}\n<\/style>\n<div  class='av-special-heading av-kfwmqys0-760d2470a541fbadf6c9107ef7e53f6d av-special-heading-h2 custom-color-heading  avia-builder-el-1  avia-builder-el-no-sibling '><h2 class='av-special-heading-tag '  itemprop=\"headline\"  >Enseignantes et enseignants<\/h2><div class=\"special-heading-border\"><div class=\"special-heading-inner-border\"><\/div><\/div><\/div>\n<\/div><\/div><\/main><!-- close content main element --><\/div><\/div><div id='after_section_1'  class='main_color av_default_container_wrap container_wrap sidebar_right'  ><div class='container av-section-cont-open' ><div class='template-page content  av-content-small alpha units'><div class='post-entry post-entry-type-page post-entry-4515'><div class='entry-content-wrapper clearfix'>\n<section  class='av_textblock_section av-kajlp8xd-3784947c1722f180102b3df1a49a16a5 '   itemscope=\"itemscope\" itemtype=\"https:\/\/schema.org\/CreativeWork\" ><div class='avia_textblock'  itemprop=\"text\" ><blockquote>\n<p><strong>L&rsquo;\u00e9quipe enseignante de l&rsquo;\u00c9cole allemande internationale de Paris est form\u00e9e de 8 enseignant.e.s d\u00e9tach\u00e9s d&rsquo;Allemagne (fonctionnaires allemands d\u00e9tach\u00e9s) et d&rsquo;enseignant.e.s sous contrat local auxquels s&rsquo;ajoute le personnel de la maternelle et du centre d&rsquo;accueil p\u00e9riscolaire.<\/strong><\/p>\n<\/blockquote>\n<p><img decoding=\"async\" class=\"wp-image-29612 size-full aligncenter\" src=\"https:\/\/www.idsp.fr\/wp-content\/uploads\/2024\/08\/Kollegium_2024_2025_klein.jpg\" alt=\"\" width=\"800\" height=\"600\" srcset=\"https:\/\/www.idsp.fr\/wp-content\/uploads\/2024\/08\/Kollegium_2024_2025_klein.jpg 800w, https:\/\/www.idsp.fr\/wp-content\/uploads\/2024\/08\/Kollegium_2024_2025_klein-340x255.jpg 340w, https:\/\/www.idsp.fr\/wp-content\/uploads\/2024\/08\/Kollegium_2024_2025_klein-768x576.jpg 768w, https:\/\/www.idsp.fr\/wp-content\/uploads\/2024\/08\/Kollegium_2024_2025_klein-705x529.jpg 705w\" sizes=\"(max-width: 800px) 100vw, 800px\" \/><\/p>\n<p style=\"text-align: center;\">Notre \u00e9cole compte une majorit\u00e9 d&rsquo;enseignant.e.s germanophones, quelques enseignant.e.s sont francophones.<\/p>\n<p style=\"text-align: center;\">Vous trouverez dans la <a href=\"https:\/\/www.idsp.fr\/fr\/idsp-interne\/\">partie interne du site<\/a> la liste des enseignant.e.s.<\/p>\n<\/div><\/section>\n","protected":false},"excerpt":{"rendered":"","protected":false},"author":3,"featured_media":0,"parent":3959,"menu_order":22,"comment_status":"closed","ping_status":"closed","template":"","meta":{"footnotes":""},"class_list":["post-4515","page","type-page","status-publish","hentry"],"yoast_head":"<!-- This site is optimized with the Yoast SEO plugin v27.4 - https:\/\/yoast.com\/product\/yoast-seo-wordpress\/ -->\n<title>Enseignants - iDSP - La Schule - Internationale Deutsche Schule Paris<\/title>\n<meta name=\"robots\" content=\"index, follow, max-snippet:-1, max-image-preview:large, max-video-preview:-1\" \/>\n<link rel=\"canonical\" href=\"https:\/\/www.idsp.fr\/fr\/qui-sommes-nous\/enseignants\/\" \/>\n<meta property=\"og:locale\" content=\"fr_FR\" \/>\n<meta property=\"og:type\" content=\"article\" \/>\n<meta property=\"og:title\" content=\"Enseignants - iDSP - La Schule - Internationale Deutsche Schule Paris\" \/>\n<meta property=\"og:url\" content=\"https:\/\/www.idsp.fr\/fr\/qui-sommes-nous\/enseignants\/\" \/>\n<meta property=\"og:site_name\" content=\"iDSP - La Schule - Internationale Deutsche Schule Paris\" \/>\n<meta property=\"article:modified_time\" content=\"2024-08-29T13:19:45+00:00\" \/>\n<meta property=\"og:image\" content=\"https:\/\/www.idsp.fr\/wp-content\/uploads\/2024\/08\/Kollegium_2024_2025_klein.jpg\" \/>\n<meta name=\"twitter:card\" content=\"summary_large_image\" \/>\n<meta name=\"twitter:label1\" content=\"Dur\u00e9e de lecture estim\u00e9e\" \/>\n\t<meta name=\"twitter:data1\" content=\"1 minute\" \/>\n<script type=\"application\/ld+json\" class=\"yoast-schema-graph\">{\"@context\":\"https:\\\/\\\/schema.org\",\"@graph\":[{\"@type\":\"WebPage\",\"@id\":\"https:\\\/\\\/www.idsp.fr\\\/fr\\\/qui-sommes-nous\\\/enseignants\\\/\",\"url\":\"https:\\\/\\\/www.idsp.fr\\\/fr\\\/qui-sommes-nous\\\/enseignants\\\/\",\"name\":\"Enseignants - iDSP - La Schule - Internationale Deutsche Schule Paris\",\"isPartOf\":{\"@id\":\"https:\\\/\\\/www.idsp.fr\\\/#website\"},\"primaryImageOfPage\":{\"@id\":\"https:\\\/\\\/www.idsp.fr\\\/fr\\\/qui-sommes-nous\\\/enseignants\\\/#primaryimage\"},\"image\":{\"@id\":\"https:\\\/\\\/www.idsp.fr\\\/fr\\\/qui-sommes-nous\\\/enseignants\\\/#primaryimage\"},\"thumbnailUrl\":\"https:\\\/\\\/www.idsp.fr\\\/wp-content\\\/uploads\\\/2024\\\/08\\\/Kollegium_2024_2025_klein.jpg\",\"datePublished\":\"2020-10-02T13:42:51+00:00\",\"dateModified\":\"2024-08-29T13:19:45+00:00\",\"breadcrumb\":{\"@id\":\"https:\\\/\\\/www.idsp.fr\\\/fr\\\/qui-sommes-nous\\\/enseignants\\\/#breadcrumb\"},\"inLanguage\":\"fr-FR\",\"potentialAction\":[{\"@type\":\"ReadAction\",\"target\":[\"https:\\\/\\\/www.idsp.fr\\\/fr\\\/qui-sommes-nous\\\/enseignants\\\/\"]}]},{\"@type\":\"ImageObject\",\"inLanguage\":\"fr-FR\",\"@id\":\"https:\\\/\\\/www.idsp.fr\\\/fr\\\/qui-sommes-nous\\\/enseignants\\\/#primaryimage\",\"url\":\"https:\\\/\\\/www.idsp.fr\\\/wp-content\\\/uploads\\\/2024\\\/08\\\/Kollegium_2024_2025_klein.jpg\",\"contentUrl\":\"https:\\\/\\\/www.idsp.fr\\\/wp-content\\\/uploads\\\/2024\\\/08\\\/Kollegium_2024_2025_klein.jpg\"},{\"@type\":\"BreadcrumbList\",\"@id\":\"https:\\\/\\\/www.idsp.fr\\\/fr\\\/qui-sommes-nous\\\/enseignants\\\/#breadcrumb\",\"itemListElement\":[{\"@type\":\"ListItem\",\"position\":1,\"name\":\"Startseite\",\"item\":\"https:\\\/\\\/www.idsp.fr\\\/fr\\\/idsp-ecole-allemande-internationale-de-paris\\\/\"},{\"@type\":\"ListItem\",\"position\":2,\"name\":\"Qui sommes-nous ?\",\"item\":\"https:\\\/\\\/www.idsp.fr\\\/fr\\\/qui-sommes-nous\\\/\"},{\"@type\":\"ListItem\",\"position\":3,\"name\":\"Enseignants\"}]},{\"@type\":\"WebSite\",\"@id\":\"https:\\\/\\\/www.idsp.fr\\\/#website\",\"url\":\"https:\\\/\\\/www.idsp.fr\\\/\",\"name\":\"iDSP - La Schule - Internationale Deutsche Schule Paris\",\"description\":\"\",\"potentialAction\":[{\"@type\":\"SearchAction\",\"target\":{\"@type\":\"EntryPoint\",\"urlTemplate\":\"https:\\\/\\\/www.idsp.fr\\\/?s={search_term_string}\"},\"query-input\":{\"@type\":\"PropertyValueSpecification\",\"valueRequired\":true,\"valueName\":\"search_term_string\"}}],\"inLanguage\":\"fr-FR\"}]}<\/script>\n<!-- \/ Yoast SEO plugin. -->","yoast_head_json":{"title":"Enseignants - iDSP - La Schule - Internationale Deutsche Schule Paris","robots":{"index":"index","follow":"follow","max-snippet":"max-snippet:-1","max-image-preview":"max-image-preview:large","max-video-preview":"max-video-preview:-1"},"canonical":"https:\/\/www.idsp.fr\/fr\/qui-sommes-nous\/enseignants\/","og_locale":"fr_FR","og_type":"article","og_title":"Enseignants - iDSP - La Schule - Internationale Deutsche Schule Paris","og_url":"https:\/\/www.idsp.fr\/fr\/qui-sommes-nous\/enseignants\/","og_site_name":"iDSP - La Schule - Internationale Deutsche Schule Paris","article_modified_time":"2024-08-29T13:19:45+00:00","og_image":[{"url":"https:\/\/www.idsp.fr\/wp-content\/uploads\/2024\/08\/Kollegium_2024_2025_klein.jpg","type":"","width":"","height":""}],"twitter_card":"summary_large_image","twitter_misc":{"Dur\u00e9e de lecture estim\u00e9e":"1 minute"},"schema":{"@context":"https:\/\/schema.org","@graph":[{"@type":"WebPage","@id":"https:\/\/www.idsp.fr\/fr\/qui-sommes-nous\/enseignants\/","url":"https:\/\/www.idsp.fr\/fr\/qui-sommes-nous\/enseignants\/","name":"Enseignants - iDSP - La Schule - Internationale Deutsche Schule Paris","isPartOf":{"@id":"https:\/\/www.idsp.fr\/#website"},"primaryImageOfPage":{"@id":"https:\/\/www.idsp.fr\/fr\/qui-sommes-nous\/enseignants\/#primaryimage"},"image":{"@id":"https:\/\/www.idsp.fr\/fr\/qui-sommes-nous\/enseignants\/#primaryimage"},"thumbnailUrl":"https:\/\/www.idsp.fr\/wp-content\/uploads\/2024\/08\/Kollegium_2024_2025_klein.jpg","datePublished":"2020-10-02T13:42:51+00:00","dateModified":"2024-08-29T13:19:45+00:00","breadcrumb":{"@id":"https:\/\/www.idsp.fr\/fr\/qui-sommes-nous\/enseignants\/#breadcrumb"},"inLanguage":"fr-FR","potentialAction":[{"@type":"ReadAction","target":["https:\/\/www.idsp.fr\/fr\/qui-sommes-nous\/enseignants\/"]}]},{"@type":"ImageObject","inLanguage":"fr-FR","@id":"https:\/\/www.idsp.fr\/fr\/qui-sommes-nous\/enseignants\/#primaryimage","url":"https:\/\/www.idsp.fr\/wp-content\/uploads\/2024\/08\/Kollegium_2024_2025_klein.jpg","contentUrl":"https:\/\/www.idsp.fr\/wp-content\/uploads\/2024\/08\/Kollegium_2024_2025_klein.jpg"},{"@type":"BreadcrumbList","@id":"https:\/\/www.idsp.fr\/fr\/qui-sommes-nous\/enseignants\/#breadcrumb","itemListElement":[{"@type":"ListItem","position":1,"name":"Startseite","item":"https:\/\/www.idsp.fr\/fr\/idsp-ecole-allemande-internationale-de-paris\/"},{"@type":"ListItem","position":2,"name":"Qui sommes-nous ?","item":"https:\/\/www.idsp.fr\/fr\/qui-sommes-nous\/"},{"@type":"ListItem","position":3,"name":"Enseignants"}]},{"@type":"WebSite","@id":"https:\/\/www.idsp.fr\/#website","url":"https:\/\/www.idsp.fr\/","name":"iDSP - La Schule - Internationale Deutsche Schule Paris","description":"","potentialAction":[{"@type":"SearchAction","target":{"@type":"EntryPoint","urlTemplate":"https:\/\/www.idsp.fr\/?s={search_term_string}"},"query-input":{"@type":"PropertyValueSpecification","valueRequired":true,"valueName":"search_term_string"}}],"inLanguage":"fr-FR"}]}},"_links":{"self":[{"href":"https:\/\/www.idsp.fr\/fr\/wp-json\/wp\/v2\/pages\/4515","targetHints":{"allow":["GET"]}}],"collection":[{"href":"https:\/\/www.idsp.fr\/fr\/wp-json\/wp\/v2\/pages"}],"about":[{"href":"https:\/\/www.idsp.fr\/fr\/wp-json\/wp\/v2\/types\/page"}],"author":[{"embeddable":true,"href":"https:\/\/www.idsp.fr\/fr\/wp-json\/wp\/v2\/users\/3"}],"replies":[{"embeddable":true,"href":"https:\/\/www.idsp.fr\/fr\/wp-json\/wp\/v2\/comments?post=4515"}],"version-history":[{"count":3,"href":"https:\/\/www.idsp.fr\/fr\/wp-json\/wp\/v2\/pages\/4515\/revisions"}],"predecessor-version":[{"id":29616,"href":"https:\/\/www.idsp.fr\/fr\/wp-json\/wp\/v2\/pages\/4515\/revisions\/29616"}],"up":[{"embeddable":true,"href":"https:\/\/www.idsp.fr\/fr\/wp-json\/wp\/v2\/pages\/3959"}],"wp:attachment":[{"href":"https:\/\/www.idsp.fr\/fr\/wp-json\/wp\/v2\/media?parent=4515"}],"curies":[{"name":"wp","href":"https:\/\/api.w.org\/{rel}","templated":true}]}}