{"id":4510,"date":"2020-05-23T14:24:26","date_gmt":"2020-05-23T12:24:26","guid":{"rendered":"https:\/\/www.idsp.fr\/?page_id=4510"},"modified":"2024-08-29T15:35:45","modified_gmt":"2024-08-29T13:35:45","slug":"administration-communication","status":"publish","type":"page","link":"https:\/\/www.idsp.fr\/fr\/qui-sommes-nous\/administration-communication\/","title":{"rendered":"Administration &#038; Communication"},"content":{"rendered":"\n<style type=\"text\/css\" data-created_by=\"avia_inline_auto\" id=\"style-css-av-av_section-21c48b69e22c6432fc4a661b10db35ad\">\n.avia-section.av-av_section-21c48b69e22c6432fc4a661b10db35ad{\nbackground-color:#024d7d;\nbackground-image:unset;\n}\n<\/style>\n<div id='av_section_1'  class='avia-section av-av_section-21c48b69e22c6432fc4a661b10db35ad main_color avia-section-small avia-no-border-styling  avia-builder-el-0  el_before_av_two_third  avia-builder-el-first  avia-bg-style-scroll av-minimum-height av-minimum-height-custom av-height-custom  container_wrap sidebar_right'   data-av_minimum_height_px='100'><div class='container av-section-cont-open' style='height:100px'><main  role=\"main\" itemprop=\"mainContentOfPage\"  class='template-page content  av-content-small alpha units'><div class='post-entry post-entry-type-page post-entry-4510'><div class='entry-content-wrapper clearfix'>\n\n<style type=\"text\/css\" data-created_by=\"avia_inline_auto\" id=\"style-css-av-lw6ckzg1-000e72a59ec3adee7e42a94168110e12\">\n#top .av-special-heading.av-lw6ckzg1-000e72a59ec3adee7e42a94168110e12{\npadding-bottom:10px;\ncolor:#ffffff;\n}\nbody .av-special-heading.av-lw6ckzg1-000e72a59ec3adee7e42a94168110e12 .av-special-heading-tag .heading-char{\nfont-size:25px;\n}\n.av-special-heading.av-lw6ckzg1-000e72a59ec3adee7e42a94168110e12 .special-heading-inner-border{\nborder-color:#ffffff;\n}\n.av-special-heading.av-lw6ckzg1-000e72a59ec3adee7e42a94168110e12 .av-subheading{\nfont-size:15px;\n}\n<\/style>\n<div  class='av-special-heading av-lw6ckzg1-000e72a59ec3adee7e42a94168110e12 av-special-heading-h2 custom-color-heading  avia-builder-el-1  avia-builder-el-no-sibling '><h2 class='av-special-heading-tag '  itemprop=\"headline\"  >Administration <span class='special_amp'>&amp;<\/span> Communication<\/h2><div class=\"special-heading-border\"><div class=\"special-heading-inner-border\"><\/div><\/div><\/div>\n<\/div><\/div><\/main><!-- close content main element --><\/div><\/div><div id='after_section_1'  class='main_color av_default_container_wrap container_wrap sidebar_right'  ><div class='container av-section-cont-open' ><div class='template-page content  av-content-small alpha units'><div class='post-entry post-entry-type-page post-entry-4510'><div class='entry-content-wrapper clearfix'>\n<div  class='flex_column av-av_two_third-41ee899840124b6993b57a87f996c353 av_two_third  avia-builder-el-2  el_after_av_section  el_before_av_one_third  avia-builder-el-first  first flex_column_div  '     ><p>\n<style type=\"text\/css\" data-created_by=\"avia_inline_auto\" id=\"style-css-av-lw7j1gyg-3c0efef2217e390ca0ff7d92c5f56a55\">\n.avia-image-container.av-lw7j1gyg-3c0efef2217e390ca0ff7d92c5f56a55 img.avia_image{\nbox-shadow:none;\n}\n.avia-image-container.av-lw7j1gyg-3c0efef2217e390ca0ff7d92c5f56a55 .av-image-caption-overlay-center{\ncolor:#ffffff;\n}\n<\/style>\n<div  class='avia-image-container av-lw7j1gyg-3c0efef2217e390ca0ff7d92c5f56a55 av-styling- avia-align-center  avia-builder-el-3  el_before_av_textblock  avia-builder-el-first '   itemprop=\"image\" itemscope=\"itemscope\" itemtype=\"https:\/\/schema.org\/ImageObject\" ><div class=\"avia-image-container-inner\"><div class=\"avia-image-overlay-wrap\"><img decoding=\"async\" fetchpriority=\"high\" class='wp-image-29619 avia-img-lazy-loading-not-29619 avia_image ' src=\"https:\/\/www.idsp.fr\/wp-content\/uploads\/2024\/08\/Verwaltung_2024.jpg\" alt='' title=''  height=\"600\" width=\"800\"  itemprop=\"thumbnailUrl\" srcset=\"https:\/\/www.idsp.fr\/wp-content\/uploads\/2024\/08\/Verwaltung_2024.jpg 800w, https:\/\/www.idsp.fr\/wp-content\/uploads\/2024\/08\/Verwaltung_2024-340x255.jpg 340w, https:\/\/www.idsp.fr\/wp-content\/uploads\/2024\/08\/Verwaltung_2024-768x576.jpg 768w, https:\/\/www.idsp.fr\/wp-content\/uploads\/2024\/08\/Verwaltung_2024-705x529.jpg 705w\" sizes=\"(max-width: 800px) 100vw, 800px\" \/><\/div><\/div><\/div><br \/>\n<section  class='av_textblock_section av-lw6cmdu3-b72d9409681ba3cbd588b6fcf446a640 '   itemscope=\"itemscope\" itemtype=\"https:\/\/schema.org\/CreativeWork\" ><div class='avia_textblock'  itemprop=\"text\" ><p style=\"text-align: center;\">2e rang : Abdelilah Serkouh, Katerina Voyatzi, Antonio Vieira<\/p>\n<p style=\"text-align: center;\">1er rang : Monika Reichardt, Angelina Perrin, Sophie Tarnero, Anette Gros<\/p>\n<\/div><\/section><br \/>\n<section  class='av_textblock_section av-kt8n6ag2-cd6e2e0a7a8c7a9a901e56826b307463 '   itemscope=\"itemscope\" itemtype=\"https:\/\/schema.org\/CreativeWork\" ><div class='avia_textblock'  itemprop=\"text\" ><h3>ADMINISTRATION<\/h3>\n<p>Direction : <strong>Monika Reichardt<\/strong><\/p>\n<p>Secr\u00e9tariat (Accueil): <strong>Sophie\u00a0Tarnero<\/strong><\/p>\n<p>Secr\u00e9tariat (Inscriptions): <strong>Anette Gros<\/strong><\/p>\n<p>Comptabilit\u00e9: <strong>Angelina Perrin<\/strong><\/p>\n<p>Conseill\u00e8re m\u00e9dias: <strong>Katerina Voyatzi<\/strong><\/p>\n<p>Technique: <strong>Abdelilah Serkouh<\/strong><\/p>\n<p>Service: \u00a0<strong>Antonio Vieira<\/strong> (&lsquo;<strong>M. Antonio<\/strong>&lsquo;)<\/p>\n<\/div><\/section><\/p><\/div><div  class='flex_column av-av_one_third-58a6369d5c19d308284fa729d91312fa av_one_third  avia-builder-el-6  el_after_av_two_third  el_before_av_one_full  flex_column_div  '     ><p>\n<style type=\"text\/css\" data-created_by=\"avia_inline_auto\" id=\"style-css-av-lw7ja3n4-21c3e94dc1aec57f5da78f7a7e14c958\">\n.avia-image-container.av-lw7ja3n4-21c3e94dc1aec57f5da78f7a7e14c958 img.avia_image{\nbox-shadow:none;\n}\n.avia-image-container.av-lw7ja3n4-21c3e94dc1aec57f5da78f7a7e14c958 .av-image-caption-overlay-center{\ncolor:#ffffff;\n}\n<\/style>\n<div  class='avia-image-container av-lw7ja3n4-21c3e94dc1aec57f5da78f7a7e14c958 av-styling- avia-align-center  avia-builder-el-7  el_before_av_textblock  avia-builder-el-first '   itemprop=\"image\" itemscope=\"itemscope\" itemtype=\"https:\/\/schema.org\/ImageObject\" ><div class=\"avia-image-container-inner\"><div class=\"avia-image-overlay-wrap\"><img decoding=\"async\" fetchpriority=\"high\" class='wp-image-29621 avia-img-lazy-loading-not-29621 avia_image ' src=\"https:\/\/www.idsp.fr\/wp-content\/uploads\/2024\/08\/Lattemann_20240829_klein-240x320.jpg\" alt='' title='Lattemann_20240829_klein'  height=\"320\" width=\"240\"  itemprop=\"thumbnailUrl\" srcset=\"https:\/\/www.idsp.fr\/wp-content\/uploads\/2024\/08\/Lattemann_20240829_klein-240x320.jpg 240w, https:\/\/www.idsp.fr\/wp-content\/uploads\/2024\/08\/Lattemann_20240829_klein-529x705.jpg 529w, https:\/\/www.idsp.fr\/wp-content\/uploads\/2024\/08\/Lattemann_20240829_klein.jpg 600w\" sizes=\"(max-width: 240px) 100vw, 240px\" \/><\/div><\/div><\/div><br \/>\n<section  class='av_textblock_section av-kt8n4ws3-1f7ee750728e798aa0eba4e506d66119 '   itemscope=\"itemscope\" itemtype=\"https:\/\/schema.org\/CreativeWork\" ><div class='avia_textblock'  itemprop=\"text\" ><h3>COMMUNICATION &amp; MARKETING<\/h3>\n<p>Direction: <strong>C\u00e9line Lattemann<\/strong><\/p>\n<h5><\/h5>\n<\/div><\/section><\/p><\/div><\/p>\n\n<style type=\"text\/css\" data-created_by=\"avia_inline_auto\" id=\"style-css-av-av_one_full-79ff81c021393065cee878051452f6a6\">\n.flex_column.av-av_one_full-79ff81c021393065cee878051452f6a6{\nborder-radius:0px 0px 0px 0px;\npadding:0px 0px 0px 0px;\n}\n<\/style>\n<div  class='flex_column av-av_one_full-79ff81c021393065cee878051452f6a6 av_one_full  avia-builder-el-9  el_after_av_one_third  avia-builder-el-last  first flex_column_div av-zero-column-padding  column-top-margin'     ><div  class='avia-button-wrap avia-button-center  avia-builder-el-10  avia-builder-el-no-sibling '>\n<style type=\"text\/css\" data-created_by=\"avia_inline_auto\" id=\"style-css-av-kt8n8w34-03b2aa13c0b08868d61ce57730d725d5\">\n#top #wrap_all .avia-button.av-kt8n8w34-03b2aa13c0b08868d61ce57730d725d5:hover{\ncolor:white;\ntransition:all 0.4s ease-in-out;\n}\n#top #wrap_all .avia-button.av-kt8n8w34-03b2aa13c0b08868d61ce57730d725d5:hover .avia-svg-icon svg:first-child{\nfill:white;\nstroke:white;\n}\n<\/style>\n<a href='' class='avia-color-theme-color avia-font-color-theme-color avia-button avia-button-fullwidth av-kt8n8w34-03b2aa13c0b08868d61ce57730d725d5 avia-icon_select-yes-left-icon avia-color-theme-color'   aria-label=\"Notre standard t\u00e9l\u00e9phonique est joignable du lundi au vendredi de 7h30 \u00e0 16h00. \"><span class='avia_button_icon avia_button_icon_left avia-iconfont avia-font-entypo-fontello' data-av_icon='\ue80a' data-av_iconfont='entypo-fontello' ><\/span><span class='avia_iconbox_title' >Notre standard t\u00e9l\u00e9phonique est joignable du lundi au vendredi de 7h30 \u00e0 16h00. <\/span><div class='av-button-description av-button-description-below'><p>+33 1 46.02.85.68<\/p>\n<p>Visites uniquement sur rendez-vous<\/p>\n<\/div><span class='avia_button_background avia-button avia-button-fullwidth avia-color-theme-color-highlight'><\/span><\/a><\/div><\/div>\n","protected":false},"excerpt":{"rendered":"","protected":false},"author":1,"featured_media":0,"parent":3959,"menu_order":31,"comment_status":"closed","ping_status":"closed","template":"","meta":{"footnotes":""},"class_list":["post-4510","page","type-page","status-publish","hentry"],"yoast_head":"<!-- This site is optimized with the Yoast SEO plugin v27.4 - https:\/\/yoast.com\/product\/yoast-seo-wordpress\/ -->\n<title>Administration &amp; Communication - iDSP - La Schule - Internationale Deutsche Schule Paris<\/title>\n<meta name=\"robots\" content=\"index, follow, max-snippet:-1, max-image-preview:large, max-video-preview:-1\" \/>\n<link rel=\"canonical\" href=\"https:\/\/www.idsp.fr\/fr\/qui-sommes-nous\/administration-communication\/\" \/>\n<meta property=\"og:locale\" content=\"fr_FR\" \/>\n<meta property=\"og:type\" content=\"article\" \/>\n<meta property=\"og:title\" content=\"Administration &amp; Communication - iDSP - La Schule - Internationale Deutsche Schule Paris\" \/>\n<meta property=\"og:url\" content=\"https:\/\/www.idsp.fr\/fr\/qui-sommes-nous\/administration-communication\/\" \/>\n<meta property=\"og:site_name\" content=\"iDSP - La Schule - Internationale Deutsche Schule Paris\" \/>\n<meta property=\"article:modified_time\" content=\"2024-08-29T13:35:45+00:00\" \/>\n<meta name=\"twitter:card\" content=\"summary_large_image\" \/>\n<meta name=\"twitter:label1\" content=\"Dur\u00e9e de lecture estim\u00e9e\" \/>\n\t<meta name=\"twitter:data1\" content=\"1 minute\" \/>\n<script type=\"application\/ld+json\" class=\"yoast-schema-graph\">{\"@context\":\"https:\\\/\\\/schema.org\",\"@graph\":[{\"@type\":\"WebPage\",\"@id\":\"https:\\\/\\\/www.idsp.fr\\\/fr\\\/qui-sommes-nous\\\/administration-communication\\\/\",\"url\":\"https:\\\/\\\/www.idsp.fr\\\/fr\\\/qui-sommes-nous\\\/administration-communication\\\/\",\"name\":\"Administration & Communication - iDSP - La Schule - Internationale Deutsche Schule Paris\",\"isPartOf\":{\"@id\":\"https:\\\/\\\/www.idsp.fr\\\/#website\"},\"datePublished\":\"2020-05-23T12:24:26+00:00\",\"dateModified\":\"2024-08-29T13:35:45+00:00\",\"breadcrumb\":{\"@id\":\"https:\\\/\\\/www.idsp.fr\\\/fr\\\/qui-sommes-nous\\\/administration-communication\\\/#breadcrumb\"},\"inLanguage\":\"fr-FR\",\"potentialAction\":[{\"@type\":\"ReadAction\",\"target\":[\"https:\\\/\\\/www.idsp.fr\\\/fr\\\/qui-sommes-nous\\\/administration-communication\\\/\"]}]},{\"@type\":\"BreadcrumbList\",\"@id\":\"https:\\\/\\\/www.idsp.fr\\\/fr\\\/qui-sommes-nous\\\/administration-communication\\\/#breadcrumb\",\"itemListElement\":[{\"@type\":\"ListItem\",\"position\":1,\"name\":\"Startseite\",\"item\":\"https:\\\/\\\/www.idsp.fr\\\/fr\\\/idsp-ecole-allemande-internationale-de-paris\\\/\"},{\"@type\":\"ListItem\",\"position\":2,\"name\":\"Qui sommes-nous ?\",\"item\":\"https:\\\/\\\/www.idsp.fr\\\/fr\\\/qui-sommes-nous\\\/\"},{\"@type\":\"ListItem\",\"position\":3,\"name\":\"Administration &#038; Communication\"}]},{\"@type\":\"WebSite\",\"@id\":\"https:\\\/\\\/www.idsp.fr\\\/#website\",\"url\":\"https:\\\/\\\/www.idsp.fr\\\/\",\"name\":\"iDSP - La Schule - Internationale Deutsche Schule Paris\",\"description\":\"\",\"potentialAction\":[{\"@type\":\"SearchAction\",\"target\":{\"@type\":\"EntryPoint\",\"urlTemplate\":\"https:\\\/\\\/www.idsp.fr\\\/?s={search_term_string}\"},\"query-input\":{\"@type\":\"PropertyValueSpecification\",\"valueRequired\":true,\"valueName\":\"search_term_string\"}}],\"inLanguage\":\"fr-FR\"}]}<\/script>\n<!-- \/ Yoast SEO plugin. -->","yoast_head_json":{"title":"Administration & Communication - iDSP - La Schule - Internationale Deutsche Schule Paris","robots":{"index":"index","follow":"follow","max-snippet":"max-snippet:-1","max-image-preview":"max-image-preview:large","max-video-preview":"max-video-preview:-1"},"canonical":"https:\/\/www.idsp.fr\/fr\/qui-sommes-nous\/administration-communication\/","og_locale":"fr_FR","og_type":"article","og_title":"Administration & Communication - iDSP - La Schule - Internationale Deutsche Schule Paris","og_url":"https:\/\/www.idsp.fr\/fr\/qui-sommes-nous\/administration-communication\/","og_site_name":"iDSP - La Schule - Internationale Deutsche Schule Paris","article_modified_time":"2024-08-29T13:35:45+00:00","twitter_card":"summary_large_image","twitter_misc":{"Dur\u00e9e de lecture estim\u00e9e":"1 minute"},"schema":{"@context":"https:\/\/schema.org","@graph":[{"@type":"WebPage","@id":"https:\/\/www.idsp.fr\/fr\/qui-sommes-nous\/administration-communication\/","url":"https:\/\/www.idsp.fr\/fr\/qui-sommes-nous\/administration-communication\/","name":"Administration & Communication - iDSP - La Schule - Internationale Deutsche Schule Paris","isPartOf":{"@id":"https:\/\/www.idsp.fr\/#website"},"datePublished":"2020-05-23T12:24:26+00:00","dateModified":"2024-08-29T13:35:45+00:00","breadcrumb":{"@id":"https:\/\/www.idsp.fr\/fr\/qui-sommes-nous\/administration-communication\/#breadcrumb"},"inLanguage":"fr-FR","potentialAction":[{"@type":"ReadAction","target":["https:\/\/www.idsp.fr\/fr\/qui-sommes-nous\/administration-communication\/"]}]},{"@type":"BreadcrumbList","@id":"https:\/\/www.idsp.fr\/fr\/qui-sommes-nous\/administration-communication\/#breadcrumb","itemListElement":[{"@type":"ListItem","position":1,"name":"Startseite","item":"https:\/\/www.idsp.fr\/fr\/idsp-ecole-allemande-internationale-de-paris\/"},{"@type":"ListItem","position":2,"name":"Qui sommes-nous ?","item":"https:\/\/www.idsp.fr\/fr\/qui-sommes-nous\/"},{"@type":"ListItem","position":3,"name":"Administration &#038; Communication"}]},{"@type":"WebSite","@id":"https:\/\/www.idsp.fr\/#website","url":"https:\/\/www.idsp.fr\/","name":"iDSP - La Schule - Internationale Deutsche Schule Paris","description":"","potentialAction":[{"@type":"SearchAction","target":{"@type":"EntryPoint","urlTemplate":"https:\/\/www.idsp.fr\/?s={search_term_string}"},"query-input":{"@type":"PropertyValueSpecification","valueRequired":true,"valueName":"search_term_string"}}],"inLanguage":"fr-FR"}]}},"_links":{"self":[{"href":"https:\/\/www.idsp.fr\/fr\/wp-json\/wp\/v2\/pages\/4510","targetHints":{"allow":["GET"]}}],"collection":[{"href":"https:\/\/www.idsp.fr\/fr\/wp-json\/wp\/v2\/pages"}],"about":[{"href":"https:\/\/www.idsp.fr\/fr\/wp-json\/wp\/v2\/types\/page"}],"author":[{"embeddable":true,"href":"https:\/\/www.idsp.fr\/fr\/wp-json\/wp\/v2\/users\/1"}],"replies":[{"embeddable":true,"href":"https:\/\/www.idsp.fr\/fr\/wp-json\/wp\/v2\/comments?post=4510"}],"version-history":[{"count":6,"href":"https:\/\/www.idsp.fr\/fr\/wp-json\/wp\/v2\/pages\/4510\/revisions"}],"predecessor-version":[{"id":27854,"href":"https:\/\/www.idsp.fr\/fr\/wp-json\/wp\/v2\/pages\/4510\/revisions\/27854"}],"up":[{"embeddable":true,"href":"https:\/\/www.idsp.fr\/fr\/wp-json\/wp\/v2\/pages\/3959"}],"wp:attachment":[{"href":"https:\/\/www.idsp.fr\/fr\/wp-json\/wp\/v2\/media?parent=4510"}],"curies":[{"name":"wp","href":"https:\/\/api.w.org\/{rel}","templated":true}]}}