{"id":4463,"date":"2020-10-02T15:31:39","date_gmt":"2020-10-02T13:31:39","guid":{"rendered":"https:\/\/www.idsp.fr\/?page_id=4463"},"modified":"2024-03-05T16:29:29","modified_gmt":"2024-03-05T15:29:29","slug":"college","status":"publish","type":"page","link":"https:\/\/www.idsp.fr\/fr\/secondaire\/college\/","title":{"rendered":"Coll\u00e8ge"},"content":{"rendered":"\n<style type=\"text\/css\" data-created_by=\"avia_inline_auto\" id=\"style-css-av-k9tzp0ta-6dd7479124f797f4d8afc0b20a8557c6\">\n.avia-section.av-k9tzp0ta-6dd7479124f797f4d8afc0b20a8557c6{\nbackground-color:#024d7d;\nbackground-image:unset;\n}\n<\/style>\n<div id='av_section_1'  class='avia-section av-k9tzp0ta-6dd7479124f797f4d8afc0b20a8557c6 main_color avia-section-small avia-no-border-styling  avia-builder-el-0  el_before_av_textblock  avia-builder-el-first  avia-bg-style-scroll av-minimum-height av-minimum-height-custom av-height-custom  container_wrap sidebar_right'   data-av_minimum_height_px='100'><div class='container av-section-cont-open' style='height:100px'><main  role=\"main\" itemprop=\"mainContentOfPage\"  class='template-page content  av-content-small alpha units'><div class='post-entry post-entry-type-page post-entry-4463'><div class='entry-content-wrapper clearfix'>\n\n<style type=\"text\/css\" data-created_by=\"avia_inline_auto\" id=\"style-css-av-kh3if2z8-4c02672bd6994b0962d16af4dba64ba0\">\n#top .av-special-heading.av-kh3if2z8-4c02672bd6994b0962d16af4dba64ba0{\npadding-bottom:10px;\ncolor:#ffffff;\n}\nbody .av-special-heading.av-kh3if2z8-4c02672bd6994b0962d16af4dba64ba0 .av-special-heading-tag .heading-char{\nfont-size:25px;\n}\n.av-special-heading.av-kh3if2z8-4c02672bd6994b0962d16af4dba64ba0 .special-heading-inner-border{\nborder-color:#ffffff;\n}\n.av-special-heading.av-kh3if2z8-4c02672bd6994b0962d16af4dba64ba0 .av-subheading{\nfont-size:15px;\n}\n<\/style>\n<div  class='av-special-heading av-kh3if2z8-4c02672bd6994b0962d16af4dba64ba0 av-special-heading-h2 custom-color-heading  avia-builder-el-1  avia-builder-el-no-sibling '><h2 class='av-special-heading-tag '  itemprop=\"headline\"  >Coll\u00e8ge<\/h2><div class=\"special-heading-border\"><div class=\"special-heading-inner-border\"><\/div><\/div><\/div>\n<\/div><\/div><\/main><!-- close content main element --><\/div><\/div><div id='after_section_1'  class='main_color av_default_container_wrap container_wrap sidebar_right'  ><div class='container av-section-cont-open' ><div class='template-page content  av-content-small alpha units'><div class='post-entry post-entry-type-page post-entry-4463'><div class='entry-content-wrapper clearfix'>\n<section  class='av_textblock_section av-kf5j9a3w-d23d4de00988d23b5e87ee8ebc5e1cac '   itemscope=\"itemscope\" itemtype=\"https:\/\/schema.org\/CreativeWork\" ><div class='avia_textblock'  itemprop=\"text\" ><blockquote>\n<p>Le coll\u00e8ge comprend les classes 5 (CM2) \u00e0 10 (seconde)<\/p>\n<\/blockquote>\n<ul>\n<li>La <strong>classe 5<\/strong> est appel\u00e9e <a href=\"https:\/\/www.idsp.fr\/fr\/secondaire\/classe-dorientation\/\">classe d&rsquo;orientation<\/a>, elle constitue la transition entre l&rsquo;\u00e9cole primaire et l&rsquo;\u00e9cole secondaire.<\/li>\n<li>Les \u00e9l\u00e8ves suivent les cours de la fili\u00e8re d\u2019enseignement menant au lyc\u00e9e (Gymnasium) ou re\u00e7oivent un enseignement et sont \u00e9valu\u00e9s de mani\u00e8re diff\u00e9renci\u00e9e en tant qu\u2019\u00e9l\u00e8ves de la Realschule ou de la Hauptschule.<\/li>\n<li>Il existe une perm\u00e9abilit\u00e9 entre les fili\u00e8res d\u2019enseignement, c\u2019est-\u00e0-dire qu\u2019il est possible de passer de la Realschule aus coll\u00e8ge jusqu\u2019\u00e0 la <strong>fin de la classe 8 <\/strong>et du coll\u00e8ge \u00e0 la Realschule jusqu\u2019\u00e0 la <strong>fin de la classe 9.<\/strong><\/li>\n<li>Le fran\u00e7ais est toujours enseign\u00e9 dans deux niveaux de langue : fran\u00e7ais langue maternelle (Flm) et fran\u00e7ais langue \u00e9trang\u00e8re (Fle).<\/li>\n<li><strong>\u00c0 partir de la classe 6<\/strong>, l&rsquo;histoire et la physique viennent s&rsquo;ajouter aux mati\u00e8res enseign\u00e9es.<\/li>\n<li><strong>\u00c0 partir de la classe 7<\/strong>, on peut choisir l&rsquo;histoire en fran\u00e7ais \u00e0 la place de l&rsquo;histoire en allemand et <strong>\u00e0 partir de la classe 9<\/strong>, la g\u00e9ographie en fran\u00e7ais \u00e0 la place de la g\u00e9ographie en allemand (en vue de la pr\u00e9paration de l&rsquo;AbiBac).<\/li>\n<li>Le <strong>choix pour la s\u00e9rie Abibac<\/strong> se fait en classe 9.<\/li>\n<li>Le soutien en allemand est propos\u00e9<strong> jusqu&rsquo;\u00e0 la fin de la classe 8.<\/strong><\/li>\n<li><strong>\u00c0 partir de la classe 8<\/strong>, la chimie fait partie des mati\u00e8res enseign\u00e9es.<\/li>\n<li>En <strong>classe 10<\/strong>, tous les \u00e9l\u00e8ves passent un examen centralis\u00e9 (similaire au brevet des coll\u00e8ges).<\/li>\n<\/ul>\n<\/div><\/section>\n","protected":false},"excerpt":{"rendered":"","protected":false},"author":3,"featured_media":0,"parent":4093,"menu_order":31,"comment_status":"closed","ping_status":"closed","template":"","meta":{"footnotes":""},"class_list":["post-4463","page","type-page","status-publish","hentry"],"yoast_head":"<!-- This site is optimized with the Yoast SEO plugin v27.4 - https:\/\/yoast.com\/product\/yoast-seo-wordpress\/ -->\n<title>Coll\u00e8ge - iDSP - La Schule - Internationale Deutsche Schule Paris<\/title>\n<meta name=\"robots\" content=\"index, follow, max-snippet:-1, max-image-preview:large, max-video-preview:-1\" \/>\n<link rel=\"canonical\" href=\"https:\/\/www.idsp.fr\/fr\/secondaire\/college\/\" \/>\n<meta property=\"og:locale\" content=\"fr_FR\" \/>\n<meta property=\"og:type\" content=\"article\" \/>\n<meta property=\"og:title\" content=\"Coll\u00e8ge - iDSP - La Schule - Internationale Deutsche Schule Paris\" \/>\n<meta property=\"og:url\" content=\"https:\/\/www.idsp.fr\/fr\/secondaire\/college\/\" \/>\n<meta property=\"og:site_name\" content=\"iDSP - La Schule - Internationale Deutsche Schule Paris\" \/>\n<meta property=\"article:modified_time\" content=\"2024-03-05T15:29:29+00:00\" \/>\n<meta name=\"twitter:card\" content=\"summary_large_image\" \/>\n<meta name=\"twitter:label1\" content=\"Dur\u00e9e de lecture estim\u00e9e\" \/>\n\t<meta name=\"twitter:data1\" content=\"2 minutes\" \/>\n<script type=\"application\/ld+json\" class=\"yoast-schema-graph\">{\"@context\":\"https:\\\/\\\/schema.org\",\"@graph\":[{\"@type\":\"WebPage\",\"@id\":\"https:\\\/\\\/www.idsp.fr\\\/fr\\\/secondaire\\\/college\\\/\",\"url\":\"https:\\\/\\\/www.idsp.fr\\\/fr\\\/secondaire\\\/college\\\/\",\"name\":\"Coll\u00e8ge - iDSP - La Schule - Internationale Deutsche Schule Paris\",\"isPartOf\":{\"@id\":\"https:\\\/\\\/www.idsp.fr\\\/#website\"},\"datePublished\":\"2020-10-02T13:31:39+00:00\",\"dateModified\":\"2024-03-05T15:29:29+00:00\",\"breadcrumb\":{\"@id\":\"https:\\\/\\\/www.idsp.fr\\\/fr\\\/secondaire\\\/college\\\/#breadcrumb\"},\"inLanguage\":\"fr-FR\",\"potentialAction\":[{\"@type\":\"ReadAction\",\"target\":[\"https:\\\/\\\/www.idsp.fr\\\/fr\\\/secondaire\\\/college\\\/\"]}]},{\"@type\":\"BreadcrumbList\",\"@id\":\"https:\\\/\\\/www.idsp.fr\\\/fr\\\/secondaire\\\/college\\\/#breadcrumb\",\"itemListElement\":[{\"@type\":\"ListItem\",\"position\":1,\"name\":\"Startseite\",\"item\":\"https:\\\/\\\/www.idsp.fr\\\/fr\\\/idsp-ecole-allemande-internationale-de-paris\\\/\"},{\"@type\":\"ListItem\",\"position\":2,\"name\":\"Secondaire\",\"item\":\"https:\\\/\\\/www.idsp.fr\\\/fr\\\/secondaire\\\/\"},{\"@type\":\"ListItem\",\"position\":3,\"name\":\"Coll\u00e8ge\"}]},{\"@type\":\"WebSite\",\"@id\":\"https:\\\/\\\/www.idsp.fr\\\/#website\",\"url\":\"https:\\\/\\\/www.idsp.fr\\\/\",\"name\":\"iDSP - La Schule - Internationale Deutsche Schule Paris\",\"description\":\"\",\"potentialAction\":[{\"@type\":\"SearchAction\",\"target\":{\"@type\":\"EntryPoint\",\"urlTemplate\":\"https:\\\/\\\/www.idsp.fr\\\/?s={search_term_string}\"},\"query-input\":{\"@type\":\"PropertyValueSpecification\",\"valueRequired\":true,\"valueName\":\"search_term_string\"}}],\"inLanguage\":\"fr-FR\"}]}<\/script>\n<!-- \/ Yoast SEO plugin. -->","yoast_head_json":{"title":"Coll\u00e8ge - iDSP - La Schule - Internationale Deutsche Schule Paris","robots":{"index":"index","follow":"follow","max-snippet":"max-snippet:-1","max-image-preview":"max-image-preview:large","max-video-preview":"max-video-preview:-1"},"canonical":"https:\/\/www.idsp.fr\/fr\/secondaire\/college\/","og_locale":"fr_FR","og_type":"article","og_title":"Coll\u00e8ge - iDSP - La Schule - Internationale Deutsche Schule Paris","og_url":"https:\/\/www.idsp.fr\/fr\/secondaire\/college\/","og_site_name":"iDSP - La Schule - Internationale Deutsche Schule Paris","article_modified_time":"2024-03-05T15:29:29+00:00","twitter_card":"summary_large_image","twitter_misc":{"Dur\u00e9e de lecture estim\u00e9e":"2 minutes"},"schema":{"@context":"https:\/\/schema.org","@graph":[{"@type":"WebPage","@id":"https:\/\/www.idsp.fr\/fr\/secondaire\/college\/","url":"https:\/\/www.idsp.fr\/fr\/secondaire\/college\/","name":"Coll\u00e8ge - iDSP - La Schule - Internationale Deutsche Schule Paris","isPartOf":{"@id":"https:\/\/www.idsp.fr\/#website"},"datePublished":"2020-10-02T13:31:39+00:00","dateModified":"2024-03-05T15:29:29+00:00","breadcrumb":{"@id":"https:\/\/www.idsp.fr\/fr\/secondaire\/college\/#breadcrumb"},"inLanguage":"fr-FR","potentialAction":[{"@type":"ReadAction","target":["https:\/\/www.idsp.fr\/fr\/secondaire\/college\/"]}]},{"@type":"BreadcrumbList","@id":"https:\/\/www.idsp.fr\/fr\/secondaire\/college\/#breadcrumb","itemListElement":[{"@type":"ListItem","position":1,"name":"Startseite","item":"https:\/\/www.idsp.fr\/fr\/idsp-ecole-allemande-internationale-de-paris\/"},{"@type":"ListItem","position":2,"name":"Secondaire","item":"https:\/\/www.idsp.fr\/fr\/secondaire\/"},{"@type":"ListItem","position":3,"name":"Coll\u00e8ge"}]},{"@type":"WebSite","@id":"https:\/\/www.idsp.fr\/#website","url":"https:\/\/www.idsp.fr\/","name":"iDSP - La Schule - Internationale Deutsche Schule Paris","description":"","potentialAction":[{"@type":"SearchAction","target":{"@type":"EntryPoint","urlTemplate":"https:\/\/www.idsp.fr\/?s={search_term_string}"},"query-input":{"@type":"PropertyValueSpecification","valueRequired":true,"valueName":"search_term_string"}}],"inLanguage":"fr-FR"}]}},"_links":{"self":[{"href":"https:\/\/www.idsp.fr\/fr\/wp-json\/wp\/v2\/pages\/4463","targetHints":{"allow":["GET"]}}],"collection":[{"href":"https:\/\/www.idsp.fr\/fr\/wp-json\/wp\/v2\/pages"}],"about":[{"href":"https:\/\/www.idsp.fr\/fr\/wp-json\/wp\/v2\/types\/page"}],"author":[{"embeddable":true,"href":"https:\/\/www.idsp.fr\/fr\/wp-json\/wp\/v2\/users\/3"}],"replies":[{"embeddable":true,"href":"https:\/\/www.idsp.fr\/fr\/wp-json\/wp\/v2\/comments?post=4463"}],"version-history":[{"count":2,"href":"https:\/\/www.idsp.fr\/fr\/wp-json\/wp\/v2\/pages\/4463\/revisions"}],"predecessor-version":[{"id":26663,"href":"https:\/\/www.idsp.fr\/fr\/wp-json\/wp\/v2\/pages\/4463\/revisions\/26663"}],"up":[{"embeddable":true,"href":"https:\/\/www.idsp.fr\/fr\/wp-json\/wp\/v2\/pages\/4093"}],"wp:attachment":[{"href":"https:\/\/www.idsp.fr\/fr\/wp-json\/wp\/v2\/media?parent=4463"}],"curies":[{"name":"wp","href":"https:\/\/api.w.org\/{rel}","templated":true}]}}