{"id":4458,"date":"2020-10-02T15:30:33","date_gmt":"2020-10-02T13:30:33","guid":{"rendered":"https:\/\/www.idsp.fr\/?page_id=4458"},"modified":"2024-08-19T15:01:29","modified_gmt":"2024-08-19T13:01:29","slug":"diplomes","status":"publish","type":"page","link":"https:\/\/www.idsp.fr\/fr\/secondaire\/diplomes\/","title":{"rendered":"Dipl\u00f4mes"},"content":{"rendered":"\n<style type=\"text\/css\" data-created_by=\"avia_inline_auto\" id=\"style-css-av-k9tzp0ta-6dd7479124f797f4d8afc0b20a8557c6\">\n.avia-section.av-k9tzp0ta-6dd7479124f797f4d8afc0b20a8557c6{\nbackground-color:#024d7d;\nbackground-image:unset;\n}\n<\/style>\n<div id='av_section_1'  class='avia-section av-k9tzp0ta-6dd7479124f797f4d8afc0b20a8557c6 main_color avia-section-small avia-no-border-styling  avia-builder-el-0  el_before_av_heading  avia-builder-el-first  avia-bg-style-scroll av-minimum-height av-minimum-height-custom av-height-custom  container_wrap sidebar_right'   data-av_minimum_height_px='100'><div class='container av-section-cont-open' style='height:100px'><main  role=\"main\" itemprop=\"mainContentOfPage\"  class='template-page content  av-content-small alpha units'><div class='post-entry post-entry-type-page post-entry-4458'><div class='entry-content-wrapper clearfix'>\n\n<style type=\"text\/css\" data-created_by=\"avia_inline_auto\" id=\"style-css-av-kh3ltw2w-0529e396a328d74e6ea33a22b8d1f660\">\n#top .av-special-heading.av-kh3ltw2w-0529e396a328d74e6ea33a22b8d1f660{\npadding-bottom:10px;\ncolor:#ffffff;\n}\nbody .av-special-heading.av-kh3ltw2w-0529e396a328d74e6ea33a22b8d1f660 .av-special-heading-tag .heading-char{\nfont-size:25px;\n}\n.av-special-heading.av-kh3ltw2w-0529e396a328d74e6ea33a22b8d1f660 .special-heading-inner-border{\nborder-color:#ffffff;\n}\n.av-special-heading.av-kh3ltw2w-0529e396a328d74e6ea33a22b8d1f660 .av-subheading{\nfont-size:15px;\n}\n<\/style>\n<div  class='av-special-heading av-kh3ltw2w-0529e396a328d74e6ea33a22b8d1f660 av-special-heading-h2 custom-color-heading  avia-builder-el-1  avia-builder-el-no-sibling '><h2 class='av-special-heading-tag '  itemprop=\"headline\"  >Dipl\u00f4mes<\/h2><div class=\"special-heading-border\"><div class=\"special-heading-inner-border\"><\/div><\/div><\/div>\n<\/div><\/div><\/main><!-- close content main element --><\/div><\/div><div id='after_section_1'  class='main_color av_default_container_wrap container_wrap sidebar_right'  ><div class='container av-section-cont-open' ><div class='template-page content  av-content-small alpha units'><div class='post-entry post-entry-type-page post-entry-4458'><div class='entry-content-wrapper clearfix'>\n\n<style type=\"text\/css\" data-created_by=\"avia_inline_auto\" id=\"style-css-av-hkt7u-114422ba3454586397947a11a35356d0\">\n#top .av-special-heading.av-hkt7u-114422ba3454586397947a11a35356d0{\npadding-bottom:10px;\n}\nbody .av-special-heading.av-hkt7u-114422ba3454586397947a11a35356d0 .av-special-heading-tag .heading-char{\nfont-size:25px;\n}\n.av-special-heading.av-hkt7u-114422ba3454586397947a11a35356d0 .av-subheading{\nfont-size:15px;\n}\n<\/style>\n<div  class='av-special-heading av-hkt7u-114422ba3454586397947a11a35356d0 av-special-heading-h2 blockquote modern-quote  avia-builder-el-2  el_after_av_section  el_before_av_iconlist  avia-builder-el-first '><h2 class='av-special-heading-tag '  itemprop=\"headline\"  >L\u2019iDSP propose les dipl\u00f4mes suivants<\/h2><div class=\"special-heading-border\"><div class=\"special-heading-inner-border\"><\/div><\/div><\/div>\n<div  class='avia-icon-list-container av-kbhxrg6q-f1e1f8e575b60d1890c073bde690f23c  avia-builder-el-3  el_after_av_heading  el_before_av_textblock '><ul class='avia-icon-list avia_animate_when_almost_visible avia-icon-list-left av-iconlist-big av-kbhxrg6q-f1e1f8e575b60d1890c073bde690f23c avia-iconlist-animate'>\n<li><div class='iconlist_icon av-1u07ka-3d1ea1f9aa1a54169a2253dc6e394e7b avia-font-entypo-fontello avia-iconfont avia-font-entypo-fontello'><span class='av-icon-char' data-av_icon='\ue897' data-av_iconfont='entypo-fontello' aria-hidden=\"true\"><\/span><\/div><article class=\"article-icon-entry \"  itemscope=\"itemscope\" itemtype=\"https:\/\/schema.org\/CreativeWork\" ><div class=\"iconlist_content_wrap\"><header class=\"entry-content-header\" aria-label=\"Ic\u00f4ne : Deutsches Internationales Abitur (DIA) \"><h4 class='av_iconlist_title iconlist_title  '  itemprop=\"headline\" >Deutsches Internationales Abitur (DIA) <\/h4><\/header><div class='iconlist_content '  itemprop=\"text\" ><p>Avec l&rsquo;Abitur, nos dipl\u00f4m\u00e9s \u00e9tudient en Allemagne, en France, dans de nombreux pays europ\u00e9ens et aux USA\u00a0 <a href=\"https:\/\/www.idsp.fr\/wp-content\/uploads\/2024\/01\/Information_DIA_2024.pdf\" target=\"_blank\" rel=\"noopener noreferrer\">Plus d&rsquo;information (en allemand)<\/a><\/p>\n<p>Interlocuteur: <a href=\"mailto:britta.frese@idsp.fr\">Madame Britta Frese<\/a><\/p>\n<\/div><\/div><footer class=\"entry-footer\"><\/footer><\/article><div class=\"iconlist-timeline\"><\/div><\/li>\n<li><div class='iconlist_icon av-34k3cq-7a403f9ddefa46c88551b9aeb540acc6 avia-font-entypo-fontello avia-iconfont avia-font-entypo-fontello'><span class='av-icon-char' data-av_icon='\ue897' data-av_iconfont='entypo-fontello' aria-hidden=\"true\"><\/span><\/div><article class=\"article-icon-entry \"  itemscope=\"itemscope\" itemtype=\"https:\/\/schema.org\/CreativeWork\" ><div class=\"iconlist_content_wrap\"><header class=\"entry-content-header\" aria-label=\"Ic\u00f4ne : AbiBac\"><h4 class='av_iconlist_title iconlist_title  '  itemprop=\"headline\" >AbiBac<\/h4><\/header><div class='iconlist_content '  itemprop=\"text\" ><p>Avec l&rsquo;<strong>AbiBac<\/strong>, nos \u00e9l\u00e8ves obtiennent le baccalaur\u00e9at fran\u00e7ais parall\u00e8lement \u00e0 l&rsquo;Abitur \u00a0<a href=\"https:\/\/www.idsp.fr\/wp-content\/uploads\/2024\/03\/Abibac_2024.pdf\" target=\"_blank\" rel=\"noopener\">Plus d&rsquo;info<\/a><\/p>\n<p>Interlocutrice: <a href=\"mailto:jana.michael@idsp.fr\">Madame Jana Michael<\/a><\/p>\n<\/div><\/div><footer class=\"entry-footer\"><\/footer><\/article><div class=\"iconlist-timeline\"><\/div><\/li>\n<li><div class='iconlist_icon av-4r12oa-8a8b2474b13b2fb98071a5fb86c64444 avia-font-entypo-fontello avia-iconfont avia-font-entypo-fontello'><span class='av-icon-char' data-av_icon='\ue897' data-av_iconfont='entypo-fontello' aria-hidden=\"true\"><\/span><\/div><article class=\"article-icon-entry \"  itemscope=\"itemscope\" itemtype=\"https:\/\/schema.org\/CreativeWork\" ><div class=\"iconlist_content_wrap\"><header class=\"entry-content-header\" aria-label=\"Ic\u00f4ne : Realschulabschluss \/ Mittlerer Schulabschluss\"><h4 class='av_iconlist_title iconlist_title  '  itemprop=\"headline\" >Realschulabschluss \/ Mittlerer Schulabschluss<\/h4><\/header><div class='iconlist_content '  itemprop=\"text\" ><p>Vous trouverez les informations relatives \u00e0 ces dipl\u00f4mes sur le site <a href=\"https:\/\/www.kmk.org\/themen\/auslandsschulen\/bildungsgaenge-und-abschluesse\/abschluesse-der-sekundarstufe-i.html\" target=\"_blank\" rel=\"noopener noreferrer\">Internetseiten der St\u00e4ndigen Konferenz der Kultusminister der L\u00e4nder in der Bundesrepublik Deutschland (KMK).<\/a><\/p>\n<p>Interlocutrice: <a href=\"mailto:ursula.reverend@idsp.fr\">Madame Ursula R\u00e9v\u00e9rend<\/a><\/p>\n<\/div><\/div><footer class=\"entry-footer\"><\/footer><\/article><div class=\"iconlist-timeline\"><\/div><\/li>\n<li><div class='iconlist_icon av-2l3fl6-345bc216aa01ed66427438976e12a684 avia-font-entypo-fontello avia-iconfont avia-font-entypo-fontello'><span class='av-icon-char' data-av_icon='\ue897' data-av_iconfont='entypo-fontello' aria-hidden=\"true\"><\/span><\/div><article class=\"article-icon-entry \"  itemscope=\"itemscope\" itemtype=\"https:\/\/schema.org\/CreativeWork\" ><div class=\"iconlist_content_wrap\"><header class=\"entry-content-header\" aria-label=\"Ic\u00f4ne : Hauptschulabschluss\"><h4 class='av_iconlist_title iconlist_title  '  itemprop=\"headline\" >Hauptschulabschluss<\/h4><\/header><div class='iconlist_content '  itemprop=\"text\" ><p>Vous trouverez les informations relatives \u00e0 ce dipl\u00f4me sur le site <a href=\"https:\/\/www.kmk.org\/themen\/auslandsschulen\/bildungsgaenge-und-abschluesse\/abschluesse-der-sekundarstufe-i.html\" target=\"_blank\" rel=\"noopener noreferrer\">Internetseiten der St\u00e4ndigen Konferenz der Kultusminister der L\u00e4nder in der Bundesrepublik Deutschland (KMK).<\/a><\/p>\n<p>Interlocutrice: <a href=\"mailto:ursula.reverend@idsp.fr\">Madame Ursula R\u00e9v\u00e9rend<\/a><\/p>\n<\/div><\/div><footer class=\"entry-footer\"><\/footer><\/article><div class=\"iconlist-timeline\"><\/div><\/li>\n<\/ul><\/div>\n<section  class='av_textblock_section av-kbhxu0dt-e13bc88847e6fdcd9a2f006cea653515 '   itemscope=\"itemscope\" itemtype=\"https:\/\/schema.org\/CreativeWork\" ><div class='avia_textblock'  itemprop=\"text\" ><p>Nous serons heureux de vous fournir de <strong>plus amples informations<\/strong> sur les examens, mais aussi sur l&rsquo;entr\u00e9e dans la phase de qualification du lyc\u00e9e ou sur les conditions exactes des examens lors d&rsquo;un entretien personnel, en tenant compte de vos besoins individuels.<\/p>\n<p>Vous trouverez \u00e9galement les informations principales sur les examens susmentionn\u00e9s sur le site web de la Conf\u00e9rence permanente des ministres de l&rsquo;\u00e9ducation et des affaires culturelles des L\u00e4nder en R\u00e9publique f\u00e9d\u00e9rale d&rsquo;Allemagne (KMK): <a href=\"http:\/\/www.kmk.org\/bildung-schule\/auslandsschulwesen.html\" target=\"_blank\" rel=\"noopener noreferrer\">Internetseite der St\u00e4ndigen Konferenz der Kultusminister der L\u00e4nder in der Bundesrepublik Deutschland (KMK)<\/a>.<\/p>\n<\/div><\/section>\n","protected":false},"excerpt":{"rendered":"","protected":false},"author":3,"featured_media":0,"parent":4093,"menu_order":37,"comment_status":"closed","ping_status":"closed","template":"","meta":{"footnotes":""},"class_list":["post-4458","page","type-page","status-publish","hentry"],"yoast_head":"<!-- This site is optimized with the Yoast SEO plugin v27.4 - https:\/\/yoast.com\/product\/yoast-seo-wordpress\/ -->\n<title>Dipl\u00f4mes - iDSP - La Schule - Internationale Deutsche Schule Paris<\/title>\n<meta name=\"robots\" content=\"index, follow, max-snippet:-1, max-image-preview:large, max-video-preview:-1\" \/>\n<link rel=\"canonical\" href=\"https:\/\/www.idsp.fr\/fr\/secondaire\/diplomes\/\" \/>\n<meta property=\"og:locale\" content=\"fr_FR\" \/>\n<meta property=\"og:type\" content=\"article\" \/>\n<meta property=\"og:title\" content=\"Dipl\u00f4mes - iDSP - La Schule - Internationale Deutsche Schule Paris\" \/>\n<meta property=\"og:url\" content=\"https:\/\/www.idsp.fr\/fr\/secondaire\/diplomes\/\" \/>\n<meta property=\"og:site_name\" content=\"iDSP - La Schule - Internationale Deutsche Schule Paris\" \/>\n<meta property=\"article:modified_time\" content=\"2024-08-19T13:01:29+00:00\" \/>\n<meta name=\"twitter:card\" content=\"summary_large_image\" \/>\n<meta name=\"twitter:label1\" content=\"Dur\u00e9e de lecture estim\u00e9e\" \/>\n\t<meta name=\"twitter:data1\" content=\"2 minutes\" \/>\n<script type=\"application\/ld+json\" class=\"yoast-schema-graph\">{\"@context\":\"https:\\\/\\\/schema.org\",\"@graph\":[{\"@type\":\"WebPage\",\"@id\":\"https:\\\/\\\/www.idsp.fr\\\/fr\\\/secondaire\\\/diplomes\\\/\",\"url\":\"https:\\\/\\\/www.idsp.fr\\\/fr\\\/secondaire\\\/diplomes\\\/\",\"name\":\"Dipl\u00f4mes - iDSP - La Schule - Internationale Deutsche Schule Paris\",\"isPartOf\":{\"@id\":\"https:\\\/\\\/www.idsp.fr\\\/#website\"},\"datePublished\":\"2020-10-02T13:30:33+00:00\",\"dateModified\":\"2024-08-19T13:01:29+00:00\",\"breadcrumb\":{\"@id\":\"https:\\\/\\\/www.idsp.fr\\\/fr\\\/secondaire\\\/diplomes\\\/#breadcrumb\"},\"inLanguage\":\"fr-FR\",\"potentialAction\":[{\"@type\":\"ReadAction\",\"target\":[\"https:\\\/\\\/www.idsp.fr\\\/fr\\\/secondaire\\\/diplomes\\\/\"]}]},{\"@type\":\"BreadcrumbList\",\"@id\":\"https:\\\/\\\/www.idsp.fr\\\/fr\\\/secondaire\\\/diplomes\\\/#breadcrumb\",\"itemListElement\":[{\"@type\":\"ListItem\",\"position\":1,\"name\":\"Startseite\",\"item\":\"https:\\\/\\\/www.idsp.fr\\\/fr\\\/idsp-ecole-allemande-internationale-de-paris\\\/\"},{\"@type\":\"ListItem\",\"position\":2,\"name\":\"Secondaire\",\"item\":\"https:\\\/\\\/www.idsp.fr\\\/fr\\\/secondaire\\\/\"},{\"@type\":\"ListItem\",\"position\":3,\"name\":\"Dipl\u00f4mes\"}]},{\"@type\":\"WebSite\",\"@id\":\"https:\\\/\\\/www.idsp.fr\\\/#website\",\"url\":\"https:\\\/\\\/www.idsp.fr\\\/\",\"name\":\"iDSP - La Schule - Internationale Deutsche Schule Paris\",\"description\":\"\",\"potentialAction\":[{\"@type\":\"SearchAction\",\"target\":{\"@type\":\"EntryPoint\",\"urlTemplate\":\"https:\\\/\\\/www.idsp.fr\\\/?s={search_term_string}\"},\"query-input\":{\"@type\":\"PropertyValueSpecification\",\"valueRequired\":true,\"valueName\":\"search_term_string\"}}],\"inLanguage\":\"fr-FR\"}]}<\/script>\n<!-- \/ Yoast SEO plugin. -->","yoast_head_json":{"title":"Dipl\u00f4mes - iDSP - La Schule - Internationale Deutsche Schule Paris","robots":{"index":"index","follow":"follow","max-snippet":"max-snippet:-1","max-image-preview":"max-image-preview:large","max-video-preview":"max-video-preview:-1"},"canonical":"https:\/\/www.idsp.fr\/fr\/secondaire\/diplomes\/","og_locale":"fr_FR","og_type":"article","og_title":"Dipl\u00f4mes - iDSP - La Schule - Internationale Deutsche Schule Paris","og_url":"https:\/\/www.idsp.fr\/fr\/secondaire\/diplomes\/","og_site_name":"iDSP - La Schule - Internationale Deutsche Schule Paris","article_modified_time":"2024-08-19T13:01:29+00:00","twitter_card":"summary_large_image","twitter_misc":{"Dur\u00e9e de lecture estim\u00e9e":"2 minutes"},"schema":{"@context":"https:\/\/schema.org","@graph":[{"@type":"WebPage","@id":"https:\/\/www.idsp.fr\/fr\/secondaire\/diplomes\/","url":"https:\/\/www.idsp.fr\/fr\/secondaire\/diplomes\/","name":"Dipl\u00f4mes - iDSP - La Schule - Internationale Deutsche Schule Paris","isPartOf":{"@id":"https:\/\/www.idsp.fr\/#website"},"datePublished":"2020-10-02T13:30:33+00:00","dateModified":"2024-08-19T13:01:29+00:00","breadcrumb":{"@id":"https:\/\/www.idsp.fr\/fr\/secondaire\/diplomes\/#breadcrumb"},"inLanguage":"fr-FR","potentialAction":[{"@type":"ReadAction","target":["https:\/\/www.idsp.fr\/fr\/secondaire\/diplomes\/"]}]},{"@type":"BreadcrumbList","@id":"https:\/\/www.idsp.fr\/fr\/secondaire\/diplomes\/#breadcrumb","itemListElement":[{"@type":"ListItem","position":1,"name":"Startseite","item":"https:\/\/www.idsp.fr\/fr\/idsp-ecole-allemande-internationale-de-paris\/"},{"@type":"ListItem","position":2,"name":"Secondaire","item":"https:\/\/www.idsp.fr\/fr\/secondaire\/"},{"@type":"ListItem","position":3,"name":"Dipl\u00f4mes"}]},{"@type":"WebSite","@id":"https:\/\/www.idsp.fr\/#website","url":"https:\/\/www.idsp.fr\/","name":"iDSP - La Schule - Internationale Deutsche Schule Paris","description":"","potentialAction":[{"@type":"SearchAction","target":{"@type":"EntryPoint","urlTemplate":"https:\/\/www.idsp.fr\/?s={search_term_string}"},"query-input":{"@type":"PropertyValueSpecification","valueRequired":true,"valueName":"search_term_string"}}],"inLanguage":"fr-FR"}]}},"_links":{"self":[{"href":"https:\/\/www.idsp.fr\/fr\/wp-json\/wp\/v2\/pages\/4458","targetHints":{"allow":["GET"]}}],"collection":[{"href":"https:\/\/www.idsp.fr\/fr\/wp-json\/wp\/v2\/pages"}],"about":[{"href":"https:\/\/www.idsp.fr\/fr\/wp-json\/wp\/v2\/types\/page"}],"author":[{"embeddable":true,"href":"https:\/\/www.idsp.fr\/fr\/wp-json\/wp\/v2\/users\/3"}],"replies":[{"embeddable":true,"href":"https:\/\/www.idsp.fr\/fr\/wp-json\/wp\/v2\/comments?post=4458"}],"version-history":[{"count":11,"href":"https:\/\/www.idsp.fr\/fr\/wp-json\/wp\/v2\/pages\/4458\/revisions"}],"predecessor-version":[{"id":29779,"href":"https:\/\/www.idsp.fr\/fr\/wp-json\/wp\/v2\/pages\/4458\/revisions\/29779"}],"up":[{"embeddable":true,"href":"https:\/\/www.idsp.fr\/fr\/wp-json\/wp\/v2\/pages\/4093"}],"wp:attachment":[{"href":"https:\/\/www.idsp.fr\/fr\/wp-json\/wp\/v2\/media?parent=4458"}],"curies":[{"name":"wp","href":"https:\/\/api.w.org\/{rel}","templated":true}]}}