{"id":4449,"date":"2020-10-02T15:28:10","date_gmt":"2020-10-02T13:28:10","guid":{"rendered":"https:\/\/www.idsp.fr\/?page_id=4449"},"modified":"2024-06-18T14:11:48","modified_gmt":"2024-06-18T12:11:48","slug":"langues","status":"publish","type":"page","link":"https:\/\/www.idsp.fr\/fr\/secondaire\/langues\/","title":{"rendered":"Langues"},"content":{"rendered":"\n<style type=\"text\/css\" data-created_by=\"avia_inline_auto\" id=\"style-css-av-k9tzp0ta-6dd7479124f797f4d8afc0b20a8557c6\">\n.avia-section.av-k9tzp0ta-6dd7479124f797f4d8afc0b20a8557c6{\nbackground-color:#024d7d;\nbackground-image:unset;\n}\n<\/style>\n<div id='av_section_1'  class='avia-section av-k9tzp0ta-6dd7479124f797f4d8afc0b20a8557c6 main_color avia-section-small avia-no-border-styling  avia-builder-el-0  el_before_av_heading  avia-builder-el-first  avia-bg-style-scroll av-minimum-height av-minimum-height-custom av-height-custom  container_wrap sidebar_right'   data-av_minimum_height_px='100'><div class='container av-section-cont-open' style='height:100px'><main  role=\"main\" itemprop=\"mainContentOfPage\"  class='template-page content  av-content-small alpha units'><div class='post-entry post-entry-type-page post-entry-4449'><div class='entry-content-wrapper clearfix'>\n\n<style type=\"text\/css\" data-created_by=\"avia_inline_auto\" id=\"style-css-av-khg4xkjb-13a9d7947b1642169b415648c13bfda8\">\n#top .av-special-heading.av-khg4xkjb-13a9d7947b1642169b415648c13bfda8{\npadding-bottom:10px;\ncolor:#ffffff;\n}\nbody .av-special-heading.av-khg4xkjb-13a9d7947b1642169b415648c13bfda8 .av-special-heading-tag .heading-char{\nfont-size:25px;\n}\n.av-special-heading.av-khg4xkjb-13a9d7947b1642169b415648c13bfda8 .special-heading-inner-border{\nborder-color:#ffffff;\n}\n.av-special-heading.av-khg4xkjb-13a9d7947b1642169b415648c13bfda8 .av-subheading{\nfont-size:15px;\n}\n<\/style>\n<div  class='av-special-heading av-khg4xkjb-13a9d7947b1642169b415648c13bfda8 av-special-heading-h2 custom-color-heading  avia-builder-el-1  avia-builder-el-no-sibling '><h2 class='av-special-heading-tag '  itemprop=\"headline\"  >Langues<\/h2><div class=\"special-heading-border\"><div class=\"special-heading-inner-border\"><\/div><\/div><\/div>\n<\/div><\/div><\/main><!-- close content main element --><\/div><\/div><div id='after_section_1'  class='main_color av_default_container_wrap container_wrap sidebar_right'  ><div class='container av-section-cont-open' ><div class='template-page content  av-content-small alpha units'><div class='post-entry post-entry-type-page post-entry-4449'><div class='entry-content-wrapper clearfix'>\n\n<style type=\"text\/css\" data-created_by=\"avia_inline_auto\" id=\"style-css-av-3me0wx-4abf11e23895adc099666681c6200335\">\n#top .av-special-heading.av-3me0wx-4abf11e23895adc099666681c6200335{\npadding-bottom:10px;\n}\nbody .av-special-heading.av-3me0wx-4abf11e23895adc099666681c6200335 .av-special-heading-tag .heading-char{\nfont-size:25px;\n}\n.av-special-heading.av-3me0wx-4abf11e23895adc099666681c6200335 .av-subheading{\nfont-size:15px;\n}\n<\/style>\n<div  class='av-special-heading av-3me0wx-4abf11e23895adc099666681c6200335 av-special-heading-h2  avia-builder-el-2  el_after_av_section  el_before_av_textblock  avia-builder-el-first '><h2 class='av-special-heading-tag '  itemprop=\"headline\"  >Allemand<\/h2><div class=\"special-heading-border\"><div class=\"special-heading-inner-border\"><\/div><\/div><\/div>\n<section  class='av_textblock_section av-kbhwt5uy-519670668cecfda7c5f3b9c0b99a5d3d '   itemscope=\"itemscope\" itemtype=\"https:\/\/schema.org\/CreativeWork\" ><div class='avia_textblock'  itemprop=\"text\" ><blockquote>\n<p>La promotion de la langue et de la culture allemandes est le r\u00f4le de chaque \u00e9cole allemande \u00e0 l&rsquo;\u00e9tranger. Dans l&rsquo;environnement fran\u00e7ais, nous attachons \u00e9galement une grande importance \u00e0 l&rsquo;enseignement du fran\u00e7ais.<\/p>\n<\/blockquote>\n<p>Nous enseignons l&rsquo;<strong>allemand<\/strong> conform\u00e9ment au <strong>programme d&rsquo;enseignement du Land de Bade-Wurtemberg<\/strong>. Pour les \u00e9l\u00e8ves dont l&rsquo;allemand n&rsquo;est pas la langue maternelle, nous proposons, parall\u00e8lement aux cours d&rsquo;allemand habituels, des cours d&rsquo;<strong>allemand langue \u00e9trang\u00e8re<\/strong> (DaF) de la classe 1 \u00e0 la classe 5. De plus, il y a un cours de soutien de deux heures pour les classes 5\/6 et 7\/8.<\/p>\n<p>En <strong>fran\u00e7ais<\/strong>, l&rsquo;enseignement du fran\u00e7ais langue \u00e9trang\u00e8re s&rsquo;adresse aux \u00e9l\u00e8ves dont la langue maternelle est g\u00e9n\u00e9ralement l&rsquo;allemand. Les enfants dont la langue maternelle est le fran\u00e7ais suivent des cours de fran\u00e7ais langue maternelle. L&rsquo;histoire et la g\u00e9ographie sont propos\u00e9es comme mati\u00e8res facultatives en fran\u00e7ais \u00e0 partir de la 7e et de la 9e classe. Ces deux mati\u00e8res, enseign\u00e9es en langue fran\u00e7aise, sont une condition pr\u00e9alable \u00e0 l&rsquo;obtention du dipl\u00f4me de l&rsquo;Abitur allemand et du Baccalaur\u00e9at fran\u00e7ais, l&rsquo;AbiBac.<\/p>\n<p>Bien s\u00fbr, la langue anglaise est \u00e9galement tr\u00e8s importante. \u00c0 l&rsquo;\u00e9cole primaire, il existe deux ateliers pour les \u00e9l\u00e8ves d\u00e9butants et avanc\u00e9s. En cinqui\u00e8me et sixi\u00e8me classe, il existe un atelier inter-classes pour les enfants ayant de bonnes connaissances en anglais.<\/p>\n<p>Depuis l&rsquo;ann\u00e9e scolaire 2018\/19, l&rsquo;espagnol n&rsquo;est plus propos\u00e9 comme troisi\u00e8me langue \u00e9trang\u00e8re en 8e classe. L&rsquo;iDSP propose des cours priv\u00e9s payants en latin et en espagnol pour les \u00e9l\u00e8ves int\u00e9ress\u00e9s par les langues ne faisant pas partie du programme r\u00e9gulier d&rsquo;enseignement ou d&rsquo;un atelier.<\/p>\n<\/div><\/section>\n<section  class='av_textblock_section av-kbhwwtsd-be0ffa995c7557a8134df4ca26e32eaa '   itemscope=\"itemscope\" itemtype=\"https:\/\/schema.org\/CreativeWork\" ><div class='avia_textblock'  itemprop=\"text\" ><p><strong>Aper\u00e7u de l&rsquo;enseignement des langues<\/strong> :<\/p>\n<ul>\n<li>L&rsquo;<strong>allemand comme langue maternelle<\/strong> (classes 1 \u00e0 12)<\/li>\n<li>L&rsquo;<strong>allemand comme langue \u00e9trang\u00e8re<\/strong> (classes 1 \u00e0 8)<\/li>\n<li>Le <strong>fran\u00e7ais langue \u00e9trang\u00e8re<\/strong> (classes 1 \u00e0 12)<\/li>\n<li>Le <strong>fran\u00e7ais comme langue maternelle<\/strong> (classes 1 \u00e0 12)<\/li>\n<li><strong>Histoire et G\u00e9ographie<\/strong> (respectivement classe 7 et classes 9 \u00e0 12) enseign\u00e9es <strong>en fran\u00e7ais<\/strong><\/li>\n<li><strong>Anglais<\/strong> (classes 5 \u00e0 12)<\/li>\n<\/ul>\n<\/div><\/section>\n\n<style type=\"text\/css\" data-created_by=\"avia_inline_auto\" id=\"style-css-av-2tli3l-47f0b32a521d87043c606c10b74e5c86\">\n#top .av-special-heading.av-2tli3l-47f0b32a521d87043c606c10b74e5c86{\npadding-bottom:10px;\n}\nbody .av-special-heading.av-2tli3l-47f0b32a521d87043c606c10b74e5c86 .av-special-heading-tag .heading-char{\nfont-size:25px;\n}\n.av-special-heading.av-2tli3l-47f0b32a521d87043c606c10b74e5c86 .av-subheading{\nfont-size:15px;\n}\n<\/style>\n<div  class='av-special-heading av-2tli3l-47f0b32a521d87043c606c10b74e5c86 av-special-heading-h2  avia-builder-el-5  el_after_av_textblock  el_before_av_textblock '><h2 class='av-special-heading-tag '  itemprop=\"headline\"  >Fran\u00e7ais<\/h2><div class=\"special-heading-border\"><div class=\"special-heading-inner-border\"><\/div><\/div><\/div>\n<section  class='av_textblock_section av-kbhxm450-d67cc5a53129aabce5463c2ff5f71e57 '   itemscope=\"itemscope\" itemtype=\"https:\/\/schema.org\/CreativeWork\" ><div class='avia_textblock'  itemprop=\"text\" ><blockquote>\n<p>L&rsquo;enseignement de la langue fran\u00e7aise occupe une place particuli\u00e8re \u00e0 l&rsquo;\u00c9cole allemande internationale de Paris. Il encourage le d\u00e9veloppement des comp\u00e9tences linguistiques et interculturelles de nos \u00e9l\u00e8ves afin qu&rsquo;ils puissent s&rsquo;int\u00e9grer rapidement dans le pays d&rsquo;accueil fran\u00e7ais.<\/p>\n<\/blockquote>\n<p>Les cours de fran\u00e7ais sont bas\u00e9s sur le Cadre europ\u00e9en de r\u00e9f\u00e9rence pour les langues et les normes \u00e9ducatives pour la premi\u00e8re langue \u00e9trang\u00e8re. Le <strong>Cadre europ\u00e9en commun de r\u00e9f\u00e9rence pour les langues<\/strong> : Apprendre, enseigner, \u00e9valuer (CECR) du Conseil de l&rsquo;Europe, souvent simplement abr\u00e9g\u00e9 en Cadre europ\u00e9en commun de r\u00e9f\u00e9rence pour les langues, constitue une recommandation compl\u00e8te pour les apprenants et les enseignants de langues, qui vise \u00e0 rendre l&rsquo;acquisition, l&rsquo;utilisation et les comp\u00e9tences linguistiques des apprenants ax\u00e9es sur les besoins, transparentes et comparables.<\/p>\n<p>D\u00e8s la maternelle et l&rsquo;\u00e9cole primaire, l&rsquo;enseignement est dispens\u00e9 avec des m\u00e9thodes vari\u00e9es et \u00e0 des niveaux de langue diff\u00e9rents. La classe 4 doit se terminer par un niveau A1 minimum en langue orale. \u00c0 partir de la premi\u00e8re classe (CP), nous diff\u00e9rencions la structure des classes en cours de base et en cours avanc\u00e9s. Si n\u00e9cessaire, les nouveaux \u00e9l\u00e8ves sans aucune connaissance du fran\u00e7ais peuvent suivre un cours d&rsquo;initiation.<\/p>\n<p>Les <strong>contenus d&rsquo;apprentissage et les exigences de l&rsquo;enseignement du fran\u00e7ais langue \u00e9trang\u00e8re<\/strong> sont bas\u00e9s sur les programmes d&rsquo;enseignement du fran\u00e7ais 1\u00e8re langue \u00e9trang\u00e8re du Land de Bavi\u00e8re. Ils assurent la continuit\u00e9 de l&rsquo;acquisition des langues et permettent aux \u00e9l\u00e8ves de changer plus facilement d&rsquo;\u00e9cole.<\/p>\n<p>Le <strong>contenu des cours de fran\u00e7ais langue maternelle<\/strong> est bas\u00e9 sur les programmes fran\u00e7ais.<\/p>\n<p>Le cursus <strong>AbiBac<\/strong> du Lyc\u00e9e offre aux \u00e9l\u00e8ves la possibilit\u00e9 d&rsquo;acqu\u00e9rir les comp\u00e9tences linguistiques n\u00e9cessaires \u00e0 l&rsquo;obtention du baccalaur\u00e9at fran\u00e7ais en trois ans, en plus de l&rsquo;acquisition du dipl\u00f4me g\u00e9n\u00e9ral allemand pour l&rsquo;entr\u00e9e \u00e0 l&rsquo;universit\u00e9. Les examens du Baccalaur\u00e9at se d\u00e9roulent sous la direction d&rsquo;un examinateur fran\u00e7ais.<\/p>\n<p>Ces derni\u00e8res ann\u00e9es, 100 % des \u00e9tudiants du cursus AbiBac ont obtenu la double qualification.<\/p>\n<p>Des groupes d&rsquo;apprentissage clairement organis\u00e9s dans tous les niveaux garantissent le soutien individuel des \u00e9l\u00e8ves. L&rsquo;\u00e9quipe d&rsquo;enseignant.e.s, compos\u00e9e de professeurs de fran\u00e7ais et d&rsquo;allemand, utilise une m\u00e9thodologie polyvalente pour d\u00e9velopper les comp\u00e9tences linguistiques des \u00e9l\u00e8ves. Des projets inter-classes et interdisciplinaires accompagnent le travail d&rsquo;enseignement.<\/p>\n<p>En outre, nos \u00e9l\u00e8ves profitent de nombreuses offres suppl\u00e9mentaires telles que des visites de th\u00e9\u00e2tre, des visites touristiques et participent \u00e0 des concours linguistiques et \u00e0 des programmes d&rsquo;\u00e9change.<\/p>\n<\/div><\/section>\n<div  class='flex_column av-av_one_full-41ee899840124b6993b57a87f996c353 av_one_full  avia-builder-el-7  el_after_av_textblock  avia-builder-el-last  first flex_column_div  column-top-margin'     ><section  class='av_textblock_section av-lxkd3kqz-4f3457bf0b6a91648710d3b5ed5861b7 '   itemscope=\"itemscope\" itemtype=\"https:\/\/schema.org\/CreativeWork\" ><div class='avia_textblock'  itemprop=\"text\" >\n<style type=\"text\/css\" data-created_by=\"avia_inline_auto\" id=\"style-css-av-av_font_icon-d6bdc107fc953991ef10f5087fe4af95\">\n.av_font_icon.av-av_font_icon-d6bdc107fc953991ef10f5087fe4af95{\ncolor:#edae44;\nborder-color:#edae44;\n}\n.avia-svg-icon.av-av_font_icon-d6bdc107fc953991ef10f5087fe4af95 svg:first-child{\nstroke:#edae44;\nfill:#edae44;\n}\n.av_font_icon.av-av_font_icon-d6bdc107fc953991ef10f5087fe4af95 .av-icon-char{\nfont-size:40px;\nline-height:40px;\n}\n<\/style>\n<span  class='av_font_icon av-av_font_icon-d6bdc107fc953991ef10f5087fe4af95 avia_animate_when_visible av-icon-style- avia-icon-pos-left avia-iconfont avia-font-entypo-fontello avia-icon-animate'><span class='av-icon-char' data-av_icon='\ue81f' data-av_iconfont='entypo-fontello' aria-hidden=\"true\" ><\/span><\/span>\n<h2>Mise \u00e0 niveau en fran\u00e7ais<\/h2>\n<p>Afin d&rsquo;harmoniser le niveau de langue en fran\u00e7ais, l&rsquo;iDSP propose aux \u00e9l\u00e8ves de la 6\u00e8me \u00e0 la 12\u00e8me classe des cours de mise \u00e0 niveau. Des \u00e9valuations sont faites r\u00e9guli\u00e8rement par les \u00e9quipes p\u00e9dagogiques pour d\u00e9terminer les niveaux et les besoins. En cas de n\u00e9cessit\u00e9, la participation \u00e0 ces cours est obligatoire pour \u00eatre admis et pouvoir suivre les cours au secondaire de l&rsquo;iDSP. Les responsables l\u00e9gaux ne peuvent pas s\u2019y opposer et s\u2019engagent \u00e0 payer les frais inh\u00e9rents (voir <a href=\"https:\/\/www.idsp.fr\/wp-content\/uploads\/2024\/05\/iDSP-Grille-tarifaire_SJ_24_25-V5-F.pdf\" target=\"_blank\" rel=\"noopener\">grille tarifaire<\/a>)<\/p>\n<\/div><\/section><\/div>\n","protected":false},"excerpt":{"rendered":"","protected":false},"author":3,"featured_media":0,"parent":4093,"menu_order":35,"comment_status":"closed","ping_status":"closed","template":"","meta":{"footnotes":""},"class_list":["post-4449","page","type-page","status-publish","hentry"],"yoast_head":"<!-- This site is optimized with the Yoast SEO plugin v27.3 - https:\/\/yoast.com\/product\/yoast-seo-wordpress\/ -->\n<title>Langues - iDSP - La Schule - Internationale Deutsche Schule Paris<\/title>\n<meta name=\"robots\" content=\"index, follow, max-snippet:-1, max-image-preview:large, max-video-preview:-1\" \/>\n<link rel=\"canonical\" href=\"https:\/\/www.idsp.fr\/fr\/secondaire\/langues\/\" \/>\n<meta property=\"og:locale\" content=\"fr_FR\" \/>\n<meta property=\"og:type\" content=\"article\" \/>\n<meta property=\"og:title\" content=\"Langues - iDSP - La Schule - Internationale Deutsche Schule Paris\" \/>\n<meta property=\"og:url\" content=\"https:\/\/www.idsp.fr\/fr\/secondaire\/langues\/\" \/>\n<meta property=\"og:site_name\" content=\"iDSP - La Schule - Internationale Deutsche Schule Paris\" \/>\n<meta property=\"article:modified_time\" content=\"2024-06-18T12:11:48+00:00\" \/>\n<meta name=\"twitter:card\" content=\"summary_large_image\" \/>\n<meta name=\"twitter:label1\" content=\"Dur\u00e9e de lecture estim\u00e9e\" \/>\n\t<meta name=\"twitter:data1\" content=\"5 minutes\" \/>\n<script type=\"application\/ld+json\" class=\"yoast-schema-graph\">{\"@context\":\"https:\\\/\\\/schema.org\",\"@graph\":[{\"@type\":\"WebPage\",\"@id\":\"https:\\\/\\\/www.idsp.fr\\\/fr\\\/secondaire\\\/langues\\\/\",\"url\":\"https:\\\/\\\/www.idsp.fr\\\/fr\\\/secondaire\\\/langues\\\/\",\"name\":\"Langues - iDSP - La Schule - Internationale Deutsche Schule Paris\",\"isPartOf\":{\"@id\":\"https:\\\/\\\/www.idsp.fr\\\/#website\"},\"datePublished\":\"2020-10-02T13:28:10+00:00\",\"dateModified\":\"2024-06-18T12:11:48+00:00\",\"breadcrumb\":{\"@id\":\"https:\\\/\\\/www.idsp.fr\\\/fr\\\/secondaire\\\/langues\\\/#breadcrumb\"},\"inLanguage\":\"fr-FR\",\"potentialAction\":[{\"@type\":\"ReadAction\",\"target\":[\"https:\\\/\\\/www.idsp.fr\\\/fr\\\/secondaire\\\/langues\\\/\"]}]},{\"@type\":\"BreadcrumbList\",\"@id\":\"https:\\\/\\\/www.idsp.fr\\\/fr\\\/secondaire\\\/langues\\\/#breadcrumb\",\"itemListElement\":[{\"@type\":\"ListItem\",\"position\":1,\"name\":\"Startseite\",\"item\":\"https:\\\/\\\/www.idsp.fr\\\/fr\\\/idsp-ecole-allemande-internationale-de-paris\\\/\"},{\"@type\":\"ListItem\",\"position\":2,\"name\":\"Secondaire\",\"item\":\"https:\\\/\\\/www.idsp.fr\\\/fr\\\/secondaire\\\/\"},{\"@type\":\"ListItem\",\"position\":3,\"name\":\"Langues\"}]},{\"@type\":\"WebSite\",\"@id\":\"https:\\\/\\\/www.idsp.fr\\\/#website\",\"url\":\"https:\\\/\\\/www.idsp.fr\\\/\",\"name\":\"iDSP - La Schule - Internationale Deutsche Schule Paris\",\"description\":\"\",\"potentialAction\":[{\"@type\":\"SearchAction\",\"target\":{\"@type\":\"EntryPoint\",\"urlTemplate\":\"https:\\\/\\\/www.idsp.fr\\\/?s={search_term_string}\"},\"query-input\":{\"@type\":\"PropertyValueSpecification\",\"valueRequired\":true,\"valueName\":\"search_term_string\"}}],\"inLanguage\":\"fr-FR\"}]}<\/script>\n<!-- \/ Yoast SEO plugin. -->","yoast_head_json":{"title":"Langues - iDSP - La Schule - Internationale Deutsche Schule Paris","robots":{"index":"index","follow":"follow","max-snippet":"max-snippet:-1","max-image-preview":"max-image-preview:large","max-video-preview":"max-video-preview:-1"},"canonical":"https:\/\/www.idsp.fr\/fr\/secondaire\/langues\/","og_locale":"fr_FR","og_type":"article","og_title":"Langues - iDSP - La Schule - Internationale Deutsche Schule Paris","og_url":"https:\/\/www.idsp.fr\/fr\/secondaire\/langues\/","og_site_name":"iDSP - La Schule - Internationale Deutsche Schule Paris","article_modified_time":"2024-06-18T12:11:48+00:00","twitter_card":"summary_large_image","twitter_misc":{"Dur\u00e9e de lecture estim\u00e9e":"5 minutes"},"schema":{"@context":"https:\/\/schema.org","@graph":[{"@type":"WebPage","@id":"https:\/\/www.idsp.fr\/fr\/secondaire\/langues\/","url":"https:\/\/www.idsp.fr\/fr\/secondaire\/langues\/","name":"Langues - iDSP - La Schule - Internationale Deutsche Schule Paris","isPartOf":{"@id":"https:\/\/www.idsp.fr\/#website"},"datePublished":"2020-10-02T13:28:10+00:00","dateModified":"2024-06-18T12:11:48+00:00","breadcrumb":{"@id":"https:\/\/www.idsp.fr\/fr\/secondaire\/langues\/#breadcrumb"},"inLanguage":"fr-FR","potentialAction":[{"@type":"ReadAction","target":["https:\/\/www.idsp.fr\/fr\/secondaire\/langues\/"]}]},{"@type":"BreadcrumbList","@id":"https:\/\/www.idsp.fr\/fr\/secondaire\/langues\/#breadcrumb","itemListElement":[{"@type":"ListItem","position":1,"name":"Startseite","item":"https:\/\/www.idsp.fr\/fr\/idsp-ecole-allemande-internationale-de-paris\/"},{"@type":"ListItem","position":2,"name":"Secondaire","item":"https:\/\/www.idsp.fr\/fr\/secondaire\/"},{"@type":"ListItem","position":3,"name":"Langues"}]},{"@type":"WebSite","@id":"https:\/\/www.idsp.fr\/#website","url":"https:\/\/www.idsp.fr\/","name":"iDSP - La Schule - Internationale Deutsche Schule Paris","description":"","potentialAction":[{"@type":"SearchAction","target":{"@type":"EntryPoint","urlTemplate":"https:\/\/www.idsp.fr\/?s={search_term_string}"},"query-input":{"@type":"PropertyValueSpecification","valueRequired":true,"valueName":"search_term_string"}}],"inLanguage":"fr-FR"}]}},"_links":{"self":[{"href":"https:\/\/www.idsp.fr\/fr\/wp-json\/wp\/v2\/pages\/4449","targetHints":{"allow":["GET"]}}],"collection":[{"href":"https:\/\/www.idsp.fr\/fr\/wp-json\/wp\/v2\/pages"}],"about":[{"href":"https:\/\/www.idsp.fr\/fr\/wp-json\/wp\/v2\/types\/page"}],"author":[{"embeddable":true,"href":"https:\/\/www.idsp.fr\/fr\/wp-json\/wp\/v2\/users\/3"}],"replies":[{"embeddable":true,"href":"https:\/\/www.idsp.fr\/fr\/wp-json\/wp\/v2\/comments?post=4449"}],"version-history":[{"count":4,"href":"https:\/\/www.idsp.fr\/fr\/wp-json\/wp\/v2\/pages\/4449\/revisions"}],"predecessor-version":[{"id":28467,"href":"https:\/\/www.idsp.fr\/fr\/wp-json\/wp\/v2\/pages\/4449\/revisions\/28467"}],"up":[{"embeddable":true,"href":"https:\/\/www.idsp.fr\/fr\/wp-json\/wp\/v2\/pages\/4093"}],"wp:attachment":[{"href":"https:\/\/www.idsp.fr\/fr\/wp-json\/wp\/v2\/media?parent=4449"}],"curies":[{"name":"wp","href":"https:\/\/api.w.org\/{rel}","templated":true}]}}