{"id":4438,"date":"2020-10-02T15:25:32","date_gmt":"2020-10-02T13:25:32","guid":{"rendered":"https:\/\/www.idsp.fr\/?page_id=4438"},"modified":"2026-02-17T15:28:06","modified_gmt":"2026-02-17T14:28:06","slug":"conseil-dorientation","status":"publish","type":"page","link":"https:\/\/www.idsp.fr\/fr\/secondaire\/conseil-dorientation\/","title":{"rendered":"Orientation"},"content":{"rendered":"\n<style type=\"text\/css\" data-created_by=\"avia_inline_auto\" id=\"style-css-av-k9tzp0ta-6dd7479124f797f4d8afc0b20a8557c6\">\n.avia-section.av-k9tzp0ta-6dd7479124f797f4d8afc0b20a8557c6{\nbackground-color:#024d7d;\nbackground-image:unset;\n}\n<\/style>\n<div id='av_section_1'  class='avia-section av-k9tzp0ta-6dd7479124f797f4d8afc0b20a8557c6 main_color avia-section-small avia-no-border-styling  avia-builder-el-0  el_before_av_textblock  avia-builder-el-first  avia-bg-style-scroll av-minimum-height av-minimum-height-custom av-height-custom  container_wrap sidebar_right'   data-av_minimum_height_px='100'><div class='container av-section-cont-open' style='height:100px'><main  role=\"main\" itemprop=\"mainContentOfPage\"  class='template-page content  av-content-small alpha units'><div class='post-entry post-entry-type-page post-entry-4438'><div class='entry-content-wrapper clearfix'>\n\n<style type=\"text\/css\" data-created_by=\"avia_inline_auto\" id=\"style-css-av-kh3noh38-82db42ccaf0d91bdb32d646e9446a783\">\n#top .av-special-heading.av-kh3noh38-82db42ccaf0d91bdb32d646e9446a783{\npadding-bottom:10px;\ncolor:#ffffff;\n}\nbody .av-special-heading.av-kh3noh38-82db42ccaf0d91bdb32d646e9446a783 .av-special-heading-tag .heading-char{\nfont-size:25px;\n}\n.av-special-heading.av-kh3noh38-82db42ccaf0d91bdb32d646e9446a783 .special-heading-inner-border{\nborder-color:#ffffff;\n}\n.av-special-heading.av-kh3noh38-82db42ccaf0d91bdb32d646e9446a783 .av-subheading{\nfont-size:15px;\n}\n<\/style>\n<div  class='av-special-heading av-kh3noh38-82db42ccaf0d91bdb32d646e9446a783 av-special-heading-h2 custom-color-heading  avia-builder-el-1  avia-builder-el-no-sibling '><h2 class='av-special-heading-tag '  itemprop=\"headline\"  >Orientation post-bac et professionnelle<\/h2><div class=\"special-heading-border\"><div class=\"special-heading-inner-border\"><\/div><\/div><\/div>\n<\/div><\/div><\/main><!-- close content main element --><\/div><\/div><div id='after_section_1'  class='main_color av_default_container_wrap container_wrap sidebar_right'  ><div class='container av-section-cont-open' ><div class='template-page content  av-content-small alpha units'><div class='post-entry post-entry-type-page post-entry-4438'><div class='entry-content-wrapper clearfix'>\n<section  class='av_textblock_section av-kbhxv39p-ba597090bff0891d1e0702fe42e5c3ce '   itemscope=\"itemscope\" itemtype=\"https:\/\/schema.org\/CreativeWork\" ><div class='avia_textblock'  itemprop=\"text\" ><blockquote>\n<p>L&rsquo;orientation post-bac et professionnelle \u00e0 l&rsquo;\u00c9cole allemande internationale de Paris est adapt\u00e9e \u00e0 la diversit\u00e9 de ses \u00e9l\u00e8ves. Nous accompagnons nos \u00e9l\u00e8ves de Realschule dans leur recherche d&rsquo;un \u00e9tablissement scolaire ou d&rsquo;une place d&rsquo;apprentissage et conseillons nos lyc\u00e9ens dans leur choix d&rsquo;\u00e9tudes et dans leur recherche d&rsquo;un lieu appropri\u00e9 pour leurs \u00e9tudes. Nous coop\u00e9rons avec des partenaires extrascolaires en France, en Allemagne et dans d&rsquo;autres pays europ\u00e9ens.<\/p>\n<\/blockquote>\n<\/div><\/section>\n\n<style type=\"text\/css\" data-created_by=\"avia_inline_auto\" id=\"style-css-av-kc20eat9-2a06381325772fd32d37ab29b27a77a9\">\n#top .hr.hr-invisible.av-kc20eat9-2a06381325772fd32d37ab29b27a77a9{\nheight:20px;\n}\n<\/style>\n<div  class='hr av-kc20eat9-2a06381325772fd32d37ab29b27a77a9 hr-invisible  avia-builder-el-3  el_after_av_textblock  el_before_av_textblock '><span class='hr-inner '><span class=\"hr-inner-style\"><\/span><\/span><\/div>\n<section  class='av_textblock_section av-kbhzjacm-0a76e6765c1b09b055a1874b1d46e457 '   itemscope=\"itemscope\" itemtype=\"https:\/\/schema.org\/CreativeWork\" ><div class='avia_textblock'  itemprop=\"text\" ><p>La pr\u00e9paration et l&rsquo;orientation professionnelles ainsi que le conseil d&rsquo;orientation post-bac font partie int\u00e9grante du profil de l&rsquo;iDSP. Notre \u00e9tablissement remplit ainsi l&rsquo;une des t\u00e2ches les plus importantes d&rsquo;une \u00e9cole allemande \u00e0 l&rsquo;\u00e9tranger : renforcer l&rsquo;Allemagne en tant que lieu d&rsquo;\u00e9tudes et fournir des conseils qualifi\u00e9s \u00e0 nos \u00e9l\u00e8ves.<\/p>\n<p>Des entretiens individuels ou collectifs peuvent \u00eatre organis\u00e9es \u00e0 tout moment.<\/p>\n<p><strong>Contact:<\/strong><\/p>\n<p>Dr. Sven Radowitz <a href=\"mailto:sven.radowitz@idsp.fr\" target=\"_blank\" rel=\"noopener\">sven.radowitz(at)idsp.fr<\/a><\/p>\n<\/div><\/section>\n<div  class='hr av-av_hr-f8ef36060d6ea9d3c491f8456e5691fa hr-default  avia-builder-el-5  el_after_av_textblock  el_before_av_iconlist '><span class='hr-inner '><span class=\"hr-inner-style\"><\/span><\/span><\/div>\n\n<style type=\"text\/css\" data-created_by=\"avia_inline_auto\" id=\"style-css-av-kc20c721-858ed45e6f8f56c3a2620f6be09bb2d5\">\n#top .avia-icon-list-container.av-kc20c721-858ed45e6f8f56c3a2620f6be09bb2d5 .iconlist_icon{\ncolor:#dfa01f;\nbackground-color:#f2f2f2;\n}\n#top .avia-icon-list-container.av-kc20c721-858ed45e6f8f56c3a2620f6be09bb2d5 .iconlist_icon svg:first-child{\nstroke:#dfa01f;\nfill:#dfa01f;\n}\n<\/style>\n<div  class='avia-icon-list-container av-kc20c721-858ed45e6f8f56c3a2620f6be09bb2d5  avia-builder-el-6  el_after_av_hr  avia-builder-el-last '><ul class='avia-icon-list avia_animate_when_almost_visible avia-icon-list-left av-iconlist-big av-kc20c721-858ed45e6f8f56c3a2620f6be09bb2d5 avia-iconlist-animate'>\n<li><div class='iconlist_icon av-6tjh0m-3335b5433239eedd58e731de1c082298 avia-font-entypo-fontello avia-iconfont avia-font-entypo-fontello'><span class='av-icon-char' data-av_icon='\ue889' data-av_iconfont='entypo-fontello' aria-hidden=\"true\"><\/span><\/div><article class=\"article-icon-entry \"  itemscope=\"itemscope\" itemtype=\"https:\/\/schema.org\/CreativeWork\" ><div class=\"iconlist_content_wrap\"><header class=\"entry-content-header\" aria-label=\"Ic\u00f4ne : CLASSE 9\"><h4 class='av_iconlist_title iconlist_title  '  itemprop=\"headline\" >CLASSE 9<\/h4><\/header><div class='iconlist_content '  itemprop=\"text\" ><p><strong>Focus sur le stage social<\/strong><\/p>\n<p>En classe 9, un stage social de plusieurs jours a lieu dans des institutions sociales situ\u00e9es autour de Saint-Cloud. En outre, les \u00e9l\u00e8ves de la classe 9 ont la possibilit\u00e9 de s&rsquo;informer aupr\u00e8s des \u00e9l\u00e8ves de la classe 10 sur le d\u00e9roulement des stages d&rsquo;entreprise et les exp\u00e9riences de leurs a\u00een\u00e9s.<\/p>\n<\/div><\/div><footer class=\"entry-footer\"><\/footer><\/article><div class=\"iconlist-timeline\"><\/div><\/li>\n<li><div class='iconlist_icon av-5kqtgm-bea3cf65b9ed3dd3ec5d8245e28bea2e avia-font-entypo-fontello avia-iconfont avia-font-entypo-fontello'><span class='av-icon-char' data-av_icon='\ue889' data-av_iconfont='entypo-fontello' aria-hidden=\"true\"><\/span><\/div><article class=\"article-icon-entry \"  itemscope=\"itemscope\" itemtype=\"https:\/\/schema.org\/CreativeWork\" ><div class=\"iconlist_content_wrap\"><header class=\"entry-content-header\" aria-label=\"Ic\u00f4ne : CLASSE 10\"><h4 class='av_iconlist_title iconlist_title  '  itemprop=\"headline\" >CLASSE 10<\/h4><\/header><div class='iconlist_content '  itemprop=\"text\" ><p><strong>Focus sur le stage d&rsquo;entreprise<\/strong><\/p>\n<p>En classe 10, un stage d&rsquo;entreprise d&rsquo;une dur\u00e9e de deux semaines, pr\u00e9par\u00e9 et exploit\u00e9 en classe, a lieu.<\/p>\n<\/div><\/div><footer class=\"entry-footer\"><\/footer><\/article><div class=\"iconlist-timeline\"><\/div><\/li>\n<li><div class='iconlist_icon av-28e1iu-54fd10e39e4ec613561e3a5d428b4f87 avia-font-entypo-fontello avia-iconfont avia-font-entypo-fontello'><span class='av-icon-char' data-av_icon='\ue889' data-av_iconfont='entypo-fontello' aria-hidden=\"true\"><\/span><\/div><article class=\"article-icon-entry \"  itemscope=\"itemscope\" itemtype=\"https:\/\/schema.org\/CreativeWork\" ><div class=\"iconlist_content_wrap\"><header class=\"entry-content-header\" aria-label=\"Ic\u00f4ne : CLASSE 11 et 12\"><h4 class='av_iconlist_title iconlist_title  '  itemprop=\"headline\" >CLASSE 11 et 12<\/h4><\/header><div class='iconlist_content '  itemprop=\"text\" ><p><strong>Focus sur les \u00e9tudes et l&rsquo;orientation professionnelle<\/strong><\/p>\n<p>Dans la mesure du possible, une visite du salon franco-allemand pour les \u00e9tudes sup\u00e9rieures de Strasbourg est organis\u00e9e en novembre pour les classes 11 et 12. Le coordinateur et interlocuteur pour les questions relatives \u00e0 l\u2019orientation post-bac et professionnelle est M. Sven Radowitz. Le service de conseil aux futurs \u00e9tudiants fournit des informations sur les universit\u00e9s, les programmes d&rsquo;\u00e9tudes, les proc\u00e9dures de candidature et d&rsquo;admission ainsi que les bourses d&rsquo;\u00e9tudes. Des entrevues de conseil individuelles ou en groupe peuvent \u00e9galement \u00eatre organis\u00e9es.<\/p>\n<p>\n<style type=\"text\/css\" data-created_by=\"avia_inline_auto\" id=\"style-css-av-dh2qe-9011665367c3f89f71dd65ab6db9e504\">\n.av_font_icon.av-dh2qe-9011665367c3f89f71dd65ab6db9e504{\ncolor:#edae44;\nborder-color:#edae44;\n}\n.avia-svg-icon.av-dh2qe-9011665367c3f89f71dd65ab6db9e504 svg:first-child{\nstroke:#edae44;\nfill:#edae44;\n}\n.av_font_icon.av-dh2qe-9011665367c3f89f71dd65ab6db9e504 .av-icon-char{\nfont-size:25px;\nline-height:25px;\n}\n<\/style>\n<span  class='av_font_icon av-dh2qe-9011665367c3f89f71dd65ab6db9e504 avia_animate_when_visible av-icon-style- avia-icon-pos-left avia-iconfont avia-font-entypo-fontello avia-icon-animate'><span class='av-icon-char' data-av_icon='\ue81f' data-av_iconfont='entypo-fontello' aria-hidden=\"true\" ><\/span><\/span> <a href=\"https:\/\/www.dfh-ufa.org\/fr\/?noredirect=fr_FR\" target=\"_blank\" rel=\"noopener\">Universit\u00e9 franco-allemande<\/a><\/p>\n<\/div><\/div><footer class=\"entry-footer\"><\/footer><\/article><div class=\"iconlist-timeline\"><\/div><\/li>\n<li><div class='iconlist_icon av-lreupotd-871efee7a15bdcce47143b364262a727 avia-font-entypo-fontello avia-iconfont avia-font-entypo-fontello'><span class='av-icon-char' data-av_icon='\ue889' data-av_iconfont='entypo-fontello' aria-hidden=\"true\"><\/span><\/div><article class=\"article-icon-entry \"  itemscope=\"itemscope\" itemtype=\"https:\/\/schema.org\/CreativeWork\" ><div class=\"iconlist_content_wrap\"><header class=\"entry-content-header\" aria-label=\"Ic\u00f4ne : PARCOURSUP\"><h4 class='av_iconlist_title iconlist_title  '  itemprop=\"headline\" >PARCOURSUP<\/h4><\/header><div class='iconlist_content '  itemprop=\"text\" ><p><img decoding=\"async\" class=\"wp-image-24171 alignleft\" src=\"https:\/\/www.idsp.fr\/wp-content\/uploads\/2023\/10\/Parcoursup_simple.jpg\" alt=\"\" width=\"224\" height=\"145\" srcset=\"https:\/\/www.idsp.fr\/wp-content\/uploads\/2023\/10\/Parcoursup_simple.jpg 391w, https:\/\/www.idsp.fr\/wp-content\/uploads\/2023\/10\/Parcoursup_simple-340x220.jpg 340w\" sizes=\"(max-width: 224px) 100vw, 224px\" \/><\/p>\n<p><strong>Parcoursup<\/strong><\/p>\n<p>L\u2019admission en premi\u00e8re ann\u00e9e de l\u2019enseignement sup\u00e9rieur (BTS, IUT, classes pr\u00e9paratoires, universit\u00e9, Grandes Ecoles\u2026) en France passe, pour l\u2019essentiel des formations, par Parcoursup, la plateforme nationale.<\/p>\n<p>Contrairement \u00e0 un lyc\u00e9e public fran\u00e7ais*, l\u2019Ecole Allemande Internationale de Paris (iDSP) en tant qu\u2019Ecole priv\u00e9e hors contrat, n\u2019a pas son propre acc\u00e8s \u00e0 la plateforme. C\u2019est pourquoi nos bacheliers s\u2019inscrivent en tant que candidats libres ; leur dossier est alors \u00e9valu\u00e9 individuellement, contrairement aux candidats d\u2019un lyc\u00e9e public fran\u00e7ais, et repr\u00e9sente, selon nos exp\u00e9riences, un avantage leur permettant ainsi de mettre en valeur leur parcours bilingue et biculturel. La candidature de \u00ab germanistes \u00bb dans les \u00ab classes pr\u00e9paratoires aux Grandes Ecoles \u00bb est particuli\u00e8rement appr\u00e9ci\u00e9e par les lyc\u00e9es proposant ces formations.<\/p>\n<p>Chaque ann\u00e9e, nous organisons en d\u00e9but d\u2019ann\u00e9e scolaire une r\u00e9union d\u2019informations Parcoursup afin d\u2019accompagner les \u00e9l\u00e8ves de Terminale dans la cr\u00e9ation de leur dossier ainsi que dans les v\u0153ux d\u2019\u00e9tudes.<\/p>\n<p>La plateforme <a href=\"https:\/\/www.parcoursup.fr\/index.php?desc=cest_quoi\" target=\"_blank\" rel=\"noopener\">Parcoursup<\/a>\u00a0est ouverte \u00e0 tous les dipl\u00f4m\u00e9s de l\u2019iDSP.<\/p>\n<p>Interlocutrice : Marie-Astrid de la Mettrie <a href=\"mailto:marieastrid.delamettrie@idsp.fr\" target=\"_blank\" rel=\"noopener\">marieastrid.delamettrie(at)idsp.fr<\/a><\/p>\n<p><strong>* Les lyc\u00e9es publics fran\u00e7ais disposent d\u2019un propre acc\u00e8s pour saisir directement les notes et appr\u00e9ciations (= \u00e9valuations du comportement social et d\u2019apprentissage) de leurs \u00e9l\u00e8ves de terminale. Parcoursup \u00e9tablit ensuite, \u00e0 l\u2019aide de diff\u00e9rents algorithmes, des classements sur la base des notes inscrites et les bacheliers obtiennent une place sur la liste qui d\u00e9termine s\u2019ils sont accept\u00e9s ou non dans la formation souhait\u00e9e.<\/strong><\/p>\n<\/div><\/div><footer class=\"entry-footer\"><\/footer><\/article><div class=\"iconlist-timeline\"><\/div><\/li>\n<\/ul><\/div>\n","protected":false},"excerpt":{"rendered":"","protected":false},"author":3,"featured_media":0,"parent":4093,"menu_order":38,"comment_status":"closed","ping_status":"closed","template":"","meta":{"footnotes":""},"class_list":["post-4438","page","type-page","status-publish","hentry"],"yoast_head":"<!-- This site is optimized with the Yoast SEO plugin v27.4 - https:\/\/yoast.com\/product\/yoast-seo-wordpress\/ -->\n<title>Orientation - iDSP - La Schule - Internationale Deutsche Schule Paris<\/title>\n<meta name=\"robots\" content=\"index, follow, max-snippet:-1, max-image-preview:large, max-video-preview:-1\" \/>\n<link rel=\"canonical\" href=\"https:\/\/www.idsp.fr\/fr\/secondaire\/conseil-dorientation\/\" \/>\n<meta property=\"og:locale\" content=\"fr_FR\" \/>\n<meta property=\"og:type\" content=\"article\" \/>\n<meta property=\"og:title\" content=\"Orientation - iDSP - La Schule - Internationale Deutsche Schule Paris\" \/>\n<meta property=\"og:url\" content=\"https:\/\/www.idsp.fr\/fr\/secondaire\/conseil-dorientation\/\" \/>\n<meta property=\"og:site_name\" content=\"iDSP - La Schule - Internationale Deutsche Schule Paris\" \/>\n<meta property=\"article:modified_time\" content=\"2026-02-17T14:28:06+00:00\" \/>\n<meta property=\"og:image\" content=\"https:\/\/www.idsp.fr\/wp-content\/uploads\/2023\/10\/Parcoursup_simple.jpg\" \/>\n\t<meta property=\"og:image:width\" content=\"391\" \/>\n\t<meta property=\"og:image:height\" content=\"253\" \/>\n\t<meta property=\"og:image:type\" content=\"image\/jpeg\" \/>\n<meta name=\"twitter:card\" content=\"summary_large_image\" \/>\n<meta name=\"twitter:label1\" content=\"Dur\u00e9e de lecture estim\u00e9e\" \/>\n\t<meta name=\"twitter:data1\" content=\"3 minutes\" \/>\n<script type=\"application\/ld+json\" class=\"yoast-schema-graph\">{\"@context\":\"https:\\\/\\\/schema.org\",\"@graph\":[{\"@type\":\"WebPage\",\"@id\":\"https:\\\/\\\/www.idsp.fr\\\/fr\\\/secondaire\\\/conseil-dorientation\\\/\",\"url\":\"https:\\\/\\\/www.idsp.fr\\\/fr\\\/secondaire\\\/conseil-dorientation\\\/\",\"name\":\"Orientation - iDSP - La Schule - Internationale Deutsche Schule Paris\",\"isPartOf\":{\"@id\":\"https:\\\/\\\/www.idsp.fr\\\/#website\"},\"primaryImageOfPage\":{\"@id\":\"https:\\\/\\\/www.idsp.fr\\\/fr\\\/secondaire\\\/conseil-dorientation\\\/#primaryimage\"},\"image\":{\"@id\":\"https:\\\/\\\/www.idsp.fr\\\/fr\\\/secondaire\\\/conseil-dorientation\\\/#primaryimage\"},\"thumbnailUrl\":\"https:\\\/\\\/www.idsp.fr\\\/wp-content\\\/uploads\\\/2023\\\/10\\\/Parcoursup_simple.jpg\",\"datePublished\":\"2020-10-02T13:25:32+00:00\",\"dateModified\":\"2026-02-17T14:28:06+00:00\",\"breadcrumb\":{\"@id\":\"https:\\\/\\\/www.idsp.fr\\\/fr\\\/secondaire\\\/conseil-dorientation\\\/#breadcrumb\"},\"inLanguage\":\"fr-FR\",\"potentialAction\":[{\"@type\":\"ReadAction\",\"target\":[\"https:\\\/\\\/www.idsp.fr\\\/fr\\\/secondaire\\\/conseil-dorientation\\\/\"]}]},{\"@type\":\"ImageObject\",\"inLanguage\":\"fr-FR\",\"@id\":\"https:\\\/\\\/www.idsp.fr\\\/fr\\\/secondaire\\\/conseil-dorientation\\\/#primaryimage\",\"url\":\"https:\\\/\\\/www.idsp.fr\\\/wp-content\\\/uploads\\\/2023\\\/10\\\/Parcoursup_simple.jpg\",\"contentUrl\":\"https:\\\/\\\/www.idsp.fr\\\/wp-content\\\/uploads\\\/2023\\\/10\\\/Parcoursup_simple.jpg\"},{\"@type\":\"BreadcrumbList\",\"@id\":\"https:\\\/\\\/www.idsp.fr\\\/fr\\\/secondaire\\\/conseil-dorientation\\\/#breadcrumb\",\"itemListElement\":[{\"@type\":\"ListItem\",\"position\":1,\"name\":\"Startseite\",\"item\":\"https:\\\/\\\/www.idsp.fr\\\/fr\\\/idsp-ecole-allemande-internationale-de-paris\\\/\"},{\"@type\":\"ListItem\",\"position\":2,\"name\":\"Secondaire\",\"item\":\"https:\\\/\\\/www.idsp.fr\\\/fr\\\/secondaire\\\/\"},{\"@type\":\"ListItem\",\"position\":3,\"name\":\"Orientation\"}]},{\"@type\":\"WebSite\",\"@id\":\"https:\\\/\\\/www.idsp.fr\\\/#website\",\"url\":\"https:\\\/\\\/www.idsp.fr\\\/\",\"name\":\"iDSP - La Schule - Internationale Deutsche Schule Paris\",\"description\":\"\",\"potentialAction\":[{\"@type\":\"SearchAction\",\"target\":{\"@type\":\"EntryPoint\",\"urlTemplate\":\"https:\\\/\\\/www.idsp.fr\\\/?s={search_term_string}\"},\"query-input\":{\"@type\":\"PropertyValueSpecification\",\"valueRequired\":true,\"valueName\":\"search_term_string\"}}],\"inLanguage\":\"fr-FR\"}]}<\/script>\n<!-- \/ Yoast SEO plugin. -->","yoast_head_json":{"title":"Orientation - iDSP - La Schule - Internationale Deutsche Schule Paris","robots":{"index":"index","follow":"follow","max-snippet":"max-snippet:-1","max-image-preview":"max-image-preview:large","max-video-preview":"max-video-preview:-1"},"canonical":"https:\/\/www.idsp.fr\/fr\/secondaire\/conseil-dorientation\/","og_locale":"fr_FR","og_type":"article","og_title":"Orientation - iDSP - La Schule - Internationale Deutsche Schule Paris","og_url":"https:\/\/www.idsp.fr\/fr\/secondaire\/conseil-dorientation\/","og_site_name":"iDSP - La Schule - Internationale Deutsche Schule Paris","article_modified_time":"2026-02-17T14:28:06+00:00","og_image":[{"width":391,"height":253,"url":"https:\/\/www.idsp.fr\/wp-content\/uploads\/2023\/10\/Parcoursup_simple.jpg","type":"image\/jpeg"}],"twitter_card":"summary_large_image","twitter_misc":{"Dur\u00e9e de lecture estim\u00e9e":"3 minutes"},"schema":{"@context":"https:\/\/schema.org","@graph":[{"@type":"WebPage","@id":"https:\/\/www.idsp.fr\/fr\/secondaire\/conseil-dorientation\/","url":"https:\/\/www.idsp.fr\/fr\/secondaire\/conseil-dorientation\/","name":"Orientation - iDSP - La Schule - Internationale Deutsche Schule Paris","isPartOf":{"@id":"https:\/\/www.idsp.fr\/#website"},"primaryImageOfPage":{"@id":"https:\/\/www.idsp.fr\/fr\/secondaire\/conseil-dorientation\/#primaryimage"},"image":{"@id":"https:\/\/www.idsp.fr\/fr\/secondaire\/conseil-dorientation\/#primaryimage"},"thumbnailUrl":"https:\/\/www.idsp.fr\/wp-content\/uploads\/2023\/10\/Parcoursup_simple.jpg","datePublished":"2020-10-02T13:25:32+00:00","dateModified":"2026-02-17T14:28:06+00:00","breadcrumb":{"@id":"https:\/\/www.idsp.fr\/fr\/secondaire\/conseil-dorientation\/#breadcrumb"},"inLanguage":"fr-FR","potentialAction":[{"@type":"ReadAction","target":["https:\/\/www.idsp.fr\/fr\/secondaire\/conseil-dorientation\/"]}]},{"@type":"ImageObject","inLanguage":"fr-FR","@id":"https:\/\/www.idsp.fr\/fr\/secondaire\/conseil-dorientation\/#primaryimage","url":"https:\/\/www.idsp.fr\/wp-content\/uploads\/2023\/10\/Parcoursup_simple.jpg","contentUrl":"https:\/\/www.idsp.fr\/wp-content\/uploads\/2023\/10\/Parcoursup_simple.jpg"},{"@type":"BreadcrumbList","@id":"https:\/\/www.idsp.fr\/fr\/secondaire\/conseil-dorientation\/#breadcrumb","itemListElement":[{"@type":"ListItem","position":1,"name":"Startseite","item":"https:\/\/www.idsp.fr\/fr\/idsp-ecole-allemande-internationale-de-paris\/"},{"@type":"ListItem","position":2,"name":"Secondaire","item":"https:\/\/www.idsp.fr\/fr\/secondaire\/"},{"@type":"ListItem","position":3,"name":"Orientation"}]},{"@type":"WebSite","@id":"https:\/\/www.idsp.fr\/#website","url":"https:\/\/www.idsp.fr\/","name":"iDSP - La Schule - Internationale Deutsche Schule Paris","description":"","potentialAction":[{"@type":"SearchAction","target":{"@type":"EntryPoint","urlTemplate":"https:\/\/www.idsp.fr\/?s={search_term_string}"},"query-input":{"@type":"PropertyValueSpecification","valueRequired":true,"valueName":"search_term_string"}}],"inLanguage":"fr-FR"}]}},"_links":{"self":[{"href":"https:\/\/www.idsp.fr\/fr\/wp-json\/wp\/v2\/pages\/4438","targetHints":{"allow":["GET"]}}],"collection":[{"href":"https:\/\/www.idsp.fr\/fr\/wp-json\/wp\/v2\/pages"}],"about":[{"href":"https:\/\/www.idsp.fr\/fr\/wp-json\/wp\/v2\/types\/page"}],"author":[{"embeddable":true,"href":"https:\/\/www.idsp.fr\/fr\/wp-json\/wp\/v2\/users\/3"}],"replies":[{"embeddable":true,"href":"https:\/\/www.idsp.fr\/fr\/wp-json\/wp\/v2\/comments?post=4438"}],"version-history":[{"count":6,"href":"https:\/\/www.idsp.fr\/fr\/wp-json\/wp\/v2\/pages\/4438\/revisions"}],"predecessor-version":[{"id":34461,"href":"https:\/\/www.idsp.fr\/fr\/wp-json\/wp\/v2\/pages\/4438\/revisions\/34461"}],"up":[{"embeddable":true,"href":"https:\/\/www.idsp.fr\/fr\/wp-json\/wp\/v2\/pages\/4093"}],"wp:attachment":[{"href":"https:\/\/www.idsp.fr\/fr\/wp-json\/wp\/v2\/media?parent=4438"}],"curies":[{"name":"wp","href":"https:\/\/api.w.org\/{rel}","templated":true}]}}