{"id":4401,"date":"2026-03-02T15:11:23","date_gmt":"2026-03-02T14:11:23","guid":{"rendered":"https:\/\/www.idsp.fr\/?page_id=4401"},"modified":"2026-03-12T18:17:49","modified_gmt":"2026-03-12T17:17:49","slug":"amicale-de-lidsp","status":"publish","type":"page","link":"https:\/\/www.idsp.fr\/fr\/qui-sommes-nous\/amicale-de-lidsp\/","title":{"rendered":"Amicale de l&rsquo;iDSP"},"content":{"rendered":"\n<style type=\"text\/css\" data-created_by=\"avia_inline_auto\" id=\"style-css-av-k9tzp0ta-6dd7479124f797f4d8afc0b20a8557c6\">\n.avia-section.av-k9tzp0ta-6dd7479124f797f4d8afc0b20a8557c6{\nbackground-color:#024d7d;\nbackground-image:unset;\n}\n<\/style>\n<div id='av_section_1'  class='avia-section av-k9tzp0ta-6dd7479124f797f4d8afc0b20a8557c6 main_color avia-section-small avia-no-border-styling  avia-builder-el-0  el_before_av_textblock  avia-builder-el-first  avia-bg-style-scroll av-minimum-height av-minimum-height-custom av-height-custom  container_wrap sidebar_right'   data-av_minimum_height_px='100'><div class='container av-section-cont-open' style='height:100px'><main  role=\"main\" itemprop=\"mainContentOfPage\"  class='template-page content  av-content-small alpha units'><div class='post-entry post-entry-type-page post-entry-4401'><div class='entry-content-wrapper clearfix'>\n\n<style type=\"text\/css\" data-created_by=\"avia_inline_auto\" id=\"style-css-av-kfza8caf-2ac32e8ea486c437130578723f7d7614\">\n#top .av-special-heading.av-kfza8caf-2ac32e8ea486c437130578723f7d7614{\npadding-bottom:10px;\ncolor:#ffffff;\n}\nbody .av-special-heading.av-kfza8caf-2ac32e8ea486c437130578723f7d7614 .av-special-heading-tag .heading-char{\nfont-size:25px;\n}\n.av-special-heading.av-kfza8caf-2ac32e8ea486c437130578723f7d7614 .special-heading-inner-border{\nborder-color:#ffffff;\n}\n.av-special-heading.av-kfza8caf-2ac32e8ea486c437130578723f7d7614 .av-subheading{\nfont-size:15px;\n}\n<\/style>\n<div  class='av-special-heading av-kfza8caf-2ac32e8ea486c437130578723f7d7614 av-special-heading-h2 custom-color-heading  avia-builder-el-1  avia-builder-el-no-sibling '><h2 class='av-special-heading-tag '  itemprop=\"headline\"  >Amicale de l\u2019iDSP<\/h2><div class=\"special-heading-border\"><div class=\"special-heading-inner-border\"><\/div><\/div><\/div>\n<\/div><\/div><\/main><!-- close content main element --><\/div><\/div><div id='after_section_1'  class='main_color av_default_container_wrap container_wrap sidebar_right'  ><div class='container av-section-cont-open' ><div class='template-page content  av-content-small alpha units'><div class='post-entry post-entry-type-page post-entry-4401'><div class='entry-content-wrapper clearfix'>\n<section  class='av_textblock_section av-kajm9ve1-7bb2f5ef1d26f045fe0f9e491e2e2182 '   itemscope=\"itemscope\" itemtype=\"https:\/\/schema.org\/CreativeWork\" ><div class='avia_textblock'  itemprop=\"text\" ><blockquote>\n<p>L&rsquo;<strong>Amicale de l&rsquo;iDSP<\/strong> est une as\u00adso\u00adcia\u00adtion loi 1901 d&rsquo;uti\u00adli\u00adt\u00e9 pu\u00adbli\u00adque dont les mem\u00adbres sont principalement des parents et des an\u00adciens de l&rsquo;\u00e9cole.<\/p>\n<\/blockquote>\n<h5><\/h5>\n<\/div><\/section>\n\n<style type=\"text\/css\" data-created_by=\"avia_inline_auto\" id=\"style-css-av-mmnq7ghl-e05d8a79a6252176b1ab6496228e63d7\">\n.avia-image-container.av-mmnq7ghl-e05d8a79a6252176b1ab6496228e63d7 img.avia_image{\nbox-shadow:none;\n}\n.avia-image-container.av-mmnq7ghl-e05d8a79a6252176b1ab6496228e63d7 .av-image-caption-overlay-center{\ncolor:#ffffff;\n}\n<\/style>\n<div  class='avia-image-container av-mmnq7ghl-e05d8a79a6252176b1ab6496228e63d7 av-styling- av-img-linked avia-align-center  avia-builder-el-3  el_after_av_textblock  el_before_av_textblock '   itemprop=\"image\" itemscope=\"itemscope\" itemtype=\"https:\/\/schema.org\/ImageObject\" ><div class=\"avia-image-container-inner\"><div class=\"avia-image-overlay-wrap\"><a href=\"https:\/\/idspfv.org\/\" class='avia_image '  target=\"_blank\"  rel=\"noopener noreferrer\" aria-label='fr-IDSP-Foerderverein'><img decoding=\"async\" fetchpriority=\"high\" class='wp-image-34699 avia-img-lazy-loading-not-34699 avia_image ' src=\"https:\/\/www.idsp.fr\/wp-content\/uploads\/2026\/03\/fr-IDSP-Foerderverein.webp\" alt='' title='fr-IDSP-Foerderverein'  height=\"817\" width=\"1200\"  itemprop=\"thumbnailUrl\" srcset=\"https:\/\/www.idsp.fr\/wp-content\/uploads\/2026\/03\/fr-IDSP-Foerderverein.webp 1200w, https:\/\/www.idsp.fr\/wp-content\/uploads\/2026\/03\/fr-IDSP-Foerderverein-340x231.webp 340w, https:\/\/www.idsp.fr\/wp-content\/uploads\/2026\/03\/fr-IDSP-Foerderverein-1030x701.webp 1030w, https:\/\/www.idsp.fr\/wp-content\/uploads\/2026\/03\/fr-IDSP-Foerderverein-768x523.webp 768w, https:\/\/www.idsp.fr\/wp-content\/uploads\/2026\/03\/fr-IDSP-Foerderverein-705x480.webp 705w\" sizes=\"(max-width: 1200px) 100vw, 1200px\" \/><\/a><\/div><\/div><\/div>\n<section  class='av_textblock_section av-mmnq69dy-2898ba44585f1aeac0fbd9b91c50b0fb '   itemscope=\"itemscope\" itemtype=\"https:\/\/schema.org\/CreativeWork\" ><div class='avia_textblock'  itemprop=\"text\" ><p>Cliquez ici pour acc\u00e9der au nouveau site web de l&rsquo;association: <a href=\"https:\/\/idspfv.org\/\" target=\"_blank\" rel=\"noopener\">idspfv.org<\/a><\/p>\n<h5><\/h5>\n<\/div><\/section>\n<div  class='hr av-av_hr-bca31578670ae9d408d6d6d291fc57a6 hr-default  avia-builder-el-5  el_after_av_textblock  el_before_av_textblock '><span class='hr-inner '><span class=\"hr-inner-style\"><\/span><\/span><\/div>\n<section  class='av_textblock_section av-av_textblock-8c42a04d92c3f2cb4661d2848f7655e2 '   itemscope=\"itemscope\" itemtype=\"https:\/\/schema.org\/CreativeWork\" ><div class='avia_textblock'  itemprop=\"text\" ><p>L&rsquo;as\u00adso\u00adcia\u00adtion a \u00e9t\u00e9 fon\u00add\u00e9e dans les an\u00adn\u00e9es soixante-dix. Elle s&rsquo;est don\u00adn\u00e9 pour but de sou\u00adte\u00adnir l&rsquo;iDSP, avec la par\u00adti\u00adci\u00adpa\u00adtion active\u00ad de ses \u00admem\u00adbres, dans la <strong>recher\u00adche de sou\u00adtiens fi\u00adnan\u00adciers<\/strong> pour la maternelle et l&rsquo;\u00e9cole.<\/p>\n<p>De plus, l&rsquo;as\u00adso\u00adcia\u00adtion veut <strong>fa\u00adci\u00adli\u00adter l&rsquo;in\u00adt\u00e9\u00adgra\u00adtion des fa\u00admilles nou\u00advel\u00adle\u00adment ar\u00adri\u00adv\u00e9es<\/strong> et leur per\u00admet\u00adtre de cr\u00e9er les con\u00adtacts avec leur nou\u00advel en\u00advi\u00adron\u00adne\u00adment fran\u00ad\u00e7ais.<\/p>\n<p><strong>Les co\u00adti\u00adsa\u00adtions et les re\u00adve\u00adnus de ses ac\u00adtions sont int\u00e9gralement uti\u00adli\u00ads\u00e9s pour l&rsquo;\u00e9cole et la maternelle.<\/strong><\/p>\n<p>Il s&rsquo;agit au\u00adtant d&rsquo;in\u00adves\u00adtis\u00adse\u00adments ou de con\u00adtri\u00adbu\u00adtions au fi\u00adnan\u00adce\u00adment pour des ac\u00adqui\u00adsi\u00adtions im\u00adpor\u00adtan\u00adtes dont le co\u00fbt n&rsquo;est pas pr\u00e9\u00advu dans le bud\u00adget de fonc\u00adtion\u00adne\u00adment cou\u00adrant de l&rsquo;\u00e9cole et de la maternelle que pour <strong>le paie\u00adment ou la sub\u00adven\u00adtion pour les pro\u00adjets des \u00e9l\u00e8\u00adves, les ma\u00adni\u00adfes\u00adta\u00adtions cul\u00adtu\u00adrel\u00adles de l&rsquo;\u00e9cole<\/strong>, tel\u00adles que les re\u00adpr\u00e9\u00adsen\u00adta\u00adtions th\u00e9\u00e2\u00adtra\u00adles, cho\u00adr\u00e9\u00adgra\u00adphi\u00adques ou mu\u00adsi\u00adca\u00adles, les abon\u00adne\u00adments aux journaux et beau\u00adcoup d&rsquo;au\u00adtres cho\u00adses.<\/p>\n<p>L&rsquo;association organise des\u00a0visites de Paris, des\u00a0visites de mus\u00e9es\u00a0auxquelles vous pouvez vous\u00a0inscrire: <a href=\"https:\/\/www.idsp.fr\/fr\/activites-extrascolaires\/activites-de-lamicale\/\">plus d&rsquo;info<\/a><\/p>\n<p><strong>De\u00adve\u00adnez mem\u00adbres de l&rsquo;Amicale de l&rsquo;iDSP, nous nous r\u00e9\u00adjouis\u00adsons de pou\u00advoir vous ac\u00adcueillir!<\/strong><\/p>\n<h5><\/h5>\n<\/div><\/section>\n<div  class='hr av-av_hr-bca31578670ae9d408d6d6d291fc57a6 hr-default  avia-builder-el-7  el_after_av_textblock  el_before_av_one_half '><span class='hr-inner '><span class=\"hr-inner-style\"><\/span><\/span><\/div>\n<div  class='flex_column av-av_one_half-41ee899840124b6993b57a87f996c353 av_one_half  avia-builder-el-8  el_after_av_hr  el_before_av_one_half  first flex_column_div  '     ><section  class='av_textblock_section av-m0fd9to4-f4f04464f90cebffd43bf4db5fb7fc46 '   itemscope=\"itemscope\" itemtype=\"https:\/\/schema.org\/CreativeWork\" ><div class='avia_textblock'  itemprop=\"text\" ><p style=\"text-align: left;\"><img decoding=\"async\" class=\"size-medium wp-image-29640 alignleft\" src=\"https:\/\/www.idsp.fr\/wp-content\/uploads\/2024\/08\/FV_20240829_klein-267x320.jpg\" alt=\"\" width=\"267\" height=\"320\" srcset=\"https:\/\/www.idsp.fr\/wp-content\/uploads\/2024\/08\/FV_20240829_klein-267x320.jpg 267w, https:\/\/www.idsp.fr\/wp-content\/uploads\/2024\/08\/FV_20240829_klein-589x705.jpg 589w, https:\/\/www.idsp.fr\/wp-content\/uploads\/2024\/08\/FV_20240829_klein.jpg 668w\" sizes=\"(max-width: 267px) 100vw, 267px\" \/><strong>Le comit\u00e9 directeur<\/strong>:<\/p>\n<p style=\"text-align: left;\">Patricia Despradel (Tr\u00e9sori\u00e8re), Michelle Aschbacher (Vice-pr\u00e9sidente), Karen Salim (Pr\u00e9sidente)<\/p>\n<\/div><\/section><\/div>\n<div  class='flex_column av-av_one_half-58a6369d5c19d308284fa729d91312fa av_one_half  avia-builder-el-10  el_after_av_one_half  avia-builder-el-last  flex_column_div  '     ><section  class='av_textblock_section av-kgq8zzhe-f2025cba88acffcd719f8dff840633f7 '   itemscope=\"itemscope\" itemtype=\"https:\/\/schema.org\/CreativeWork\" ><div class='avia_textblock'  itemprop=\"text\" ><p><strong>Devenez adh\u00e9rent.e de l&rsquo;Amicale, nous nous r\u00e9jouissons de vous compter parmi nous !<\/strong><\/p>\n<p>Soutenez, gr\u00e2ce \u00e0 votre adh\u00e9sion, les projets de l&rsquo;Amicale, nouez de nouveaux contacts et profitez de la vie sociale riche et dynamique de l&rsquo;iDSP. Le Comit\u00e9 directeur de l&rsquo;Amicale se r\u00e9jouit d&rsquo;accueillir de nouveaux membres actifs. Le maintien de l&rsquo;offre vaste et diversifi\u00e9e de l&rsquo;Amicale est seulement possible avec l&rsquo;engagement d&rsquo;un grand nombre de personnes.<\/p>\n<p><strong>Contact:<\/strong>\u00a0<a href=\"mailto:foerderverein@idsp.fr\">foerderverein@idsp.fr<\/a><\/p>\n<\/div><\/section><\/div>\n","protected":false},"excerpt":{"rendered":"","protected":false},"author":3,"featured_media":0,"parent":3959,"menu_order":27,"comment_status":"closed","ping_status":"closed","template":"","meta":{"footnotes":""},"class_list":["post-4401","page","type-page","status-publish","hentry"],"yoast_head":"<!-- This site is optimized with the Yoast SEO plugin v27.4 - https:\/\/yoast.com\/product\/yoast-seo-wordpress\/ -->\n<title>Amicale de l&#039;iDSP - iDSP - La Schule - Internationale Deutsche Schule Paris<\/title>\n<meta name=\"robots\" content=\"index, follow, max-snippet:-1, max-image-preview:large, max-video-preview:-1\" \/>\n<link rel=\"canonical\" href=\"https:\/\/www.idsp.fr\/fr\/qui-sommes-nous\/amicale-de-lidsp\/\" \/>\n<meta property=\"og:locale\" content=\"fr_FR\" \/>\n<meta property=\"og:type\" content=\"article\" \/>\n<meta property=\"og:title\" content=\"Amicale de l&#039;iDSP - iDSP - La Schule - Internationale Deutsche Schule Paris\" \/>\n<meta property=\"og:url\" content=\"https:\/\/www.idsp.fr\/fr\/qui-sommes-nous\/amicale-de-lidsp\/\" \/>\n<meta property=\"og:site_name\" content=\"iDSP - La Schule - Internationale Deutsche Schule Paris\" \/>\n<meta property=\"article:modified_time\" content=\"2026-03-12T17:17:49+00:00\" \/>\n<meta property=\"og:image\" content=\"https:\/\/www.idsp.fr\/wp-content\/uploads\/2024\/08\/FV_20240829_klein-267x320.jpg\" \/>\n<meta name=\"twitter:card\" content=\"summary_large_image\" \/>\n<meta name=\"twitter:label1\" content=\"Dur\u00e9e de lecture estim\u00e9e\" \/>\n\t<meta name=\"twitter:data1\" content=\"2 minutes\" \/>\n<script type=\"application\/ld+json\" class=\"yoast-schema-graph\">{\"@context\":\"https:\\\/\\\/schema.org\",\"@graph\":[{\"@type\":\"WebPage\",\"@id\":\"https:\\\/\\\/www.idsp.fr\\\/fr\\\/qui-sommes-nous\\\/amicale-de-lidsp\\\/\",\"url\":\"https:\\\/\\\/www.idsp.fr\\\/fr\\\/qui-sommes-nous\\\/amicale-de-lidsp\\\/\",\"name\":\"Amicale de l'iDSP - iDSP - La Schule - Internationale Deutsche Schule Paris\",\"isPartOf\":{\"@id\":\"https:\\\/\\\/www.idsp.fr\\\/#website\"},\"primaryImageOfPage\":{\"@id\":\"https:\\\/\\\/www.idsp.fr\\\/fr\\\/qui-sommes-nous\\\/amicale-de-lidsp\\\/#primaryimage\"},\"image\":{\"@id\":\"https:\\\/\\\/www.idsp.fr\\\/fr\\\/qui-sommes-nous\\\/amicale-de-lidsp\\\/#primaryimage\"},\"thumbnailUrl\":\"https:\\\/\\\/www.idsp.fr\\\/wp-content\\\/uploads\\\/2024\\\/08\\\/FV_20240829_klein-267x320.jpg\",\"datePublished\":\"2026-03-02T14:11:23+00:00\",\"dateModified\":\"2026-03-12T17:17:49+00:00\",\"breadcrumb\":{\"@id\":\"https:\\\/\\\/www.idsp.fr\\\/fr\\\/qui-sommes-nous\\\/amicale-de-lidsp\\\/#breadcrumb\"},\"inLanguage\":\"fr-FR\",\"potentialAction\":[{\"@type\":\"ReadAction\",\"target\":[\"https:\\\/\\\/www.idsp.fr\\\/fr\\\/qui-sommes-nous\\\/amicale-de-lidsp\\\/\"]}]},{\"@type\":\"ImageObject\",\"inLanguage\":\"fr-FR\",\"@id\":\"https:\\\/\\\/www.idsp.fr\\\/fr\\\/qui-sommes-nous\\\/amicale-de-lidsp\\\/#primaryimage\",\"url\":\"https:\\\/\\\/www.idsp.fr\\\/wp-content\\\/uploads\\\/2024\\\/08\\\/FV_20240829_klein-267x320.jpg\",\"contentUrl\":\"https:\\\/\\\/www.idsp.fr\\\/wp-content\\\/uploads\\\/2024\\\/08\\\/FV_20240829_klein-267x320.jpg\"},{\"@type\":\"BreadcrumbList\",\"@id\":\"https:\\\/\\\/www.idsp.fr\\\/fr\\\/qui-sommes-nous\\\/amicale-de-lidsp\\\/#breadcrumb\",\"itemListElement\":[{\"@type\":\"ListItem\",\"position\":1,\"name\":\"Startseite\",\"item\":\"https:\\\/\\\/www.idsp.fr\\\/fr\\\/idsp-ecole-allemande-internationale-de-paris\\\/\"},{\"@type\":\"ListItem\",\"position\":2,\"name\":\"Qui sommes-nous ?\",\"item\":\"https:\\\/\\\/www.idsp.fr\\\/fr\\\/qui-sommes-nous\\\/\"},{\"@type\":\"ListItem\",\"position\":3,\"name\":\"Amicale de l&#8217;iDSP\"}]},{\"@type\":\"WebSite\",\"@id\":\"https:\\\/\\\/www.idsp.fr\\\/#website\",\"url\":\"https:\\\/\\\/www.idsp.fr\\\/\",\"name\":\"iDSP - La Schule - Internationale Deutsche Schule Paris\",\"description\":\"\",\"potentialAction\":[{\"@type\":\"SearchAction\",\"target\":{\"@type\":\"EntryPoint\",\"urlTemplate\":\"https:\\\/\\\/www.idsp.fr\\\/?s={search_term_string}\"},\"query-input\":{\"@type\":\"PropertyValueSpecification\",\"valueRequired\":true,\"valueName\":\"search_term_string\"}}],\"inLanguage\":\"fr-FR\"}]}<\/script>\n<!-- \/ Yoast SEO plugin. -->","yoast_head_json":{"title":"Amicale de l'iDSP - iDSP - La Schule - Internationale Deutsche Schule Paris","robots":{"index":"index","follow":"follow","max-snippet":"max-snippet:-1","max-image-preview":"max-image-preview:large","max-video-preview":"max-video-preview:-1"},"canonical":"https:\/\/www.idsp.fr\/fr\/qui-sommes-nous\/amicale-de-lidsp\/","og_locale":"fr_FR","og_type":"article","og_title":"Amicale de l'iDSP - iDSP - La Schule - Internationale Deutsche Schule Paris","og_url":"https:\/\/www.idsp.fr\/fr\/qui-sommes-nous\/amicale-de-lidsp\/","og_site_name":"iDSP - La Schule - Internationale Deutsche Schule Paris","article_modified_time":"2026-03-12T17:17:49+00:00","og_image":[{"url":"https:\/\/www.idsp.fr\/wp-content\/uploads\/2024\/08\/FV_20240829_klein-267x320.jpg","type":"","width":"","height":""}],"twitter_card":"summary_large_image","twitter_misc":{"Dur\u00e9e de lecture estim\u00e9e":"2 minutes"},"schema":{"@context":"https:\/\/schema.org","@graph":[{"@type":"WebPage","@id":"https:\/\/www.idsp.fr\/fr\/qui-sommes-nous\/amicale-de-lidsp\/","url":"https:\/\/www.idsp.fr\/fr\/qui-sommes-nous\/amicale-de-lidsp\/","name":"Amicale de l'iDSP - iDSP - La Schule - Internationale Deutsche Schule Paris","isPartOf":{"@id":"https:\/\/www.idsp.fr\/#website"},"primaryImageOfPage":{"@id":"https:\/\/www.idsp.fr\/fr\/qui-sommes-nous\/amicale-de-lidsp\/#primaryimage"},"image":{"@id":"https:\/\/www.idsp.fr\/fr\/qui-sommes-nous\/amicale-de-lidsp\/#primaryimage"},"thumbnailUrl":"https:\/\/www.idsp.fr\/wp-content\/uploads\/2024\/08\/FV_20240829_klein-267x320.jpg","datePublished":"2026-03-02T14:11:23+00:00","dateModified":"2026-03-12T17:17:49+00:00","breadcrumb":{"@id":"https:\/\/www.idsp.fr\/fr\/qui-sommes-nous\/amicale-de-lidsp\/#breadcrumb"},"inLanguage":"fr-FR","potentialAction":[{"@type":"ReadAction","target":["https:\/\/www.idsp.fr\/fr\/qui-sommes-nous\/amicale-de-lidsp\/"]}]},{"@type":"ImageObject","inLanguage":"fr-FR","@id":"https:\/\/www.idsp.fr\/fr\/qui-sommes-nous\/amicale-de-lidsp\/#primaryimage","url":"https:\/\/www.idsp.fr\/wp-content\/uploads\/2024\/08\/FV_20240829_klein-267x320.jpg","contentUrl":"https:\/\/www.idsp.fr\/wp-content\/uploads\/2024\/08\/FV_20240829_klein-267x320.jpg"},{"@type":"BreadcrumbList","@id":"https:\/\/www.idsp.fr\/fr\/qui-sommes-nous\/amicale-de-lidsp\/#breadcrumb","itemListElement":[{"@type":"ListItem","position":1,"name":"Startseite","item":"https:\/\/www.idsp.fr\/fr\/idsp-ecole-allemande-internationale-de-paris\/"},{"@type":"ListItem","position":2,"name":"Qui sommes-nous ?","item":"https:\/\/www.idsp.fr\/fr\/qui-sommes-nous\/"},{"@type":"ListItem","position":3,"name":"Amicale de l&#8217;iDSP"}]},{"@type":"WebSite","@id":"https:\/\/www.idsp.fr\/#website","url":"https:\/\/www.idsp.fr\/","name":"iDSP - La Schule - Internationale Deutsche Schule Paris","description":"","potentialAction":[{"@type":"SearchAction","target":{"@type":"EntryPoint","urlTemplate":"https:\/\/www.idsp.fr\/?s={search_term_string}"},"query-input":{"@type":"PropertyValueSpecification","valueRequired":true,"valueName":"search_term_string"}}],"inLanguage":"fr-FR"}]}},"_links":{"self":[{"href":"https:\/\/www.idsp.fr\/fr\/wp-json\/wp\/v2\/pages\/4401","targetHints":{"allow":["GET"]}}],"collection":[{"href":"https:\/\/www.idsp.fr\/fr\/wp-json\/wp\/v2\/pages"}],"about":[{"href":"https:\/\/www.idsp.fr\/fr\/wp-json\/wp\/v2\/types\/page"}],"author":[{"embeddable":true,"href":"https:\/\/www.idsp.fr\/fr\/wp-json\/wp\/v2\/users\/3"}],"replies":[{"embeddable":true,"href":"https:\/\/www.idsp.fr\/fr\/wp-json\/wp\/v2\/comments?post=4401"}],"version-history":[{"count":10,"href":"https:\/\/www.idsp.fr\/fr\/wp-json\/wp\/v2\/pages\/4401\/revisions"}],"predecessor-version":[{"id":34706,"href":"https:\/\/www.idsp.fr\/fr\/wp-json\/wp\/v2\/pages\/4401\/revisions\/34706"}],"up":[{"embeddable":true,"href":"https:\/\/www.idsp.fr\/fr\/wp-json\/wp\/v2\/pages\/3959"}],"wp:attachment":[{"href":"https:\/\/www.idsp.fr\/fr\/wp-json\/wp\/v2\/media?parent=4401"}],"curies":[{"name":"wp","href":"https:\/\/api.w.org\/{rel}","templated":true}]}}