{"id":4363,"date":"2025-08-29T08:00:49","date_gmt":"2025-08-29T06:00:49","guid":{"rendered":"https:\/\/www.idsp.fr\/?page_id=4363"},"modified":"2026-01-28T19:02:21","modified_gmt":"2026-01-28T18:02:21","slug":"offres-demploi","status":"publish","type":"page","link":"https:\/\/www.idsp.fr\/fr\/informations-pratiques\/offres-demploi\/","title":{"rendered":"Offres d&#8217;emploi"},"content":{"rendered":"\n<style type=\"text\/css\" data-created_by=\"avia_inline_auto\" id=\"style-css-av-k9tzp0ta-6dd7479124f797f4d8afc0b20a8557c6\">\n.avia-section.av-k9tzp0ta-6dd7479124f797f4d8afc0b20a8557c6{\nbackground-color:#024d7d;\nbackground-image:unset;\n}\n<\/style>\n<div id='av_section_1'  class='avia-section av-k9tzp0ta-6dd7479124f797f4d8afc0b20a8557c6 main_color avia-section-small avia-no-border-styling  avia-builder-el-0  el_before_av_textblock  avia-builder-el-first  avia-bg-style-scroll av-minimum-height av-minimum-height-custom av-height-custom  container_wrap sidebar_right'   data-av_minimum_height_px='100'><div class='container av-section-cont-open' style='height:100px'><main  role=\"main\" itemprop=\"mainContentOfPage\"  class='template-page content  av-content-small alpha units'><div class='post-entry post-entry-type-page post-entry-4363'><div class='entry-content-wrapper clearfix'>\n\n<style type=\"text\/css\" data-created_by=\"avia_inline_auto\" id=\"style-css-av-lj3gw-5392d17c70a90a4b1adfbb7b2643aa87\">\n#top .av-special-heading.av-lj3gw-5392d17c70a90a4b1adfbb7b2643aa87{\npadding-bottom:10px;\ncolor:#ffffff;\n}\nbody .av-special-heading.av-lj3gw-5392d17c70a90a4b1adfbb7b2643aa87 .av-special-heading-tag .heading-char{\nfont-size:25px;\n}\n.av-special-heading.av-lj3gw-5392d17c70a90a4b1adfbb7b2643aa87 .special-heading-inner-border{\nborder-color:#ffffff;\n}\n.av-special-heading.av-lj3gw-5392d17c70a90a4b1adfbb7b2643aa87 .av-subheading{\nfont-size:15px;\n}\n<\/style>\n<div  class='av-special-heading av-lj3gw-5392d17c70a90a4b1adfbb7b2643aa87 av-special-heading-h2 custom-color-heading  avia-builder-el-1  avia-builder-el-no-sibling '><h2 class='av-special-heading-tag '  itemprop=\"headline\"  >Offres d\u2019emploi<\/h2><div class=\"special-heading-border\"><div class=\"special-heading-inner-border\"><\/div><\/div><\/div>\n<\/div><\/div><\/main><!-- close content main element --><\/div><\/div><div id='after_section_1'  class='main_color av_default_container_wrap container_wrap sidebar_right'  ><div class='container av-section-cont-open' ><div class='template-page content  av-content-small alpha units'><div class='post-entry post-entry-type-page post-entry-4363'><div class='entry-content-wrapper clearfix'>\n<section  class='av_textblock_section av-kfmnfqhq-e08046056009628564570c20d06d4293 '   itemscope=\"itemscope\" itemtype=\"https:\/\/schema.org\/CreativeWork\" ><div class='avia_textblock'  itemprop=\"text\" ><blockquote>\n<p>Nous recherchons en permanence des enseignants motiv\u00e9s et bien form\u00e9s, tous niveaux et toutes mati\u00e8res confondus, et nous nous r\u00e9jouissons de recevoir vos candidatures pertinentes.<\/p>\n<\/blockquote>\n<p>Nous accordons une grande importance \u00e0 une bonne qualification professionnelle (\u00e9tudes d&rsquo;enseignement ou \u00e9tudes sp\u00e9cialis\u00e9es comparables), \u00e0 une exp\u00e9rience av\u00e9r\u00e9e dans le domaine scolaire et \u00e0 un int\u00e9r\u00eat pour notre p\u00e9dagogie. Nous exigeons un haut degr\u00e9 d&rsquo;autonomie, de flexibilit\u00e9 et, surtout, le plaisir de travailler avec les enfants et les jeunes.<\/p>\n<p>L&rsquo;iDSP emploie des enseignants \u00e9trangers, des enseignants locaux et du personnel local dans l&rsquo;administration.<\/p>\n<p>Vous pouvez nous envoyer vos candidatures par voie \u00e9lectronique ou par courrier postal.<\/p>\n<p>Veuillez adresser vos candidatures spontan\u00e9es \u00e0 : anette.gros [ at ] idsp.fr<\/p>\n<\/div><\/section>\n\n<style type=\"text\/css\" data-created_by=\"avia_inline_auto\" id=\"style-css-av-kd75qmv2-0bacf4cd355404ca845822c67fbef9cc\">\n#top .togglecontainer.av-kd75qmv2-0bacf4cd355404ca845822c67fbef9cc p.toggler{\nbackground-color:#efefef;\n}\n#top .togglecontainer.av-kd75qmv2-0bacf4cd355404ca845822c67fbef9cc p.toggler.activeTitle{\ncolor:#006bb3;\nborder-color:#006bb3;\n}\n#top .togglecontainer.av-kd75qmv2-0bacf4cd355404ca845822c67fbef9cc p.toggler .toggle_icon{\ncolor:#006bb3;\nborder-color:#006bb3;\n}\n#top .togglecontainer.av-kd75qmv2-0bacf4cd355404ca845822c67fbef9cc p.toggler .toggle_icon > span{\ncolor:#006bb3;\nborder-color:#006bb3;\n}\n#top .togglecontainer.av-kd75qmv2-0bacf4cd355404ca845822c67fbef9cc .toggle_wrap .toggle_content{\nbackground-color:#efefef;\n}\n<\/style>\n<div  class='togglecontainer av-kd75qmv2-0bacf4cd355404ca845822c67fbef9cc av-elegant-toggle  avia-builder-el-3  el_after_av_textblock  avia-builder-el-last  toggle_close_all' >\n<section class='av_toggle_section av-9a8bs-3c443e9cac213ca2d73ecdd3ac6887fc'  itemscope=\"itemscope\" itemtype=\"https:\/\/schema.org\/CreativeWork\" ><div role=\"tablist\" class=\"single_toggle\" data-tags=\"{Tout} {y} \"  ><p id='toggle-toggle-id-1' data-fake-id='#toggle-id-1' class='toggler  activeTitle av-title-above '  itemprop=\"headline\"  role='tab' tabindex='0' aria-controls='toggle-id-1' data-slide-speed=\"200\" data-title=\"Personnel local\" data-title-open=\"\" data-aria_collapsed=\"Cliquez pour \u00e9tendre : Personnel local\" data-aria_expanded=\"Cliquez pour r\u00e9duire : Personnel local\">Personnel local<span class=\"toggle_icon\"><span class=\"vert_icon\"><\/span><span class=\"hor_icon\"><\/span><\/span><\/p><div id='toggle-id-1' aria-labelledby='toggle-toggle-id-1' role='region' class='toggle_wrap  active_tc av-title-above' style='display:block;' ><div class='toggle_content invers-color '  itemprop=\"text\" ><p>1\/ Offre d&#8217;emploi : <a href=\"https:\/\/www.idsp.fr\/wp-content\/uploads\/2026\/01\/iDSP-Ortslehrkratft-MATHEMATIK-UND-PHYSIK-2026-.pdf\" target=\"_blank\" rel=\"noopener\">Enseignant local pour les mati\u00e8res suivantes : math\u00e9matiques et physique<\/a> &#8211; \u00e0 partir de mi-ao\u00fbt 2026, \u00e0 temps plein<\/p>\n<p>2\/ Offre d&#8217;emploi : <a href=\"https:\/\/www.idsp.fr\/wp-content\/uploads\/2026\/01\/iDSP-Ortslehrkratft-DEUTSCH-GESCHICHTE-2026-.pdf\" target=\"_blank\" rel=\"noopener\">Enseignant local pour les mati\u00e8res suivantes : allemand et histoire<\/a> &#8211; \u00e0 partir de mi-ao\u00fbt 2026, \u00e0 temps plein<\/p>\n<p>3\/ Offre d&#8217;emploi : <a href=\"https:\/\/www.idsp.fr\/wp-content\/uploads\/2026\/01\/iDSP-Ortslehrkratft-POLITIK-UND-ETHIK-2026-.pdf\" target=\"_blank\" rel=\"noopener\">Enseignant local pour les mati\u00e8res suivantes : politique et \u00e9thique<\/a> &#8211; \u00e0 partir de mi-ao\u00fbt 2026, TZ, 12 heures par semaine<\/p>\n<\/div><\/div><\/div><\/section>\n<section class='av_toggle_section av-loe7vsc2-b691437227ecab716fc0354bd8da3632'  itemscope=\"itemscope\" itemtype=\"https:\/\/schema.org\/CreativeWork\" ><div role=\"tablist\" class=\"single_toggle\" data-tags=\"{Tout} \"  ><p id='toggle-toggle-id-2' data-fake-id='#toggle-id-2' class='toggler  av-title-above '  itemprop=\"headline\"  role='tab' tabindex='0' aria-controls='toggle-id-2' data-slide-speed=\"200\" data-title=\"Enseignant.es francophones\" data-title-open=\"\" data-aria_collapsed=\"Cliquez pour \u00e9tendre : Enseignant.es francophones\" data-aria_expanded=\"Cliquez pour r\u00e9duire : Enseignant.es francophones\">Enseignant.es francophones<span class=\"toggle_icon\"><span class=\"vert_icon\"><\/span><span class=\"hor_icon\"><\/span><\/span><\/p><div id='toggle-id-2' aria-labelledby='toggle-toggle-id-2' role='region' class='toggle_wrap  av-title-above'  ><div class='toggle_content invers-color '  itemprop=\"text\" ><p>Nous sommes r\u00e9guli\u00e8rement \u00e0 la recherche d&rsquo;enseignant.es de <strong>fran\u00e7ais langue maternelle<\/strong> et <strong>fran\u00e7ais langue \u00e9trang\u00e8re<\/strong>. Envoyez votre candidature \u00e0 : <a href=\"mailto:anette.gros@idsp.fr\">anette.gros@idsp.fr\u00a0<\/a><\/p>\n<\/div><\/div><\/div><\/section>\n<section class='av_toggle_section av-g18s8-9ac04a5a9ce017af3e23ae9dbcf67a63'  itemscope=\"itemscope\" itemtype=\"https:\/\/schema.org\/CreativeWork\" ><div role=\"tablist\" class=\"single_toggle\" data-tags=\"{Tout} \"  ><p id='toggle-toggle-id-3' data-fake-id='#toggle-id-3' class='toggler  av-title-above '  itemprop=\"headline\"  role='tab' tabindex='0' aria-controls='toggle-id-3' data-slide-speed=\"200\" data-title=\"ADLK\" data-title-open=\"\" data-aria_collapsed=\"Cliquez pour \u00e9tendre : ADLK\" data-aria_expanded=\"Cliquez pour r\u00e9duire : ADLK\">ADLK<span class=\"toggle_icon\"><span class=\"vert_icon\"><\/span><span class=\"hor_icon\"><\/span><\/span><\/p><div id='toggle-id-3' aria-labelledby='toggle-toggle-id-3' role='region' class='toggle_wrap  av-title-above'  ><div class='toggle_content invers-color '  itemprop=\"text\" ><p class=\"bodytext\">Aucun poste n&rsquo;est actuellement \u00e0 pourvoir.<\/p>\n<\/div><\/div><\/div><\/section>\n<section class='av_toggle_section av-2ec8-cc4e1e12489135eb4c545a374e1bf5ac'  itemscope=\"itemscope\" itemtype=\"https:\/\/schema.org\/CreativeWork\" ><div role=\"tablist\" class=\"single_toggle\" data-tags=\"{Tout} \"  ><p id='toggle-toggle-id-4' data-fake-id='#toggle-id-4' class='toggler  av-title-above '  itemprop=\"headline\"  role='tab' tabindex='0' aria-controls='toggle-id-4' data-slide-speed=\"200\" data-title=\"Administration\" data-title-open=\"\" data-aria_collapsed=\"Cliquez pour \u00e9tendre : Administration\" data-aria_expanded=\"Cliquez pour r\u00e9duire : Administration\">Administration<span class=\"toggle_icon\"><span class=\"vert_icon\"><\/span><span class=\"hor_icon\"><\/span><\/span><\/p><div id='toggle-id-4' aria-labelledby='toggle-toggle-id-4' role='region' class='toggle_wrap  av-title-above'  ><div class='toggle_content invers-color '  itemprop=\"text\" ><p>Aucun poste n&rsquo;est actuellement \u00e0 pourvoir.<\/p>\n<\/div><\/div><\/div><\/section>\n<\/div>\n","protected":false},"excerpt":{"rendered":"","protected":false},"author":1,"featured_media":0,"parent":4025,"menu_order":32,"comment_status":"closed","ping_status":"closed","template":"","meta":{"footnotes":""},"class_list":["post-4363","page","type-page","status-publish","hentry"],"yoast_head":"<!-- This site is optimized with the Yoast SEO plugin v27.3 - https:\/\/yoast.com\/product\/yoast-seo-wordpress\/ -->\n<title>Offres d&#039;emploi - iDSP - La Schule - Internationale Deutsche Schule Paris<\/title>\n<meta name=\"robots\" content=\"index, follow, max-snippet:-1, max-image-preview:large, max-video-preview:-1\" \/>\n<link rel=\"canonical\" href=\"https:\/\/www.idsp.fr\/fr\/informations-pratiques\/offres-demploi\/\" \/>\n<meta property=\"og:locale\" content=\"fr_FR\" \/>\n<meta property=\"og:type\" content=\"article\" \/>\n<meta property=\"og:title\" content=\"Offres d&#039;emploi - iDSP - La Schule - Internationale Deutsche Schule Paris\" \/>\n<meta property=\"og:url\" content=\"https:\/\/www.idsp.fr\/fr\/informations-pratiques\/offres-demploi\/\" \/>\n<meta property=\"og:site_name\" content=\"iDSP - La Schule - Internationale Deutsche Schule Paris\" \/>\n<meta property=\"article:modified_time\" content=\"2026-01-28T18:02:21+00:00\" \/>\n<meta name=\"twitter:card\" content=\"summary_large_image\" \/>\n<meta name=\"twitter:label1\" content=\"Dur\u00e9e de lecture estim\u00e9e\" \/>\n\t<meta name=\"twitter:data1\" content=\"2 minutes\" \/>\n<script type=\"application\/ld+json\" class=\"yoast-schema-graph\">{\"@context\":\"https:\\\/\\\/schema.org\",\"@graph\":[{\"@type\":\"WebPage\",\"@id\":\"https:\\\/\\\/www.idsp.fr\\\/fr\\\/informations-pratiques\\\/offres-demploi\\\/\",\"url\":\"https:\\\/\\\/www.idsp.fr\\\/fr\\\/informations-pratiques\\\/offres-demploi\\\/\",\"name\":\"Offres d'emploi - iDSP - La Schule - Internationale Deutsche Schule Paris\",\"isPartOf\":{\"@id\":\"https:\\\/\\\/www.idsp.fr\\\/#website\"},\"datePublished\":\"2025-08-29T06:00:49+00:00\",\"dateModified\":\"2026-01-28T18:02:21+00:00\",\"breadcrumb\":{\"@id\":\"https:\\\/\\\/www.idsp.fr\\\/fr\\\/informations-pratiques\\\/offres-demploi\\\/#breadcrumb\"},\"inLanguage\":\"fr-FR\",\"potentialAction\":[{\"@type\":\"ReadAction\",\"target\":[\"https:\\\/\\\/www.idsp.fr\\\/fr\\\/informations-pratiques\\\/offres-demploi\\\/\"]}]},{\"@type\":\"BreadcrumbList\",\"@id\":\"https:\\\/\\\/www.idsp.fr\\\/fr\\\/informations-pratiques\\\/offres-demploi\\\/#breadcrumb\",\"itemListElement\":[{\"@type\":\"ListItem\",\"position\":1,\"name\":\"Startseite\",\"item\":\"https:\\\/\\\/www.idsp.fr\\\/fr\\\/idsp-ecole-allemande-internationale-de-paris\\\/\"},{\"@type\":\"ListItem\",\"position\":2,\"name\":\"Informations pratiques\",\"item\":\"https:\\\/\\\/www.idsp.fr\\\/fr\\\/informations-pratiques\\\/\"},{\"@type\":\"ListItem\",\"position\":3,\"name\":\"Offres d&#8217;emploi\"}]},{\"@type\":\"WebSite\",\"@id\":\"https:\\\/\\\/www.idsp.fr\\\/#website\",\"url\":\"https:\\\/\\\/www.idsp.fr\\\/\",\"name\":\"iDSP - La Schule - Internationale Deutsche Schule Paris\",\"description\":\"\",\"potentialAction\":[{\"@type\":\"SearchAction\",\"target\":{\"@type\":\"EntryPoint\",\"urlTemplate\":\"https:\\\/\\\/www.idsp.fr\\\/?s={search_term_string}\"},\"query-input\":{\"@type\":\"PropertyValueSpecification\",\"valueRequired\":true,\"valueName\":\"search_term_string\"}}],\"inLanguage\":\"fr-FR\"}]}<\/script>\n<!-- \/ Yoast SEO plugin. -->","yoast_head_json":{"title":"Offres d'emploi - iDSP - La Schule - Internationale Deutsche Schule Paris","robots":{"index":"index","follow":"follow","max-snippet":"max-snippet:-1","max-image-preview":"max-image-preview:large","max-video-preview":"max-video-preview:-1"},"canonical":"https:\/\/www.idsp.fr\/fr\/informations-pratiques\/offres-demploi\/","og_locale":"fr_FR","og_type":"article","og_title":"Offres d'emploi - iDSP - La Schule - Internationale Deutsche Schule Paris","og_url":"https:\/\/www.idsp.fr\/fr\/informations-pratiques\/offres-demploi\/","og_site_name":"iDSP - La Schule - Internationale Deutsche Schule Paris","article_modified_time":"2026-01-28T18:02:21+00:00","twitter_card":"summary_large_image","twitter_misc":{"Dur\u00e9e de lecture estim\u00e9e":"2 minutes"},"schema":{"@context":"https:\/\/schema.org","@graph":[{"@type":"WebPage","@id":"https:\/\/www.idsp.fr\/fr\/informations-pratiques\/offres-demploi\/","url":"https:\/\/www.idsp.fr\/fr\/informations-pratiques\/offres-demploi\/","name":"Offres d'emploi - iDSP - La Schule - Internationale Deutsche Schule Paris","isPartOf":{"@id":"https:\/\/www.idsp.fr\/#website"},"datePublished":"2025-08-29T06:00:49+00:00","dateModified":"2026-01-28T18:02:21+00:00","breadcrumb":{"@id":"https:\/\/www.idsp.fr\/fr\/informations-pratiques\/offres-demploi\/#breadcrumb"},"inLanguage":"fr-FR","potentialAction":[{"@type":"ReadAction","target":["https:\/\/www.idsp.fr\/fr\/informations-pratiques\/offres-demploi\/"]}]},{"@type":"BreadcrumbList","@id":"https:\/\/www.idsp.fr\/fr\/informations-pratiques\/offres-demploi\/#breadcrumb","itemListElement":[{"@type":"ListItem","position":1,"name":"Startseite","item":"https:\/\/www.idsp.fr\/fr\/idsp-ecole-allemande-internationale-de-paris\/"},{"@type":"ListItem","position":2,"name":"Informations pratiques","item":"https:\/\/www.idsp.fr\/fr\/informations-pratiques\/"},{"@type":"ListItem","position":3,"name":"Offres d&#8217;emploi"}]},{"@type":"WebSite","@id":"https:\/\/www.idsp.fr\/#website","url":"https:\/\/www.idsp.fr\/","name":"iDSP - La Schule - Internationale Deutsche Schule Paris","description":"","potentialAction":[{"@type":"SearchAction","target":{"@type":"EntryPoint","urlTemplate":"https:\/\/www.idsp.fr\/?s={search_term_string}"},"query-input":{"@type":"PropertyValueSpecification","valueRequired":true,"valueName":"search_term_string"}}],"inLanguage":"fr-FR"}]}},"_links":{"self":[{"href":"https:\/\/www.idsp.fr\/fr\/wp-json\/wp\/v2\/pages\/4363","targetHints":{"allow":["GET"]}}],"collection":[{"href":"https:\/\/www.idsp.fr\/fr\/wp-json\/wp\/v2\/pages"}],"about":[{"href":"https:\/\/www.idsp.fr\/fr\/wp-json\/wp\/v2\/types\/page"}],"author":[{"embeddable":true,"href":"https:\/\/www.idsp.fr\/fr\/wp-json\/wp\/v2\/users\/1"}],"replies":[{"embeddable":true,"href":"https:\/\/www.idsp.fr\/fr\/wp-json\/wp\/v2\/comments?post=4363"}],"version-history":[{"count":50,"href":"https:\/\/www.idsp.fr\/fr\/wp-json\/wp\/v2\/pages\/4363\/revisions"}],"predecessor-version":[{"id":34337,"href":"https:\/\/www.idsp.fr\/fr\/wp-json\/wp\/v2\/pages\/4363\/revisions\/34337"}],"up":[{"embeddable":true,"href":"https:\/\/www.idsp.fr\/fr\/wp-json\/wp\/v2\/pages\/4025"}],"wp:attachment":[{"href":"https:\/\/www.idsp.fr\/fr\/wp-json\/wp\/v2\/media?parent=4363"}],"curies":[{"name":"wp","href":"https:\/\/api.w.org\/{rel}","templated":true}]}}