{"id":4352,"date":"2025-06-18T14:51:13","date_gmt":"2025-06-18T12:51:13","guid":{"rendered":"https:\/\/www.idsp.fr\/?page_id=4352"},"modified":"2025-06-20T11:03:42","modified_gmt":"2025-06-20T09:03:42","slug":"manuels-scolaires","status":"publish","type":"page","link":"https:\/\/www.idsp.fr\/fr\/informations-pratiques\/manuels-scolaires\/","title":{"rendered":"Manuels scolaires"},"content":{"rendered":"\n<style type=\"text\/css\" data-created_by=\"avia_inline_auto\" id=\"style-css-av-k9tzp0ta-6dd7479124f797f4d8afc0b20a8557c6\">\n.avia-section.av-k9tzp0ta-6dd7479124f797f4d8afc0b20a8557c6{\nbackground-color:#024d7d;\nbackground-image:unset;\n}\n<\/style>\n<div id='av_section_1'  class='avia-section av-k9tzp0ta-6dd7479124f797f4d8afc0b20a8557c6 main_color avia-section-small avia-no-border-styling  avia-builder-el-0  el_before_av_textblock  avia-builder-el-first  avia-bg-style-scroll av-minimum-height av-minimum-height-custom av-height-custom  container_wrap sidebar_right'   data-av_minimum_height_px='100'><div class='container av-section-cont-open' style='height:100px'><main  role=\"main\" itemprop=\"mainContentOfPage\"  class='template-page content  av-content-small alpha units'><div class='post-entry post-entry-type-page post-entry-4352'><div class='entry-content-wrapper clearfix'>\n\n<style type=\"text\/css\" data-created_by=\"avia_inline_auto\" id=\"style-css-av-kp6yllti-2fe41a0c1eb38c4deb16c1ca71d3c57f\">\n#top .av-special-heading.av-kp6yllti-2fe41a0c1eb38c4deb16c1ca71d3c57f{\npadding-bottom:10px;\ncolor:#ffffff;\n}\nbody .av-special-heading.av-kp6yllti-2fe41a0c1eb38c4deb16c1ca71d3c57f .av-special-heading-tag .heading-char{\nfont-size:25px;\n}\n.av-special-heading.av-kp6yllti-2fe41a0c1eb38c4deb16c1ca71d3c57f .special-heading-inner-border{\nborder-color:#ffffff;\n}\n.av-special-heading.av-kp6yllti-2fe41a0c1eb38c4deb16c1ca71d3c57f .av-subheading{\nfont-size:15px;\n}\n<\/style>\n<div  class='av-special-heading av-kp6yllti-2fe41a0c1eb38c4deb16c1ca71d3c57f av-special-heading-h2 custom-color-heading  avia-builder-el-1  avia-builder-el-no-sibling '><h2 class='av-special-heading-tag '  itemprop=\"headline\"  >Manuels scolaires <\/h2><div class=\"special-heading-border\"><div class=\"special-heading-inner-border\"><\/div><\/div><\/div>\n<\/div><\/div><\/main><!-- close content main element --><\/div><\/div><div id='after_section_1'  class='main_color av_default_container_wrap container_wrap sidebar_right'  ><div class='container av-section-cont-open' ><div class='template-page content  av-content-small alpha units'><div class='post-entry post-entry-type-page post-entry-4352'><div class='entry-content-wrapper clearfix'>\n<section  class='av_textblock_section av-li0f0jby-646e6798a1c3a99aab6a88fa13817638 '   itemscope=\"itemscope\" itemtype=\"https:\/\/schema.org\/CreativeWork\" ><div class='avia_textblock'  itemprop=\"text\" ><p>Il est possible de commander les manuels scolaires sur le site Internet du fournisseur de manuels scolaires en ligne <a href=\"https:\/\/www.buch-knickmann.de\/schulbuchlisten\/schulbuchlisten-fuer-deutsche-schulen-im-ausland\/internationale-deutsche-schule-paris\/\" target=\"_blank\" rel=\"noopener\">KNICKMANN<\/a> et de les faire livrer directement \u00e0 l&rsquo;\u00e9cole.<\/p>\n<p>La commande et le paiement se font directement via le fournisseur, les manuels scolaires sont livr\u00e9s directement \u00e0 l&rsquo;\u00e9cole de mani\u00e8re group\u00e9e et distribu\u00e9s aux \u00e9l\u00e8ves d\u00e8s les premiers jours d&rsquo;\u00e9cole.<\/p>\n<p>Si vous souhaitez profiter de la livraison gratuite, veuillez commander les manuels scolaires au plus tard le <strong>19 juillet 2025<\/strong>.<\/p>\n<p>ATTENTION: Veuillez indiquer l&rsquo;adresse de l&rsquo;\u00e9cole dans la case \u00ab\u00a0Adresse de livraison\u00a0\u00bb, afin que votre commande soit livr\u00e9e \u00e0 l&rsquo;\u00e9cole dans le cadre d&rsquo;une livraison group\u00e9e et qu&rsquo;il n&rsquo;y ait pas de frais de port suppl\u00e9mentaires.<br \/>\nSinon, veuillez laisser le champ \u00ab\u00a0Adresse de livraison\u00a0\u00bb vide et indiquer dans les remarques qu&rsquo;il s&rsquo;agit d&rsquo;une livraison group\u00e9e \u00e0 l&rsquo;iDSP.<\/p>\n<p>Une commande et une livraison ult\u00e9rieures \u00e0 l&rsquo;\u00e9cole sont certes possibles, mais les frais de port sont alors \u00e0 la charge des parents.<\/p>\n<p><span style=\"color: #ff0000;\">Veuillez noter qu&rsquo;il n&rsquo;est pas possible de se procurer tous les livres aupr\u00e8s de Knickmann. Les livres FLM et Histoire\/G\u00e9ographie sont moins chers et peuvent \u00eatre achet\u00e9s directement en France. Certaines anciennes \u00e9ditions de manuels scolaires allemands ne sont plus disponibles aupr\u00e8s de Knickmann, il est donc pr\u00e9f\u00e9rable de les acheter aupr\u00e8s d&rsquo;autres fournisseurs ou d&rsquo;occasion \u00e0 l&rsquo;\u00e9cole. Si vous avez des questions, adressez-vous \u00e0 Mme Gros : <a href=\"mailto:anette.gros@idsp.fr\">anette.gros@idsp.fr<\/a>.<\/span><\/p>\n\n<style type=\"text\/css\" data-created_by=\"avia_inline_auto\" id=\"style-css-av-av_font_icon-1de5f66f37272333bf0824d8a596f4ef\">\n.av_font_icon.av-av_font_icon-1de5f66f37272333bf0824d8a596f4ef{\ncolor:#edae44;\nborder-color:#edae44;\n}\n.avia-svg-icon.av-av_font_icon-1de5f66f37272333bf0824d8a596f4ef svg:first-child{\nstroke:#edae44;\nfill:#edae44;\n}\n.av_font_icon.av-av_font_icon-1de5f66f37272333bf0824d8a596f4ef .av-icon-char{\nfont-size:25px;\nline-height:25px;\n}\n<\/style>\n<span  class='av_font_icon av-av_font_icon-1de5f66f37272333bf0824d8a596f4ef avia_animate_when_visible av-icon-style- avia-icon-pos-left avia-iconfont avia-font-entypo-fontello avia-icon-animate'><span class='av-icon-char' data-av_icon='\ue835' data-av_iconfont='entypo-fontello' aria-hidden=\"true\" ><\/span><\/span>\n<p>Liste des manuels scolaires par classe:<\/p>\n<p><a href=\"https:\/\/www.idsp.fr\/wp-content\/uploads\/2025\/06\/Klasse-1_.pdf\" target=\"_blank\" rel=\"noopener\">Classe 1<\/a><\/p>\n<p><a href=\"https:\/\/www.idsp.fr\/wp-content\/uploads\/2025\/06\/Klasse-2-_.pdf\" target=\"_blank\" rel=\"noopener\">Classe 2<\/a><\/p>\n<p><a href=\"https:\/\/www.idsp.fr\/wp-content\/uploads\/2025\/06\/Klasse-3_.pdf\" target=\"_blank\" rel=\"noopener\">Classe 3<\/a><\/p>\n<p><a href=\"https:\/\/www.idsp.fr\/wp-content\/uploads\/2025\/06\/Klasse-4_.pdf\" target=\"_blank\" rel=\"noopener\">Classe 4<\/a><\/p>\n<p><a href=\"https:\/\/www.idsp.fr\/wp-content\/uploads\/2025\/06\/Klasse-5_.pdf\" target=\"_blank\" rel=\"noopener\">Classe 5<\/a><\/p>\n<p><a href=\"https:\/\/www.idsp.fr\/wp-content\/uploads\/2025\/06\/Klasse-6_.pdf\" target=\"_blank\" rel=\"noopener\">Classe 6<\/a><\/p>\n<p><a href=\"https:\/\/www.idsp.fr\/wp-content\/uploads\/2025\/06\/Klasse-7_.pdf\" target=\"_blank\" rel=\"noopener\">Classe 7<\/a><\/p>\n<p><a href=\"https:\/\/www.idsp.fr\/wp-content\/uploads\/2025\/06\/Klasse-8_.pdf\" target=\"_blank\" rel=\"noopener\">Classe 8<\/a><\/p>\n<p><a href=\"https:\/\/www.idsp.fr\/wp-content\/uploads\/2025\/06\/Klasse-9_.pdf\" target=\"_blank\" rel=\"noopener\">Classe 9<\/a><\/p>\n<p><a href=\"https:\/\/www.idsp.fr\/wp-content\/uploads\/2025\/06\/Klasse-10_.pdf\" target=\"_blank\" rel=\"noopener\">Classe 10<\/a><\/p>\n<p><a href=\"https:\/\/www.idsp.fr\/wp-content\/uploads\/2025\/06\/Klasse-11_.pdf\" target=\"_blank\" rel=\"noopener\">Classe 11<\/a><\/p>\n<p><a href=\"https:\/\/www.idsp.fr\/wp-content\/uploads\/2025\/06\/Klasse-12_.pdf\" target=\"_blank\" rel=\"noopener\">Classe 12<\/a><\/p>\n<\/div><\/section>\n","protected":false},"excerpt":{"rendered":"","protected":false},"author":3,"featured_media":0,"parent":4025,"menu_order":27,"comment_status":"closed","ping_status":"closed","template":"","meta":{"footnotes":""},"class_list":["post-4352","page","type-page","status-publish","hentry"],"yoast_head":"<!-- This site is optimized with the Yoast SEO plugin v27.4 - https:\/\/yoast.com\/product\/yoast-seo-wordpress\/ -->\n<title>Manuels scolaires - iDSP - La Schule - Internationale Deutsche Schule Paris<\/title>\n<meta name=\"robots\" content=\"index, follow, max-snippet:-1, max-image-preview:large, max-video-preview:-1\" \/>\n<link rel=\"canonical\" href=\"https:\/\/www.idsp.fr\/fr\/informations-pratiques\/manuels-scolaires\/\" \/>\n<meta property=\"og:locale\" content=\"fr_FR\" \/>\n<meta property=\"og:type\" content=\"article\" \/>\n<meta property=\"og:title\" content=\"Manuels scolaires - iDSP - La Schule - Internationale Deutsche Schule Paris\" \/>\n<meta property=\"og:url\" content=\"https:\/\/www.idsp.fr\/fr\/informations-pratiques\/manuels-scolaires\/\" \/>\n<meta property=\"og:site_name\" content=\"iDSP - La Schule - Internationale Deutsche Schule Paris\" \/>\n<meta property=\"article:modified_time\" content=\"2025-06-20T09:03:42+00:00\" \/>\n<meta name=\"twitter:card\" content=\"summary_large_image\" \/>\n<meta name=\"twitter:label1\" content=\"Dur\u00e9e de lecture estim\u00e9e\" \/>\n\t<meta name=\"twitter:data1\" content=\"2 minutes\" \/>\n<script type=\"application\/ld+json\" class=\"yoast-schema-graph\">{\"@context\":\"https:\\\/\\\/schema.org\",\"@graph\":[{\"@type\":\"WebPage\",\"@id\":\"https:\\\/\\\/www.idsp.fr\\\/fr\\\/informations-pratiques\\\/manuels-scolaires\\\/\",\"url\":\"https:\\\/\\\/www.idsp.fr\\\/fr\\\/informations-pratiques\\\/manuels-scolaires\\\/\",\"name\":\"Manuels scolaires - iDSP - La Schule - Internationale Deutsche Schule Paris\",\"isPartOf\":{\"@id\":\"https:\\\/\\\/www.idsp.fr\\\/#website\"},\"datePublished\":\"2025-06-18T12:51:13+00:00\",\"dateModified\":\"2025-06-20T09:03:42+00:00\",\"breadcrumb\":{\"@id\":\"https:\\\/\\\/www.idsp.fr\\\/fr\\\/informations-pratiques\\\/manuels-scolaires\\\/#breadcrumb\"},\"inLanguage\":\"fr-FR\",\"potentialAction\":[{\"@type\":\"ReadAction\",\"target\":[\"https:\\\/\\\/www.idsp.fr\\\/fr\\\/informations-pratiques\\\/manuels-scolaires\\\/\"]}]},{\"@type\":\"BreadcrumbList\",\"@id\":\"https:\\\/\\\/www.idsp.fr\\\/fr\\\/informations-pratiques\\\/manuels-scolaires\\\/#breadcrumb\",\"itemListElement\":[{\"@type\":\"ListItem\",\"position\":1,\"name\":\"Startseite\",\"item\":\"https:\\\/\\\/www.idsp.fr\\\/fr\\\/idsp-ecole-allemande-internationale-de-paris\\\/\"},{\"@type\":\"ListItem\",\"position\":2,\"name\":\"Informations pratiques\",\"item\":\"https:\\\/\\\/www.idsp.fr\\\/fr\\\/informations-pratiques\\\/\"},{\"@type\":\"ListItem\",\"position\":3,\"name\":\"Manuels scolaires\"}]},{\"@type\":\"WebSite\",\"@id\":\"https:\\\/\\\/www.idsp.fr\\\/#website\",\"url\":\"https:\\\/\\\/www.idsp.fr\\\/\",\"name\":\"iDSP - La Schule - Internationale Deutsche Schule Paris\",\"description\":\"\",\"potentialAction\":[{\"@type\":\"SearchAction\",\"target\":{\"@type\":\"EntryPoint\",\"urlTemplate\":\"https:\\\/\\\/www.idsp.fr\\\/?s={search_term_string}\"},\"query-input\":{\"@type\":\"PropertyValueSpecification\",\"valueRequired\":true,\"valueName\":\"search_term_string\"}}],\"inLanguage\":\"fr-FR\"}]}<\/script>\n<!-- \/ Yoast SEO plugin. -->","yoast_head_json":{"title":"Manuels scolaires - iDSP - La Schule - Internationale Deutsche Schule Paris","robots":{"index":"index","follow":"follow","max-snippet":"max-snippet:-1","max-image-preview":"max-image-preview:large","max-video-preview":"max-video-preview:-1"},"canonical":"https:\/\/www.idsp.fr\/fr\/informations-pratiques\/manuels-scolaires\/","og_locale":"fr_FR","og_type":"article","og_title":"Manuels scolaires - iDSP - La Schule - Internationale Deutsche Schule Paris","og_url":"https:\/\/www.idsp.fr\/fr\/informations-pratiques\/manuels-scolaires\/","og_site_name":"iDSP - La Schule - Internationale Deutsche Schule Paris","article_modified_time":"2025-06-20T09:03:42+00:00","twitter_card":"summary_large_image","twitter_misc":{"Dur\u00e9e de lecture estim\u00e9e":"2 minutes"},"schema":{"@context":"https:\/\/schema.org","@graph":[{"@type":"WebPage","@id":"https:\/\/www.idsp.fr\/fr\/informations-pratiques\/manuels-scolaires\/","url":"https:\/\/www.idsp.fr\/fr\/informations-pratiques\/manuels-scolaires\/","name":"Manuels scolaires - iDSP - La Schule - Internationale Deutsche Schule Paris","isPartOf":{"@id":"https:\/\/www.idsp.fr\/#website"},"datePublished":"2025-06-18T12:51:13+00:00","dateModified":"2025-06-20T09:03:42+00:00","breadcrumb":{"@id":"https:\/\/www.idsp.fr\/fr\/informations-pratiques\/manuels-scolaires\/#breadcrumb"},"inLanguage":"fr-FR","potentialAction":[{"@type":"ReadAction","target":["https:\/\/www.idsp.fr\/fr\/informations-pratiques\/manuels-scolaires\/"]}]},{"@type":"BreadcrumbList","@id":"https:\/\/www.idsp.fr\/fr\/informations-pratiques\/manuels-scolaires\/#breadcrumb","itemListElement":[{"@type":"ListItem","position":1,"name":"Startseite","item":"https:\/\/www.idsp.fr\/fr\/idsp-ecole-allemande-internationale-de-paris\/"},{"@type":"ListItem","position":2,"name":"Informations pratiques","item":"https:\/\/www.idsp.fr\/fr\/informations-pratiques\/"},{"@type":"ListItem","position":3,"name":"Manuels scolaires"}]},{"@type":"WebSite","@id":"https:\/\/www.idsp.fr\/#website","url":"https:\/\/www.idsp.fr\/","name":"iDSP - La Schule - Internationale Deutsche Schule Paris","description":"","potentialAction":[{"@type":"SearchAction","target":{"@type":"EntryPoint","urlTemplate":"https:\/\/www.idsp.fr\/?s={search_term_string}"},"query-input":{"@type":"PropertyValueSpecification","valueRequired":true,"valueName":"search_term_string"}}],"inLanguage":"fr-FR"}]}},"_links":{"self":[{"href":"https:\/\/www.idsp.fr\/fr\/wp-json\/wp\/v2\/pages\/4352","targetHints":{"allow":["GET"]}}],"collection":[{"href":"https:\/\/www.idsp.fr\/fr\/wp-json\/wp\/v2\/pages"}],"about":[{"href":"https:\/\/www.idsp.fr\/fr\/wp-json\/wp\/v2\/types\/page"}],"author":[{"embeddable":true,"href":"https:\/\/www.idsp.fr\/fr\/wp-json\/wp\/v2\/users\/3"}],"replies":[{"embeddable":true,"href":"https:\/\/www.idsp.fr\/fr\/wp-json\/wp\/v2\/comments?post=4352"}],"version-history":[{"count":10,"href":"https:\/\/www.idsp.fr\/fr\/wp-json\/wp\/v2\/pages\/4352\/revisions"}],"predecessor-version":[{"id":31882,"href":"https:\/\/www.idsp.fr\/fr\/wp-json\/wp\/v2\/pages\/4352\/revisions\/31882"}],"up":[{"embeddable":true,"href":"https:\/\/www.idsp.fr\/fr\/wp-json\/wp\/v2\/pages\/4025"}],"wp:attachment":[{"href":"https:\/\/www.idsp.fr\/fr\/wp-json\/wp\/v2\/media?parent=4352"}],"curies":[{"name":"wp","href":"https:\/\/api.w.org\/{rel}","templated":true}]}}