{"id":4337,"date":"2025-08-12T14:46:29","date_gmt":"2025-08-12T12:46:29","guid":{"rendered":"https:\/\/www.idsp.fr\/?page_id=4337"},"modified":"2025-11-13T12:05:40","modified_gmt":"2025-11-13T11:05:40","slug":"cantine","status":"publish","type":"page","link":"https:\/\/www.idsp.fr\/fr\/inscription\/cantine\/","title":{"rendered":"Cantine"},"content":{"rendered":"\n<style type=\"text\/css\" data-created_by=\"avia_inline_auto\" id=\"style-css-av-k9tzp0ta-6dd7479124f797f4d8afc0b20a8557c6\">\n.avia-section.av-k9tzp0ta-6dd7479124f797f4d8afc0b20a8557c6{\nbackground-color:#024d7d;\nbackground-image:unset;\n}\n<\/style>\n<div id='av_section_1'  class='avia-section av-k9tzp0ta-6dd7479124f797f4d8afc0b20a8557c6 main_color avia-section-small avia-no-border-styling  avia-builder-el-0  el_before_av_one_full  avia-builder-el-first  avia-bg-style-scroll av-minimum-height av-minimum-height-custom av-height-custom  container_wrap sidebar_right'   data-av_minimum_height_px='100'><div class='container av-section-cont-open' style='height:100px'><main  role=\"main\" itemprop=\"mainContentOfPage\"  class='template-page content  av-content-small alpha units'><div class='post-entry post-entry-type-page post-entry-4337'><div class='entry-content-wrapper clearfix'>\n\n<style type=\"text\/css\" data-created_by=\"avia_inline_auto\" id=\"style-css-av-2bf4wx-c5e808d9a7fb0c8219e22cc584e0633f\">\n#top .av-special-heading.av-2bf4wx-c5e808d9a7fb0c8219e22cc584e0633f{\npadding-bottom:10px;\ncolor:#ffffff;\n}\nbody .av-special-heading.av-2bf4wx-c5e808d9a7fb0c8219e22cc584e0633f .av-special-heading-tag .heading-char{\nfont-size:25px;\n}\n.av-special-heading.av-2bf4wx-c5e808d9a7fb0c8219e22cc584e0633f .special-heading-inner-border{\nborder-color:#ffffff;\n}\n.av-special-heading.av-2bf4wx-c5e808d9a7fb0c8219e22cc584e0633f .av-subheading{\nfont-size:15px;\n}\n<\/style>\n<div  class='av-special-heading av-2bf4wx-c5e808d9a7fb0c8219e22cc584e0633f av-special-heading-h2 custom-color-heading  avia-builder-el-1  avia-builder-el-no-sibling '><h2 class='av-special-heading-tag '  itemprop=\"headline\"  >Cantine<\/h2><div class=\"special-heading-border\"><div class=\"special-heading-inner-border\"><\/div><\/div><\/div>\n<\/div><\/div><\/main><!-- close content main element --><\/div><\/div><div id='after_section_1'  class='main_color av_default_container_wrap container_wrap sidebar_right'  ><div class='container av-section-cont-open' ><div class='template-page content  av-content-small alpha units'><div class='post-entry post-entry-type-page post-entry-4337'><div class='entry-content-wrapper clearfix'>\n\n<style type=\"text\/css\" data-created_by=\"avia_inline_auto\" id=\"style-css-av-6v26t-15652e12a3061c5d47eff3c54793665b\">\n.flex_column.av-6v26t-15652e12a3061c5d47eff3c54793665b{\nborder-radius:0px 0px 0px 0px;\npadding:0px 0px 0px 0px;\n}\n<\/style>\n<div  class='flex_column av-6v26t-15652e12a3061c5d47eff3c54793665b av_one_full  avia-builder-el-2  el_after_av_section  el_before_av_textblock  avia-builder-el-first  first flex_column_div av-zero-column-padding  '     ><div id='av-masonry-1' class='av-masonry av-kfe2vz2x-c12b5b8af2c810f300b550416945c1c6 noHover av-fixed-size av-1px-gap av-hover-overlay- av-masonry-animation-active av-masonry-col-6 av-caption-always av-caption-style- av-masonry-gallery av-orientation-portrait ' data-post_id=\"4337\"><div class=\"av-masonry-container isotope av-js-disabled\"><div class='av-masonry-entry isotope-item av-masonry-item-no-image '><\/div><a href=\"https:\/\/www.idsp.fr\/wp-content\/uploads\/2023\/08\/Marmites_5.jpg\" data-srcset=\"https:\/\/www.idsp.fr\/wp-content\/uploads\/2023\/08\/Marmites_5.jpg 800w, https:\/\/www.idsp.fr\/wp-content\/uploads\/2023\/08\/Marmites_5-340x191.jpg 340w, https:\/\/www.idsp.fr\/wp-content\/uploads\/2023\/08\/Marmites_5-768x432.jpg 768w, https:\/\/www.idsp.fr\/wp-content\/uploads\/2023\/08\/Marmites_5-705x397.jpg 705w\" data-sizes=\"(max-width: 800px) 100vw, 800px\"  aria-label=\"image image sans titre\"  id='av-masonry-1-item-23418' data-av-masonry-item='23418' class='av-masonry-entry isotope-item post-23418 attachment type-attachment status-inherit hentry  av-masonry-item-with-image' title=\"\" alt=\"\"    itemprop=\"thumbnailUrl\" ><div class='av-inner-masonry-sizer'><\/div><figure class='av-inner-masonry main_color'><div class=\"av-masonry-outerimage-container\"><div class='av-masonry-image-container' style=\"background-image: url(https:\/\/www.idsp.fr\/wp-content\/uploads\/2023\/08\/Marmites_5-705x397.jpg);\" ><\/div><\/div><\/figure><\/a><!--end av-masonry entry--><a href=\"https:\/\/www.idsp.fr\/wp-content\/uploads\/2023\/08\/Marmites_6.jpg\" data-srcset=\"https:\/\/www.idsp.fr\/wp-content\/uploads\/2023\/08\/Marmites_6.jpg 534w, https:\/\/www.idsp.fr\/wp-content\/uploads\/2023\/08\/Marmites_6-214x320.jpg 214w, https:\/\/www.idsp.fr\/wp-content\/uploads\/2023\/08\/Marmites_6-471x705.jpg 471w\" data-sizes=\"(max-width: 534px) 100vw, 534px\"  aria-label=\"image image sans titre\"  id='av-masonry-1-item-23420' data-av-masonry-item='23420' class='av-masonry-entry isotope-item post-23420 attachment type-attachment status-inherit hentry  av-masonry-item-with-image' title=\"\" alt=\"\"    itemprop=\"thumbnailUrl\" ><div class='av-inner-masonry-sizer'><\/div><figure class='av-inner-masonry main_color'><div class=\"av-masonry-outerimage-container\"><div class='av-masonry-image-container' style=\"background-image: url(https:\/\/www.idsp.fr\/wp-content\/uploads\/2023\/08\/Marmites_6-471x705.jpg);\" ><\/div><\/div><\/figure><\/a><!--end av-masonry entry--><a href=\"https:\/\/www.idsp.fr\/wp-content\/uploads\/2023\/08\/Marmites_3.jpg\" data-srcset=\"https:\/\/www.idsp.fr\/wp-content\/uploads\/2023\/08\/Marmites_3.jpg 533w, https:\/\/www.idsp.fr\/wp-content\/uploads\/2023\/08\/Marmites_3-213x320.jpg 213w, https:\/\/www.idsp.fr\/wp-content\/uploads\/2023\/08\/Marmites_3-470x705.jpg 470w\" data-sizes=\"(max-width: 533px) 100vw, 533px\"  aria-label=\"image image sans titre\"  id='av-masonry-1-item-23414' data-av-masonry-item='23414' class='av-masonry-entry isotope-item post-23414 attachment type-attachment status-inherit hentry  av-masonry-item-with-image' title=\"\" alt=\"\"    itemprop=\"thumbnailUrl\" ><div class='av-inner-masonry-sizer'><\/div><figure class='av-inner-masonry main_color'><div class=\"av-masonry-outerimage-container\"><div class='av-masonry-image-container' style=\"background-image: url(https:\/\/www.idsp.fr\/wp-content\/uploads\/2023\/08\/Marmites_3-470x705.jpg);\" ><\/div><\/div><\/figure><\/a><!--end av-masonry entry--><a href=\"https:\/\/www.idsp.fr\/wp-content\/uploads\/2023\/08\/Marmites_4.jpg\" data-srcset=\"https:\/\/www.idsp.fr\/wp-content\/uploads\/2023\/08\/Marmites_4.jpg 534w, https:\/\/www.idsp.fr\/wp-content\/uploads\/2023\/08\/Marmites_4-214x320.jpg 214w, https:\/\/www.idsp.fr\/wp-content\/uploads\/2023\/08\/Marmites_4-471x705.jpg 471w\" data-sizes=\"(max-width: 534px) 100vw, 534px\"  aria-label=\"image image sans titre\"  id='av-masonry-1-item-23416' data-av-masonry-item='23416' class='av-masonry-entry isotope-item post-23416 attachment type-attachment status-inherit hentry  av-masonry-item-with-image' title=\"\" alt=\"\"    itemprop=\"thumbnailUrl\" ><div class='av-inner-masonry-sizer'><\/div><figure class='av-inner-masonry main_color'><div class=\"av-masonry-outerimage-container\"><div class='av-masonry-image-container' style=\"background-image: url(https:\/\/www.idsp.fr\/wp-content\/uploads\/2023\/08\/Marmites_4-471x705.jpg);\" ><\/div><\/div><\/figure><\/a><!--end av-masonry entry--><a href=\"https:\/\/www.idsp.fr\/wp-content\/uploads\/2023\/08\/Marmites_2.jpg\" data-srcset=\"https:\/\/www.idsp.fr\/wp-content\/uploads\/2023\/08\/Marmites_2.jpg 534w, https:\/\/www.idsp.fr\/wp-content\/uploads\/2023\/08\/Marmites_2-214x320.jpg 214w, https:\/\/www.idsp.fr\/wp-content\/uploads\/2023\/08\/Marmites_2-471x705.jpg 471w\" data-sizes=\"(max-width: 534px) 100vw, 534px\"  aria-label=\"image image sans titre\"  id='av-masonry-1-item-23412' data-av-masonry-item='23412' class='av-masonry-entry isotope-item post-23412 attachment type-attachment status-inherit hentry  av-masonry-item-with-image' title=\"\" alt=\"\"    itemprop=\"thumbnailUrl\" ><div class='av-inner-masonry-sizer'><\/div><figure class='av-inner-masonry main_color'><div class=\"av-masonry-outerimage-container\"><div class='av-masonry-image-container' style=\"background-image: url(https:\/\/www.idsp.fr\/wp-content\/uploads\/2023\/08\/Marmites_2-471x705.jpg);\" ><\/div><\/div><\/figure><\/a><!--end av-masonry entry--><a href=\"https:\/\/www.idsp.fr\/wp-content\/uploads\/2023\/08\/Marmites_1.jpg\" data-srcset=\"https:\/\/www.idsp.fr\/wp-content\/uploads\/2023\/08\/Marmites_1.jpg 800w, https:\/\/www.idsp.fr\/wp-content\/uploads\/2023\/08\/Marmites_1-340x191.jpg 340w, https:\/\/www.idsp.fr\/wp-content\/uploads\/2023\/08\/Marmites_1-768x432.jpg 768w, https:\/\/www.idsp.fr\/wp-content\/uploads\/2023\/08\/Marmites_1-705x397.jpg 705w\" data-sizes=\"(max-width: 800px) 100vw, 800px\"  aria-label=\"image image sans titre\"  id='av-masonry-1-item-23410' data-av-masonry-item='23410' class='av-masonry-entry isotope-item post-23410 attachment type-attachment status-inherit hentry  av-masonry-item-with-image' title=\"\" alt=\"\"    itemprop=\"thumbnailUrl\" ><div class='av-inner-masonry-sizer'><\/div><figure class='av-inner-masonry main_color'><div class=\"av-masonry-outerimage-container\"><div class='av-masonry-image-container' style=\"background-image: url(https:\/\/www.idsp.fr\/wp-content\/uploads\/2023\/08\/Marmites_1-705x397.jpg);\" ><\/div><\/div><\/figure><\/a><!--end av-masonry entry--><\/div><\/div><\/div><section  class='av_textblock_section av-kc6ckpij-9e7e8f369885611642608b8a40de429e '   itemscope=\"itemscope\" itemtype=\"https:\/\/schema.org\/CreativeWork\" ><div class='avia_textblock'  itemprop=\"text\" ><p>La cantine scolaire accueille les \u00e9l\u00e8ves du lundi au vendredi aux horaires suivants :<\/p>\n<ul>\n<li>12h30 : El\u00e8ves du primaire<\/li>\n<li>13h15 : El\u00e8ves du secondaire<\/li>\n<\/ul>\n<p><strong>1 \u2013 Notre soci\u00e9t\u00e9 de restauration<\/strong><\/p>\n<p>Depuis 2023, la soci\u00e9t\u00e9 de restauration \u00ab <a href=\"https:\/\/www.idsp.fr\/wp-content\/uploads\/2023\/08\/Presentation-Marmites-Volantes-restauration-collective-Juin-2023_klein.pdf\" target=\"_blank\" rel=\"noopener\">Les Marmites Volantes<\/a> \u00bb livre nos repas. Elle privil\u00e9gie les produits frais et de saison, tous leurs plats sont pr\u00e9par\u00e9s la veille et cuisin\u00e9s \u00ab maison \u00bb. La livraison des repas se fait en v\u00e9hicule \u00e9lectrique.<\/p>\n<p><strong>2 &#8211; Composition et planning des repas<\/strong><\/p>\n<p>Les repas sont \u00e9labor\u00e9s par une di\u00e9t\u00e9ticienne. Ils sont compos\u00e9s d\u2019une entr\u00e9e, d\u2019un plat accompagn\u00e9 d\u2019un l\u00e9gume et d\u2019un dessert.<br \/>\nDeux repas v\u00e9g\u00e9tariens, un repas \u00e0 base de viande et un repas \u00e0 base de poisson sont servis par semaine. Le dernier repas varie chaque semaine.\u00a0: v\u00e9g\u00e9tarien, viande ou poisson (menu classique).<br \/>\nIl est possible de commander des repas v\u00e9g\u00e9tariens tous les jours (menu v\u00e9g\u00e9tarien).<\/p>\n<p><strong>3 \u2013 Prix des repas<\/strong><\/p>\n<p>Vous pouvez commander des repas pour un ou plusieurs jours par semaine. Les commandes se font pour l\u2019ann\u00e9e scolaire compl\u00e8te ou pour le semestre. Veuillez trouver ci-dessous les tarifs 2025-2026 de la cantine :<\/p>\n<table>\n<tbody>\n<tr>\n<td width=\"141\">Nombre de jours par semaine<\/td>\n<td width=\"132\">Tarif par semestre<br \/>\n(8\u20ac par repas)<\/td>\n<td width=\"142\">Tarif annuel<br \/>\n(7,50\u20ac par repas)<\/td>\n<\/tr>\n<tr>\n<td width=\"141\">5<\/td>\n<td width=\"132\">720\u20ac<\/td>\n<td width=\"142\">1.350\u20ac<\/td>\n<\/tr>\n<tr>\n<td width=\"141\">4<\/td>\n<td width=\"132\">576\u20ac<\/td>\n<td width=\"142\">1.080\u20ac<\/td>\n<\/tr>\n<tr>\n<td width=\"141\">3<\/td>\n<td width=\"132\">432\u20ac<\/td>\n<td width=\"142\">810\u20ac<\/td>\n<\/tr>\n<tr>\n<td width=\"141\">2<\/td>\n<td width=\"132\">288\u20ac<\/td>\n<td width=\"142\">540\u20ac<\/td>\n<\/tr>\n<tr>\n<td width=\"141\">1<\/td>\n<td width=\"132\">144\u20ac<\/td>\n<td width=\"142\">270\u20ac<\/td>\n<\/tr>\n<tr>\n<td width=\"141\">Repas non command\u00e9<\/td>\n<td colspan=\"2\" width=\"274\">9,50\u20ac<\/td>\n<\/tr>\n<\/tbody>\n<\/table>\n<p>Ces prix tiennent compte des sorties journali\u00e8res, voyages de classe, stages et autres absences li\u00e9es \u00e0 la vie scolaire. Aucun remboursement ne sera effectu\u00e9 sauf pour les absences d\u2019une semaine minimum pour raison de sant\u00e9 sur pr\u00e9sentation d\u2019un certificat m\u00e9dical.<\/p>\n<p><strong>4 \u2013 Processus de commande<\/strong><\/p>\n<p>La commande se fait via l\u2019application \u00ab <a href=\"http:\/\/www.ecoledirecte.com\" target=\"_blank\" rel=\"noopener\">Ecole Directe<\/a> \u00bb. Les informations n\u00e9cessaires vous seront fournies en temps voulu.<\/p>\n<p><strong>5 \u2013 <\/strong><strong>Facturation<\/strong><\/p>\n<p>La commande annuelle ou pour le premier semestre figurera dans votre facture annuelle que vous recevrez courant octobre.<\/p>\n<p>La commande pour le 2<sup>\u00e8me<\/sup> semestre sera factur\u00e9e s\u00e9par\u00e9ment tout comme les repas pris en dehors du forfait.<\/p>\n<p>Pour de plus amples informations, veuillez contacter Mme Tarnero: <a href=\"mailto:info@idsp.fr\">info@idsp.fr<\/a><\/p>\n<\/div><\/section><\/p>\n","protected":false},"excerpt":{"rendered":"","protected":false},"author":3,"featured_media":0,"parent":21243,"menu_order":20,"comment_status":"closed","ping_status":"closed","template":"","meta":{"footnotes":""},"class_list":["post-4337","page","type-page","status-publish","hentry"],"yoast_head":"<!-- This site is optimized with the Yoast SEO plugin v27.4 - https:\/\/yoast.com\/product\/yoast-seo-wordpress\/ -->\n<title>Cantine - iDSP - La Schule - Internationale Deutsche Schule Paris<\/title>\n<meta name=\"robots\" content=\"index, follow, max-snippet:-1, max-image-preview:large, max-video-preview:-1\" \/>\n<link rel=\"canonical\" href=\"https:\/\/www.idsp.fr\/fr\/inscription\/cantine\/\" \/>\n<meta property=\"og:locale\" content=\"fr_FR\" \/>\n<meta property=\"og:type\" content=\"article\" \/>\n<meta property=\"og:title\" content=\"Cantine - iDSP - La Schule - Internationale Deutsche Schule Paris\" \/>\n<meta property=\"og:url\" content=\"https:\/\/www.idsp.fr\/fr\/inscription\/cantine\/\" \/>\n<meta property=\"og:site_name\" content=\"iDSP - La Schule - Internationale Deutsche Schule Paris\" \/>\n<meta property=\"article:modified_time\" content=\"2025-11-13T11:05:40+00:00\" \/>\n<meta name=\"twitter:card\" content=\"summary_large_image\" \/>\n<meta name=\"twitter:label1\" content=\"Dur\u00e9e de lecture estim\u00e9e\" \/>\n\t<meta name=\"twitter:data1\" content=\"2 minutes\" \/>\n<script type=\"application\/ld+json\" class=\"yoast-schema-graph\">{\"@context\":\"https:\\\/\\\/schema.org\",\"@graph\":[{\"@type\":\"WebPage\",\"@id\":\"https:\\\/\\\/www.idsp.fr\\\/fr\\\/inscription\\\/cantine\\\/\",\"url\":\"https:\\\/\\\/www.idsp.fr\\\/fr\\\/inscription\\\/cantine\\\/\",\"name\":\"Cantine - iDSP - La Schule - Internationale Deutsche Schule Paris\",\"isPartOf\":{\"@id\":\"https:\\\/\\\/www.idsp.fr\\\/#website\"},\"datePublished\":\"2025-08-12T12:46:29+00:00\",\"dateModified\":\"2025-11-13T11:05:40+00:00\",\"breadcrumb\":{\"@id\":\"https:\\\/\\\/www.idsp.fr\\\/fr\\\/inscription\\\/cantine\\\/#breadcrumb\"},\"inLanguage\":\"fr-FR\",\"potentialAction\":[{\"@type\":\"ReadAction\",\"target\":[\"https:\\\/\\\/www.idsp.fr\\\/fr\\\/inscription\\\/cantine\\\/\"]}]},{\"@type\":\"BreadcrumbList\",\"@id\":\"https:\\\/\\\/www.idsp.fr\\\/fr\\\/inscription\\\/cantine\\\/#breadcrumb\",\"itemListElement\":[{\"@type\":\"ListItem\",\"position\":1,\"name\":\"Startseite\",\"item\":\"https:\\\/\\\/www.idsp.fr\\\/fr\\\/idsp-ecole-allemande-internationale-de-paris\\\/\"},{\"@type\":\"ListItem\",\"position\":2,\"name\":\"INSCRIPTION\",\"item\":\"https:\\\/\\\/www.idsp.fr\\\/fr\\\/inscription\\\/\"},{\"@type\":\"ListItem\",\"position\":3,\"name\":\"Cantine\"}]},{\"@type\":\"WebSite\",\"@id\":\"https:\\\/\\\/www.idsp.fr\\\/#website\",\"url\":\"https:\\\/\\\/www.idsp.fr\\\/\",\"name\":\"iDSP - La Schule - Internationale Deutsche Schule Paris\",\"description\":\"\",\"potentialAction\":[{\"@type\":\"SearchAction\",\"target\":{\"@type\":\"EntryPoint\",\"urlTemplate\":\"https:\\\/\\\/www.idsp.fr\\\/?s={search_term_string}\"},\"query-input\":{\"@type\":\"PropertyValueSpecification\",\"valueRequired\":true,\"valueName\":\"search_term_string\"}}],\"inLanguage\":\"fr-FR\"}]}<\/script>\n<!-- \/ Yoast SEO plugin. -->","yoast_head_json":{"title":"Cantine - iDSP - La Schule - Internationale Deutsche Schule Paris","robots":{"index":"index","follow":"follow","max-snippet":"max-snippet:-1","max-image-preview":"max-image-preview:large","max-video-preview":"max-video-preview:-1"},"canonical":"https:\/\/www.idsp.fr\/fr\/inscription\/cantine\/","og_locale":"fr_FR","og_type":"article","og_title":"Cantine - iDSP - La Schule - Internationale Deutsche Schule Paris","og_url":"https:\/\/www.idsp.fr\/fr\/inscription\/cantine\/","og_site_name":"iDSP - La Schule - Internationale Deutsche Schule Paris","article_modified_time":"2025-11-13T11:05:40+00:00","twitter_card":"summary_large_image","twitter_misc":{"Dur\u00e9e de lecture estim\u00e9e":"2 minutes"},"schema":{"@context":"https:\/\/schema.org","@graph":[{"@type":"WebPage","@id":"https:\/\/www.idsp.fr\/fr\/inscription\/cantine\/","url":"https:\/\/www.idsp.fr\/fr\/inscription\/cantine\/","name":"Cantine - iDSP - La Schule - Internationale Deutsche Schule Paris","isPartOf":{"@id":"https:\/\/www.idsp.fr\/#website"},"datePublished":"2025-08-12T12:46:29+00:00","dateModified":"2025-11-13T11:05:40+00:00","breadcrumb":{"@id":"https:\/\/www.idsp.fr\/fr\/inscription\/cantine\/#breadcrumb"},"inLanguage":"fr-FR","potentialAction":[{"@type":"ReadAction","target":["https:\/\/www.idsp.fr\/fr\/inscription\/cantine\/"]}]},{"@type":"BreadcrumbList","@id":"https:\/\/www.idsp.fr\/fr\/inscription\/cantine\/#breadcrumb","itemListElement":[{"@type":"ListItem","position":1,"name":"Startseite","item":"https:\/\/www.idsp.fr\/fr\/idsp-ecole-allemande-internationale-de-paris\/"},{"@type":"ListItem","position":2,"name":"INSCRIPTION","item":"https:\/\/www.idsp.fr\/fr\/inscription\/"},{"@type":"ListItem","position":3,"name":"Cantine"}]},{"@type":"WebSite","@id":"https:\/\/www.idsp.fr\/#website","url":"https:\/\/www.idsp.fr\/","name":"iDSP - La Schule - Internationale Deutsche Schule Paris","description":"","potentialAction":[{"@type":"SearchAction","target":{"@type":"EntryPoint","urlTemplate":"https:\/\/www.idsp.fr\/?s={search_term_string}"},"query-input":{"@type":"PropertyValueSpecification","valueRequired":true,"valueName":"search_term_string"}}],"inLanguage":"fr-FR"}]}},"_links":{"self":[{"href":"https:\/\/www.idsp.fr\/fr\/wp-json\/wp\/v2\/pages\/4337","targetHints":{"allow":["GET"]}}],"collection":[{"href":"https:\/\/www.idsp.fr\/fr\/wp-json\/wp\/v2\/pages"}],"about":[{"href":"https:\/\/www.idsp.fr\/fr\/wp-json\/wp\/v2\/types\/page"}],"author":[{"embeddable":true,"href":"https:\/\/www.idsp.fr\/fr\/wp-json\/wp\/v2\/users\/3"}],"replies":[{"embeddable":true,"href":"https:\/\/www.idsp.fr\/fr\/wp-json\/wp\/v2\/comments?post=4337"}],"version-history":[{"count":9,"href":"https:\/\/www.idsp.fr\/fr\/wp-json\/wp\/v2\/pages\/4337\/revisions"}],"predecessor-version":[{"id":31977,"href":"https:\/\/www.idsp.fr\/fr\/wp-json\/wp\/v2\/pages\/4337\/revisions\/31977"}],"up":[{"embeddable":true,"href":"https:\/\/www.idsp.fr\/fr\/wp-json\/wp\/v2\/pages\/21243"}],"wp:attachment":[{"href":"https:\/\/www.idsp.fr\/fr\/wp-json\/wp\/v2\/media?parent=4337"}],"curies":[{"name":"wp","href":"https:\/\/api.w.org\/{rel}","templated":true}]}}