{"id":4320,"date":"2020-10-02T14:41:22","date_gmt":"2020-10-02T12:41:22","guid":{"rendered":"https:\/\/www.idsp.fr\/?page_id=4320"},"modified":"2025-11-21T15:35:48","modified_gmt":"2025-11-21T14:35:48","slug":"inscription","status":"publish","type":"page","link":"https:\/\/www.idsp.fr\/fr\/inscription\/inscription\/","title":{"rendered":"Inscription"},"content":{"rendered":"\n<style type=\"text\/css\" data-created_by=\"avia_inline_auto\" id=\"style-css-av-k9tzp0ta-6dd7479124f797f4d8afc0b20a8557c6\">\n.avia-section.av-k9tzp0ta-6dd7479124f797f4d8afc0b20a8557c6{\nbackground-color:#024d7d;\nbackground-image:unset;\n}\n<\/style>\n<div id='av_section_1'  class='avia-section av-k9tzp0ta-6dd7479124f797f4d8afc0b20a8557c6 main_color avia-section-small avia-no-border-styling  avia-builder-el-0  el_before_av_textblock  avia-builder-el-first  avia-bg-style-scroll av-minimum-height av-minimum-height-custom av-height-custom  container_wrap sidebar_right'   data-av_minimum_height_px='100'><div class='container av-section-cont-open' style='height:100px'><main  role=\"main\" itemprop=\"mainContentOfPage\"  class='template-page content  av-content-small alpha units'><div class='post-entry post-entry-type-page post-entry-4320'><div class='entry-content-wrapper clearfix'>\n\n<style type=\"text\/css\" data-created_by=\"avia_inline_auto\" id=\"style-css-av-kg6nojx8-e63355d52e7cb98c0cfdd7e7de5bf1a2\">\n#top .av-special-heading.av-kg6nojx8-e63355d52e7cb98c0cfdd7e7de5bf1a2{\npadding-bottom:10px;\ncolor:#ffffff;\n}\nbody .av-special-heading.av-kg6nojx8-e63355d52e7cb98c0cfdd7e7de5bf1a2 .av-special-heading-tag .heading-char{\nfont-size:25px;\n}\n.av-special-heading.av-kg6nojx8-e63355d52e7cb98c0cfdd7e7de5bf1a2 .special-heading-inner-border{\nborder-color:#ffffff;\n}\n.av-special-heading.av-kg6nojx8-e63355d52e7cb98c0cfdd7e7de5bf1a2 .av-subheading{\nfont-size:15px;\n}\n<\/style>\n<div  class='av-special-heading av-kg6nojx8-e63355d52e7cb98c0cfdd7e7de5bf1a2 av-special-heading-h2 custom-color-heading  avia-builder-el-1  avia-builder-el-no-sibling '><h2 class='av-special-heading-tag '  itemprop=\"headline\"  >Inscription<\/h2><div class=\"special-heading-border\"><div class=\"special-heading-inner-border\"><\/div><\/div><\/div>\n<\/div><\/div><\/main><!-- close content main element --><\/div><\/div><div id='after_section_1'  class='main_color av_default_container_wrap container_wrap sidebar_right'  ><div class='container av-section-cont-open' ><div class='template-page content  av-content-small alpha units'><div class='post-entry post-entry-type-page post-entry-4320'><div class='entry-content-wrapper clearfix'>\n<section  class='av_textblock_section av-kc56cyjo-74399ec6dd5a13e0a297a7692ed9cd4b '   itemscope=\"itemscope\" itemtype=\"https:\/\/schema.org\/CreativeWork\" ><div class='avia_textblock'  itemprop=\"text\" ><blockquote>\n<p>Si vous souhaitez inscrire votre enfant \u00e0 l&rsquo;iDSP, veuillez prendre contact avec:<\/p>\n<\/blockquote>\n<p><strong>Anette Gros<\/strong><br \/>\nCourriel: <a href=\"mailto:anette.gros@idsp.fr\">anette.gros@idsp.fr<\/a><br \/>\nT\u00e9l\u00e9phone: +33 1 46.02.85.55<\/p>\n<p>Madame Gros est joignable du lundi au vendredi de 8h30 \u00e0 12h30 + le mercredi et le jeudi de 13h30 \u00e0 15h30<\/p>\n<\/div><\/section>\n\n<style type=\"text\/css\" data-created_by=\"avia_inline_auto\" id=\"style-css-av-lbnf22qr-0aba85238cd5c769fe5b98ca31396005\">\n.avia_message_box.av-lbnf22qr-0aba85238cd5c769fe5b98ca31396005{\nbackground-color:#4c7eb2;\ncolor:#ffffff;\n}\n.avia_message_box.av-lbnf22qr-0aba85238cd5c769fe5b98ca31396005 .avia_message_box_icon.avia-svg-icon svg:first-child{\nfill:#ffffff;\nstroke:#ffffff;\n}\n<\/style>\n<div id='avia-messagebox-' class='avia_message_box av_notification av-lbnf22qr-0aba85238cd5c769fe5b98ca31396005 avia-color-custom avia-size-normal avia-icon_select-no avia-border-  avia-builder-el-3  el_after_av_textblock  el_before_av_textblock ' ><div class=\"avia_message_box_content\"><p>Les inscriptions sont ouvertes jusqu&rsquo;au 31 mai<\/p>\n<\/div><\/div>\n<section  class='av_textblock_section av-kc56jdsu-56fc3f1c738dbe788693c0a39dc0a639 '   itemscope=\"itemscope\" itemtype=\"https:\/\/schema.org\/CreativeWork\" ><div class='avia_textblock'  itemprop=\"text\" ><p>Le processus d&rsquo;inscription se d\u00e9roule par voie \u00e9lectronique. Vous recevrez de notre part un lien pour vous inscrire.<\/p>\n<p>Vous pouvez consulter ici la liste des documents n\u00e9cessaires \u00e0 cet effet : <a href=\"https:\/\/www.idsp.fr\/wp-content\/uploads\/2023\/04\/Checkliste-Anlagen.pdf\" target=\"_blank\" rel=\"noopener\">Liste des pi\u00e8ces \u00e0 joindre<\/a><\/p>\n<\/div><\/section>\n\n<style type=\"text\/css\" data-created_by=\"avia_inline_auto\" id=\"style-css-av-ksu8ouqt-0a39386c9ccf8fe168b9f799f300d4cd\">\n.iconbox.av-ksu8ouqt-0a39386c9ccf8fe168b9f799f300d4cd .iconbox_icon{\nbackground-color:#edae44;\n}\n<\/style>\n<article  class='iconbox iconbox_left av-ksu8ouqt-0a39386c9ccf8fe168b9f799f300d4cd  avia-builder-el-5  el_after_av_textblock  avia-builder-el-last '  itemscope=\"itemscope\" itemtype=\"https:\/\/schema.org\/CreativeWork\" ><div class=\"iconbox_content\"><header class=\"entry-content-header\" aria-label=\"Ic\u00f4ne : Informations importantes\"><div class='iconbox_icon heading-color avia-iconfont avia-font-entypo-fontello' data-av_icon='\ue81e' data-av_iconfont='entypo-fontello'  ><\/div><h3 class='iconbox_content_title '  itemprop=\"headline\" >Informations importantes<\/h3><\/header><div class='iconbox_content_container '  itemprop=\"text\" ><p>\n<style type=\"text\/css\" data-created_by=\"avia_inline_auto\" id=\"style-css-av-av_font_icon-80aeb78254d4ad0a713ba7f1d3797f8f\">\n.av_font_icon.av-av_font_icon-80aeb78254d4ad0a713ba7f1d3797f8f .av-icon-char{\nfont-size:25px;\nline-height:25px;\n}\n<\/style>\n<span  class='av_font_icon av-av_font_icon-80aeb78254d4ad0a713ba7f1d3797f8f avia_animate_when_visible av-icon-style- avia-icon-pos-left avia-iconfont avia-font-entypo-fontello av-no-color avia-icon-animate'><span class='av-icon-char' data-av_icon='\ue889' data-av_iconfont='entypo-fontello' aria-hidden=\"true\" ><\/span><\/span> Test de langue pour \u00e9valuer le niveau d&rsquo;allemand requis le 15\/05\/2024 (Information: <a href=\"mailto:malaika.schumacher@idsp.fr\">malaika.schumacher@idsp.fr<\/a>)<\/p>\n<p><strong>Des connaissances en allemand sont n\u00e9cessaires \u00e0 partir de la classe 2 (CE1).<\/strong><\/p>\n<p><strong>Le niveau de langue requis lors de l\u2019admission en<\/strong><\/p>\n<p><strong>Classe 4 (CM1) est \u00a0\u00a0\u00a0\u00a0\u00a0\u00a0\u00a0 A1<\/strong><\/p>\n<p><strong>Classe 5 (CM2) est\u00a0\u00a0\u00a0\u00a0\u00a0\u00a0\u00a0\u00a0 A2<\/strong><\/p>\n<p><strong>Classe 6 (6<sup>i\u00e8me<\/sup>)\u00a0 est\u00a0\u00a0\u00a0\u00a0\u00a0\u00a0\u00a0\u00a0 A2<\/strong><\/p>\n<p><strong>Classe 7 (5<sup>i\u00e8me<\/sup>)\u00a0 est\u00a0\u00a0\u00a0\u00a0\u00a0\u00a0\u00a0\u00a0 B1<\/strong><\/p>\n<p><strong>Classe 8 (4<sup>i\u00e8me<\/sup>)\u00a0 est\u00a0\u00a0\u00a0\u00a0\u00a0\u00a0\u00a0\u00a0 B1<\/strong><\/p>\n<p><strong>Classes 9 (3<sup>i\u00e8me<\/sup>) est\u00a0\u00a0\u00a0\u00a0\u00a0\u00a0\u00a0\u00a0 B2<\/strong><\/p>\n<p><strong>\u00c0 partir de la classe 10 (seconde), une ma\u00eetrise de l\u2019allemand niveau langue maternelle (au minimum C1) est exig\u00e9e.<\/strong><\/p>\n<p>\n<style type=\"text\/css\" data-created_by=\"avia_inline_auto\" id=\"style-css-av-av_font_icon-80aeb78254d4ad0a713ba7f1d3797f8f\">\n.av_font_icon.av-av_font_icon-80aeb78254d4ad0a713ba7f1d3797f8f .av-icon-char{\nfont-size:25px;\nline-height:25px;\n}\n<\/style>\n<span  class='av_font_icon av-av_font_icon-80aeb78254d4ad0a713ba7f1d3797f8f avia_animate_when_visible av-icon-style- avia-icon-pos-left avia-iconfont avia-font-entypo-fontello av-no-color avia-icon-animate'><span class='av-icon-char' data-av_icon='\ue889' data-av_iconfont='entypo-fontello' aria-hidden=\"true\" ><\/span><\/span> L&rsquo;iDSP ne fournit pas le mat\u00e9riel p\u00e9dagogique. Les manuels scolaires doivent \u00eatre achet\u00e9s par les parents eux-m\u00eames pour le premier jour d&rsquo;\u00e9cole. La liste des manuels \u00e0 acheter se trouve dans la rubrique <a href=\"https:\/\/www.idsp.fr\/fr\/informations-pratiques\/manuels-scolaires\/\">Pratique &#8211; Manuels scolaires<\/a><\/p>\n<\/div><\/div><footer class=\"entry-footer\"><\/footer><\/article>\n","protected":false},"excerpt":{"rendered":"","protected":false},"author":3,"featured_media":0,"parent":21243,"menu_order":1,"comment_status":"closed","ping_status":"closed","template":"","meta":{"footnotes":""},"class_list":["post-4320","page","type-page","status-publish","hentry"],"yoast_head":"<!-- This site is optimized with the Yoast SEO plugin v27.4 - https:\/\/yoast.com\/product\/yoast-seo-wordpress\/ -->\n<title>Inscription - iDSP - La Schule - Internationale Deutsche Schule Paris<\/title>\n<meta name=\"robots\" content=\"index, follow, max-snippet:-1, max-image-preview:large, max-video-preview:-1\" \/>\n<link rel=\"canonical\" href=\"https:\/\/www.idsp.fr\/fr\/inscription\/inscription\/\" \/>\n<meta property=\"og:locale\" content=\"fr_FR\" \/>\n<meta property=\"og:type\" content=\"article\" \/>\n<meta property=\"og:title\" content=\"Inscription - iDSP - La Schule - Internationale Deutsche Schule Paris\" \/>\n<meta property=\"og:url\" content=\"https:\/\/www.idsp.fr\/fr\/inscription\/inscription\/\" \/>\n<meta property=\"og:site_name\" content=\"iDSP - La Schule - Internationale Deutsche Schule Paris\" \/>\n<meta property=\"article:modified_time\" content=\"2025-11-21T14:35:48+00:00\" \/>\n<meta name=\"twitter:card\" content=\"summary_large_image\" \/>\n<meta name=\"twitter:label1\" content=\"Dur\u00e9e de lecture estim\u00e9e\" \/>\n\t<meta name=\"twitter:data1\" content=\"2 minutes\" \/>\n<script type=\"application\/ld+json\" class=\"yoast-schema-graph\">{\"@context\":\"https:\\\/\\\/schema.org\",\"@graph\":[{\"@type\":\"WebPage\",\"@id\":\"https:\\\/\\\/www.idsp.fr\\\/fr\\\/inscription\\\/inscription\\\/\",\"url\":\"https:\\\/\\\/www.idsp.fr\\\/fr\\\/inscription\\\/inscription\\\/\",\"name\":\"Inscription - iDSP - La Schule - Internationale Deutsche Schule Paris\",\"isPartOf\":{\"@id\":\"https:\\\/\\\/www.idsp.fr\\\/#website\"},\"datePublished\":\"2020-10-02T12:41:22+00:00\",\"dateModified\":\"2025-11-21T14:35:48+00:00\",\"breadcrumb\":{\"@id\":\"https:\\\/\\\/www.idsp.fr\\\/fr\\\/inscription\\\/inscription\\\/#breadcrumb\"},\"inLanguage\":\"fr-FR\",\"potentialAction\":[{\"@type\":\"ReadAction\",\"target\":[\"https:\\\/\\\/www.idsp.fr\\\/fr\\\/inscription\\\/inscription\\\/\"]}]},{\"@type\":\"BreadcrumbList\",\"@id\":\"https:\\\/\\\/www.idsp.fr\\\/fr\\\/inscription\\\/inscription\\\/#breadcrumb\",\"itemListElement\":[{\"@type\":\"ListItem\",\"position\":1,\"name\":\"Startseite\",\"item\":\"https:\\\/\\\/www.idsp.fr\\\/fr\\\/idsp-ecole-allemande-internationale-de-paris\\\/\"},{\"@type\":\"ListItem\",\"position\":2,\"name\":\"INSCRIPTION\",\"item\":\"https:\\\/\\\/www.idsp.fr\\\/fr\\\/inscription\\\/\"},{\"@type\":\"ListItem\",\"position\":3,\"name\":\"Inscription\"}]},{\"@type\":\"WebSite\",\"@id\":\"https:\\\/\\\/www.idsp.fr\\\/#website\",\"url\":\"https:\\\/\\\/www.idsp.fr\\\/\",\"name\":\"iDSP - La Schule - Internationale Deutsche Schule Paris\",\"description\":\"\",\"potentialAction\":[{\"@type\":\"SearchAction\",\"target\":{\"@type\":\"EntryPoint\",\"urlTemplate\":\"https:\\\/\\\/www.idsp.fr\\\/?s={search_term_string}\"},\"query-input\":{\"@type\":\"PropertyValueSpecification\",\"valueRequired\":true,\"valueName\":\"search_term_string\"}}],\"inLanguage\":\"fr-FR\"}]}<\/script>\n<!-- \/ Yoast SEO plugin. -->","yoast_head_json":{"title":"Inscription - iDSP - La Schule - Internationale Deutsche Schule Paris","robots":{"index":"index","follow":"follow","max-snippet":"max-snippet:-1","max-image-preview":"max-image-preview:large","max-video-preview":"max-video-preview:-1"},"canonical":"https:\/\/www.idsp.fr\/fr\/inscription\/inscription\/","og_locale":"fr_FR","og_type":"article","og_title":"Inscription - iDSP - La Schule - Internationale Deutsche Schule Paris","og_url":"https:\/\/www.idsp.fr\/fr\/inscription\/inscription\/","og_site_name":"iDSP - La Schule - Internationale Deutsche Schule Paris","article_modified_time":"2025-11-21T14:35:48+00:00","twitter_card":"summary_large_image","twitter_misc":{"Dur\u00e9e de lecture estim\u00e9e":"2 minutes"},"schema":{"@context":"https:\/\/schema.org","@graph":[{"@type":"WebPage","@id":"https:\/\/www.idsp.fr\/fr\/inscription\/inscription\/","url":"https:\/\/www.idsp.fr\/fr\/inscription\/inscription\/","name":"Inscription - iDSP - La Schule - Internationale Deutsche Schule Paris","isPartOf":{"@id":"https:\/\/www.idsp.fr\/#website"},"datePublished":"2020-10-02T12:41:22+00:00","dateModified":"2025-11-21T14:35:48+00:00","breadcrumb":{"@id":"https:\/\/www.idsp.fr\/fr\/inscription\/inscription\/#breadcrumb"},"inLanguage":"fr-FR","potentialAction":[{"@type":"ReadAction","target":["https:\/\/www.idsp.fr\/fr\/inscription\/inscription\/"]}]},{"@type":"BreadcrumbList","@id":"https:\/\/www.idsp.fr\/fr\/inscription\/inscription\/#breadcrumb","itemListElement":[{"@type":"ListItem","position":1,"name":"Startseite","item":"https:\/\/www.idsp.fr\/fr\/idsp-ecole-allemande-internationale-de-paris\/"},{"@type":"ListItem","position":2,"name":"INSCRIPTION","item":"https:\/\/www.idsp.fr\/fr\/inscription\/"},{"@type":"ListItem","position":3,"name":"Inscription"}]},{"@type":"WebSite","@id":"https:\/\/www.idsp.fr\/#website","url":"https:\/\/www.idsp.fr\/","name":"iDSP - La Schule - Internationale Deutsche Schule Paris","description":"","potentialAction":[{"@type":"SearchAction","target":{"@type":"EntryPoint","urlTemplate":"https:\/\/www.idsp.fr\/?s={search_term_string}"},"query-input":{"@type":"PropertyValueSpecification","valueRequired":true,"valueName":"search_term_string"}}],"inLanguage":"fr-FR"}]}},"_links":{"self":[{"href":"https:\/\/www.idsp.fr\/fr\/wp-json\/wp\/v2\/pages\/4320","targetHints":{"allow":["GET"]}}],"collection":[{"href":"https:\/\/www.idsp.fr\/fr\/wp-json\/wp\/v2\/pages"}],"about":[{"href":"https:\/\/www.idsp.fr\/fr\/wp-json\/wp\/v2\/types\/page"}],"author":[{"embeddable":true,"href":"https:\/\/www.idsp.fr\/fr\/wp-json\/wp\/v2\/users\/3"}],"replies":[{"embeddable":true,"href":"https:\/\/www.idsp.fr\/fr\/wp-json\/wp\/v2\/comments?post=4320"}],"version-history":[{"count":13,"href":"https:\/\/www.idsp.fr\/fr\/wp-json\/wp\/v2\/pages\/4320\/revisions"}],"predecessor-version":[{"id":33479,"href":"https:\/\/www.idsp.fr\/fr\/wp-json\/wp\/v2\/pages\/4320\/revisions\/33479"}],"up":[{"embeddable":true,"href":"https:\/\/www.idsp.fr\/fr\/wp-json\/wp\/v2\/pages\/21243"}],"wp:attachment":[{"href":"https:\/\/www.idsp.fr\/fr\/wp-json\/wp\/v2\/media?parent=4320"}],"curies":[{"name":"wp","href":"https:\/\/api.w.org\/{rel}","templated":true}]}}