{"id":4306,"date":"2020-10-02T14:11:02","date_gmt":"2020-10-02T12:11:02","guid":{"rendered":"https:\/\/www.idsp.fr\/?page_id=4306"},"modified":"2024-01-08T17:15:34","modified_gmt":"2024-01-08T16:15:34","slug":"fetes-et-traditions","status":"publish","type":"page","link":"https:\/\/www.idsp.fr\/fr\/primaire\/fetes-et-traditions\/","title":{"rendered":"F\u00eates et traditions"},"content":{"rendered":"\n<style type=\"text\/css\" data-created_by=\"avia_inline_auto\" id=\"style-css-av-k9tzp0ta-6dd7479124f797f4d8afc0b20a8557c6\">\n.avia-section.av-k9tzp0ta-6dd7479124f797f4d8afc0b20a8557c6{\nbackground-color:#024d7d;\nbackground-image:unset;\n}\n<\/style>\n<div id='av_section_1'  class='avia-section av-k9tzp0ta-6dd7479124f797f4d8afc0b20a8557c6 main_color avia-section-small avia-no-border-styling  avia-builder-el-0  el_before_av_iconlist  avia-builder-el-first  avia-bg-style-scroll av-minimum-height av-minimum-height-custom av-height-custom  container_wrap sidebar_right'   data-av_minimum_height_px='100'><div class='container av-section-cont-open' style='height:100px'><main  role=\"main\" itemprop=\"mainContentOfPage\"  class='template-page content  av-content-small alpha units'><div class='post-entry post-entry-type-page post-entry-4306'><div class='entry-content-wrapper clearfix'>\n\n<style type=\"text\/css\" data-created_by=\"avia_inline_auto\" id=\"style-css-av-kgqejwjg-6e254313e2dfd1136075ecdd7183f179\">\n#top .av-special-heading.av-kgqejwjg-6e254313e2dfd1136075ecdd7183f179{\npadding-bottom:10px;\ncolor:#ffffff;\n}\nbody .av-special-heading.av-kgqejwjg-6e254313e2dfd1136075ecdd7183f179 .av-special-heading-tag .heading-char{\nfont-size:25px;\n}\n.av-special-heading.av-kgqejwjg-6e254313e2dfd1136075ecdd7183f179 .special-heading-inner-border{\nborder-color:#ffffff;\n}\n.av-special-heading.av-kgqejwjg-6e254313e2dfd1136075ecdd7183f179 .av-subheading{\nfont-size:15px;\n}\n<\/style>\n<div  class='av-special-heading av-kgqejwjg-6e254313e2dfd1136075ecdd7183f179 av-special-heading-h2 custom-color-heading  avia-builder-el-1  avia-builder-el-no-sibling '><h2 class='av-special-heading-tag '  itemprop=\"headline\"  >F\u00eates et traditions<\/h2><div class=\"special-heading-border\"><div class=\"special-heading-inner-border\"><\/div><\/div><\/div>\n<\/div><\/div><\/main><!-- close content main element --><\/div><\/div><div id='after_section_1'  class='main_color av_default_container_wrap container_wrap sidebar_right'  ><div class='container av-section-cont-open' ><div class='template-page content  av-content-small alpha units'><div class='post-entry post-entry-type-page post-entry-4306'><div class='entry-content-wrapper clearfix'>\n\n<style type=\"text\/css\" data-created_by=\"avia_inline_auto\" id=\"style-css-av-ka83c8ic-3c7b8f3c7c30de56472aa91aacb80482\">\n#top .avia-icon-list-container.av-ka83c8ic-3c7b8f3c7c30de56472aa91aacb80482 .iconlist_icon{\ncolor:#dfa01f;\nbackground-color:#f2f2f2;\n}\n#top .avia-icon-list-container.av-ka83c8ic-3c7b8f3c7c30de56472aa91aacb80482 .iconlist_icon svg:first-child{\nstroke:#dfa01f;\nfill:#dfa01f;\n}\n<\/style>\n<div  class='avia-icon-list-container av-ka83c8ic-3c7b8f3c7c30de56472aa91aacb80482  avia-builder-el-2  el_after_av_section  avia-builder-el-no-sibling '><ul class='avia-icon-list avia_animate_when_almost_visible avia-icon-list-left av-iconlist-big av-ka83c8ic-3c7b8f3c7c30de56472aa91aacb80482 avia-iconlist-animate'>\n<li><div class='iconlist_icon av-act36q-61d3fa54d3645303062f48c528037f5a avia-font-entypo-fontello avia-iconfont avia-font-entypo-fontello'><span class='av-icon-char' data-av_icon='\ue897' data-av_iconfont='entypo-fontello' aria-hidden=\"true\"><\/span><\/div><article class=\"article-icon-entry \"  itemscope=\"itemscope\" itemtype=\"https:\/\/schema.org\/CreativeWork\" ><div class=\"iconlist_content_wrap\"><header class=\"entry-content-header\" aria-label=\"Ic\u00f4ne : La f\u00eate de l\u2019entr\u00e9e au CP\"><h4 class='av_iconlist_title iconlist_title  '  itemprop=\"headline\" >La f\u00eate de l\u2019entr\u00e9e au CP<\/h4><\/header><div class='iconlist_content '  itemprop=\"text\" ><p><img decoding=\"async\" class=\"alignleft wp-image-3865\" src=\"https:\/\/www.idsp.fr\/wp-content\/uploads\/2020\/09\/Enschulung_Schultu\u0308ten-340x227.jpeg\" alt=\"\" width=\"218\" height=\"145\" srcset=\"https:\/\/www.idsp.fr\/wp-content\/uploads\/2020\/09\/Enschulung_Schultu\u0308ten-340x227.jpeg 340w, https:\/\/www.idsp.fr\/wp-content\/uploads\/2020\/09\/Enschulung_Schultu\u0308ten-1030x686.jpeg 1030w, https:\/\/www.idsp.fr\/wp-content\/uploads\/2020\/09\/Enschulung_Schultu\u0308ten-768x512.jpeg 768w, https:\/\/www.idsp.fr\/wp-content\/uploads\/2020\/09\/Enschulung_Schultu\u0308ten-705x470.jpeg 705w, https:\/\/www.idsp.fr\/wp-content\/uploads\/2020\/09\/Enschulung_Schultu\u0308ten.jpeg 1280w\" sizes=\"(max-width: 218px) 100vw, 218px\" \/>La f\u00eate de l&rsquo;entr\u00e9e au CP de nos jeunes \u00e9l\u00e8ves a lieu dans notre salle des f\u00eates et est organis\u00e9e par les \u00e9l\u00e8ves et les enseignants de l&rsquo;\u00e9cole primaire.<\/p>\n<\/div><\/div><footer class=\"entry-footer\"><\/footer><\/article><div class=\"iconlist-timeline\"><\/div><\/li>\n<li><div class='iconlist_icon av-9bys9u-0067fc4b28f2b66cbc077a9216fb4a5e avia-font-entypo-fontello avia-iconfont avia-font-entypo-fontello'><span class='av-icon-char' data-av_icon='\ue897' data-av_iconfont='entypo-fontello' aria-hidden=\"true\"><\/span><\/div><article class=\"article-icon-entry \"  itemscope=\"itemscope\" itemtype=\"https:\/\/schema.org\/CreativeWork\" ><div class=\"iconlist_content_wrap\"><header class=\"entry-content-header\" aria-label=\"Ic\u00f4ne : La Saint-Martin\"><h4 class='av_iconlist_title iconlist_title  '  itemprop=\"headline\" >La Saint-Martin<\/h4><\/header><div class='iconlist_content '  itemprop=\"text\" ><p><img decoding=\"async\" class=\"alignleft wp-image-19301\" src=\"https:\/\/www.idsp.fr\/wp-content\/uploads\/2022\/11\/Martin-1-HP-klein-340x255.jpg\" alt=\"\" width=\"250\" height=\"188\" \/>\u00c0 la Saint-Martin, nous d\u00e9filons avec nos lampions fabriqu\u00e9s en classe dans les rues avoisinantes avant de se retrouver autour d&rsquo;un grand feu pour chanter tous ensemble.<\/p>\n<\/div><\/div><footer class=\"entry-footer\"><\/footer><\/article><div class=\"iconlist-timeline\"><\/div><\/li>\n<li><div class='iconlist_icon av-7limmq-763ede6f2f26d2243cdf7436176c9349 avia-font-entypo-fontello avia-iconfont avia-font-entypo-fontello'><span class='av-icon-char' data-av_icon='\ue897' data-av_iconfont='entypo-fontello' aria-hidden=\"true\"><\/span><\/div><article class=\"article-icon-entry \"  itemscope=\"itemscope\" itemtype=\"https:\/\/schema.org\/CreativeWork\" ><div class=\"iconlist_content_wrap\"><header class=\"entry-content-header\" aria-label=\"Ic\u00f4ne : Le march\u00e9 de No\u00ebl\"><h4 class='av_iconlist_title iconlist_title  '  itemprop=\"headline\" >Le march\u00e9 de No\u00ebl<\/h4><\/header><div class='iconlist_content '  itemprop=\"text\" ><p><img decoding=\"async\" class=\"wp-image-2691 alignleft\" src=\"https:\/\/www.idsp.fr\/wp-content\/uploads\/2020\/09\/WM-GS-Collage-320x320.jpg\" alt=\"\" width=\"173\" height=\"173\" \/>Tous les \u00e9l\u00e8ves participent au grand march\u00e9 de No\u00ebl de l&rsquo;\u00e9cole qui marque le d\u00e9but de la p\u00e9riode de l&rsquo;Avent.<\/p>\n<p>En d\u00e9cembre, Saint-Nicolas rend visite aux plus jeunes.<\/p>\n<p>Apr\u00e8s les chants de No\u00ebl en pr\u00e9sence des parents, les enfants partent en vacances.<\/p>\n<\/div><\/div><footer class=\"entry-footer\"><\/footer><\/article><div class=\"iconlist-timeline\"><\/div><\/li>\n<li><div class='iconlist_icon av-5rpl4y-f4f36f7f1e025b44fca384ac08d21791 avia-font-entypo-fontello avia-iconfont avia-font-entypo-fontello'><span class='av-icon-char' data-av_icon='\ue897' data-av_iconfont='entypo-fontello' aria-hidden=\"true\"><\/span><\/div><article class=\"article-icon-entry \"  itemscope=\"itemscope\" itemtype=\"https:\/\/schema.org\/CreativeWork\" ><div class=\"iconlist_content_wrap\"><header class=\"entry-content-header\" aria-label=\"Ic\u00f4ne : La f\u00eate de printemps\"><h4 class='av_iconlist_title iconlist_title  '  itemprop=\"headline\" >La f\u00eate de printemps<\/h4><\/header><div class='iconlist_content '  itemprop=\"text\" ><p><img decoding=\"async\" class=\"alignleft wp-image-2716\" src=\"https:\/\/www.idsp.fr\/wp-content\/uploads\/2020\/09\/P4260618-Kopie-340x255.jpeg\" alt=\"\" width=\"218\" height=\"163\" \/><\/p>\n<p>Un des grands moments de l&rsquo;ann\u00e9e scolaire est notre f\u00eate de printemps pour laquelle les classes 2 et 4 pr\u00e9parent un programme de th\u00e9\u00e2tre, jeu et danse.<\/p>\n<p>Une troupe de th\u00e9\u00e2tre fran\u00e7aise plante chaque ann\u00e9e son d\u00e9cor dans notre salle des f\u00eates pour une repr\u00e9sentation dans la langue de notre pays d&rsquo;accueil.<\/p>\n<\/div><\/div><footer class=\"entry-footer\"><\/footer><\/article><div class=\"iconlist-timeline\"><\/div><\/li>\n<li><div class='iconlist_icon av-dwzqa-c13c98457dddfe6b046570ebe3782daa avia-font-entypo-fontello avia-iconfont avia-font-entypo-fontello'><span class='av-icon-char' data-av_icon='\ue897' data-av_iconfont='entypo-fontello' aria-hidden=\"true\"><\/span><\/div><article class=\"article-icon-entry \"  itemscope=\"itemscope\" itemtype=\"https:\/\/schema.org\/CreativeWork\" ><div class=\"iconlist_content_wrap\"><header class=\"entry-content-header\" aria-label=\"Ic\u00f4ne : Le tournoi sportif de la jeunesse\"><h4 class='av_iconlist_title iconlist_title  '  itemprop=\"headline\" >Le tournoi sportif de la jeunesse<\/h4><\/header><div class='iconlist_content '  itemprop=\"text\" ><p><img decoding=\"async\" class=\"wp-image-2712 alignleft\" src=\"https:\/\/www.idsp.fr\/wp-content\/uploads\/2020\/09\/Sportfest1-340x255.jpg\" alt=\"\" width=\"220\" height=\"165\" \/>Au mois de juin, a lieu le tournoi sportif de la jeunesse (Bundesjugendspiele) \u00e0 l&rsquo;issue duquel les \u00e9l\u00e8ves se voient remettre un dipl\u00f4me sportif.<\/p>\n<\/div><\/div><footer class=\"entry-footer\"><\/footer><\/article><div class=\"iconlist-timeline\"><\/div><\/li>\n<li><div class='iconlist_icon av-aeyoy-8e6d9c28aee589f3db912e36921b2cfa avia-font-entypo-fontello avia-iconfont avia-font-entypo-fontello'><span class='av-icon-char' data-av_icon='\ue897' data-av_iconfont='entypo-fontello' aria-hidden=\"true\"><\/span><\/div><article class=\"article-icon-entry \"  itemscope=\"itemscope\" itemtype=\"https:\/\/schema.org\/CreativeWork\" ><div class=\"iconlist_content_wrap\"><header class=\"entry-content-header\" aria-label=\"Ic\u00f4ne : F\u00eate d\u2019\u00e9t\u00e9\"><h4 class='av_iconlist_title iconlist_title  '  itemprop=\"headline\" >F\u00eate d\u2019\u00e9t\u00e9<\/h4><\/header><div class='iconlist_content '  itemprop=\"text\" ><p><img decoding=\"async\" class=\"wp-image-2709 alignleft\" src=\"https:\/\/www.idsp.fr\/wp-content\/uploads\/2020\/09\/P6221261-Kopie-340x255.jpeg\" alt=\"\" width=\"219\" height=\"164\" \/><\/p>\n<p>La f\u00eate d&rsquo;\u00e9t\u00e9 cl\u00f4ture l&rsquo;ann\u00e9e scolaire par un grand rassemblement de toute la communaut\u00e9 scolaire juste avant les vacances d&rsquo;\u00e9t\u00e9.<\/p>\n<\/div><\/div><footer class=\"entry-footer\"><\/footer><\/article><div class=\"iconlist-timeline\"><\/div><\/li>\n<\/ul><\/div>\n","protected":false},"excerpt":{"rendered":"","protected":false},"author":3,"featured_media":0,"parent":4056,"menu_order":22,"comment_status":"closed","ping_status":"closed","template":"","meta":{"footnotes":""},"class_list":["post-4306","page","type-page","status-publish","hentry"],"yoast_head":"<!-- This site is optimized with the Yoast SEO plugin v27.4 - https:\/\/yoast.com\/product\/yoast-seo-wordpress\/ -->\n<title>F\u00eates et traditions - iDSP - La Schule - Internationale Deutsche Schule Paris<\/title>\n<meta name=\"robots\" content=\"index, follow, max-snippet:-1, max-image-preview:large, max-video-preview:-1\" \/>\n<link rel=\"canonical\" href=\"https:\/\/www.idsp.fr\/fr\/primaire\/fetes-et-traditions\/\" \/>\n<meta property=\"og:locale\" content=\"fr_FR\" \/>\n<meta property=\"og:type\" content=\"article\" \/>\n<meta property=\"og:title\" content=\"F\u00eates et traditions - iDSP - La Schule - Internationale Deutsche Schule Paris\" \/>\n<meta property=\"og:url\" content=\"https:\/\/www.idsp.fr\/fr\/primaire\/fetes-et-traditions\/\" \/>\n<meta property=\"og:site_name\" content=\"iDSP - La Schule - Internationale Deutsche Schule Paris\" \/>\n<meta property=\"article:modified_time\" content=\"2024-01-08T16:15:34+00:00\" \/>\n<meta property=\"og:image\" content=\"https:\/\/www.idsp.fr\/wp-content\/uploads\/2022\/11\/Martin-1-HP-klein-340x255.jpg\" \/>\n<meta name=\"twitter:card\" content=\"summary_large_image\" \/>\n<meta name=\"twitter:label1\" content=\"Dur\u00e9e de lecture estim\u00e9e\" \/>\n\t<meta name=\"twitter:data1\" content=\"4 minutes\" \/>\n<script type=\"application\/ld+json\" class=\"yoast-schema-graph\">{\"@context\":\"https:\\\/\\\/schema.org\",\"@graph\":[{\"@type\":\"WebPage\",\"@id\":\"https:\\\/\\\/www.idsp.fr\\\/fr\\\/primaire\\\/fetes-et-traditions\\\/\",\"url\":\"https:\\\/\\\/www.idsp.fr\\\/fr\\\/primaire\\\/fetes-et-traditions\\\/\",\"name\":\"F\u00eates et traditions - iDSP - La Schule - Internationale Deutsche Schule Paris\",\"isPartOf\":{\"@id\":\"https:\\\/\\\/www.idsp.fr\\\/#website\"},\"primaryImageOfPage\":{\"@id\":\"https:\\\/\\\/www.idsp.fr\\\/fr\\\/primaire\\\/fetes-et-traditions\\\/#primaryimage\"},\"image\":{\"@id\":\"https:\\\/\\\/www.idsp.fr\\\/fr\\\/primaire\\\/fetes-et-traditions\\\/#primaryimage\"},\"thumbnailUrl\":\"https:\\\/\\\/www.idsp.fr\\\/wp-content\\\/uploads\\\/2022\\\/11\\\/Martin-1-HP-klein-340x255.jpg\",\"datePublished\":\"2020-10-02T12:11:02+00:00\",\"dateModified\":\"2024-01-08T16:15:34+00:00\",\"breadcrumb\":{\"@id\":\"https:\\\/\\\/www.idsp.fr\\\/fr\\\/primaire\\\/fetes-et-traditions\\\/#breadcrumb\"},\"inLanguage\":\"fr-FR\",\"potentialAction\":[{\"@type\":\"ReadAction\",\"target\":[\"https:\\\/\\\/www.idsp.fr\\\/fr\\\/primaire\\\/fetes-et-traditions\\\/\"]}]},{\"@type\":\"ImageObject\",\"inLanguage\":\"fr-FR\",\"@id\":\"https:\\\/\\\/www.idsp.fr\\\/fr\\\/primaire\\\/fetes-et-traditions\\\/#primaryimage\",\"url\":\"https:\\\/\\\/www.idsp.fr\\\/wp-content\\\/uploads\\\/2022\\\/11\\\/Martin-1-HP-klein-340x255.jpg\",\"contentUrl\":\"https:\\\/\\\/www.idsp.fr\\\/wp-content\\\/uploads\\\/2022\\\/11\\\/Martin-1-HP-klein-340x255.jpg\"},{\"@type\":\"BreadcrumbList\",\"@id\":\"https:\\\/\\\/www.idsp.fr\\\/fr\\\/primaire\\\/fetes-et-traditions\\\/#breadcrumb\",\"itemListElement\":[{\"@type\":\"ListItem\",\"position\":1,\"name\":\"Startseite\",\"item\":\"https:\\\/\\\/www.idsp.fr\\\/fr\\\/idsp-ecole-allemande-internationale-de-paris\\\/\"},{\"@type\":\"ListItem\",\"position\":2,\"name\":\"PRIMAIRE\",\"item\":\"https:\\\/\\\/www.idsp.fr\\\/fr\\\/primaire\\\/\"},{\"@type\":\"ListItem\",\"position\":3,\"name\":\"F\u00eates et traditions\"}]},{\"@type\":\"WebSite\",\"@id\":\"https:\\\/\\\/www.idsp.fr\\\/#website\",\"url\":\"https:\\\/\\\/www.idsp.fr\\\/\",\"name\":\"iDSP - La Schule - Internationale Deutsche Schule Paris\",\"description\":\"\",\"potentialAction\":[{\"@type\":\"SearchAction\",\"target\":{\"@type\":\"EntryPoint\",\"urlTemplate\":\"https:\\\/\\\/www.idsp.fr\\\/?s={search_term_string}\"},\"query-input\":{\"@type\":\"PropertyValueSpecification\",\"valueRequired\":true,\"valueName\":\"search_term_string\"}}],\"inLanguage\":\"fr-FR\"}]}<\/script>\n<!-- \/ Yoast SEO plugin. -->","yoast_head_json":{"title":"F\u00eates et traditions - iDSP - La Schule - Internationale Deutsche Schule Paris","robots":{"index":"index","follow":"follow","max-snippet":"max-snippet:-1","max-image-preview":"max-image-preview:large","max-video-preview":"max-video-preview:-1"},"canonical":"https:\/\/www.idsp.fr\/fr\/primaire\/fetes-et-traditions\/","og_locale":"fr_FR","og_type":"article","og_title":"F\u00eates et traditions - iDSP - La Schule - Internationale Deutsche Schule Paris","og_url":"https:\/\/www.idsp.fr\/fr\/primaire\/fetes-et-traditions\/","og_site_name":"iDSP - La Schule - Internationale Deutsche Schule Paris","article_modified_time":"2024-01-08T16:15:34+00:00","og_image":[{"url":"https:\/\/www.idsp.fr\/wp-content\/uploads\/2022\/11\/Martin-1-HP-klein-340x255.jpg","type":"","width":"","height":""}],"twitter_card":"summary_large_image","twitter_misc":{"Dur\u00e9e de lecture estim\u00e9e":"4 minutes"},"schema":{"@context":"https:\/\/schema.org","@graph":[{"@type":"WebPage","@id":"https:\/\/www.idsp.fr\/fr\/primaire\/fetes-et-traditions\/","url":"https:\/\/www.idsp.fr\/fr\/primaire\/fetes-et-traditions\/","name":"F\u00eates et traditions - iDSP - La Schule - Internationale Deutsche Schule Paris","isPartOf":{"@id":"https:\/\/www.idsp.fr\/#website"},"primaryImageOfPage":{"@id":"https:\/\/www.idsp.fr\/fr\/primaire\/fetes-et-traditions\/#primaryimage"},"image":{"@id":"https:\/\/www.idsp.fr\/fr\/primaire\/fetes-et-traditions\/#primaryimage"},"thumbnailUrl":"https:\/\/www.idsp.fr\/wp-content\/uploads\/2022\/11\/Martin-1-HP-klein-340x255.jpg","datePublished":"2020-10-02T12:11:02+00:00","dateModified":"2024-01-08T16:15:34+00:00","breadcrumb":{"@id":"https:\/\/www.idsp.fr\/fr\/primaire\/fetes-et-traditions\/#breadcrumb"},"inLanguage":"fr-FR","potentialAction":[{"@type":"ReadAction","target":["https:\/\/www.idsp.fr\/fr\/primaire\/fetes-et-traditions\/"]}]},{"@type":"ImageObject","inLanguage":"fr-FR","@id":"https:\/\/www.idsp.fr\/fr\/primaire\/fetes-et-traditions\/#primaryimage","url":"https:\/\/www.idsp.fr\/wp-content\/uploads\/2022\/11\/Martin-1-HP-klein-340x255.jpg","contentUrl":"https:\/\/www.idsp.fr\/wp-content\/uploads\/2022\/11\/Martin-1-HP-klein-340x255.jpg"},{"@type":"BreadcrumbList","@id":"https:\/\/www.idsp.fr\/fr\/primaire\/fetes-et-traditions\/#breadcrumb","itemListElement":[{"@type":"ListItem","position":1,"name":"Startseite","item":"https:\/\/www.idsp.fr\/fr\/idsp-ecole-allemande-internationale-de-paris\/"},{"@type":"ListItem","position":2,"name":"PRIMAIRE","item":"https:\/\/www.idsp.fr\/fr\/primaire\/"},{"@type":"ListItem","position":3,"name":"F\u00eates et traditions"}]},{"@type":"WebSite","@id":"https:\/\/www.idsp.fr\/#website","url":"https:\/\/www.idsp.fr\/","name":"iDSP - La Schule - Internationale Deutsche Schule Paris","description":"","potentialAction":[{"@type":"SearchAction","target":{"@type":"EntryPoint","urlTemplate":"https:\/\/www.idsp.fr\/?s={search_term_string}"},"query-input":{"@type":"PropertyValueSpecification","valueRequired":true,"valueName":"search_term_string"}}],"inLanguage":"fr-FR"}]}},"_links":{"self":[{"href":"https:\/\/www.idsp.fr\/fr\/wp-json\/wp\/v2\/pages\/4306","targetHints":{"allow":["GET"]}}],"collection":[{"href":"https:\/\/www.idsp.fr\/fr\/wp-json\/wp\/v2\/pages"}],"about":[{"href":"https:\/\/www.idsp.fr\/fr\/wp-json\/wp\/v2\/types\/page"}],"author":[{"embeddable":true,"href":"https:\/\/www.idsp.fr\/fr\/wp-json\/wp\/v2\/users\/3"}],"replies":[{"embeddable":true,"href":"https:\/\/www.idsp.fr\/fr\/wp-json\/wp\/v2\/comments?post=4306"}],"version-history":[{"count":0,"href":"https:\/\/www.idsp.fr\/fr\/wp-json\/wp\/v2\/pages\/4306\/revisions"}],"up":[{"embeddable":true,"href":"https:\/\/www.idsp.fr\/fr\/wp-json\/wp\/v2\/pages\/4056"}],"wp:attachment":[{"href":"https:\/\/www.idsp.fr\/fr\/wp-json\/wp\/v2\/media?parent=4306"}],"curies":[{"name":"wp","href":"https:\/\/api.w.org\/{rel}","templated":true}]}}