{"id":4295,"date":"2020-10-02T14:07:32","date_gmt":"2020-10-02T12:07:32","guid":{"rendered":"https:\/\/www.idsp.fr\/?page_id=4295"},"modified":"2023-11-20T18:24:05","modified_gmt":"2023-11-20T17:24:05","slug":"langues","status":"publish","type":"page","link":"https:\/\/www.idsp.fr\/fr\/primaire\/langues\/","title":{"rendered":"Langues"},"content":{"rendered":"\n<style type=\"text\/css\" data-created_by=\"avia_inline_auto\" id=\"style-css-av-k9tzp0ta-6dd7479124f797f4d8afc0b20a8557c6\">\n.avia-section.av-k9tzp0ta-6dd7479124f797f4d8afc0b20a8557c6{\nbackground-color:#024d7d;\nbackground-image:unset;\n}\n<\/style>\n<div id='av_section_1'  class='avia-section av-k9tzp0ta-6dd7479124f797f4d8afc0b20a8557c6 main_color avia-section-small avia-no-border-styling  avia-builder-el-0  el_before_av_iconlist  avia-builder-el-first  avia-bg-style-scroll av-minimum-height av-minimum-height-custom av-height-custom  container_wrap sidebar_right'   data-av_minimum_height_px='100'><div class='container av-section-cont-open' style='height:100px'><main  role=\"main\" itemprop=\"mainContentOfPage\"  class='template-page content  av-content-small alpha units'><div class='post-entry post-entry-type-page post-entry-4295'><div class='entry-content-wrapper clearfix'>\n\n<style type=\"text\/css\" data-created_by=\"avia_inline_auto\" id=\"style-css-av-kgqe03ha-0efc0f5e9b81b712fe2d5294446dbfbb\">\n#top .av-special-heading.av-kgqe03ha-0efc0f5e9b81b712fe2d5294446dbfbb{\npadding-bottom:10px;\ncolor:#ffffff;\n}\nbody .av-special-heading.av-kgqe03ha-0efc0f5e9b81b712fe2d5294446dbfbb .av-special-heading-tag .heading-char{\nfont-size:25px;\n}\n.av-special-heading.av-kgqe03ha-0efc0f5e9b81b712fe2d5294446dbfbb .special-heading-inner-border{\nborder-color:#ffffff;\n}\n.av-special-heading.av-kgqe03ha-0efc0f5e9b81b712fe2d5294446dbfbb .av-subheading{\nfont-size:15px;\n}\n<\/style>\n<div  class='av-special-heading av-kgqe03ha-0efc0f5e9b81b712fe2d5294446dbfbb av-special-heading-h2 custom-color-heading  avia-builder-el-1  avia-builder-el-no-sibling '><h2 class='av-special-heading-tag '  itemprop=\"headline\"  >Langues<\/h2><div class=\"special-heading-border\"><div class=\"special-heading-inner-border\"><\/div><\/div><\/div>\n<\/div><\/div><\/main><!-- close content main element --><\/div><\/div><div id='after_section_1'  class='main_color av_default_container_wrap container_wrap sidebar_right'  ><div class='container av-section-cont-open' ><div class='template-page content  av-content-small alpha units'><div class='post-entry post-entry-type-page post-entry-4295'><div class='entry-content-wrapper clearfix'>\n\n<style type=\"text\/css\" data-created_by=\"avia_inline_auto\" id=\"style-css-av-ka83c8ic-3c7b8f3c7c30de56472aa91aacb80482\">\n#top .avia-icon-list-container.av-ka83c8ic-3c7b8f3c7c30de56472aa91aacb80482 .iconlist_icon{\ncolor:#dfa01f;\nbackground-color:#f2f2f2;\n}\n#top .avia-icon-list-container.av-ka83c8ic-3c7b8f3c7c30de56472aa91aacb80482 .iconlist_icon svg:first-child{\nstroke:#dfa01f;\nfill:#dfa01f;\n}\n<\/style>\n<div  class='avia-icon-list-container av-ka83c8ic-3c7b8f3c7c30de56472aa91aacb80482  avia-builder-el-2  el_after_av_section  avia-builder-el-no-sibling '><ul class='avia-icon-list avia_animate_when_almost_visible avia-icon-list-left av-iconlist-big av-ka83c8ic-3c7b8f3c7c30de56472aa91aacb80482 avia-iconlist-animate'>\n<li><div class='iconlist_icon av-5qri9z-452107b933ad1b49b0251920b66deb8a avia-font-entypo-fontello avia-iconfont avia-font-entypo-fontello'><span class='av-icon-char' data-av_icon='\ue83b' data-av_iconfont='entypo-fontello' aria-hidden=\"true\"><\/span><\/div><article class=\"article-icon-entry \"  itemscope=\"itemscope\" itemtype=\"https:\/\/schema.org\/CreativeWork\" ><div class=\"iconlist_content_wrap\"><header class=\"entry-content-header\" aria-label=\"Ic\u00f4ne : Fran\u00e7ais\"><h4 class='av_iconlist_title iconlist_title  '  itemprop=\"headline\" >Fran\u00e7ais<\/h4><\/header><div class='iconlist_content '  itemprop=\"text\" ><p>Tous les \u00e9l\u00e8ves de l&rsquo;\u00e9cole primaire apprennent le fran\u00e7ais 4 heures par semaine.<\/p>\n<p>L&rsquo;objectif du cours de langue \u00e9trang\u00e8re (Fran\u00e7ais langue \u00e9trang\u00e8re = Fle) est de faciliter l&rsquo;int\u00e9gration linguistique des enfants. Les connaissances linguistiques existantes sont renforc\u00e9es et \u00e9largies.<\/p>\n<p>Nous encourageons les capacit\u00e9s d&rsquo;expression des \u00e9l\u00e8ves avanc\u00e9s et introduisons la lecture et l&rsquo;\u00e9criture.<br \/>\nDans tous les niveaux, nous proposons un cours de langue maternelle destin\u00e9 aux \u00e9l\u00e8ves bilingues (Fran\u00e7ais langue maternelle = Flm) et utilisons des manuels p\u00e9dagogiques du syst\u00e8me \u00e9ducatif fran\u00e7ais.<\/p>\n<p>Suivant le calendrier fran\u00e7ais et en accord avec les offres des communes environnantes, nous initions nos enfants \u00e0 la culture de notre pays d&rsquo;accueil.<\/p>\n<\/div><\/div><footer class=\"entry-footer\"><\/footer><\/article><div class=\"iconlist-timeline\"><\/div><\/li>\n<li><div class='iconlist_icon av-3z6uav-06015f65ae3b7f5924806537c4915f1b avia-font-entypo-fontello avia-iconfont avia-font-entypo-fontello'><span class='av-icon-char' data-av_icon='\ue83b' data-av_iconfont='entypo-fontello' aria-hidden=\"true\"><\/span><\/div><article class=\"article-icon-entry \"  itemscope=\"itemscope\" itemtype=\"https:\/\/schema.org\/CreativeWork\" ><div class=\"iconlist_content_wrap\"><header class=\"entry-content-header\" aria-label=\"Ic\u00f4ne : Anglais\"><h4 class='av_iconlist_title iconlist_title  '  itemprop=\"headline\" >Anglais<\/h4><\/header><div class='iconlist_content '  itemprop=\"text\" ><p>Dans un cours extrascolaire d&rsquo;anglais, d&rsquo;une dur\u00e9e de deux heures, les \u00e9l\u00e8ves de la 2e \u00e0 la 4e classe qui ont des connaissances en anglais peuvent renforcer et \u00e9largir les connaissances linguistiques d\u00e9j\u00e0 acquises.<\/p>\n<\/div><\/div><footer class=\"entry-footer\"><\/footer><\/article><div class=\"iconlist-timeline\"><\/div><\/li>\n<li><div class='iconlist_icon av-2xn16f-a36219c222cd6e8b7ed40d48449ac582 avia-font-entypo-fontello avia-iconfont avia-font-entypo-fontello'><span class='av-icon-char' data-av_icon='\ue83b' data-av_iconfont='entypo-fontello' aria-hidden=\"true\"><\/span><\/div><article class=\"article-icon-entry \"  itemscope=\"itemscope\" itemtype=\"https:\/\/schema.org\/CreativeWork\" ><div class=\"iconlist_content_wrap\"><header class=\"entry-content-header\" aria-label=\"Ic\u00f4ne : Allemand\"><h4 class='av_iconlist_title iconlist_title  '  itemprop=\"headline\" >Allemand<\/h4><\/header><div class='iconlist_content '  itemprop=\"text\" ><p>L&rsquo;iDSP propose aux enfants fran\u00e7ais des cours d&rsquo;allemand pour d\u00e9butants et interm\u00e9diaires. Ceux-ci ont lieu dans le cadre de notre <a href=\"https:\/\/www.idsp.fr\/fr\/activites-extrascolaires\/ecole-du-mercredi\/\">\u00e9cole du mercredi<\/a>.<\/p>\n<\/div><\/div><footer class=\"entry-footer\"><\/footer><\/article><div class=\"iconlist-timeline\"><\/div><\/li>\n<\/ul><\/div>\n","protected":false},"excerpt":{"rendered":"","protected":false},"author":3,"featured_media":0,"parent":4056,"menu_order":20,"comment_status":"closed","ping_status":"closed","template":"","meta":{"footnotes":""},"class_list":["post-4295","page","type-page","status-publish","hentry"],"yoast_head":"<!-- This site is optimized with the Yoast SEO plugin v27.4 - https:\/\/yoast.com\/product\/yoast-seo-wordpress\/ -->\n<title>Langues - iDSP - La Schule - Internationale Deutsche Schule Paris<\/title>\n<meta name=\"robots\" content=\"index, follow, max-snippet:-1, max-image-preview:large, max-video-preview:-1\" \/>\n<link rel=\"canonical\" href=\"https:\/\/www.idsp.fr\/fr\/primaire\/langues\/\" \/>\n<meta property=\"og:locale\" content=\"fr_FR\" \/>\n<meta property=\"og:type\" content=\"article\" \/>\n<meta property=\"og:title\" content=\"Langues - iDSP - La Schule - Internationale Deutsche Schule Paris\" \/>\n<meta property=\"og:url\" content=\"https:\/\/www.idsp.fr\/fr\/primaire\/langues\/\" \/>\n<meta property=\"og:site_name\" content=\"iDSP - La Schule - Internationale Deutsche Schule Paris\" \/>\n<meta property=\"article:modified_time\" content=\"2023-11-20T17:24:05+00:00\" \/>\n<meta name=\"twitter:card\" content=\"summary_large_image\" \/>\n<meta name=\"twitter:label1\" content=\"Dur\u00e9e de lecture estim\u00e9e\" \/>\n\t<meta name=\"twitter:data1\" content=\"2 minutes\" \/>\n<script type=\"application\/ld+json\" class=\"yoast-schema-graph\">{\"@context\":\"https:\\\/\\\/schema.org\",\"@graph\":[{\"@type\":\"WebPage\",\"@id\":\"https:\\\/\\\/www.idsp.fr\\\/fr\\\/primaire\\\/langues\\\/\",\"url\":\"https:\\\/\\\/www.idsp.fr\\\/fr\\\/primaire\\\/langues\\\/\",\"name\":\"Langues - iDSP - La Schule - Internationale Deutsche Schule Paris\",\"isPartOf\":{\"@id\":\"https:\\\/\\\/www.idsp.fr\\\/#website\"},\"datePublished\":\"2020-10-02T12:07:32+00:00\",\"dateModified\":\"2023-11-20T17:24:05+00:00\",\"breadcrumb\":{\"@id\":\"https:\\\/\\\/www.idsp.fr\\\/fr\\\/primaire\\\/langues\\\/#breadcrumb\"},\"inLanguage\":\"fr-FR\",\"potentialAction\":[{\"@type\":\"ReadAction\",\"target\":[\"https:\\\/\\\/www.idsp.fr\\\/fr\\\/primaire\\\/langues\\\/\"]}]},{\"@type\":\"BreadcrumbList\",\"@id\":\"https:\\\/\\\/www.idsp.fr\\\/fr\\\/primaire\\\/langues\\\/#breadcrumb\",\"itemListElement\":[{\"@type\":\"ListItem\",\"position\":1,\"name\":\"Startseite\",\"item\":\"https:\\\/\\\/www.idsp.fr\\\/fr\\\/idsp-ecole-allemande-internationale-de-paris\\\/\"},{\"@type\":\"ListItem\",\"position\":2,\"name\":\"PRIMAIRE\",\"item\":\"https:\\\/\\\/www.idsp.fr\\\/fr\\\/primaire\\\/\"},{\"@type\":\"ListItem\",\"position\":3,\"name\":\"Langues\"}]},{\"@type\":\"WebSite\",\"@id\":\"https:\\\/\\\/www.idsp.fr\\\/#website\",\"url\":\"https:\\\/\\\/www.idsp.fr\\\/\",\"name\":\"iDSP - La Schule - Internationale Deutsche Schule Paris\",\"description\":\"\",\"potentialAction\":[{\"@type\":\"SearchAction\",\"target\":{\"@type\":\"EntryPoint\",\"urlTemplate\":\"https:\\\/\\\/www.idsp.fr\\\/?s={search_term_string}\"},\"query-input\":{\"@type\":\"PropertyValueSpecification\",\"valueRequired\":true,\"valueName\":\"search_term_string\"}}],\"inLanguage\":\"fr-FR\"}]}<\/script>\n<!-- \/ Yoast SEO plugin. -->","yoast_head_json":{"title":"Langues - iDSP - La Schule - Internationale Deutsche Schule Paris","robots":{"index":"index","follow":"follow","max-snippet":"max-snippet:-1","max-image-preview":"max-image-preview:large","max-video-preview":"max-video-preview:-1"},"canonical":"https:\/\/www.idsp.fr\/fr\/primaire\/langues\/","og_locale":"fr_FR","og_type":"article","og_title":"Langues - iDSP - La Schule - Internationale Deutsche Schule Paris","og_url":"https:\/\/www.idsp.fr\/fr\/primaire\/langues\/","og_site_name":"iDSP - La Schule - Internationale Deutsche Schule Paris","article_modified_time":"2023-11-20T17:24:05+00:00","twitter_card":"summary_large_image","twitter_misc":{"Dur\u00e9e de lecture estim\u00e9e":"2 minutes"},"schema":{"@context":"https:\/\/schema.org","@graph":[{"@type":"WebPage","@id":"https:\/\/www.idsp.fr\/fr\/primaire\/langues\/","url":"https:\/\/www.idsp.fr\/fr\/primaire\/langues\/","name":"Langues - iDSP - La Schule - Internationale Deutsche Schule Paris","isPartOf":{"@id":"https:\/\/www.idsp.fr\/#website"},"datePublished":"2020-10-02T12:07:32+00:00","dateModified":"2023-11-20T17:24:05+00:00","breadcrumb":{"@id":"https:\/\/www.idsp.fr\/fr\/primaire\/langues\/#breadcrumb"},"inLanguage":"fr-FR","potentialAction":[{"@type":"ReadAction","target":["https:\/\/www.idsp.fr\/fr\/primaire\/langues\/"]}]},{"@type":"BreadcrumbList","@id":"https:\/\/www.idsp.fr\/fr\/primaire\/langues\/#breadcrumb","itemListElement":[{"@type":"ListItem","position":1,"name":"Startseite","item":"https:\/\/www.idsp.fr\/fr\/idsp-ecole-allemande-internationale-de-paris\/"},{"@type":"ListItem","position":2,"name":"PRIMAIRE","item":"https:\/\/www.idsp.fr\/fr\/primaire\/"},{"@type":"ListItem","position":3,"name":"Langues"}]},{"@type":"WebSite","@id":"https:\/\/www.idsp.fr\/#website","url":"https:\/\/www.idsp.fr\/","name":"iDSP - La Schule - Internationale Deutsche Schule Paris","description":"","potentialAction":[{"@type":"SearchAction","target":{"@type":"EntryPoint","urlTemplate":"https:\/\/www.idsp.fr\/?s={search_term_string}"},"query-input":{"@type":"PropertyValueSpecification","valueRequired":true,"valueName":"search_term_string"}}],"inLanguage":"fr-FR"}]}},"_links":{"self":[{"href":"https:\/\/www.idsp.fr\/fr\/wp-json\/wp\/v2\/pages\/4295","targetHints":{"allow":["GET"]}}],"collection":[{"href":"https:\/\/www.idsp.fr\/fr\/wp-json\/wp\/v2\/pages"}],"about":[{"href":"https:\/\/www.idsp.fr\/fr\/wp-json\/wp\/v2\/types\/page"}],"author":[{"embeddable":true,"href":"https:\/\/www.idsp.fr\/fr\/wp-json\/wp\/v2\/users\/3"}],"replies":[{"embeddable":true,"href":"https:\/\/www.idsp.fr\/fr\/wp-json\/wp\/v2\/comments?post=4295"}],"version-history":[{"count":0,"href":"https:\/\/www.idsp.fr\/fr\/wp-json\/wp\/v2\/pages\/4295\/revisions"}],"up":[{"embeddable":true,"href":"https:\/\/www.idsp.fr\/fr\/wp-json\/wp\/v2\/pages\/4056"}],"wp:attachment":[{"href":"https:\/\/www.idsp.fr\/fr\/wp-json\/wp\/v2\/media?parent=4295"}],"curies":[{"name":"wp","href":"https:\/\/api.w.org\/{rel}","templated":true}]}}