{"id":4290,"date":"2020-10-02T14:06:18","date_gmt":"2020-10-02T12:06:18","guid":{"rendered":"https:\/\/www.idsp.fr\/?page_id=4290"},"modified":"2024-09-12T16:01:45","modified_gmt":"2024-09-12T14:01:45","slug":"matieres-et-emplois-du-temps","status":"publish","type":"page","link":"https:\/\/www.idsp.fr\/fr\/primaire\/matieres-et-emplois-du-temps\/","title":{"rendered":"Mati\u00e8res et emplois du temps"},"content":{"rendered":"\n<style type=\"text\/css\" data-created_by=\"avia_inline_auto\" id=\"style-css-av-k9tzp0ta-6dd7479124f797f4d8afc0b20a8557c6\">\n.avia-section.av-k9tzp0ta-6dd7479124f797f4d8afc0b20a8557c6{\nbackground-color:#024d7d;\nbackground-image:unset;\n}\n<\/style>\n<div id='av_section_1'  class='avia-section av-k9tzp0ta-6dd7479124f797f4d8afc0b20a8557c6 main_color avia-section-small avia-no-border-styling  avia-builder-el-0  el_before_av_heading  avia-builder-el-first  avia-bg-style-scroll av-minimum-height av-minimum-height-custom av-height-custom  container_wrap sidebar_right'   data-av_minimum_height_px='100'><div class='container av-section-cont-open' style='height:100px'><main  role=\"main\" itemprop=\"mainContentOfPage\"  class='template-page content  av-content-small alpha units'><div class='post-entry post-entry-type-page post-entry-4290'><div class='entry-content-wrapper clearfix'>\n\n<style type=\"text\/css\" data-created_by=\"avia_inline_auto\" id=\"style-css-av-kgrxkf49-deba5e0acba91d2dbf34aaabbc4ea91f\">\n#top .av-special-heading.av-kgrxkf49-deba5e0acba91d2dbf34aaabbc4ea91f{\npadding-bottom:10px;\ncolor:#ffffff;\n}\nbody .av-special-heading.av-kgrxkf49-deba5e0acba91d2dbf34aaabbc4ea91f .av-special-heading-tag .heading-char{\nfont-size:25px;\n}\n.av-special-heading.av-kgrxkf49-deba5e0acba91d2dbf34aaabbc4ea91f .special-heading-inner-border{\nborder-color:#ffffff;\n}\n.av-special-heading.av-kgrxkf49-deba5e0acba91d2dbf34aaabbc4ea91f .av-subheading{\nfont-size:15px;\n}\n<\/style>\n<div  class='av-special-heading av-kgrxkf49-deba5e0acba91d2dbf34aaabbc4ea91f av-special-heading-h2 custom-color-heading  avia-builder-el-1  avia-builder-el-no-sibling '><h2 class='av-special-heading-tag '  itemprop=\"headline\"  >Mati\u00e8res et emplois du temps<\/h2><div class=\"special-heading-border\"><div class=\"special-heading-inner-border\"><\/div><\/div><\/div>\n<\/div><\/div><\/main><!-- close content main element --><\/div><\/div><div id='after_section_1'  class='main_color av_default_container_wrap container_wrap sidebar_right'  ><div class='container av-section-cont-open' ><div class='template-page content  av-content-small alpha units'><div class='post-entry post-entry-type-page post-entry-4290'><div class='entry-content-wrapper clearfix'>\n\n<style type=\"text\/css\" data-created_by=\"avia_inline_auto\" id=\"style-css-av-86l5u-962a212ac26117624c97333791774088\">\n#top .av-special-heading.av-86l5u-962a212ac26117624c97333791774088{\npadding-bottom:10px;\n}\nbody .av-special-heading.av-86l5u-962a212ac26117624c97333791774088 .av-special-heading-tag .heading-char{\nfont-size:25px;\n}\n.av-special-heading.av-86l5u-962a212ac26117624c97333791774088 .av-subheading{\nfont-size:15px;\n}\n<\/style>\n<div  class='av-special-heading av-86l5u-962a212ac26117624c97333791774088 av-special-heading-h3  avia-builder-el-2  el_after_av_section  el_before_av_textblock  avia-builder-el-first '><h3 class='av-special-heading-tag '  itemprop=\"headline\"  >Mati\u00e8res et emplois du temps du primaire<\/h3><div class=\"special-heading-border\"><div class=\"special-heading-inner-border\"><\/div><\/div><\/div>\n<section  class='av_textblock_section av-keohnw40-c434da9dd2bcca4cb5b2abc629d3417d '   itemscope=\"itemscope\" itemtype=\"https:\/\/schema.org\/CreativeWork\" ><div class='avia_textblock'  itemprop=\"text\" ><p><img decoding=\"async\" class=\"alignright wp-image-2661\" src=\"https:\/\/www.idsp.fr\/wp-content\/uploads\/2020\/09\/IMG_0660-340x137.jpeg\" alt=\"\" width=\"406\" height=\"164\" \/><\/p>\n<p>La grille horaires donne un aper\u00e7u du nombre d\u2019heures enseign\u00e9es par mati\u00e8re et par classe.<\/p>\n<p><a href=\"https:\/\/www.idsp.fr\/wp-content\/uploads\/2023\/09\/Stundentafel_Schuljahr_2023_2024.pdf\" target=\"_blank\" rel=\"noopener\">GRILLE HORAIRES <\/a>(Classes 1 \u00e0 12)<\/p>\n<p>Les emplois du temps suivants sont des exemples qui permettent de se faire une id\u00e9e sur les cours (les emplois du temps ne correspondent pas \u00e0 ceux en vigueur actuellement car ceux-ci varient chaque ann\u00e9e pour des raisons d\u2019organisation).<\/p>\n<p><a href=\"https:\/\/www.idsp.fr\/wp-content\/uploads\/2024\/09\/Musterstundenplan-GS_2024-2025.pdf\" target=\"_blank\" rel=\"noopener\">EMPLOIS DU TEMPS TYPE\u00a0<\/a><\/p>\n<\/div><\/section>\n","protected":false},"excerpt":{"rendered":"","protected":false},"author":3,"featured_media":0,"parent":4056,"menu_order":17,"comment_status":"closed","ping_status":"closed","template":"","meta":{"footnotes":""},"class_list":["post-4290","page","type-page","status-publish","hentry"],"yoast_head":"<!-- This site is optimized with the Yoast SEO plugin v27.4 - https:\/\/yoast.com\/product\/yoast-seo-wordpress\/ -->\n<title>Mati\u00e8res et emplois du temps - iDSP - La Schule - Internationale Deutsche Schule Paris<\/title>\n<meta name=\"robots\" content=\"index, follow, max-snippet:-1, max-image-preview:large, max-video-preview:-1\" \/>\n<link rel=\"canonical\" href=\"https:\/\/www.idsp.fr\/fr\/primaire\/matieres-et-emplois-du-temps\/\" \/>\n<meta property=\"og:locale\" content=\"fr_FR\" \/>\n<meta property=\"og:type\" content=\"article\" \/>\n<meta property=\"og:title\" content=\"Mati\u00e8res et emplois du temps - iDSP - La Schule - Internationale Deutsche Schule Paris\" \/>\n<meta property=\"og:url\" content=\"https:\/\/www.idsp.fr\/fr\/primaire\/matieres-et-emplois-du-temps\/\" \/>\n<meta property=\"og:site_name\" content=\"iDSP - La Schule - Internationale Deutsche Schule Paris\" \/>\n<meta property=\"article:modified_time\" content=\"2024-09-12T14:01:45+00:00\" \/>\n<meta property=\"og:image\" content=\"https:\/\/www.idsp.fr\/wp-content\/uploads\/2020\/09\/IMG_0660-340x137.jpeg\" \/>\n<meta name=\"twitter:card\" content=\"summary_large_image\" \/>\n<meta name=\"twitter:label1\" content=\"Dur\u00e9e de lecture estim\u00e9e\" \/>\n\t<meta name=\"twitter:data1\" content=\"1 minute\" \/>\n<script type=\"application\/ld+json\" class=\"yoast-schema-graph\">{\"@context\":\"https:\\\/\\\/schema.org\",\"@graph\":[{\"@type\":\"WebPage\",\"@id\":\"https:\\\/\\\/www.idsp.fr\\\/fr\\\/primaire\\\/matieres-et-emplois-du-temps\\\/\",\"url\":\"https:\\\/\\\/www.idsp.fr\\\/fr\\\/primaire\\\/matieres-et-emplois-du-temps\\\/\",\"name\":\"Mati\u00e8res et emplois du temps - iDSP - La Schule - Internationale Deutsche Schule Paris\",\"isPartOf\":{\"@id\":\"https:\\\/\\\/www.idsp.fr\\\/#website\"},\"primaryImageOfPage\":{\"@id\":\"https:\\\/\\\/www.idsp.fr\\\/fr\\\/primaire\\\/matieres-et-emplois-du-temps\\\/#primaryimage\"},\"image\":{\"@id\":\"https:\\\/\\\/www.idsp.fr\\\/fr\\\/primaire\\\/matieres-et-emplois-du-temps\\\/#primaryimage\"},\"thumbnailUrl\":\"https:\\\/\\\/www.idsp.fr\\\/wp-content\\\/uploads\\\/2020\\\/09\\\/IMG_0660-340x137.jpeg\",\"datePublished\":\"2020-10-02T12:06:18+00:00\",\"dateModified\":\"2024-09-12T14:01:45+00:00\",\"breadcrumb\":{\"@id\":\"https:\\\/\\\/www.idsp.fr\\\/fr\\\/primaire\\\/matieres-et-emplois-du-temps\\\/#breadcrumb\"},\"inLanguage\":\"fr-FR\",\"potentialAction\":[{\"@type\":\"ReadAction\",\"target\":[\"https:\\\/\\\/www.idsp.fr\\\/fr\\\/primaire\\\/matieres-et-emplois-du-temps\\\/\"]}]},{\"@type\":\"ImageObject\",\"inLanguage\":\"fr-FR\",\"@id\":\"https:\\\/\\\/www.idsp.fr\\\/fr\\\/primaire\\\/matieres-et-emplois-du-temps\\\/#primaryimage\",\"url\":\"https:\\\/\\\/www.idsp.fr\\\/wp-content\\\/uploads\\\/2020\\\/09\\\/IMG_0660-340x137.jpeg\",\"contentUrl\":\"https:\\\/\\\/www.idsp.fr\\\/wp-content\\\/uploads\\\/2020\\\/09\\\/IMG_0660-340x137.jpeg\"},{\"@type\":\"BreadcrumbList\",\"@id\":\"https:\\\/\\\/www.idsp.fr\\\/fr\\\/primaire\\\/matieres-et-emplois-du-temps\\\/#breadcrumb\",\"itemListElement\":[{\"@type\":\"ListItem\",\"position\":1,\"name\":\"Startseite\",\"item\":\"https:\\\/\\\/www.idsp.fr\\\/fr\\\/idsp-ecole-allemande-internationale-de-paris\\\/\"},{\"@type\":\"ListItem\",\"position\":2,\"name\":\"PRIMAIRE\",\"item\":\"https:\\\/\\\/www.idsp.fr\\\/fr\\\/primaire\\\/\"},{\"@type\":\"ListItem\",\"position\":3,\"name\":\"Mati\u00e8res et emplois du temps\"}]},{\"@type\":\"WebSite\",\"@id\":\"https:\\\/\\\/www.idsp.fr\\\/#website\",\"url\":\"https:\\\/\\\/www.idsp.fr\\\/\",\"name\":\"iDSP - La Schule - Internationale Deutsche Schule Paris\",\"description\":\"\",\"potentialAction\":[{\"@type\":\"SearchAction\",\"target\":{\"@type\":\"EntryPoint\",\"urlTemplate\":\"https:\\\/\\\/www.idsp.fr\\\/?s={search_term_string}\"},\"query-input\":{\"@type\":\"PropertyValueSpecification\",\"valueRequired\":true,\"valueName\":\"search_term_string\"}}],\"inLanguage\":\"fr-FR\"}]}<\/script>\n<!-- \/ Yoast SEO plugin. -->","yoast_head_json":{"title":"Mati\u00e8res et emplois du temps - iDSP - La Schule - Internationale Deutsche Schule Paris","robots":{"index":"index","follow":"follow","max-snippet":"max-snippet:-1","max-image-preview":"max-image-preview:large","max-video-preview":"max-video-preview:-1"},"canonical":"https:\/\/www.idsp.fr\/fr\/primaire\/matieres-et-emplois-du-temps\/","og_locale":"fr_FR","og_type":"article","og_title":"Mati\u00e8res et emplois du temps - iDSP - La Schule - Internationale Deutsche Schule Paris","og_url":"https:\/\/www.idsp.fr\/fr\/primaire\/matieres-et-emplois-du-temps\/","og_site_name":"iDSP - La Schule - Internationale Deutsche Schule Paris","article_modified_time":"2024-09-12T14:01:45+00:00","og_image":[{"url":"https:\/\/www.idsp.fr\/wp-content\/uploads\/2020\/09\/IMG_0660-340x137.jpeg","type":"","width":"","height":""}],"twitter_card":"summary_large_image","twitter_misc":{"Dur\u00e9e de lecture estim\u00e9e":"1 minute"},"schema":{"@context":"https:\/\/schema.org","@graph":[{"@type":"WebPage","@id":"https:\/\/www.idsp.fr\/fr\/primaire\/matieres-et-emplois-du-temps\/","url":"https:\/\/www.idsp.fr\/fr\/primaire\/matieres-et-emplois-du-temps\/","name":"Mati\u00e8res et emplois du temps - iDSP - La Schule - Internationale Deutsche Schule Paris","isPartOf":{"@id":"https:\/\/www.idsp.fr\/#website"},"primaryImageOfPage":{"@id":"https:\/\/www.idsp.fr\/fr\/primaire\/matieres-et-emplois-du-temps\/#primaryimage"},"image":{"@id":"https:\/\/www.idsp.fr\/fr\/primaire\/matieres-et-emplois-du-temps\/#primaryimage"},"thumbnailUrl":"https:\/\/www.idsp.fr\/wp-content\/uploads\/2020\/09\/IMG_0660-340x137.jpeg","datePublished":"2020-10-02T12:06:18+00:00","dateModified":"2024-09-12T14:01:45+00:00","breadcrumb":{"@id":"https:\/\/www.idsp.fr\/fr\/primaire\/matieres-et-emplois-du-temps\/#breadcrumb"},"inLanguage":"fr-FR","potentialAction":[{"@type":"ReadAction","target":["https:\/\/www.idsp.fr\/fr\/primaire\/matieres-et-emplois-du-temps\/"]}]},{"@type":"ImageObject","inLanguage":"fr-FR","@id":"https:\/\/www.idsp.fr\/fr\/primaire\/matieres-et-emplois-du-temps\/#primaryimage","url":"https:\/\/www.idsp.fr\/wp-content\/uploads\/2020\/09\/IMG_0660-340x137.jpeg","contentUrl":"https:\/\/www.idsp.fr\/wp-content\/uploads\/2020\/09\/IMG_0660-340x137.jpeg"},{"@type":"BreadcrumbList","@id":"https:\/\/www.idsp.fr\/fr\/primaire\/matieres-et-emplois-du-temps\/#breadcrumb","itemListElement":[{"@type":"ListItem","position":1,"name":"Startseite","item":"https:\/\/www.idsp.fr\/fr\/idsp-ecole-allemande-internationale-de-paris\/"},{"@type":"ListItem","position":2,"name":"PRIMAIRE","item":"https:\/\/www.idsp.fr\/fr\/primaire\/"},{"@type":"ListItem","position":3,"name":"Mati\u00e8res et emplois du temps"}]},{"@type":"WebSite","@id":"https:\/\/www.idsp.fr\/#website","url":"https:\/\/www.idsp.fr\/","name":"iDSP - La Schule - Internationale Deutsche Schule Paris","description":"","potentialAction":[{"@type":"SearchAction","target":{"@type":"EntryPoint","urlTemplate":"https:\/\/www.idsp.fr\/?s={search_term_string}"},"query-input":{"@type":"PropertyValueSpecification","valueRequired":true,"valueName":"search_term_string"}}],"inLanguage":"fr-FR"}]}},"_links":{"self":[{"href":"https:\/\/www.idsp.fr\/fr\/wp-json\/wp\/v2\/pages\/4290","targetHints":{"allow":["GET"]}}],"collection":[{"href":"https:\/\/www.idsp.fr\/fr\/wp-json\/wp\/v2\/pages"}],"about":[{"href":"https:\/\/www.idsp.fr\/fr\/wp-json\/wp\/v2\/types\/page"}],"author":[{"embeddable":true,"href":"https:\/\/www.idsp.fr\/fr\/wp-json\/wp\/v2\/users\/3"}],"replies":[{"embeddable":true,"href":"https:\/\/www.idsp.fr\/fr\/wp-json\/wp\/v2\/comments?post=4290"}],"version-history":[{"count":2,"href":"https:\/\/www.idsp.fr\/fr\/wp-json\/wp\/v2\/pages\/4290\/revisions"}],"predecessor-version":[{"id":29962,"href":"https:\/\/www.idsp.fr\/fr\/wp-json\/wp\/v2\/pages\/4290\/revisions\/29962"}],"up":[{"embeddable":true,"href":"https:\/\/www.idsp.fr\/fr\/wp-json\/wp\/v2\/pages\/4056"}],"wp:attachment":[{"href":"https:\/\/www.idsp.fr\/fr\/wp-json\/wp\/v2\/media?parent=4290"}],"curies":[{"name":"wp","href":"https:\/\/api.w.org\/{rel}","templated":true}]}}