{"id":4268,"date":"2020-10-02T13:49:17","date_gmt":"2020-10-02T11:49:17","guid":{"rendered":"https:\/\/www.idsp.fr\/?page_id=4268"},"modified":"2020-10-26T09:43:32","modified_gmt":"2020-10-26T08:43:32","slug":"ecole-de-musique","status":"publish","type":"page","link":"https:\/\/www.idsp.fr\/fr\/activites\/ecole-de-musique\/","title":{"rendered":"\u00c9cole de musique"},"content":{"rendered":"\n<style type=\"text\/css\" data-created_by=\"avia_inline_auto\" id=\"style-css-av-k9tzp0ta-6dd7479124f797f4d8afc0b20a8557c6\">\n.avia-section.av-k9tzp0ta-6dd7479124f797f4d8afc0b20a8557c6{\nbackground-color:#024d7d;\nbackground-image:unset;\n}\n<\/style>\n<div id='av_section_1'  class='avia-section av-k9tzp0ta-6dd7479124f797f4d8afc0b20a8557c6 main_color avia-section-small avia-no-border-styling  avia-builder-el-0  el_before_av_textblock  avia-builder-el-first  avia-bg-style-scroll av-minimum-height av-minimum-height-custom av-height-custom  container_wrap sidebar_right'   data-av_minimum_height_px='100'><div class='container av-section-cont-open' style='height:100px'><main  role=\"main\" itemprop=\"mainContentOfPage\"  class='template-page content  av-content-small alpha units'><div class='post-entry post-entry-type-page post-entry-4268'><div class='entry-content-wrapper clearfix'>\n\n<style type=\"text\/css\" data-created_by=\"avia_inline_auto\" id=\"style-css-av-kazon537-08a1d3a41abcabdb39dcd46142dd16d1\">\n#top .av-special-heading.av-kazon537-08a1d3a41abcabdb39dcd46142dd16d1{\npadding-bottom:10px;\ncolor:#ffffff;\n}\nbody .av-special-heading.av-kazon537-08a1d3a41abcabdb39dcd46142dd16d1 .av-special-heading-tag .heading-char{\nfont-size:25px;\n}\n.av-special-heading.av-kazon537-08a1d3a41abcabdb39dcd46142dd16d1 .special-heading-inner-border{\nborder-color:#ffffff;\n}\n.av-special-heading.av-kazon537-08a1d3a41abcabdb39dcd46142dd16d1 .av-subheading{\nfont-size:15px;\n}\n<\/style>\n<div  class='av-special-heading av-kazon537-08a1d3a41abcabdb39dcd46142dd16d1 av-special-heading-h2 custom-color-heading  avia-builder-el-1  avia-builder-el-no-sibling '><h2 class='av-special-heading-tag '  itemprop=\"headline\"  >EMFA<\/h2><div class=\"special-heading-border\"><div class=\"special-heading-inner-border\"><\/div><\/div><\/div>\n<\/div><\/div><\/main><!-- close content main element --><\/div><\/div><div id='after_section_1'  class='main_color av_default_container_wrap container_wrap sidebar_right'  ><div class='container av-section-cont-open' ><div class='template-page content  av-content-small alpha units'><div class='post-entry post-entry-type-page post-entry-4268'><div class='entry-content-wrapper clearfix'>\n<section  class='av_textblock_section av-kazop48x-1c3b0abc3e0c0b7b16127fc6d58a97f9 '   itemscope=\"itemscope\" itemtype=\"https:\/\/schema.org\/CreativeWork\" ><div class='avia_textblock'  itemprop=\"text\" ><blockquote>\n<p><a href=\"http:\/\/www.emfa-musikschule.fr\/\" target=\"_blank\" rel=\"noopener noreferrer\"><img decoding=\"async\" class=\"alignright wp-image-537\" src=\"https:\/\/www.idsp.fr\/wp-content\/uploads\/2020\/06\/EMFA-Logo-trans.png\" alt=\"\" width=\"200\" height=\"227\" \/><\/a>L&rsquo;<strong>EMFA (\u00c9cole de Musique Franco-Allemande)<\/strong> est install\u00e9e dans l&rsquo;enceinte de l&rsquo;iDSP depuis 1998. Sa devise\u00a0: \u201eMusique sans fronti\u00e8res\u201c.<br \/>\nElle propose des cours d&rsquo;instruments en allemand et en fran\u00e7ais pour les enfants et les adultes de m\u00eame que diff\u00e9rents cours collectifs. Musiciens de tous \u00e2ges et de tous niveaux, soyez les bienvenus !<\/p>\n<\/blockquote>\n<p>EMFA-Homepage: <a href=\"http:\/\/www.emfa-musikschule.fr\" target=\"_blank\" rel=\"noopener noreferrer\">www.emfa-musikschule.fr<\/a><\/p>\n<\/div><\/section>\n","protected":false},"excerpt":{"rendered":"","protected":false},"author":3,"featured_media":0,"parent":4012,"menu_order":21,"comment_status":"closed","ping_status":"closed","template":"","meta":{"footnotes":""},"class_list":["post-4268","page","type-page","status-publish","hentry"],"yoast_head":"<!-- This site is optimized with the Yoast SEO plugin v27.3 - https:\/\/yoast.com\/product\/yoast-seo-wordpress\/ -->\n<title>\u00c9cole de musique - iDSP - La Schule - Internationale Deutsche Schule Paris<\/title>\n<meta name=\"robots\" content=\"index, follow, max-snippet:-1, max-image-preview:large, max-video-preview:-1\" \/>\n<link rel=\"canonical\" href=\"https:\/\/www.idsp.fr\/fr\/activites\/ecole-de-musique\/\" \/>\n<meta property=\"og:locale\" content=\"fr_FR\" \/>\n<meta property=\"og:type\" content=\"article\" \/>\n<meta property=\"og:title\" content=\"\u00c9cole de musique - iDSP - La Schule - Internationale Deutsche Schule Paris\" \/>\n<meta property=\"og:url\" content=\"https:\/\/www.idsp.fr\/fr\/activites\/ecole-de-musique\/\" \/>\n<meta property=\"og:site_name\" content=\"iDSP - La Schule - Internationale Deutsche Schule Paris\" \/>\n<meta property=\"article:modified_time\" content=\"2020-10-26T08:43:32+00:00\" \/>\n<meta property=\"og:image\" content=\"https:\/\/www.idsp.fr\/wp-content\/uploads\/2020\/06\/EMFA-Logo-trans.png\" \/>\n<meta name=\"twitter:card\" content=\"summary_large_image\" \/>\n<meta name=\"twitter:label1\" content=\"Dur\u00e9e de lecture estim\u00e9e\" \/>\n\t<meta name=\"twitter:data1\" content=\"1 minute\" \/>\n<script type=\"application\/ld+json\" class=\"yoast-schema-graph\">{\"@context\":\"https:\\\/\\\/schema.org\",\"@graph\":[{\"@type\":\"WebPage\",\"@id\":\"https:\\\/\\\/www.idsp.fr\\\/fr\\\/activites\\\/ecole-de-musique\\\/\",\"url\":\"https:\\\/\\\/www.idsp.fr\\\/fr\\\/activites\\\/ecole-de-musique\\\/\",\"name\":\"\u00c9cole de musique - iDSP - La Schule - Internationale Deutsche Schule Paris\",\"isPartOf\":{\"@id\":\"https:\\\/\\\/www.idsp.fr\\\/#website\"},\"primaryImageOfPage\":{\"@id\":\"https:\\\/\\\/www.idsp.fr\\\/fr\\\/activites\\\/ecole-de-musique\\\/#primaryimage\"},\"image\":{\"@id\":\"https:\\\/\\\/www.idsp.fr\\\/fr\\\/activites\\\/ecole-de-musique\\\/#primaryimage\"},\"thumbnailUrl\":\"https:\\\/\\\/www.idsp.fr\\\/wp-content\\\/uploads\\\/2020\\\/06\\\/EMFA-Logo-trans.png\",\"datePublished\":\"2020-10-02T11:49:17+00:00\",\"dateModified\":\"2020-10-26T08:43:32+00:00\",\"breadcrumb\":{\"@id\":\"https:\\\/\\\/www.idsp.fr\\\/fr\\\/activites\\\/ecole-de-musique\\\/#breadcrumb\"},\"inLanguage\":\"fr-FR\",\"potentialAction\":[{\"@type\":\"ReadAction\",\"target\":[\"https:\\\/\\\/www.idsp.fr\\\/fr\\\/activites\\\/ecole-de-musique\\\/\"]}]},{\"@type\":\"ImageObject\",\"inLanguage\":\"fr-FR\",\"@id\":\"https:\\\/\\\/www.idsp.fr\\\/fr\\\/activites\\\/ecole-de-musique\\\/#primaryimage\",\"url\":\"https:\\\/\\\/www.idsp.fr\\\/wp-content\\\/uploads\\\/2020\\\/06\\\/EMFA-Logo-trans.png\",\"contentUrl\":\"https:\\\/\\\/www.idsp.fr\\\/wp-content\\\/uploads\\\/2020\\\/06\\\/EMFA-Logo-trans.png\"},{\"@type\":\"BreadcrumbList\",\"@id\":\"https:\\\/\\\/www.idsp.fr\\\/fr\\\/activites\\\/ecole-de-musique\\\/#breadcrumb\",\"itemListElement\":[{\"@type\":\"ListItem\",\"position\":1,\"name\":\"Startseite\",\"item\":\"https:\\\/\\\/www.idsp.fr\\\/fr\\\/idsp-ecole-allemande-internationale-de-paris\\\/\"},{\"@type\":\"ListItem\",\"position\":2,\"name\":\"Activit\u00e9s\",\"item\":\"https:\\\/\\\/www.idsp.fr\\\/fr\\\/activites\\\/\"},{\"@type\":\"ListItem\",\"position\":3,\"name\":\"\u00c9cole de musique\"}]},{\"@type\":\"WebSite\",\"@id\":\"https:\\\/\\\/www.idsp.fr\\\/#website\",\"url\":\"https:\\\/\\\/www.idsp.fr\\\/\",\"name\":\"iDSP - La Schule - Internationale Deutsche Schule Paris\",\"description\":\"\",\"potentialAction\":[{\"@type\":\"SearchAction\",\"target\":{\"@type\":\"EntryPoint\",\"urlTemplate\":\"https:\\\/\\\/www.idsp.fr\\\/?s={search_term_string}\"},\"query-input\":{\"@type\":\"PropertyValueSpecification\",\"valueRequired\":true,\"valueName\":\"search_term_string\"}}],\"inLanguage\":\"fr-FR\"}]}<\/script>\n<!-- \/ Yoast SEO plugin. -->","yoast_head_json":{"title":"\u00c9cole de musique - iDSP - La Schule - Internationale Deutsche Schule Paris","robots":{"index":"index","follow":"follow","max-snippet":"max-snippet:-1","max-image-preview":"max-image-preview:large","max-video-preview":"max-video-preview:-1"},"canonical":"https:\/\/www.idsp.fr\/fr\/activites\/ecole-de-musique\/","og_locale":"fr_FR","og_type":"article","og_title":"\u00c9cole de musique - iDSP - La Schule - Internationale Deutsche Schule Paris","og_url":"https:\/\/www.idsp.fr\/fr\/activites\/ecole-de-musique\/","og_site_name":"iDSP - La Schule - Internationale Deutsche Schule Paris","article_modified_time":"2020-10-26T08:43:32+00:00","og_image":[{"url":"https:\/\/www.idsp.fr\/wp-content\/uploads\/2020\/06\/EMFA-Logo-trans.png","type":"","width":"","height":""}],"twitter_card":"summary_large_image","twitter_misc":{"Dur\u00e9e de lecture estim\u00e9e":"1 minute"},"schema":{"@context":"https:\/\/schema.org","@graph":[{"@type":"WebPage","@id":"https:\/\/www.idsp.fr\/fr\/activites\/ecole-de-musique\/","url":"https:\/\/www.idsp.fr\/fr\/activites\/ecole-de-musique\/","name":"\u00c9cole de musique - iDSP - La Schule - Internationale Deutsche Schule Paris","isPartOf":{"@id":"https:\/\/www.idsp.fr\/#website"},"primaryImageOfPage":{"@id":"https:\/\/www.idsp.fr\/fr\/activites\/ecole-de-musique\/#primaryimage"},"image":{"@id":"https:\/\/www.idsp.fr\/fr\/activites\/ecole-de-musique\/#primaryimage"},"thumbnailUrl":"https:\/\/www.idsp.fr\/wp-content\/uploads\/2020\/06\/EMFA-Logo-trans.png","datePublished":"2020-10-02T11:49:17+00:00","dateModified":"2020-10-26T08:43:32+00:00","breadcrumb":{"@id":"https:\/\/www.idsp.fr\/fr\/activites\/ecole-de-musique\/#breadcrumb"},"inLanguage":"fr-FR","potentialAction":[{"@type":"ReadAction","target":["https:\/\/www.idsp.fr\/fr\/activites\/ecole-de-musique\/"]}]},{"@type":"ImageObject","inLanguage":"fr-FR","@id":"https:\/\/www.idsp.fr\/fr\/activites\/ecole-de-musique\/#primaryimage","url":"https:\/\/www.idsp.fr\/wp-content\/uploads\/2020\/06\/EMFA-Logo-trans.png","contentUrl":"https:\/\/www.idsp.fr\/wp-content\/uploads\/2020\/06\/EMFA-Logo-trans.png"},{"@type":"BreadcrumbList","@id":"https:\/\/www.idsp.fr\/fr\/activites\/ecole-de-musique\/#breadcrumb","itemListElement":[{"@type":"ListItem","position":1,"name":"Startseite","item":"https:\/\/www.idsp.fr\/fr\/idsp-ecole-allemande-internationale-de-paris\/"},{"@type":"ListItem","position":2,"name":"Activit\u00e9s","item":"https:\/\/www.idsp.fr\/fr\/activites\/"},{"@type":"ListItem","position":3,"name":"\u00c9cole de musique"}]},{"@type":"WebSite","@id":"https:\/\/www.idsp.fr\/#website","url":"https:\/\/www.idsp.fr\/","name":"iDSP - La Schule - Internationale Deutsche Schule Paris","description":"","potentialAction":[{"@type":"SearchAction","target":{"@type":"EntryPoint","urlTemplate":"https:\/\/www.idsp.fr\/?s={search_term_string}"},"query-input":{"@type":"PropertyValueSpecification","valueRequired":true,"valueName":"search_term_string"}}],"inLanguage":"fr-FR"}]}},"_links":{"self":[{"href":"https:\/\/www.idsp.fr\/fr\/wp-json\/wp\/v2\/pages\/4268","targetHints":{"allow":["GET"]}}],"collection":[{"href":"https:\/\/www.idsp.fr\/fr\/wp-json\/wp\/v2\/pages"}],"about":[{"href":"https:\/\/www.idsp.fr\/fr\/wp-json\/wp\/v2\/types\/page"}],"author":[{"embeddable":true,"href":"https:\/\/www.idsp.fr\/fr\/wp-json\/wp\/v2\/users\/3"}],"replies":[{"embeddable":true,"href":"https:\/\/www.idsp.fr\/fr\/wp-json\/wp\/v2\/comments?post=4268"}],"version-history":[{"count":0,"href":"https:\/\/www.idsp.fr\/fr\/wp-json\/wp\/v2\/pages\/4268\/revisions"}],"up":[{"embeddable":true,"href":"https:\/\/www.idsp.fr\/fr\/wp-json\/wp\/v2\/pages\/4012"}],"wp:attachment":[{"href":"https:\/\/www.idsp.fr\/fr\/wp-json\/wp\/v2\/media?parent=4268"}],"curies":[{"name":"wp","href":"https:\/\/api.w.org\/{rel}","templated":true}]}}