{"id":4256,"date":"2020-10-02T13:44:09","date_gmt":"2020-10-02T11:44:09","guid":{"rendered":"https:\/\/www.idsp.fr\/?page_id=4256"},"modified":"2026-03-12T18:32:47","modified_gmt":"2026-03-12T17:32:47","slug":"activites-de-lamicale","status":"publish","type":"page","link":"https:\/\/www.idsp.fr\/fr\/activites\/activites-de-lamicale\/","title":{"rendered":"Activit\u00e9s de l&rsquo;Amicale"},"content":{"rendered":"\n<style type=\"text\/css\" data-created_by=\"avia_inline_auto\" id=\"style-css-av-k9tzp0ta-6dd7479124f797f4d8afc0b20a8557c6\">\n.avia-section.av-k9tzp0ta-6dd7479124f797f4d8afc0b20a8557c6{\nbackground-color:#024d7d;\nbackground-image:unset;\n}\n<\/style>\n<div id='av_section_1'  class='avia-section av-k9tzp0ta-6dd7479124f797f4d8afc0b20a8557c6 main_color avia-section-small avia-no-border-styling  avia-builder-el-0  el_before_av_image  avia-builder-el-first  avia-bg-style-scroll av-minimum-height av-minimum-height-custom av-height-custom  container_wrap sidebar_right'   data-av_minimum_height_px='100'><div class='container av-section-cont-open' style='height:100px'><main  role=\"main\" itemprop=\"mainContentOfPage\"  class='template-page content  av-content-small alpha units'><div class='post-entry post-entry-type-page post-entry-4256'><div class='entry-content-wrapper clearfix'>\n\n<style type=\"text\/css\" data-created_by=\"avia_inline_auto\" id=\"style-css-av-ka89q8p0-84da53130ec71807f2851a3b3c5f8474\">\n#top .av-special-heading.av-ka89q8p0-84da53130ec71807f2851a3b3c5f8474{\npadding-bottom:10px;\ncolor:#ffffff;\n}\nbody .av-special-heading.av-ka89q8p0-84da53130ec71807f2851a3b3c5f8474 .av-special-heading-tag .heading-char{\nfont-size:25px;\n}\n.av-special-heading.av-ka89q8p0-84da53130ec71807f2851a3b3c5f8474 .special-heading-inner-border{\nborder-color:#ffffff;\n}\n.av-special-heading.av-ka89q8p0-84da53130ec71807f2851a3b3c5f8474 .av-subheading{\nfont-size:15px;\n}\n<\/style>\n<div  class='av-special-heading av-ka89q8p0-84da53130ec71807f2851a3b3c5f8474 av-special-heading-h2 custom-color-heading  avia-builder-el-1  avia-builder-el-no-sibling '><h2 class='av-special-heading-tag '  itemprop=\"headline\"  >L\u2019Amicale de l\u2019iDSP<\/h2><div class=\"special-heading-border\"><div class=\"special-heading-inner-border\"><\/div><\/div><\/div>\n<\/div><\/div><\/main><!-- close content main element --><\/div><\/div><div id='after_section_1'  class='main_color av_default_container_wrap container_wrap sidebar_right'  ><div class='container av-section-cont-open' ><div class='template-page content  av-content-small alpha units'><div class='post-entry post-entry-type-page post-entry-4256'><div class='entry-content-wrapper clearfix'>\n<style type=\"text\/css\" data-created_by=\"avia_inline_auto\" id=\"style-css-av-mmnqj893-3c84a144a44d677cb6ba29695c57114f\">\n.avia-image-container.av-mmnqj893-3c84a144a44d677cb6ba29695c57114f img.avia_image{\nbox-shadow:none;\n}\n.avia-image-container.av-mmnqj893-3c84a144a44d677cb6ba29695c57114f .av-image-caption-overlay-center{\ncolor:#ffffff;\n}\n<\/style>\n<div  class='avia-image-container av-mmnqj893-3c84a144a44d677cb6ba29695c57114f av-styling- av-img-linked avia-align-center  avia-builder-el-2  el_after_av_section  el_before_av_textblock  avia-builder-el-first '   itemprop=\"image\" itemscope=\"itemscope\" itemtype=\"https:\/\/schema.org\/ImageObject\" ><div class=\"avia-image-container-inner\"><div class=\"avia-image-overlay-wrap\"><a href=\"https:\/\/idspfv.org\/\" class='avia_image '  target=\"_blank\"  rel=\"noopener noreferrer\" aria-label='fr-IDSP-Foerderverein'><img decoding=\"async\" fetchpriority=\"high\" class='wp-image-34699 avia-img-lazy-loading-not-34699 avia_image ' src=\"https:\/\/www.idsp.fr\/wp-content\/uploads\/2026\/03\/fr-IDSP-Foerderverein.webp\" alt='' title='fr-IDSP-Foerderverein'  height=\"817\" width=\"1200\"  itemprop=\"thumbnailUrl\" srcset=\"https:\/\/www.idsp.fr\/wp-content\/uploads\/2026\/03\/fr-IDSP-Foerderverein.webp 1200w, https:\/\/www.idsp.fr\/wp-content\/uploads\/2026\/03\/fr-IDSP-Foerderverein-340x231.webp 340w, https:\/\/www.idsp.fr\/wp-content\/uploads\/2026\/03\/fr-IDSP-Foerderverein-1030x701.webp 1030w, https:\/\/www.idsp.fr\/wp-content\/uploads\/2026\/03\/fr-IDSP-Foerderverein-768x523.webp 768w, https:\/\/www.idsp.fr\/wp-content\/uploads\/2026\/03\/fr-IDSP-Foerderverein-705x480.webp 705w\" sizes=\"(max-width: 1200px) 100vw, 1200px\" \/><\/a><\/div><\/div><\/div><\/p>\n<section  class='av_textblock_section av-ka89rt76-8ec8fc953bffbcaf913b3feeeb05c53a '   itemscope=\"itemscope\" itemtype=\"https:\/\/schema.org\/CreativeWork\" ><div class='avia_textblock'  itemprop=\"text\" ><blockquote>\n<p><strong>L&rsquo;Amicale <\/strong>de l&rsquo;ecole allemande internationale de Paris est une association \u00e0 but non lucratif enregistr\u00e9e, dont les membres sont principalement des parents et d&rsquo;anciens \u00e9l\u00e8ves de l&rsquo;iDSP.<\/p>\n<\/blockquote>\n<p>Son objectif premier est de <strong>collecter des fonds<\/strong> pour soutenir l&rsquo;\u00e9cole et le kindergarten afin de promouvoir, maintenir et initier des projets.<\/p>\n<p>L&rsquo;association de l&rsquo;iDSP a \u00e9galement pour objectif de <strong>promouvoir la vie communautaire \u00e0 l&rsquo;\u00e9cole,<\/strong> de faciliter l&rsquo;int\u00e9gration des nouvelles familles dans la vie scolaire et d&rsquo;\u00e9tablir et d&rsquo;entretenir des contacts entre la communaut\u00e9 scolaire et l&rsquo;environnement fran\u00e7ais.<\/p>\n<p>Tous les profits g\u00e9n\u00e9r\u00e9s par le travail de l&rsquo;association de l&rsquo;iDSP sont revers\u00e9s \u00e0 100 % \u00e0 l&rsquo;\u00e9cole et \u00e0 la maternelle.<\/p>\n<p>Pour atteindre ses objectifs, l&rsquo;association organise de nombreux \u00e9v\u00e9nements, f\u00eates et le march\u00e9 de No\u00ebl au cours de l&rsquo;ann\u00e9e scolaire.<\/p>\n<\/div><\/section>\n\n<style type=\"text\/css\" data-created_by=\"avia_inline_auto\" id=\"style-css-av-8u4ee-72e05f9abae57450fcff2842fafdab09\">\n#top .hr.hr-invisible.av-8u4ee-72e05f9abae57450fcff2842fafdab09{\nheight:25px;\n}\n<\/style>\n<div  class='hr av-8u4ee-72e05f9abae57450fcff2842fafdab09 hr-invisible  avia-builder-el-4  el_after_av_textblock  el_before_av_button '><span class='hr-inner '><span class=\"hr-inner-style\"><\/span><\/span><\/div>\n<div  class='avia-button-wrap av-loctouzp-9e048d02fe01060f078be7a9f2f543cf-wrap avia-button-center  avia-builder-el-5  el_after_av_hr  el_before_av_hr '>\n<style type=\"text\/css\" data-created_by=\"avia_inline_auto\" id=\"style-css-av-loctouzp-9e048d02fe01060f078be7a9f2f543cf\">\n#top #wrap_all .avia-button.av-loctouzp-9e048d02fe01060f078be7a9f2f543cf{\nborder-radius:0 5px 0 0;\ntransition:all 0.4s ease-in-out;\n}\n#top #wrap_all.avia-button.av-loctouzp-9e048d02fe01060f078be7a9f2f543cf:hover .avia_button_background{\nborder-radius:0 5px 0 0;\n}\n<\/style>\n<a href='https:\/\/idspfv.org\/'  class='avia-button av-loctouzp-9e048d02fe01060f078be7a9f2f543cf av-link-btn avia-icon_select-yes-left-icon avia-size-x-large avia-position-center avia-color-theme-color-highlight'  target=\"_blank\"  rel=\"noopener noreferrer\"  aria-label=\"ANGEBOTE F\u00dcR DIE ELTERN\"><span class='avia_button_icon avia_button_icon_left avia-iconfont avia-font-entypo-fontello' data-av_icon='\ue835' data-av_iconfont='entypo-fontello' ><\/span><span class='avia_iconbox_title' >ANGEBOTE F\u00dcR DIE ELTERN<\/span><\/a><\/div>\n\n<style type=\"text\/css\" data-created_by=\"avia_inline_auto\" id=\"style-css-av-ka8a0nvv-1a2d8594d789dc75a60154dd3e01cf66\">\n#top .hr.hr-invisible.av-ka8a0nvv-1a2d8594d789dc75a60154dd3e01cf66{\nheight:20px;\n}\n<\/style>\n<div  class='hr av-ka8a0nvv-1a2d8594d789dc75a60154dd3e01cf66 hr-invisible  avia-builder-el-6  el_after_av_button  el_before_av_one_full '><span class='hr-inner '><span class=\"hr-inner-style\"><\/span><\/span><\/div>\n<div class='flex_column_table av-ka89xbr8-7b83adeb2026402457834e71a3835eda sc-av_one_full av-equal-height-column-flextable'>\n<style type=\"text\/css\" data-created_by=\"avia_inline_auto\" id=\"style-css-av-ka89xbr8-7b83adeb2026402457834e71a3835eda\">\n#top .flex_column_table.av-equal-height-column-flextable.av-ka89xbr8-7b83adeb2026402457834e71a3835eda{\nmargin-top:25px;\nmargin-bottom:25px;\n}\n.flex_column.av-ka89xbr8-7b83adeb2026402457834e71a3835eda{\nborder-width:1px;\nborder-color:#c4c4c4;\nborder-style:solid;\nborder-radius:25px 25px 25px 25px;\npadding:25px 25px 25px 25px;\nbackground-color:#ffffff;\n}\n<\/style>\n<div  class='flex_column av-ka89xbr8-7b83adeb2026402457834e71a3835eda av_one_full  avia-builder-el-7  el_after_av_hr  avia-builder-el-last  first flex_column_table_cell av-equal-height-column av-align-top  '     ><p>\n<style type=\"text\/css\" data-created_by=\"avia_inline_auto\" id=\"style-css-av-9gb0e-018ca336c1db12509f37f4a255459698\">\n#top .av-special-heading.av-9gb0e-018ca336c1db12509f37f4a255459698{\npadding-bottom:10px;\n}\nbody .av-special-heading.av-9gb0e-018ca336c1db12509f37f4a255459698 .av-special-heading-tag .heading-char{\nfont-size:25px;\n}\n.av-special-heading.av-9gb0e-018ca336c1db12509f37f4a255459698 .av-subheading{\nfont-size:15px;\n}\n<\/style>\n<div  class='av-special-heading av-9gb0e-018ca336c1db12509f37f4a255459698 av-special-heading-h2 blockquote modern-quote modern-centered  avia-builder-el-8  el_before_av_button  avia-builder-el-first '><h2 class='av-special-heading-tag '  itemprop=\"headline\"  >Devenez membre de l\u2019association, nous serons ravis de vous accueillir !<\/h2><div class=\"special-heading-border\"><div class=\"special-heading-inner-border\"><\/div><\/div><\/div><br \/>\n<div  class='avia-button-wrap av-l7943j80-f3d28c43a792da5cd1e37fd8a4c47c08-wrap avia-button-center  avia-builder-el-9  el_after_av_heading  el_before_av_textblock '><a href='https:\/\/idspfv.org\/'  class='avia-button av-l7943j80-f3d28c43a792da5cd1e37fd8a4c47c08 av-link-btn avia-icon_select-yes-left-icon avia-size-x-large avia-position-center avia-color-theme-color-subtle'  target=\"_blank\"  rel=\"noopener noreferrer\"  aria-label=\"Vers le formulaire d\u2019adh\u00e9sion\"><span class='avia_button_icon avia_button_icon_left avia-iconfont avia-font-entypo-fontello' data-av_icon='\ue835' data-av_iconfont='entypo-fontello' ><\/span><span class='avia_iconbox_title' >Vers le formulaire d\u2019adh\u00e9sion<\/span><\/a><\/div><br \/>\n<section  class='av_textblock_section av-ka89w0d1-f8432c1238896fdeb124724f81b3bb25 '   itemscope=\"itemscope\" itemtype=\"https:\/\/schema.org\/CreativeWork\" ><div class='avia_textblock'  itemprop=\"text\" ><p style=\"text-align: center;\">En adh\u00e9rant \u00e0 l&rsquo;association, vous soutenez ses objectifs, vous nouez de nombreux nouveaux contacts et vous profitez de la vie communautaire \u00e0 l&rsquo;iDSP. Le comit\u00e9 directeur de l&rsquo;association de soutien de l&rsquo;iDSP se r\u00e9jouit \u00e9galement de tout soutien actif. Le maintien de l&rsquo;offre compl\u00e8te propos\u00e9e par l&rsquo;association n&rsquo;est possible que gr\u00e2ce \u00e0 l&rsquo;engagement de nombreuses personnes.<\/p>\n<p style=\"text-align: center;\"><strong>Contact :<\/strong>\u00a0<a href=\"mailto:foerderverein@idsp.fr\">foerderverein@idsp.fr<\/a><\/p>\n<\/div><\/section><\/p><\/div><\/div><!--close column table wrapper. Autoclose: 1 -->\n","protected":false},"excerpt":{"rendered":"","protected":false},"author":3,"featured_media":0,"parent":4012,"menu_order":17,"comment_status":"closed","ping_status":"closed","template":"","meta":{"footnotes":""},"class_list":["post-4256","page","type-page","status-publish","hentry"],"yoast_head":"<!-- This site is optimized with the Yoast SEO plugin v27.4 - https:\/\/yoast.com\/product\/yoast-seo-wordpress\/ -->\n<title>Activit\u00e9s de l&#039;Amicale - iDSP - La Schule - Internationale Deutsche Schule Paris<\/title>\n<meta name=\"robots\" content=\"index, follow, max-snippet:-1, max-image-preview:large, max-video-preview:-1\" \/>\n<link rel=\"canonical\" href=\"https:\/\/www.idsp.fr\/fr\/activites\/activites-de-lamicale\/\" \/>\n<meta property=\"og:locale\" content=\"fr_FR\" \/>\n<meta property=\"og:type\" content=\"article\" \/>\n<meta property=\"og:title\" content=\"Activit\u00e9s de l&#039;Amicale - iDSP - La Schule - Internationale Deutsche Schule Paris\" \/>\n<meta property=\"og:url\" content=\"https:\/\/www.idsp.fr\/fr\/activites\/activites-de-lamicale\/\" \/>\n<meta property=\"og:site_name\" content=\"iDSP - La Schule - Internationale Deutsche Schule Paris\" \/>\n<meta property=\"article:modified_time\" content=\"2026-03-12T17:32:47+00:00\" \/>\n<meta name=\"twitter:card\" content=\"summary_large_image\" \/>\n<meta name=\"twitter:label1\" content=\"Dur\u00e9e de lecture estim\u00e9e\" \/>\n\t<meta name=\"twitter:data1\" content=\"2 minutes\" \/>\n<script type=\"application\/ld+json\" class=\"yoast-schema-graph\">{\"@context\":\"https:\\\/\\\/schema.org\",\"@graph\":[{\"@type\":\"WebPage\",\"@id\":\"https:\\\/\\\/www.idsp.fr\\\/fr\\\/activites\\\/activites-de-lamicale\\\/\",\"url\":\"https:\\\/\\\/www.idsp.fr\\\/fr\\\/activites\\\/activites-de-lamicale\\\/\",\"name\":\"Activit\u00e9s de l'Amicale - iDSP - La Schule - Internationale Deutsche Schule Paris\",\"isPartOf\":{\"@id\":\"https:\\\/\\\/www.idsp.fr\\\/#website\"},\"datePublished\":\"2020-10-02T11:44:09+00:00\",\"dateModified\":\"2026-03-12T17:32:47+00:00\",\"breadcrumb\":{\"@id\":\"https:\\\/\\\/www.idsp.fr\\\/fr\\\/activites\\\/activites-de-lamicale\\\/#breadcrumb\"},\"inLanguage\":\"fr-FR\",\"potentialAction\":[{\"@type\":\"ReadAction\",\"target\":[\"https:\\\/\\\/www.idsp.fr\\\/fr\\\/activites\\\/activites-de-lamicale\\\/\"]}]},{\"@type\":\"BreadcrumbList\",\"@id\":\"https:\\\/\\\/www.idsp.fr\\\/fr\\\/activites\\\/activites-de-lamicale\\\/#breadcrumb\",\"itemListElement\":[{\"@type\":\"ListItem\",\"position\":1,\"name\":\"Startseite\",\"item\":\"https:\\\/\\\/www.idsp.fr\\\/fr\\\/idsp-ecole-allemande-internationale-de-paris\\\/\"},{\"@type\":\"ListItem\",\"position\":2,\"name\":\"Activit\u00e9s\",\"item\":\"https:\\\/\\\/www.idsp.fr\\\/fr\\\/activites\\\/\"},{\"@type\":\"ListItem\",\"position\":3,\"name\":\"Activit\u00e9s de l&#8217;Amicale\"}]},{\"@type\":\"WebSite\",\"@id\":\"https:\\\/\\\/www.idsp.fr\\\/#website\",\"url\":\"https:\\\/\\\/www.idsp.fr\\\/\",\"name\":\"iDSP - La Schule - Internationale Deutsche Schule Paris\",\"description\":\"\",\"potentialAction\":[{\"@type\":\"SearchAction\",\"target\":{\"@type\":\"EntryPoint\",\"urlTemplate\":\"https:\\\/\\\/www.idsp.fr\\\/?s={search_term_string}\"},\"query-input\":{\"@type\":\"PropertyValueSpecification\",\"valueRequired\":true,\"valueName\":\"search_term_string\"}}],\"inLanguage\":\"fr-FR\"}]}<\/script>\n<!-- \/ Yoast SEO plugin. -->","yoast_head_json":{"title":"Activit\u00e9s de l'Amicale - iDSP - La Schule - Internationale Deutsche Schule Paris","robots":{"index":"index","follow":"follow","max-snippet":"max-snippet:-1","max-image-preview":"max-image-preview:large","max-video-preview":"max-video-preview:-1"},"canonical":"https:\/\/www.idsp.fr\/fr\/activites\/activites-de-lamicale\/","og_locale":"fr_FR","og_type":"article","og_title":"Activit\u00e9s de l'Amicale - iDSP - La Schule - Internationale Deutsche Schule Paris","og_url":"https:\/\/www.idsp.fr\/fr\/activites\/activites-de-lamicale\/","og_site_name":"iDSP - La Schule - Internationale Deutsche Schule Paris","article_modified_time":"2026-03-12T17:32:47+00:00","twitter_card":"summary_large_image","twitter_misc":{"Dur\u00e9e de lecture estim\u00e9e":"2 minutes"},"schema":{"@context":"https:\/\/schema.org","@graph":[{"@type":"WebPage","@id":"https:\/\/www.idsp.fr\/fr\/activites\/activites-de-lamicale\/","url":"https:\/\/www.idsp.fr\/fr\/activites\/activites-de-lamicale\/","name":"Activit\u00e9s de l'Amicale - iDSP - La Schule - Internationale Deutsche Schule Paris","isPartOf":{"@id":"https:\/\/www.idsp.fr\/#website"},"datePublished":"2020-10-02T11:44:09+00:00","dateModified":"2026-03-12T17:32:47+00:00","breadcrumb":{"@id":"https:\/\/www.idsp.fr\/fr\/activites\/activites-de-lamicale\/#breadcrumb"},"inLanguage":"fr-FR","potentialAction":[{"@type":"ReadAction","target":["https:\/\/www.idsp.fr\/fr\/activites\/activites-de-lamicale\/"]}]},{"@type":"BreadcrumbList","@id":"https:\/\/www.idsp.fr\/fr\/activites\/activites-de-lamicale\/#breadcrumb","itemListElement":[{"@type":"ListItem","position":1,"name":"Startseite","item":"https:\/\/www.idsp.fr\/fr\/idsp-ecole-allemande-internationale-de-paris\/"},{"@type":"ListItem","position":2,"name":"Activit\u00e9s","item":"https:\/\/www.idsp.fr\/fr\/activites\/"},{"@type":"ListItem","position":3,"name":"Activit\u00e9s de l&#8217;Amicale"}]},{"@type":"WebSite","@id":"https:\/\/www.idsp.fr\/#website","url":"https:\/\/www.idsp.fr\/","name":"iDSP - La Schule - Internationale Deutsche Schule Paris","description":"","potentialAction":[{"@type":"SearchAction","target":{"@type":"EntryPoint","urlTemplate":"https:\/\/www.idsp.fr\/?s={search_term_string}"},"query-input":{"@type":"PropertyValueSpecification","valueRequired":true,"valueName":"search_term_string"}}],"inLanguage":"fr-FR"}]}},"_links":{"self":[{"href":"https:\/\/www.idsp.fr\/fr\/wp-json\/wp\/v2\/pages\/4256","targetHints":{"allow":["GET"]}}],"collection":[{"href":"https:\/\/www.idsp.fr\/fr\/wp-json\/wp\/v2\/pages"}],"about":[{"href":"https:\/\/www.idsp.fr\/fr\/wp-json\/wp\/v2\/types\/page"}],"author":[{"embeddable":true,"href":"https:\/\/www.idsp.fr\/fr\/wp-json\/wp\/v2\/users\/3"}],"replies":[{"embeddable":true,"href":"https:\/\/www.idsp.fr\/fr\/wp-json\/wp\/v2\/comments?post=4256"}],"version-history":[{"count":3,"href":"https:\/\/www.idsp.fr\/fr\/wp-json\/wp\/v2\/pages\/4256\/revisions"}],"predecessor-version":[{"id":34708,"href":"https:\/\/www.idsp.fr\/fr\/wp-json\/wp\/v2\/pages\/4256\/revisions\/34708"}],"up":[{"embeddable":true,"href":"https:\/\/www.idsp.fr\/fr\/wp-json\/wp\/v2\/pages\/4012"}],"wp:attachment":[{"href":"https:\/\/www.idsp.fr\/fr\/wp-json\/wp\/v2\/media?parent=4256"}],"curies":[{"name":"wp","href":"https:\/\/api.w.org\/{rel}","templated":true}]}}