{"id":4250,"date":"2026-01-18T13:42:29","date_gmt":"2026-01-18T12:42:29","guid":{"rendered":"https:\/\/www.idsp.fr\/?page_id=4250"},"modified":"2026-03-19T18:03:09","modified_gmt":"2026-03-19T17:03:09","slug":"vacances-linguistiques","status":"publish","type":"page","link":"https:\/\/www.idsp.fr\/fr\/activites\/vacances-linguistiques\/","title":{"rendered":"Vacances linguistiques"},"content":{"rendered":"\n<style type=\"text\/css\" data-created_by=\"avia_inline_auto\" id=\"style-css-av-av_section-21c48b69e22c6432fc4a661b10db35ad\">\n.avia-section.av-av_section-21c48b69e22c6432fc4a661b10db35ad{\nbackground-color:#024d7d;\nbackground-image:unset;\n}\n<\/style>\n<div id='av_section_1'  class='avia-section av-av_section-21c48b69e22c6432fc4a661b10db35ad main_color avia-section-small avia-no-border-styling  avia-builder-el-0  el_before_av_section  avia-builder-el-first  avia-bg-style-scroll av-minimum-height av-minimum-height-custom av-height-custom  container_wrap sidebar_right'   data-av_minimum_height_px='100'><div class='container av-section-cont-open' style='height:100px'><main  role=\"main\" itemprop=\"mainContentOfPage\"  class='template-page content  av-content-small alpha units'><div class='post-entry post-entry-type-page post-entry-4250'><div class='entry-content-wrapper clearfix'>\n\n<style type=\"text\/css\" data-created_by=\"avia_inline_auto\" id=\"style-css-av-av_heading-aad2396672732e020071f4f1023c90e3\">\n#top .av-special-heading.av-av_heading-aad2396672732e020071f4f1023c90e3{\npadding-bottom:10px;\ncolor:#ffffff;\n}\nbody .av-special-heading.av-av_heading-aad2396672732e020071f4f1023c90e3 .av-special-heading-tag .heading-char{\nfont-size:25px;\n}\n.av-special-heading.av-av_heading-aad2396672732e020071f4f1023c90e3 .special-heading-inner-border{\nborder-color:#ffffff;\n}\n.av-special-heading.av-av_heading-aad2396672732e020071f4f1023c90e3 .av-subheading{\nfont-size:15px;\n}\n<\/style>\n<div  class='av-special-heading av-av_heading-aad2396672732e020071f4f1023c90e3 av-special-heading-h2 custom-color-heading  avia-builder-el-1  avia-builder-el-no-sibling '><h2 class='av-special-heading-tag '  itemprop=\"headline\"  >Vacances linguistiques<\/h2><div class=\"special-heading-border\"><div class=\"special-heading-inner-border\"><\/div><\/div><\/div>\n\n<\/div><\/div><\/main><!-- close content main element --><\/div><\/div>\n<style type=\"text\/css\" data-created_by=\"avia_inline_auto\" id=\"style-css-av-av_section-cba0d7dc1547da6f391e5efd5574bbec\">\n.avia-section.av-av_section-cba0d7dc1547da6f391e5efd5574bbec .av-parallax .av-parallax-inner{\nbackground-repeat:no-repeat;\nbackground-image:url(https:\/\/www.idsp.fr\/wp-content\/uploads\/2024\/02\/Schulhof_iDSP-1.jpg);\nbackground-position:50% 50%;\nbackground-attachment:scroll;\n}\n<\/style>\n<div id='av_section_2'  class='avia-section av-av_section-cba0d7dc1547da6f391e5efd5574bbec main_color avia-section-default avia-no-border-styling  avia-builder-el-2  el_after_av_section  el_before_av_textblock  avia-full-stretch av-parallax-section avia-bg-style-parallax av-minimum-height av-minimum-height-25 av-height-25  container_wrap sidebar_right'  data-section-bg-repeat='stretch' data-av_minimum_height_pc='25' data-av_min_height_opt='25'><div class='av-parallax' data-avia-parallax-ratio='0.3' ><div class='av-parallax-inner main_color avia-full-stretch'><\/div><\/div><div class='container av-section-cont-open' ><div class='template-page content  av-content-small alpha units'><div class='post-entry post-entry-type-page post-entry-4250'><div class='entry-content-wrapper clearfix'><\/div><\/div><\/div><!-- close content main div --><\/div><\/div><div id='after_section_2'  class='main_color av_default_container_wrap container_wrap sidebar_right'  ><div class='container av-section-cont-open' ><div class='template-page content  av-content-small alpha units'><div class='post-entry post-entry-type-page post-entry-4250'><div class='entry-content-wrapper clearfix'>\n\n<style type=\"text\/css\" data-created_by=\"avia_inline_auto\" id=\"style-css-av-mmxpwdrm-59e6ff914115310641ddb22689f584d3\">\n#top .av_textblock_section.av-mmxpwdrm-59e6ff914115310641ddb22689f584d3 .avia_textblock{\nfont-size:17px;\n}\n<\/style>\n<section  class='av_textblock_section av-mmxpwdrm-59e6ff914115310641ddb22689f584d3 '   itemscope=\"itemscope\" itemtype=\"https:\/\/schema.org\/CreativeWork\" ><div class='avia_textblock'  itemprop=\"text\" ><p>L&rsquo;iDSP organise des semaines linguistiques pendant les vacances : pendant une semaine, les \u00e9l\u00e8ves \u00e2g\u00e9s de 6 ans (maternelle\/CP) \u00e0 15 ans (3e) ont la possibilit\u00e9 d&rsquo;am\u00e9liorer leurs connaissances <strong>en allemand<\/strong> et de participer \u00e0 des activit\u00e9s communes avec des \u00e9l\u00e8ves issus de pays germanophones.<\/p>\n<p>Les prochaines vacances linguistiques auront lieu du <strong>6 au 10 juillet 2026.<\/strong><\/p>\n<\/div><\/section>\n<div  class='avia-button-wrap av-mk5jp86a-855c2f511291dc5efb11a1142899f0ee-wrap avia-button-left  avia-builder-el-4  el_after_av_textblock  el_before_av_heading '><a href='https:\/\/www.idsp.fr\/wp-content\/uploads\/2026\/03\/Inscription-vacances-linguistiques-2026.pdf'  class='avia-button av-mk5jp86a-855c2f511291dc5efb11a1142899f0ee av-link-btn avia-icon_select-yes-left-icon avia-size-x-large avia-position-left avia-color-theme-color-highlight'  target=\"_blank\"  rel=\"noopener noreferrer\"  aria-label=\"INSCRIPTION\"><span class='avia_button_icon avia_button_icon_left avia-iconfont avia-font-entypo-fontello' data-av_icon='\ue82d' data-av_iconfont='entypo-fontello' ><\/span><span class='avia_iconbox_title' >INSCRIPTION<\/span><\/a><\/div>\n\n<style type=\"text\/css\" data-created_by=\"avia_inline_auto\" id=\"style-css-av-av_heading-1d0acbd7fab05c57a0ccb91521c113e6\">\n#top .av-special-heading.av-av_heading-1d0acbd7fab05c57a0ccb91521c113e6{\npadding-bottom:10px;\n}\nbody .av-special-heading.av-av_heading-1d0acbd7fab05c57a0ccb91521c113e6 .av-special-heading-tag .heading-char{\nfont-size:25px;\n}\n.av-special-heading.av-av_heading-1d0acbd7fab05c57a0ccb91521c113e6 .av-subheading{\nfont-size:15px;\n}\n<\/style>\n<div  class='av-special-heading av-av_heading-1d0acbd7fab05c57a0ccb91521c113e6 av-special-heading-h2  avia-builder-el-5  el_after_av_button  el_before_av_iconlist '><h2 class='av-special-heading-tag '  itemprop=\"headline\"  >Ce qui attend vos enfants<\/h2><div class=\"special-heading-border\"><div class=\"special-heading-inner-border\"><\/div><\/div><\/div>\n\n<style type=\"text\/css\" data-created_by=\"avia_inline_auto\" id=\"style-css-av-av_iconlist-2019d2b96562609017f0cb97bba5529a\">\n#top .avia-icon-list-container.av-av_iconlist-2019d2b96562609017f0cb97bba5529a .iconlist_icon{\ncolor:#dfa01f;\nbackground-color:#f2f2f2;\n}\n#top .avia-icon-list-container.av-av_iconlist-2019d2b96562609017f0cb97bba5529a .iconlist_icon svg:first-child{\nstroke:#dfa01f;\nfill:#dfa01f;\n}\n<\/style>\n<div  class='avia-icon-list-container av-av_iconlist-2019d2b96562609017f0cb97bba5529a  avia-builder-el-6  el_after_av_heading  el_before_av_textblock '><ul class='avia-icon-list avia_animate_when_almost_visible avia-icon-list-left av-iconlist-big av-av_iconlist-2019d2b96562609017f0cb97bba5529a avia-iconlist-animate'>\n<li><div class='iconlist_icon av-av_iconlist_item-62464302628b37566ed6d52b0d078e6a avia-font-entypo-fontello avia-iconfont avia-font-entypo-fontello'><span class='av-icon-char' data-av_icon='\ue83b' data-av_iconfont='entypo-fontello' aria-hidden=\"true\"><\/span><\/div><article class=\"article-icon-entry \"  itemscope=\"itemscope\" itemtype=\"https:\/\/schema.org\/CreativeWork\" ><div class=\"iconlist_content_wrap\"><header class=\"entry-content-header\" aria-label=\"Ic\u00f4ne : \"><\/header><div class='iconlist_content '  itemprop=\"text\" ><p><strong>Cours d&rsquo;allemand<\/strong>\u00a0pour d\u00e9butants \u00e0 avanc\u00e9s, dispens\u00e9s par des professeurs natifs exp\u00e9riment\u00e9s,<\/p>\n<\/div><\/div><footer class=\"entry-footer\"><\/footer><\/article><div class=\"iconlist-timeline\"><\/div><\/li>\n<li><div class='iconlist_icon av-av_iconlist_item-62464302628b37566ed6d52b0d078e6a avia-font-entypo-fontello avia-iconfont avia-font-entypo-fontello'><span class='av-icon-char' data-av_icon='\ue83b' data-av_iconfont='entypo-fontello' aria-hidden=\"true\"><\/span><\/div><article class=\"article-icon-entry \"  itemscope=\"itemscope\" itemtype=\"https:\/\/schema.org\/CreativeWork\" ><div class=\"iconlist_content_wrap\"><header class=\"entry-content-header\" aria-label=\"Ic\u00f4ne : \"><\/header><div class='iconlist_content '  itemprop=\"text\" ><p>4 cours de 45 minutes par jour en petits groupes,<\/p>\n<\/div><\/div><footer class=\"entry-footer\"><\/footer><\/article><div class=\"iconlist-timeline\"><\/div><\/li>\n<li><div class='iconlist_icon av-av_iconlist_item-62464302628b37566ed6d52b0d078e6a avia-font-entypo-fontello avia-iconfont avia-font-entypo-fontello'><span class='av-icon-char' data-av_icon='\ue83b' data-av_iconfont='entypo-fontello' aria-hidden=\"true\"><\/span><\/div><article class=\"article-icon-entry \"  itemscope=\"itemscope\" itemtype=\"https:\/\/schema.org\/CreativeWork\" ><div class=\"iconlist_content_wrap\"><header class=\"entry-content-header\" aria-label=\"Ic\u00f4ne : \"><\/header><div class='iconlist_content '  itemprop=\"text\" ><p>une p\u00e9dagogie bas\u00e9e sur la participation active en classe et ax\u00e9e sur les 4 comp\u00e9tences linguistiques : compr\u00e9hension orale et \u00e9crite, expression orale et \u00e9crite,<\/p>\n<\/div><\/div><footer class=\"entry-footer\"><\/footer><\/article><div class=\"iconlist-timeline\"><\/div><\/li>\n<li><div class='iconlist_icon av-av_iconlist_item-62464302628b37566ed6d52b0d078e6a avia-font-entypo-fontello avia-iconfont avia-font-entypo-fontello'><span class='av-icon-char' data-av_icon='\ue83b' data-av_iconfont='entypo-fontello' aria-hidden=\"true\"><\/span><\/div><article class=\"article-icon-entry \"  itemscope=\"itemscope\" itemtype=\"https:\/\/schema.org\/CreativeWork\" ><div class=\"iconlist_content_wrap\"><header class=\"entry-content-header\" aria-label=\"Ic\u00f4ne : \"><\/header><div class='iconlist_content '  itemprop=\"text\" ><p>activit\u00e9s communes avec les participants fran\u00e7ais aux s\u00e9jours linguistiques afin de d\u00e9velopper des comp\u00e9tences interculturelles et de mettre en pratique la langue cible.<\/p>\n<\/div><\/div><footer class=\"entry-footer\"><\/footer><\/article><div class=\"iconlist-timeline\"><\/div><\/li>\n<\/ul><\/div>\n<section  class='av_textblock_section av-av_textblock-8c42a04d92c3f2cb4661d2848f7655e2 '   itemscope=\"itemscope\" itemtype=\"https:\/\/schema.org\/CreativeWork\" ><div class='avia_textblock'  itemprop=\"text\" ><p>Dans le programme de l&rsquo;apr\u00e8s-midi, les participants ont le choix entre des activit\u00e9s sportives et cr\u00e9atives (le programme d\u00e9finitif sera communiqu\u00e9 environ 14 jours avant le d\u00e9but des vacances linguistiques). Ces activit\u00e9s constituent une partie importante du processus d&rsquo;apprentissage. Elles offrent la possibilit\u00e9 d&rsquo;appliquer en dehors des cours ce qui a \u00e9t\u00e9 appris et d&rsquo;acqu\u00e9rir naturellement de nouveaux mots et expressions.<\/p>\n<p>Le d\u00e9jeuner est pris en commun avec les participants germanophones des cours de fran\u00e7ais.<\/p>\n<h2>D\u00e9roulement de la journ\u00e9e<\/h2>\n<p>8h30-9h00 &#8211; Arriv\u00e9e<\/p>\n<p>9h00 &#8211; COURS<\/p>\n<p>10h30 &#8211; Pause<\/p>\n<p>11h00 &#8211; COURS<\/p>\n<p>12h30 &#8211; Pause d\u00e9jeuner<\/p>\n<p>13h30 &#8211; Activit\u00e9s au choix (liste provisoire) : <strong>sport, jeux et loisirs et des activit\u00e9s cr\u00e9atives.<\/strong><\/p>\n<p>17h00 &#8211; Fin des activit\u00e9s<\/p>\n<\/div><\/section>\n<div  class='flex_column av-av_one_full-d846867a37b468541bc8830743d44203 av_one_full  avia-builder-el-8  el_after_av_textblock  avia-builder-el-last  first flex_column_div  column-top-margin'     ><section  class='av_textblock_section av-av_textblock-8c42a04d92c3f2cb4661d2848f7655e2 '   itemscope=\"itemscope\" itemtype=\"https:\/\/schema.org\/CreativeWork\" ><div class='avia_textblock'  itemprop=\"text\" >\n<style type=\"text\/css\" data-created_by=\"avia_inline_auto\" id=\"style-css-av-av_font_icon-850360715ff47019eb76f4f4d950b5d4\">\n.av_font_icon.av-av_font_icon-850360715ff47019eb76f4f4d950b5d4 .av-icon-char{\nfont-size:25px;\nline-height:25px;\n}\n<\/style>\n<span  class='av_font_icon av-av_font_icon-850360715ff47019eb76f4f4d950b5d4 avia_animate_when_visible av-icon-style- avia-icon-pos-left avia-iconfont avia-font-entypo-fontello av-no-color avia-icon-animate'><span class='av-icon-char' data-av_icon='\ue81f' data-av_iconfont='entypo-fontello' aria-hidden=\"true\" ><\/span><\/span>\n<p>Nos s\u00e9jours linguistiques vous int\u00e9ressent ? Vous avez des questions ? Nous sommes \u00e0 votre disposition : <a href=\"mailto:vacanceslinguistiques@idsp.fr\">vacanceslinguistiques@idsp.fr<\/a>.<\/p>\n<\/div><\/section><\/div>\n","protected":false},"excerpt":{"rendered":"","protected":false},"author":3,"featured_media":0,"parent":4012,"menu_order":16,"comment_status":"closed","ping_status":"closed","template":"","meta":{"footnotes":""},"class_list":["post-4250","page","type-page","status-publish","hentry"],"yoast_head":"<!-- This site is optimized with the Yoast SEO plugin v27.4 - https:\/\/yoast.com\/product\/yoast-seo-wordpress\/ -->\n<title>Vacances linguistiques - iDSP - La Schule - Internationale Deutsche Schule Paris<\/title>\n<meta name=\"robots\" content=\"index, follow, max-snippet:-1, max-image-preview:large, max-video-preview:-1\" \/>\n<link rel=\"canonical\" href=\"https:\/\/www.idsp.fr\/fr\/activites\/vacances-linguistiques\/\" \/>\n<meta property=\"og:locale\" content=\"fr_FR\" \/>\n<meta property=\"og:type\" content=\"article\" \/>\n<meta property=\"og:title\" content=\"Vacances linguistiques - iDSP - La Schule - Internationale Deutsche Schule Paris\" \/>\n<meta property=\"og:url\" content=\"https:\/\/www.idsp.fr\/fr\/activites\/vacances-linguistiques\/\" \/>\n<meta property=\"og:site_name\" content=\"iDSP - La Schule - Internationale Deutsche Schule Paris\" \/>\n<meta property=\"article:modified_time\" content=\"2026-03-19T17:03:09+00:00\" \/>\n<meta name=\"twitter:card\" content=\"summary_large_image\" \/>\n<meta name=\"twitter:label1\" content=\"Dur\u00e9e de lecture estim\u00e9e\" \/>\n\t<meta name=\"twitter:data1\" content=\"2 minutes\" \/>\n<script type=\"application\/ld+json\" class=\"yoast-schema-graph\">{\"@context\":\"https:\\\/\\\/schema.org\",\"@graph\":[{\"@type\":\"WebPage\",\"@id\":\"https:\\\/\\\/www.idsp.fr\\\/fr\\\/activites\\\/vacances-linguistiques\\\/\",\"url\":\"https:\\\/\\\/www.idsp.fr\\\/fr\\\/activites\\\/vacances-linguistiques\\\/\",\"name\":\"Vacances linguistiques - iDSP - La Schule - Internationale Deutsche Schule Paris\",\"isPartOf\":{\"@id\":\"https:\\\/\\\/www.idsp.fr\\\/#website\"},\"datePublished\":\"2026-01-18T12:42:29+00:00\",\"dateModified\":\"2026-03-19T17:03:09+00:00\",\"breadcrumb\":{\"@id\":\"https:\\\/\\\/www.idsp.fr\\\/fr\\\/activites\\\/vacances-linguistiques\\\/#breadcrumb\"},\"inLanguage\":\"fr-FR\",\"potentialAction\":[{\"@type\":\"ReadAction\",\"target\":[\"https:\\\/\\\/www.idsp.fr\\\/fr\\\/activites\\\/vacances-linguistiques\\\/\"]}]},{\"@type\":\"BreadcrumbList\",\"@id\":\"https:\\\/\\\/www.idsp.fr\\\/fr\\\/activites\\\/vacances-linguistiques\\\/#breadcrumb\",\"itemListElement\":[{\"@type\":\"ListItem\",\"position\":1,\"name\":\"Startseite\",\"item\":\"https:\\\/\\\/www.idsp.fr\\\/fr\\\/idsp-ecole-allemande-internationale-de-paris\\\/\"},{\"@type\":\"ListItem\",\"position\":2,\"name\":\"Activit\u00e9s\",\"item\":\"https:\\\/\\\/www.idsp.fr\\\/fr\\\/activites\\\/\"},{\"@type\":\"ListItem\",\"position\":3,\"name\":\"Vacances linguistiques\"}]},{\"@type\":\"WebSite\",\"@id\":\"https:\\\/\\\/www.idsp.fr\\\/#website\",\"url\":\"https:\\\/\\\/www.idsp.fr\\\/\",\"name\":\"iDSP - La Schule - Internationale Deutsche Schule Paris\",\"description\":\"\",\"potentialAction\":[{\"@type\":\"SearchAction\",\"target\":{\"@type\":\"EntryPoint\",\"urlTemplate\":\"https:\\\/\\\/www.idsp.fr\\\/?s={search_term_string}\"},\"query-input\":{\"@type\":\"PropertyValueSpecification\",\"valueRequired\":true,\"valueName\":\"search_term_string\"}}],\"inLanguage\":\"fr-FR\"}]}<\/script>\n<!-- \/ Yoast SEO plugin. -->","yoast_head_json":{"title":"Vacances linguistiques - iDSP - La Schule - Internationale Deutsche Schule Paris","robots":{"index":"index","follow":"follow","max-snippet":"max-snippet:-1","max-image-preview":"max-image-preview:large","max-video-preview":"max-video-preview:-1"},"canonical":"https:\/\/www.idsp.fr\/fr\/activites\/vacances-linguistiques\/","og_locale":"fr_FR","og_type":"article","og_title":"Vacances linguistiques - iDSP - La Schule - Internationale Deutsche Schule Paris","og_url":"https:\/\/www.idsp.fr\/fr\/activites\/vacances-linguistiques\/","og_site_name":"iDSP - La Schule - Internationale Deutsche Schule Paris","article_modified_time":"2026-03-19T17:03:09+00:00","twitter_card":"summary_large_image","twitter_misc":{"Dur\u00e9e de lecture estim\u00e9e":"2 minutes"},"schema":{"@context":"https:\/\/schema.org","@graph":[{"@type":"WebPage","@id":"https:\/\/www.idsp.fr\/fr\/activites\/vacances-linguistiques\/","url":"https:\/\/www.idsp.fr\/fr\/activites\/vacances-linguistiques\/","name":"Vacances linguistiques - iDSP - La Schule - Internationale Deutsche Schule Paris","isPartOf":{"@id":"https:\/\/www.idsp.fr\/#website"},"datePublished":"2026-01-18T12:42:29+00:00","dateModified":"2026-03-19T17:03:09+00:00","breadcrumb":{"@id":"https:\/\/www.idsp.fr\/fr\/activites\/vacances-linguistiques\/#breadcrumb"},"inLanguage":"fr-FR","potentialAction":[{"@type":"ReadAction","target":["https:\/\/www.idsp.fr\/fr\/activites\/vacances-linguistiques\/"]}]},{"@type":"BreadcrumbList","@id":"https:\/\/www.idsp.fr\/fr\/activites\/vacances-linguistiques\/#breadcrumb","itemListElement":[{"@type":"ListItem","position":1,"name":"Startseite","item":"https:\/\/www.idsp.fr\/fr\/idsp-ecole-allemande-internationale-de-paris\/"},{"@type":"ListItem","position":2,"name":"Activit\u00e9s","item":"https:\/\/www.idsp.fr\/fr\/activites\/"},{"@type":"ListItem","position":3,"name":"Vacances linguistiques"}]},{"@type":"WebSite","@id":"https:\/\/www.idsp.fr\/#website","url":"https:\/\/www.idsp.fr\/","name":"iDSP - La Schule - Internationale Deutsche Schule Paris","description":"","potentialAction":[{"@type":"SearchAction","target":{"@type":"EntryPoint","urlTemplate":"https:\/\/www.idsp.fr\/?s={search_term_string}"},"query-input":{"@type":"PropertyValueSpecification","valueRequired":true,"valueName":"search_term_string"}}],"inLanguage":"fr-FR"}]}},"_links":{"self":[{"href":"https:\/\/www.idsp.fr\/fr\/wp-json\/wp\/v2\/pages\/4250","targetHints":{"allow":["GET"]}}],"collection":[{"href":"https:\/\/www.idsp.fr\/fr\/wp-json\/wp\/v2\/pages"}],"about":[{"href":"https:\/\/www.idsp.fr\/fr\/wp-json\/wp\/v2\/types\/page"}],"author":[{"embeddable":true,"href":"https:\/\/www.idsp.fr\/fr\/wp-json\/wp\/v2\/users\/3"}],"replies":[{"embeddable":true,"href":"https:\/\/www.idsp.fr\/fr\/wp-json\/wp\/v2\/comments?post=4250"}],"version-history":[{"count":61,"href":"https:\/\/www.idsp.fr\/fr\/wp-json\/wp\/v2\/pages\/4250\/revisions"}],"predecessor-version":[{"id":34732,"href":"https:\/\/www.idsp.fr\/fr\/wp-json\/wp\/v2\/pages\/4250\/revisions\/34732"}],"up":[{"embeddable":true,"href":"https:\/\/www.idsp.fr\/fr\/wp-json\/wp\/v2\/pages\/4012"}],"wp:attachment":[{"href":"https:\/\/www.idsp.fr\/fr\/wp-json\/wp\/v2\/media?parent=4250"}],"curies":[{"name":"wp","href":"https:\/\/api.w.org\/{rel}","templated":true}]}}