{"id":4245,"date":"2020-10-02T13:39:41","date_gmt":"2020-10-02T11:39:41","guid":{"rendered":"https:\/\/www.idsp.fr\/?page_id=4245"},"modified":"2025-09-15T10:30:51","modified_gmt":"2025-09-15T08:30:51","slug":"cours-de-langue","status":"publish","type":"page","link":"https:\/\/www.idsp.fr\/fr\/activites\/cours-de-langue\/","title":{"rendered":"Cours de langue"},"content":{"rendered":"\n<style type=\"text\/css\" data-created_by=\"avia_inline_auto\" id=\"style-css-av-k9tzp0ta-6dd7479124f797f4d8afc0b20a8557c6\">\n.avia-section.av-k9tzp0ta-6dd7479124f797f4d8afc0b20a8557c6{\nbackground-color:#024d7d;\nbackground-image:unset;\n}\n<\/style>\n<div id='av_section_1'  class='avia-section av-k9tzp0ta-6dd7479124f797f4d8afc0b20a8557c6 main_color avia-section-small avia-no-border-styling  avia-builder-el-0  el_before_av_heading  avia-builder-el-first  avia-bg-style-scroll av-minimum-height av-minimum-height-custom av-height-custom  container_wrap sidebar_right'   data-av_minimum_height_px='100'><div class='container av-section-cont-open' style='height:100px'><main  role=\"main\" itemprop=\"mainContentOfPage\"  class='template-page content  av-content-small alpha units'><div class='post-entry post-entry-type-page post-entry-4245'><div class='entry-content-wrapper clearfix'>\n\n<style type=\"text\/css\" data-created_by=\"avia_inline_auto\" id=\"style-css-av-kgq9tb3k-0884496402e434490e678086dff64767\">\n#top .av-special-heading.av-kgq9tb3k-0884496402e434490e678086dff64767{\npadding-bottom:10px;\ncolor:#ffffff;\n}\nbody .av-special-heading.av-kgq9tb3k-0884496402e434490e678086dff64767 .av-special-heading-tag .heading-char{\nfont-size:25px;\n}\n.av-special-heading.av-kgq9tb3k-0884496402e434490e678086dff64767 .special-heading-inner-border{\nborder-color:#ffffff;\n}\n.av-special-heading.av-kgq9tb3k-0884496402e434490e678086dff64767 .av-subheading{\nfont-size:15px;\n}\n<\/style>\n<div  class='av-special-heading av-kgq9tb3k-0884496402e434490e678086dff64767 av-special-heading-h2 custom-color-heading  avia-builder-el-1  avia-builder-el-no-sibling '><h2 class='av-special-heading-tag '  itemprop=\"headline\"  >Cours de langue<\/h2><div class=\"special-heading-border\"><div class=\"special-heading-inner-border\"><\/div><\/div><\/div>\n<\/div><\/div><\/main><!-- close content main element --><\/div><\/div><div id='after_section_1'  class='main_color av_default_container_wrap container_wrap sidebar_right'  ><div class='container av-section-cont-open' ><div class='template-page content  av-content-small alpha units'><div class='post-entry post-entry-type-page post-entry-4245'><div class='entry-content-wrapper clearfix'>\n\n<style type=\"text\/css\" data-created_by=\"avia_inline_auto\" id=\"style-css-av-4xfwp1-bcfc946751469cc18e15c8326b69cb13\">\n#top .av-special-heading.av-4xfwp1-bcfc946751469cc18e15c8326b69cb13{\npadding-bottom:10px;\n}\nbody .av-special-heading.av-4xfwp1-bcfc946751469cc18e15c8326b69cb13 .av-special-heading-tag .heading-char{\nfont-size:25px;\n}\n.av-special-heading.av-4xfwp1-bcfc946751469cc18e15c8326b69cb13 .av-subheading{\nfont-size:15px;\n}\n<\/style>\n<div  class='av-special-heading av-4xfwp1-bcfc946751469cc18e15c8326b69cb13 av-special-heading-h3 blockquote modern-quote  avia-builder-el-2  el_after_av_section  el_before_av_hr  avia-builder-el-first '><h3 class='av-special-heading-tag '  itemprop=\"headline\"  >Cours de langue pour les \u00e9l\u00e8ves et les adultes \u00e0 l\u2019iDSP<\/h3><div class=\"special-heading-border\"><div class=\"special-heading-inner-border\"><\/div><\/div><\/div>\n\n<style type=\"text\/css\" data-created_by=\"avia_inline_auto\" id=\"style-css-av-kesgwm6n-582af8ced11c17995ea88ded6d3d9705\">\n#top .hr.hr-invisible.av-kesgwm6n-582af8ced11c17995ea88ded6d3d9705{\nheight:25px;\n}\n<\/style>\n<div  class='hr av-kesgwm6n-582af8ced11c17995ea88ded6d3d9705 hr-invisible  avia-builder-el-3  el_after_av_heading  el_before_av_textblock '><span class='hr-inner '><span class=\"hr-inner-style\"><\/span><\/span><\/div>\n<section  class='av_textblock_section av-kesimr5m-9f185f95cb89e75cdd93fac997fe1078 '   itemscope=\"itemscope\" itemtype=\"https:\/\/schema.org\/CreativeWork\" ><div class='avia_textblock'  itemprop=\"text\" ><p>Les cours ont lieu dans les locaux de l&rsquo;iDSP et sont g\u00e9n\u00e9ralement assur\u00e9s par des enseignantes de langue maternelle.<\/p>\n<p>Veuillez prendre directement contact avec l&rsquo;enseignante.<\/p>\n<\/div><\/section>\n\n<style type=\"text\/css\" data-created_by=\"avia_inline_auto\" id=\"style-css-av-h56l2-a78e13e9bbd063482b1535fcc527fe26\">\n.flex_column.av-h56l2-a78e13e9bbd063482b1535fcc527fe26{\nborder-radius:0px 0px 0px 0px;\npadding:0px 0px 0px 0px;\n}\n<\/style>\n<div  class='flex_column av-h56l2-a78e13e9bbd063482b1535fcc527fe26 av_one_half  avia-builder-el-5  el_after_av_textblock  el_before_av_one_half  first flex_column_div av-zero-column-padding  column-top-margin'     ><p>\n<style type=\"text\/css\" data-created_by=\"avia_inline_auto\" id=\"style-css-av-2ougj9-9cc4ee5a38708b93c68c1acf12fe8e45\">\n#top .av-special-heading.av-2ougj9-9cc4ee5a38708b93c68c1acf12fe8e45{\npadding-bottom:10px;\n}\nbody .av-special-heading.av-2ougj9-9cc4ee5a38708b93c68c1acf12fe8e45 .av-special-heading-tag .heading-char{\nfont-size:25px;\n}\n.av-special-heading.av-2ougj9-9cc4ee5a38708b93c68c1acf12fe8e45 .av-subheading{\nfont-size:15px;\n}\n<\/style>\n<div  class='av-special-heading av-2ougj9-9cc4ee5a38708b93c68c1acf12fe8e45 av-special-heading-h2 blockquote modern-quote  avia-builder-el-6  el_before_av_textblock  avia-builder-el-first '><h2 class='av-special-heading-tag '  itemprop=\"headline\"  >Cours pour tous<\/h2><div class=\"special-heading-border\"><div class=\"special-heading-inner-border\"><\/div><\/div><\/div><br \/>\n<section  class='av_textblock_section av-kfe5obpu-cd975f22b802eb9ed633232ba519f21a '   itemscope=\"itemscope\" itemtype=\"https:\/\/schema.org\/CreativeWork\" ><div class='avia_textblock'  itemprop=\"text\" ><blockquote>\n<p><strong>FRAN\u00c7AIS (Grammaire, conversation, culture &amp; litt\u00e9rature)<\/strong><\/p>\n<\/blockquote>\n<p>Vous trouverez ici le <a href=\"https:\/\/www.idsp.fr\/wp-content\/uploads\/2025\/09\/Brochure-cours-Vivafrench-iDSP-2025-2026-V-DE-FR.pdf\" target=\"_blank\" rel=\"noopener\">PROGRAMME 2025\/2026<\/a><\/p>\n<p>D\u00e9couvrez toute l&rsquo;offre de Caroline et Pascale:<\/p>\n<p><a href=\"https:\/\/www.vivafrench.fr\/\" target=\"_blank\" rel=\"noopener\"><img decoding=\"async\" class=\"https:\/\/www.vivafrench.fr\/ alignnone wp-image-28535\" title=\"https:\/\/www.vivafrench.fr\/\" src=\"https:\/\/www.idsp.fr\/wp-content\/uploads\/2024\/06\/logo-vivafrench-logo-white-340x191.png\" alt=\"\" width=\"228\" height=\"128\" srcset=\"https:\/\/www.idsp.fr\/wp-content\/uploads\/2024\/06\/logo-vivafrench-logo-white-340x191.png 340w, https:\/\/www.idsp.fr\/wp-content\/uploads\/2024\/06\/logo-vivafrench-logo-white.png 395w\" sizes=\"(max-width: 228px) 100vw, 228px\" \/><\/a><\/p>\n<\/div><\/section><br \/>\n\n<style type=\"text\/css\" data-created_by=\"avia_inline_auto\" id=\"style-css-av-lxltbqdr-1a108ba1af589840ccea75c6b79c8ff5\">\n#top .hr.hr-invisible.av-lxltbqdr-1a108ba1af589840ccea75c6b79c8ff5{\nheight:25px;\n}\n<\/style>\n<div  class='hr av-lxltbqdr-1a108ba1af589840ccea75c6b79c8ff5 hr-invisible  avia-builder-el-8  el_after_av_textblock  el_before_av_textblock '><span class='hr-inner '><span class=\"hr-inner-style\"><\/span><\/span><\/div><br \/>\n<section  class='av_textblock_section av-lxlt75nz-7de1d7ececa02cb45573b5e75ca72edb '   itemscope=\"itemscope\" itemtype=\"https:\/\/schema.org\/CreativeWork\" ><div class='avia_textblock'  itemprop=\"text\" ><blockquote>\n<p><strong>ALLEMAND<\/strong><\/p>\n<\/blockquote>\n<div>\n<div><b>MARDI<\/b><\/div>\n<div>18h30 \u2013 20h00 Uhr\u00a0 ADULTES\u00a0 B1\u00a0 \u00a0ONLINE<\/div>\n<div><\/div>\n<div><span style=\"color: #000000;\">\u00a0<\/span><\/div>\n<div><span style=\"color: #000000;\">Renseignements et inscriptions aupr\u00e8s de l&rsquo;enseignante\u00a0<\/span><\/div>\n<div><span style=\"color: #000000;\">Mme Caren Stingl :\u00a0 <\/span><a title=\"mailto:caren.stingl@gmail.com\" contenteditable=\"false\" href=\"mailto:caren.stingl@gmail.com\">caren.stingl@gmail.com<\/a><\/div>\n<\/div>\n<\/div><\/section><br \/>\n\n<style type=\"text\/css\" data-created_by=\"avia_inline_auto\" id=\"style-css-av-kesgzco9-e656ae456d2724bf31bdb660d7e9fa3e\">\n#top .hr.hr-invisible.av-kesgzco9-e656ae456d2724bf31bdb660d7e9fa3e{\nheight:25px;\n}\n<\/style>\n<div  class='hr av-kesgzco9-e656ae456d2724bf31bdb660d7e9fa3e hr-invisible  avia-builder-el-10  el_after_av_textblock  avia-builder-el-last '><span class='hr-inner '><span class=\"hr-inner-style\"><\/span><\/span><\/div><\/p><\/div>\n<style type=\"text\/css\" data-created_by=\"avia_inline_auto\" id=\"style-css-av-8i51y-f3fb367e6920378e997948c8604c171b\">\n.flex_column.av-8i51y-f3fb367e6920378e997948c8604c171b{\nborder-radius:0px 0px 0px 0px;\npadding:0px 0px 0px 0px;\n}\n<\/style>\n<div  class='flex_column av-8i51y-f3fb367e6920378e997948c8604c171b av_one_half  avia-builder-el-11  el_after_av_one_half  avia-builder-el-last  flex_column_div av-zero-column-padding  column-top-margin'     ><p>\n<style type=\"text\/css\" data-created_by=\"avia_inline_auto\" id=\"style-css-av-2yglyd-15c1e9d82c39fe638dd0791da6ecdcdf\">\n#top .av-special-heading.av-2yglyd-15c1e9d82c39fe638dd0791da6ecdcdf{\npadding-bottom:10px;\n}\nbody .av-special-heading.av-2yglyd-15c1e9d82c39fe638dd0791da6ecdcdf .av-special-heading-tag .heading-char{\nfont-size:25px;\n}\n.av-special-heading.av-2yglyd-15c1e9d82c39fe638dd0791da6ecdcdf .av-subheading{\nfont-size:15px;\n}\n<\/style>\n<div  class='av-special-heading av-2yglyd-15c1e9d82c39fe638dd0791da6ecdcdf av-special-heading-h2 blockquote modern-quote  avia-builder-el-12  el_before_av_textblock  avia-builder-el-first '><h2 class='av-special-heading-tag '  itemprop=\"headline\"  >Cours pour les \u00e9l\u00e8ves de l\u2019iDSP<\/h2><div class=\"special-heading-border\"><div class=\"special-heading-inner-border\"><\/div><\/div><\/div><br \/>\n<section  class='av_textblock_section av-ka861y5p-c4b9a3bfd3cf93b38cf5e879406dfd2c '   itemscope=\"itemscope\" itemtype=\"https:\/\/schema.org\/CreativeWork\" ><div class='avia_textblock'  itemprop=\"text\" ><blockquote>\n<p>LATIN<\/p>\n<\/blockquote>\n<p>Il existe la possibilit\u00e9 pour les \u00e9l\u00e8ves de suivre des cours de latin (payants). Veuillez vous adresser directement \u00e0 Mme Ursula REVEREND :\u00a0<a href=\"mailto:u.reverend@web.de\">ursula.reverend@web.de<\/a><\/p>\n<\/div><\/section><\/p><\/div><\/p>\n","protected":false},"excerpt":{"rendered":"","protected":false},"author":3,"featured_media":0,"parent":4012,"menu_order":12,"comment_status":"closed","ping_status":"closed","template":"","meta":{"footnotes":""},"class_list":["post-4245","page","type-page","status-publish","hentry"],"yoast_head":"<!-- This site is optimized with the Yoast SEO plugin v27.3 - https:\/\/yoast.com\/product\/yoast-seo-wordpress\/ -->\n<title>Cours de langue - iDSP - La Schule - Internationale Deutsche Schule Paris<\/title>\n<meta name=\"robots\" content=\"index, follow, max-snippet:-1, max-image-preview:large, max-video-preview:-1\" \/>\n<link rel=\"canonical\" href=\"https:\/\/www.idsp.fr\/fr\/activites\/cours-de-langue\/\" \/>\n<meta property=\"og:locale\" content=\"fr_FR\" \/>\n<meta property=\"og:type\" content=\"article\" \/>\n<meta property=\"og:title\" content=\"Cours de langue - iDSP - La Schule - Internationale Deutsche Schule Paris\" \/>\n<meta property=\"og:url\" content=\"https:\/\/www.idsp.fr\/fr\/activites\/cours-de-langue\/\" \/>\n<meta property=\"og:site_name\" content=\"iDSP - La Schule - Internationale Deutsche Schule Paris\" \/>\n<meta property=\"article:modified_time\" content=\"2025-09-15T08:30:51+00:00\" \/>\n<meta property=\"og:image\" content=\"https:\/\/www.idsp.fr\/wp-content\/uploads\/2024\/06\/logo-vivafrench-logo-white.png\" \/>\n\t<meta property=\"og:image:width\" content=\"395\" \/>\n\t<meta property=\"og:image:height\" content=\"222\" \/>\n\t<meta property=\"og:image:type\" content=\"image\/png\" \/>\n<meta name=\"twitter:card\" content=\"summary_large_image\" \/>\n<meta name=\"twitter:label1\" content=\"Dur\u00e9e de lecture estim\u00e9e\" \/>\n\t<meta name=\"twitter:data1\" content=\"1 minute\" \/>\n<script type=\"application\/ld+json\" class=\"yoast-schema-graph\">{\"@context\":\"https:\\\/\\\/schema.org\",\"@graph\":[{\"@type\":\"WebPage\",\"@id\":\"https:\\\/\\\/www.idsp.fr\\\/fr\\\/activites\\\/cours-de-langue\\\/\",\"url\":\"https:\\\/\\\/www.idsp.fr\\\/fr\\\/activites\\\/cours-de-langue\\\/\",\"name\":\"Cours de langue - iDSP - La Schule - Internationale Deutsche Schule Paris\",\"isPartOf\":{\"@id\":\"https:\\\/\\\/www.idsp.fr\\\/#website\"},\"primaryImageOfPage\":{\"@id\":\"https:\\\/\\\/www.idsp.fr\\\/fr\\\/activites\\\/cours-de-langue\\\/#primaryimage\"},\"image\":{\"@id\":\"https:\\\/\\\/www.idsp.fr\\\/fr\\\/activites\\\/cours-de-langue\\\/#primaryimage\"},\"thumbnailUrl\":\"https:\\\/\\\/www.idsp.fr\\\/wp-content\\\/uploads\\\/2024\\\/06\\\/logo-vivafrench-logo-white-340x191.png\",\"datePublished\":\"2020-10-02T11:39:41+00:00\",\"dateModified\":\"2025-09-15T08:30:51+00:00\",\"breadcrumb\":{\"@id\":\"https:\\\/\\\/www.idsp.fr\\\/fr\\\/activites\\\/cours-de-langue\\\/#breadcrumb\"},\"inLanguage\":\"fr-FR\",\"potentialAction\":[{\"@type\":\"ReadAction\",\"target\":[\"https:\\\/\\\/www.idsp.fr\\\/fr\\\/activites\\\/cours-de-langue\\\/\"]}]},{\"@type\":\"ImageObject\",\"inLanguage\":\"fr-FR\",\"@id\":\"https:\\\/\\\/www.idsp.fr\\\/fr\\\/activites\\\/cours-de-langue\\\/#primaryimage\",\"url\":\"https:\\\/\\\/www.idsp.fr\\\/wp-content\\\/uploads\\\/2024\\\/06\\\/logo-vivafrench-logo-white-340x191.png\",\"contentUrl\":\"https:\\\/\\\/www.idsp.fr\\\/wp-content\\\/uploads\\\/2024\\\/06\\\/logo-vivafrench-logo-white-340x191.png\"},{\"@type\":\"BreadcrumbList\",\"@id\":\"https:\\\/\\\/www.idsp.fr\\\/fr\\\/activites\\\/cours-de-langue\\\/#breadcrumb\",\"itemListElement\":[{\"@type\":\"ListItem\",\"position\":1,\"name\":\"Startseite\",\"item\":\"https:\\\/\\\/www.idsp.fr\\\/fr\\\/idsp-ecole-allemande-internationale-de-paris\\\/\"},{\"@type\":\"ListItem\",\"position\":2,\"name\":\"Activit\u00e9s\",\"item\":\"https:\\\/\\\/www.idsp.fr\\\/fr\\\/activites\\\/\"},{\"@type\":\"ListItem\",\"position\":3,\"name\":\"Cours de langue\"}]},{\"@type\":\"WebSite\",\"@id\":\"https:\\\/\\\/www.idsp.fr\\\/#website\",\"url\":\"https:\\\/\\\/www.idsp.fr\\\/\",\"name\":\"iDSP - La Schule - Internationale Deutsche Schule Paris\",\"description\":\"\",\"potentialAction\":[{\"@type\":\"SearchAction\",\"target\":{\"@type\":\"EntryPoint\",\"urlTemplate\":\"https:\\\/\\\/www.idsp.fr\\\/?s={search_term_string}\"},\"query-input\":{\"@type\":\"PropertyValueSpecification\",\"valueRequired\":true,\"valueName\":\"search_term_string\"}}],\"inLanguage\":\"fr-FR\"}]}<\/script>\n<!-- \/ Yoast SEO plugin. -->","yoast_head_json":{"title":"Cours de langue - iDSP - La Schule - Internationale Deutsche Schule Paris","robots":{"index":"index","follow":"follow","max-snippet":"max-snippet:-1","max-image-preview":"max-image-preview:large","max-video-preview":"max-video-preview:-1"},"canonical":"https:\/\/www.idsp.fr\/fr\/activites\/cours-de-langue\/","og_locale":"fr_FR","og_type":"article","og_title":"Cours de langue - iDSP - La Schule - Internationale Deutsche Schule Paris","og_url":"https:\/\/www.idsp.fr\/fr\/activites\/cours-de-langue\/","og_site_name":"iDSP - La Schule - Internationale Deutsche Schule Paris","article_modified_time":"2025-09-15T08:30:51+00:00","og_image":[{"width":395,"height":222,"url":"https:\/\/www.idsp.fr\/wp-content\/uploads\/2024\/06\/logo-vivafrench-logo-white.png","type":"image\/png"}],"twitter_card":"summary_large_image","twitter_misc":{"Dur\u00e9e de lecture estim\u00e9e":"1 minute"},"schema":{"@context":"https:\/\/schema.org","@graph":[{"@type":"WebPage","@id":"https:\/\/www.idsp.fr\/fr\/activites\/cours-de-langue\/","url":"https:\/\/www.idsp.fr\/fr\/activites\/cours-de-langue\/","name":"Cours de langue - iDSP - La Schule - Internationale Deutsche Schule Paris","isPartOf":{"@id":"https:\/\/www.idsp.fr\/#website"},"primaryImageOfPage":{"@id":"https:\/\/www.idsp.fr\/fr\/activites\/cours-de-langue\/#primaryimage"},"image":{"@id":"https:\/\/www.idsp.fr\/fr\/activites\/cours-de-langue\/#primaryimage"},"thumbnailUrl":"https:\/\/www.idsp.fr\/wp-content\/uploads\/2024\/06\/logo-vivafrench-logo-white-340x191.png","datePublished":"2020-10-02T11:39:41+00:00","dateModified":"2025-09-15T08:30:51+00:00","breadcrumb":{"@id":"https:\/\/www.idsp.fr\/fr\/activites\/cours-de-langue\/#breadcrumb"},"inLanguage":"fr-FR","potentialAction":[{"@type":"ReadAction","target":["https:\/\/www.idsp.fr\/fr\/activites\/cours-de-langue\/"]}]},{"@type":"ImageObject","inLanguage":"fr-FR","@id":"https:\/\/www.idsp.fr\/fr\/activites\/cours-de-langue\/#primaryimage","url":"https:\/\/www.idsp.fr\/wp-content\/uploads\/2024\/06\/logo-vivafrench-logo-white-340x191.png","contentUrl":"https:\/\/www.idsp.fr\/wp-content\/uploads\/2024\/06\/logo-vivafrench-logo-white-340x191.png"},{"@type":"BreadcrumbList","@id":"https:\/\/www.idsp.fr\/fr\/activites\/cours-de-langue\/#breadcrumb","itemListElement":[{"@type":"ListItem","position":1,"name":"Startseite","item":"https:\/\/www.idsp.fr\/fr\/idsp-ecole-allemande-internationale-de-paris\/"},{"@type":"ListItem","position":2,"name":"Activit\u00e9s","item":"https:\/\/www.idsp.fr\/fr\/activites\/"},{"@type":"ListItem","position":3,"name":"Cours de langue"}]},{"@type":"WebSite","@id":"https:\/\/www.idsp.fr\/#website","url":"https:\/\/www.idsp.fr\/","name":"iDSP - La Schule - Internationale Deutsche Schule Paris","description":"","potentialAction":[{"@type":"SearchAction","target":{"@type":"EntryPoint","urlTemplate":"https:\/\/www.idsp.fr\/?s={search_term_string}"},"query-input":{"@type":"PropertyValueSpecification","valueRequired":true,"valueName":"search_term_string"}}],"inLanguage":"fr-FR"}]}},"_links":{"self":[{"href":"https:\/\/www.idsp.fr\/fr\/wp-json\/wp\/v2\/pages\/4245","targetHints":{"allow":["GET"]}}],"collection":[{"href":"https:\/\/www.idsp.fr\/fr\/wp-json\/wp\/v2\/pages"}],"about":[{"href":"https:\/\/www.idsp.fr\/fr\/wp-json\/wp\/v2\/types\/page"}],"author":[{"embeddable":true,"href":"https:\/\/www.idsp.fr\/fr\/wp-json\/wp\/v2\/users\/3"}],"replies":[{"embeddable":true,"href":"https:\/\/www.idsp.fr\/fr\/wp-json\/wp\/v2\/comments?post=4245"}],"version-history":[{"count":10,"href":"https:\/\/www.idsp.fr\/fr\/wp-json\/wp\/v2\/pages\/4245\/revisions"}],"predecessor-version":[{"id":32220,"href":"https:\/\/www.idsp.fr\/fr\/wp-json\/wp\/v2\/pages\/4245\/revisions\/32220"}],"up":[{"embeddable":true,"href":"https:\/\/www.idsp.fr\/fr\/wp-json\/wp\/v2\/pages\/4012"}],"wp:attachment":[{"href":"https:\/\/www.idsp.fr\/fr\/wp-json\/wp\/v2\/media?parent=4245"}],"curies":[{"name":"wp","href":"https:\/\/api.w.org\/{rel}","templated":true}]}}