{"id":4230,"date":"2020-10-02T13:31:50","date_gmt":"2020-10-02T11:31:50","guid":{"rendered":"https:\/\/www.idsp.fr\/?page_id=4230"},"modified":"2024-01-09T14:34:09","modified_gmt":"2024-01-09T13:34:09","slug":"passage-au-cp","status":"publish","type":"page","link":"https:\/\/www.idsp.fr\/fr\/ecole-maternelle\/passage-au-cp\/","title":{"rendered":"Passage au CP"},"content":{"rendered":"\n<style type=\"text\/css\" data-created_by=\"avia_inline_auto\" id=\"style-css-av-k9tzp0ta-6dd7479124f797f4d8afc0b20a8557c6\">\n.avia-section.av-k9tzp0ta-6dd7479124f797f4d8afc0b20a8557c6{\nbackground-color:#024d7d;\nbackground-image:unset;\n}\n<\/style>\n<div id='av_section_1'  class='avia-section av-k9tzp0ta-6dd7479124f797f4d8afc0b20a8557c6 main_color avia-section-small avia-no-border-styling  avia-builder-el-0  el_before_av_textblock  avia-builder-el-first  avia-bg-style-scroll av-minimum-height av-minimum-height-custom av-height-custom  container_wrap sidebar_right'   data-av_minimum_height_px='100'><div class='container av-section-cont-open' style='height:100px'><main  role=\"main\" itemprop=\"mainContentOfPage\"  class='template-page content  av-content-small alpha units'><div class='post-entry post-entry-type-page post-entry-4230'><div class='entry-content-wrapper clearfix'>\n\n<style type=\"text\/css\" data-created_by=\"avia_inline_auto\" id=\"style-css-av-kgrtrib7-d492a4d8e02bd52226e11b0240c52aed\">\n#top .av-special-heading.av-kgrtrib7-d492a4d8e02bd52226e11b0240c52aed{\npadding-bottom:10px;\ncolor:#ffffff;\n}\nbody .av-special-heading.av-kgrtrib7-d492a4d8e02bd52226e11b0240c52aed .av-special-heading-tag .heading-char{\nfont-size:25px;\n}\n.av-special-heading.av-kgrtrib7-d492a4d8e02bd52226e11b0240c52aed .special-heading-inner-border{\nborder-color:#ffffff;\n}\n.av-special-heading.av-kgrtrib7-d492a4d8e02bd52226e11b0240c52aed .av-subheading{\nfont-size:15px;\n}\n<\/style>\n<div  class='av-special-heading av-kgrtrib7-d492a4d8e02bd52226e11b0240c52aed av-special-heading-h2 custom-color-heading  avia-builder-el-1  avia-builder-el-no-sibling '><h2 class='av-special-heading-tag '  itemprop=\"headline\"  >Passage au CP<\/h2><div class=\"special-heading-border\"><div class=\"special-heading-inner-border\"><\/div><\/div><\/div>\n<\/div><\/div><\/main><!-- close content main element --><\/div><\/div><div id='after_section_1'  class='main_color av_default_container_wrap container_wrap sidebar_right'  ><div class='container av-section-cont-open' ><div class='template-page content  av-content-small alpha units'><div class='post-entry post-entry-type-page post-entry-4230'><div class='entry-content-wrapper clearfix'>\n<section  class='av_textblock_section av-kgrtn5o4-5e8fbc4ce2cf46214c30050dfd104137 '   itemscope=\"itemscope\" itemtype=\"https:\/\/schema.org\/CreativeWork\" ><div class='avia_textblock'  itemprop=\"text\" ><blockquote>\n<p>Passer du jardin d&rsquo;enfants \u00e0 l&rsquo;\u00e9cole, c&rsquo;est passer d&rsquo;une institution \u00e0 <img decoding=\"async\" class=\"alignright size-medium wp-image-3817\" src=\"https:\/\/www.idsp.fr\/wp-content\/uploads\/2020\/09\/U\u0308bergang-KG-GS-2-340x210.jpg\" alt=\"\" width=\"340\" height=\"210\" srcset=\"https:\/\/www.idsp.fr\/wp-content\/uploads\/2020\/09\/U\u0308bergang-KG-GS-2-340x210.jpg 340w, https:\/\/www.idsp.fr\/wp-content\/uploads\/2020\/09\/U\u0308bergang-KG-GS-2-1030x637.jpg 1030w, https:\/\/www.idsp.fr\/wp-content\/uploads\/2020\/09\/U\u0308bergang-KG-GS-2-768x475.jpg 768w, https:\/\/www.idsp.fr\/wp-content\/uploads\/2020\/09\/U\u0308bergang-KG-GS-2-705x436.jpg 705w, https:\/\/www.idsp.fr\/wp-content\/uploads\/2020\/09\/U\u0308bergang-KG-GS-2.jpg 1280w\" sizes=\"(max-width: 340px) 100vw, 340px\" \/>une autre. Les deux institutions sont au service de l&rsquo;\u00e9ducation \u00e9l\u00e9mentaire des enfants. Elles les accompagnent au cours des \u00e9tapes d\u00e9cisives de leur vie durant lesquelles ils acqui\u00e8rent les bases de l&rsquo;apprentissage.<\/p>\n<\/blockquote>\n<\/div><\/section>\n\n<style type=\"text\/css\" data-created_by=\"avia_inline_auto\" id=\"style-css-av-kgrto81k-e954020bbe5e49b3eaea7978a7d7d88c\">\n#top .hr.hr-invisible.av-kgrto81k-e954020bbe5e49b3eaea7978a7d7d88c{\nheight:25px;\n}\n<\/style>\n<div  class='hr av-kgrto81k-e954020bbe5e49b3eaea7978a7d7d88c hr-invisible  avia-builder-el-3  el_after_av_textblock  el_before_av_textblock '><span class='hr-inner '><span class=\"hr-inner-style\"><\/span><\/span><\/div>\n<section  class='av_textblock_section av-k9u6fw6u-29a367523a833c9bfcc829296134ea0a '   itemscope=\"itemscope\" itemtype=\"https:\/\/schema.org\/CreativeWork\" ><div class='avia_textblock'  itemprop=\"text\" ><p>Pour que le passage des enfants du jardin d&rsquo;enfants \u00e0 l&rsquo;\u00e9cole soit un succ\u00e8s, il existe depuis plusieurs ann\u00e9es une \u00e9troite collaboration entre l\u2019\u00e9cole maternelle, l&rsquo;\u00e9cole primaire et les parents. La responsabilit\u00e9 est partag\u00e9e par tous de mani\u00e8re \u00e9gale. Notre objectif, \u00e0 travers la coop\u00e9ration de tous ces acteurs, est de favoriser un passage en douceur du jardin d&rsquo;enfants vers l&rsquo;\u00e9cole primaire.<\/p>\n<p>Nous voulons accompagner les enfants durant cette phase de transition :<\/p>\n<ul>\n<li>nous suscitons leur curiosit\u00e9,<\/li>\n<li>ils apprennent \u00e0 d\u00e9couvrir la nouveaut\u00e9,<\/li>\n<li>nous combattons leurs craintes<\/li>\n<li>nous nouons les premiers contacts avec la nouvelle institution, l&rsquo;enseignant et les \u00e9l\u00e8ves,<\/li>\n<li>nous donnons un aper\u00e7u d&rsquo;une journ\u00e9e \u00e0 l&rsquo;\u00e9cole,<\/li>\n<li>l\u2019estime de soi est renforc\u00e9e : \u201cnous faisons d\u00e9sormais partie des \u00ab\u00a0grands\u00a0\u00bb !\u201c<\/li>\n<li>les enfants prennent confiance en eux.<\/li>\n<\/ul>\n<p>Une fois par semaine, les enfants d&rsquo;\u00e2ge pr\u00e9scolaire se rendent \u00e0 l&rsquo;iDSP avec notre \u00e9ducatrice sportive. L\u00e0-bas, un atelier jeux de balle a lieu avec la 1\u00e8re et la 2e classe de l&rsquo;\u00e9cole primaire.<\/p>\n<p>Le second semestre, ils suivent des cours dans la premi\u00e8re classe pour se familiariser avec les nouveaux locaux et les nouvelles r\u00e8gles. Gr\u00e2ce \u00e0 cet \u00e9change, les enfants de l&rsquo;\u00e9cole maternelle s&rsquo;initient d\u00e9j\u00e0 aux structures, aussi bien internes \u00e0 l&rsquo;\u00e9cole qu&rsquo;\u00e0 la classe, de l&rsquo;\u00e9cole primaire. Ils peuvent nouer les premiers contacts avec les \u00e9l\u00e8ves et les d\u00e9velopper. Nous compl\u00e9tons cet \u00e9change par des activit\u00e9s communes, contes, pi\u00e8ces de th\u00e9\u00e2tres et sorties.<\/p>\n<p>Les enfants de l&rsquo;\u00e9cole primaire pratiquent \u00e9galement diff\u00e9rentes activit\u00e9s (par ex. apr\u00e8s-midi lecture) avec les enfants de l&rsquo;\u00e9cole maternelle dans les locaux du jardin d&rsquo;enfants.<\/p>\n<p>Afin de faciliter le passage \u00e0 l&rsquo;\u00e9cole primaire, nous travaillons en langue avec le cahier d&rsquo;exercices \u00a0\u00bb Der kleine Tinto \u00a0\u00bb (le petit Tinto). Le programme de soutien est adapt\u00e9 \u00e0 l&rsquo;enfant et est orient\u00e9 sur les besoins et les capacit\u00e9s des enfants. Au CP, nous utilisons les exercices d&rsquo;approfondissement comme outils p\u00e9dagogiques.<\/p>\n<p>Nous \u00e9laborons un calendrier annuel en collaboration avec l&rsquo;enseignante charg\u00e9e de la coop\u00e9ration qui nous rend visite une fois par semaine. Ce calendrier fixe l&rsquo;organisation de la coop\u00e9ration et en d\u00e9finit le contenu dans le respect des conditions g\u00e9n\u00e9rales de chaque classe.<\/p>\n<p>La concertation concernant un \u00e9ventuel report de l&rsquo;inscription \u00e0 l&rsquo;\u00e9cole ou un accueil anticip\u00e9 pour le bien de l&rsquo;enfant, est un \u00e9l\u00e9ment essentiel de la coop\u00e9ration.<\/p>\n<p>La coop\u00e9ration entre l&rsquo;\u00e9cole primaire et le jardin d&rsquo;enfants est aliment\u00e9e par l&rsquo;initiative, le travail en \u00e9quipe, l&rsquo;acceptation et l&rsquo;engagement de tous les acteurs.<\/p>\n<\/div><\/section>\n","protected":false},"excerpt":{"rendered":"","protected":false},"author":3,"featured_media":0,"parent":4049,"menu_order":23,"comment_status":"closed","ping_status":"closed","template":"","meta":{"footnotes":""},"class_list":["post-4230","page","type-page","status-publish","hentry"],"yoast_head":"<!-- This site is optimized with the Yoast SEO plugin v27.4 - https:\/\/yoast.com\/product\/yoast-seo-wordpress\/ -->\n<title>Passage au CP - iDSP - La Schule - Internationale Deutsche Schule Paris<\/title>\n<meta name=\"robots\" content=\"index, follow, max-snippet:-1, max-image-preview:large, max-video-preview:-1\" \/>\n<link rel=\"canonical\" href=\"https:\/\/www.idsp.fr\/fr\/ecole-maternelle\/passage-au-cp\/\" \/>\n<meta property=\"og:locale\" content=\"fr_FR\" \/>\n<meta property=\"og:type\" content=\"article\" \/>\n<meta property=\"og:title\" content=\"Passage au CP - iDSP - La Schule - Internationale Deutsche Schule Paris\" \/>\n<meta property=\"og:url\" content=\"https:\/\/www.idsp.fr\/fr\/ecole-maternelle\/passage-au-cp\/\" \/>\n<meta property=\"og:site_name\" content=\"iDSP - La Schule - Internationale Deutsche Schule Paris\" \/>\n<meta property=\"article:modified_time\" content=\"2024-01-09T13:34:09+00:00\" \/>\n<meta name=\"twitter:card\" content=\"summary_large_image\" \/>\n<meta name=\"twitter:label1\" content=\"Dur\u00e9e de lecture estim\u00e9e\" \/>\n\t<meta name=\"twitter:data1\" content=\"3 minutes\" \/>\n<script type=\"application\/ld+json\" class=\"yoast-schema-graph\">{\"@context\":\"https:\\\/\\\/schema.org\",\"@graph\":[{\"@type\":\"WebPage\",\"@id\":\"https:\\\/\\\/www.idsp.fr\\\/fr\\\/ecole-maternelle\\\/passage-au-cp\\\/\",\"url\":\"https:\\\/\\\/www.idsp.fr\\\/fr\\\/ecole-maternelle\\\/passage-au-cp\\\/\",\"name\":\"Passage au CP - iDSP - La Schule - Internationale Deutsche Schule Paris\",\"isPartOf\":{\"@id\":\"https:\\\/\\\/www.idsp.fr\\\/#website\"},\"datePublished\":\"2020-10-02T11:31:50+00:00\",\"dateModified\":\"2024-01-09T13:34:09+00:00\",\"breadcrumb\":{\"@id\":\"https:\\\/\\\/www.idsp.fr\\\/fr\\\/ecole-maternelle\\\/passage-au-cp\\\/#breadcrumb\"},\"inLanguage\":\"fr-FR\",\"potentialAction\":[{\"@type\":\"ReadAction\",\"target\":[\"https:\\\/\\\/www.idsp.fr\\\/fr\\\/ecole-maternelle\\\/passage-au-cp\\\/\"]}]},{\"@type\":\"BreadcrumbList\",\"@id\":\"https:\\\/\\\/www.idsp.fr\\\/fr\\\/ecole-maternelle\\\/passage-au-cp\\\/#breadcrumb\",\"itemListElement\":[{\"@type\":\"ListItem\",\"position\":1,\"name\":\"Startseite\",\"item\":\"https:\\\/\\\/www.idsp.fr\\\/fr\\\/idsp-ecole-allemande-internationale-de-paris\\\/\"},{\"@type\":\"ListItem\",\"position\":2,\"name\":\"ECOLE MATERNELLE\",\"item\":\"https:\\\/\\\/www.idsp.fr\\\/fr\\\/ecole-maternelle\\\/\"},{\"@type\":\"ListItem\",\"position\":3,\"name\":\"Passage au CP\"}]},{\"@type\":\"WebSite\",\"@id\":\"https:\\\/\\\/www.idsp.fr\\\/#website\",\"url\":\"https:\\\/\\\/www.idsp.fr\\\/\",\"name\":\"iDSP - La Schule - Internationale Deutsche Schule Paris\",\"description\":\"\",\"potentialAction\":[{\"@type\":\"SearchAction\",\"target\":{\"@type\":\"EntryPoint\",\"urlTemplate\":\"https:\\\/\\\/www.idsp.fr\\\/?s={search_term_string}\"},\"query-input\":{\"@type\":\"PropertyValueSpecification\",\"valueRequired\":true,\"valueName\":\"search_term_string\"}}],\"inLanguage\":\"fr-FR\"}]}<\/script>\n<!-- \/ Yoast SEO plugin. -->","yoast_head_json":{"title":"Passage au CP - iDSP - La Schule - Internationale Deutsche Schule Paris","robots":{"index":"index","follow":"follow","max-snippet":"max-snippet:-1","max-image-preview":"max-image-preview:large","max-video-preview":"max-video-preview:-1"},"canonical":"https:\/\/www.idsp.fr\/fr\/ecole-maternelle\/passage-au-cp\/","og_locale":"fr_FR","og_type":"article","og_title":"Passage au CP - iDSP - La Schule - Internationale Deutsche Schule Paris","og_url":"https:\/\/www.idsp.fr\/fr\/ecole-maternelle\/passage-au-cp\/","og_site_name":"iDSP - La Schule - Internationale Deutsche Schule Paris","article_modified_time":"2024-01-09T13:34:09+00:00","twitter_card":"summary_large_image","twitter_misc":{"Dur\u00e9e de lecture estim\u00e9e":"3 minutes"},"schema":{"@context":"https:\/\/schema.org","@graph":[{"@type":"WebPage","@id":"https:\/\/www.idsp.fr\/fr\/ecole-maternelle\/passage-au-cp\/","url":"https:\/\/www.idsp.fr\/fr\/ecole-maternelle\/passage-au-cp\/","name":"Passage au CP - iDSP - La Schule - Internationale Deutsche Schule Paris","isPartOf":{"@id":"https:\/\/www.idsp.fr\/#website"},"datePublished":"2020-10-02T11:31:50+00:00","dateModified":"2024-01-09T13:34:09+00:00","breadcrumb":{"@id":"https:\/\/www.idsp.fr\/fr\/ecole-maternelle\/passage-au-cp\/#breadcrumb"},"inLanguage":"fr-FR","potentialAction":[{"@type":"ReadAction","target":["https:\/\/www.idsp.fr\/fr\/ecole-maternelle\/passage-au-cp\/"]}]},{"@type":"BreadcrumbList","@id":"https:\/\/www.idsp.fr\/fr\/ecole-maternelle\/passage-au-cp\/#breadcrumb","itemListElement":[{"@type":"ListItem","position":1,"name":"Startseite","item":"https:\/\/www.idsp.fr\/fr\/idsp-ecole-allemande-internationale-de-paris\/"},{"@type":"ListItem","position":2,"name":"ECOLE MATERNELLE","item":"https:\/\/www.idsp.fr\/fr\/ecole-maternelle\/"},{"@type":"ListItem","position":3,"name":"Passage au CP"}]},{"@type":"WebSite","@id":"https:\/\/www.idsp.fr\/#website","url":"https:\/\/www.idsp.fr\/","name":"iDSP - La Schule - Internationale Deutsche Schule Paris","description":"","potentialAction":[{"@type":"SearchAction","target":{"@type":"EntryPoint","urlTemplate":"https:\/\/www.idsp.fr\/?s={search_term_string}"},"query-input":{"@type":"PropertyValueSpecification","valueRequired":true,"valueName":"search_term_string"}}],"inLanguage":"fr-FR"}]}},"_links":{"self":[{"href":"https:\/\/www.idsp.fr\/fr\/wp-json\/wp\/v2\/pages\/4230","targetHints":{"allow":["GET"]}}],"collection":[{"href":"https:\/\/www.idsp.fr\/fr\/wp-json\/wp\/v2\/pages"}],"about":[{"href":"https:\/\/www.idsp.fr\/fr\/wp-json\/wp\/v2\/types\/page"}],"author":[{"embeddable":true,"href":"https:\/\/www.idsp.fr\/fr\/wp-json\/wp\/v2\/users\/3"}],"replies":[{"embeddable":true,"href":"https:\/\/www.idsp.fr\/fr\/wp-json\/wp\/v2\/comments?post=4230"}],"version-history":[{"count":0,"href":"https:\/\/www.idsp.fr\/fr\/wp-json\/wp\/v2\/pages\/4230\/revisions"}],"up":[{"embeddable":true,"href":"https:\/\/www.idsp.fr\/fr\/wp-json\/wp\/v2\/pages\/4049"}],"wp:attachment":[{"href":"https:\/\/www.idsp.fr\/fr\/wp-json\/wp\/v2\/media?parent=4230"}],"curies":[{"name":"wp","href":"https:\/\/api.w.org\/{rel}","templated":true}]}}