{"id":4225,"date":"2020-10-02T13:24:31","date_gmt":"2020-10-02T11:24:31","guid":{"rendered":"https:\/\/www.idsp.fr\/?page_id=4225"},"modified":"2025-12-12T17:35:25","modified_gmt":"2025-12-12T16:35:25","slug":"langues","status":"publish","type":"page","link":"https:\/\/www.idsp.fr\/fr\/ecole-maternelle\/langues\/","title":{"rendered":"Langues"},"content":{"rendered":"\n<style type=\"text\/css\" data-created_by=\"avia_inline_auto\" id=\"style-css-av-k9tzp0ta-6dd7479124f797f4d8afc0b20a8557c6\">\n.avia-section.av-k9tzp0ta-6dd7479124f797f4d8afc0b20a8557c6{\nbackground-color:#024d7d;\nbackground-image:unset;\n}\n<\/style>\n<div id='av_section_1'  class='avia-section av-k9tzp0ta-6dd7479124f797f4d8afc0b20a8557c6 main_color avia-section-small avia-no-border-styling  avia-builder-el-0  el_before_av_one_half  avia-builder-el-first  avia-bg-style-scroll av-minimum-height av-minimum-height-custom av-height-custom  container_wrap sidebar_right'   data-av_minimum_height_px='100'><div class='container av-section-cont-open' style='height:100px'><main  role=\"main\" itemprop=\"mainContentOfPage\"  class='template-page content  av-content-small alpha units'><div class='post-entry post-entry-type-page post-entry-4225'><div class='entry-content-wrapper clearfix'>\n\n<style type=\"text\/css\" data-created_by=\"avia_inline_auto\" id=\"style-css-av-kgrtemyp-05489519c1c2021b041e7b70515a9cf6\">\n#top .av-special-heading.av-kgrtemyp-05489519c1c2021b041e7b70515a9cf6{\npadding-bottom:10px;\ncolor:#ffffff;\n}\nbody .av-special-heading.av-kgrtemyp-05489519c1c2021b041e7b70515a9cf6 .av-special-heading-tag .heading-char{\nfont-size:25px;\n}\n.av-special-heading.av-kgrtemyp-05489519c1c2021b041e7b70515a9cf6 .special-heading-inner-border{\nborder-color:#ffffff;\n}\n.av-special-heading.av-kgrtemyp-05489519c1c2021b041e7b70515a9cf6 .av-subheading{\nfont-size:15px;\n}\n<\/style>\n<div  class='av-special-heading av-kgrtemyp-05489519c1c2021b041e7b70515a9cf6 av-special-heading-h2 custom-color-heading  avia-builder-el-1  avia-builder-el-no-sibling '><h2 class='av-special-heading-tag '  itemprop=\"headline\"  >Langues<\/h2><div class=\"special-heading-border\"><div class=\"special-heading-inner-border\"><\/div><\/div><\/div>\n<\/div><\/div><\/main><!-- close content main element --><\/div><\/div><div id='after_section_1'  class='main_color av_default_container_wrap container_wrap sidebar_right'  ><div class='container av-section-cont-open' ><div class='template-page content  av-content-small alpha units'><div class='post-entry post-entry-type-page post-entry-4225'><div class='entry-content-wrapper clearfix'>\n\n<style type=\"text\/css\" data-created_by=\"avia_inline_auto\" id=\"style-css-av-4519zd-7c39cac169b360cae0ecc403b563e640\">\n.flex_column.av-4519zd-7c39cac169b360cae0ecc403b563e640{\nborder-radius:0px 0px 0px 0px;\npadding:0px 0px 0px 0px;\n}\n<\/style>\n<div  class='flex_column av-4519zd-7c39cac169b360cae0ecc403b563e640 av_one_half  avia-builder-el-2  el_after_av_section  el_before_av_one_half  avia-builder-el-first  first flex_column_div av-zero-column-padding  '     ><section  class='av_textblock_section av-kf2ith5i-467ca96ed22ab8cd1f660b2f52ac939b '   itemscope=\"itemscope\" itemtype=\"https:\/\/schema.org\/CreativeWork\" ><div class='avia_textblock'  itemprop=\"text\" ><blockquote>\n<p>Le langage est un outil qui nous permet d&rsquo;exprimer des pens\u00e9es, des souhaits et des sentiments et de communiquer avec les autres. Des d\u00e9ficits au niveau du langage au cours de la petite enfance peuvent avoir des r\u00e9percussions sur tous les autres processus de la vie et d&rsquo;apprentissage.<\/p>\n<\/blockquote>\n<\/div><\/section><\/div>\n\n<style type=\"text\/css\" data-created_by=\"avia_inline_auto\" id=\"style-css-av-29oibd-3db528b1c1fc0f2a4b28026ed99f2f2e\">\n.flex_column.av-29oibd-3db528b1c1fc0f2a4b28026ed99f2f2e{\nborder-radius:0px 0px 0px 0px;\npadding:0px 0px 0px 0px;\n}\n<\/style>\n<div  class='flex_column av-29oibd-3db528b1c1fc0f2a4b28026ed99f2f2e av_one_half  avia-builder-el-4  el_after_av_one_half  el_before_av_hr  flex_column_div av-zero-column-padding  '     ><style type=\"text\/css\" data-created_by=\"avia_inline_auto\" id=\"style-css-av-kf2iso59-f448666a3a821bf661e2783b2a935d8b\">\n.avia-image-container.av-kf2iso59-f448666a3a821bf661e2783b2a935d8b img.avia_image{\nbox-shadow:none;\n}\n.avia-image-container.av-kf2iso59-f448666a3a821bf661e2783b2a935d8b .av-image-caption-overlay-center{\ncolor:#ffffff;\n}\n<\/style>\n<div  class='avia-image-container av-kf2iso59-f448666a3a821bf661e2783b2a935d8b av-styling- avia-align-center  avia-builder-el-5  avia-builder-el-no-sibling '   itemprop=\"image\" itemscope=\"itemscope\" itemtype=\"https:\/\/schema.org\/ImageObject\" ><div class=\"avia-image-container-inner\"><div class=\"avia-image-overlay-wrap\"><img decoding=\"async\" fetchpriority=\"high\" class='wp-image-3796 avia-img-lazy-loading-not-3796 avia_image ' src=\"https:\/\/www.idsp.fr\/wp-content\/uploads\/2020\/09\/Sprachen.jpg\" alt='' title=''  height=\"1106\" width=\"830\"  itemprop=\"thumbnailUrl\" srcset=\"https:\/\/www.idsp.fr\/wp-content\/uploads\/2020\/09\/Sprachen.jpg 830w, https:\/\/www.idsp.fr\/wp-content\/uploads\/2020\/09\/Sprachen-240x320.jpg 240w, https:\/\/www.idsp.fr\/wp-content\/uploads\/2020\/09\/Sprachen-773x1030.jpg 773w, https:\/\/www.idsp.fr\/wp-content\/uploads\/2020\/09\/Sprachen-768x1023.jpg 768w, https:\/\/www.idsp.fr\/wp-content\/uploads\/2020\/09\/Sprachen-529x705.jpg 529w\" sizes=\"(max-width: 830px) 100vw, 830px\" \/><\/div><\/div><\/div><\/div>\n\n<style type=\"text\/css\" data-created_by=\"avia_inline_auto\" id=\"style-css-av-kf2iwnz7-2b274c3416867dd99cd2419ef02a205e\">\n#top .hr.hr-invisible.av-kf2iwnz7-2b274c3416867dd99cd2419ef02a205e{\nheight:25px;\n}\n<\/style>\n<div  class='hr av-kf2iwnz7-2b274c3416867dd99cd2419ef02a205e hr-invisible  avia-builder-el-6  el_after_av_one_half  el_before_av_textblock '><span class='hr-inner '><span class=\"hr-inner-style\"><\/span><\/span><\/div>\n<section  class='av_textblock_section av-kewxcj7c-0a58d80bc80aaaf13866374c98eba245 '   itemscope=\"itemscope\" itemtype=\"https:\/\/schema.org\/CreativeWork\" ><div class='avia_textblock'  itemprop=\"text\" ><p>\u00c0 la Villa Kunterbunt, le d\u00e9roulement de la journ\u00e9e est organis\u00e9 de telle mani\u00e8re que de nombreuses situations de communication surgissent. Ainsi, nous encourageons la compr\u00e9hension orale, l&rsquo;\u00e9largissement du vocabulaire et am\u00e9liorons la capacit\u00e9 d&rsquo;expression verbale et non verbale. \u00catre enfant aujourd&rsquo;hui signifie grandir avec la mondialisation et au sein d&rsquo;une vari\u00e9t\u00e9 linguistique impressionnante. \u00a0Comprendre les autres est essentiel, mais la soci\u00e9t\u00e9 est de plus en plus exigeante. Poss\u00e9der des connaissances linguistiques vari\u00e9es constitue donc un outil important pour communiquer et comprendre d\u2019autres cultures.<br \/>\nDans la \u00ab\u00a0Villa Kunterbunt\u00a0\u00bb on rencontre des enfants de nationalit\u00e9s diff\u00e9rentes. Notre objectif est de familiariser les enfants avec les langues et les cultures \u00e9trang\u00e8res et qu&rsquo;elles soient consid\u00e9r\u00e9es comme naturelles. Ressentir le langage comme un formidable instrument qui a une sonorit\u00e9 diff\u00e9rente aupr\u00e8s des enfants de langues maternelles diff\u00e9rentes constitue un objectif important en mati\u00e8re de d\u00e9veloppement du langage et renforce la capacit\u00e9 d&rsquo;apprentissage du langage des enfants.<\/p>\n<p>Dans notre jardin d&rsquo;enfants, nous initions les enfants aux langues fran\u00e7aise et allemande.<\/p>\n<blockquote>\n<p><strong>Le fran\u00e7ais comme seconde langue<\/strong><\/p>\n<\/blockquote>\n<p>Une \u00e9ducatrice fran\u00e7aise s&rsquo;occupe des enfants. Nous initions votre enfant \u00e0 la langue fran\u00e7aise d&rsquo;une mani\u00e8re globale, li\u00e9e \u00e0 son environnement et adapt\u00e9e \u00e0 son \u00e2ge. Nous r\u00e9alisons cela \u00e0 l&rsquo;aide d&rsquo;histoires, de chansons, en observant des livres d&rsquo;images, en assistant \u00e0 des pi\u00e8ces de th\u00e9\u00e2tre, des pantomimes, en dansant et en bougeant en rythme ainsi que par le biais de la peinture, du bricolage, de la cuisine et de la cuisine.<\/p>\n<p>Nous utilisons des supports tels que le livre d&rsquo;images et la vid\u00e9o. Nous adaptons les activit\u00e9s en fonction des th\u00e8mes et des projets. Pour avoir un aper\u00e7u sur la culture fran\u00e7aise, nous abordons avec les enfants les us et coutumes fran\u00e7aises.<\/p>\n<p>Les activit\u00e9s suivantes, effectu\u00e9es en pr\u00e9sence d&rsquo;\u00e9ducatrices de langue fran\u00e7aise, prolongent l&rsquo;initiation \u00e0 la langue fran\u00e7aise : la gymnastique, le jeu libre, le jeu libre dans le jardin, le regroupement en cercle, le bricolage, la biblioth\u00e8que, le regroupement avant le retour \u00e0 la maison, le petit d\u00e9jeuner, le go\u00fbter, le d\u00e9jeuner, l\u2019observation des poules au moment de leur repas en compagnie de notre gardien fran\u00e7ais.<\/p>\n<p>D&rsquo;autres activit\u00e9s nous permettent \u00e9galement de prendre contact avec la langue fran\u00e7aise en dehors de la Villa Kunterbunt : fr\u00e9quentation des th\u00e9\u00e2tres situ\u00e9s \u00e0 proximit\u00e9, \u00e9change avec l&rsquo;\u00e9cole Montessori situ\u00e9e \u00e0 proximit\u00e9, sorties sur le march\u00e9 et \u00e0 la boulangerie, \u00a0sorties autour de l&rsquo;\u00e9cole (par ex. chez les pompiers), excursion \u00e0 Paris avec les plus grands (mus\u00e9es, Cit\u00e9 des enfants, \u2026).<\/p>\n<blockquote>\n<p><strong>L&rsquo;allemand comme seconde langue<\/strong><\/p>\n<\/blockquote>\n<p>Les enfants qui souhaitent apprendre l&rsquo;allemand en seconde langue, ou pour lesquels la langue allemande est identifi\u00e9e comme une \u00ab\u00a0langue faible\u00a0\u00bb, seront initi\u00e9s \u00e0 la langue allemande gr\u00e2ce \u00e0 une immersion, \u00e9galement appel\u00e9e \u00ab\u00a0bain de langue\u00a0\u00bb, de mani\u00e8re ludique, adapt\u00e9e \u00e0 l&rsquo;enfant et compl\u00e8tement naturelle. Nous proc\u00e9dons sans pression et sans contrainte.<\/p>\n<p>Au jardin d&rsquo;enfants, votre enfant est immerg\u00e9 dans un univers o\u00f9 beaucoup de choses se passent en allemand. Ainsi, l&rsquo;enfant apprend inconsciemment, il perd son appr\u00e9hension vis-\u00e0-vis des langues \u00e9trang\u00e8res qui lui deviennent famili\u00e8res. L&rsquo;apprentissage d&rsquo;une langue \u00e9trang\u00e8re s&rsquo;effectue en \u00e9voluant, en vivant au milieu de ces langues. Gr\u00e2ce aux diff\u00e9rentes activit\u00e9s propos\u00e9es au quotidien dans notre jardin d&rsquo;enfants, les enfants ont de nombreuses opportunit\u00e9s d&rsquo;entendre la langue allemande, de la comprendre et apr\u00e8s un certain temps, de l&rsquo;utiliser.<\/p>\n<p>Le \u00ab\u00a0bain de langue\u00a0\u00bb est soutenu par une offre hebdomadaire, dirig\u00e9e par une \u00e9ducatrice germanophone. En petit groupe et sous forme de jeux, les enfants r\u00e9p\u00e8tent des mots et des phrases, \u00e9coutent des histoires, s&rsquo;expriment librement ou racontent des histoires avec leurs propres mots. Pour accompagner notre enseignement, nous observons des livres d&rsquo;images, imaginons des jeux de r\u00f4les, chantons, r\u00e9citons des comptines et effectuons des travaux manuels.<\/p>\n<p><img decoding=\"async\" class=\"size-medium wp-image-2418 aligncenter\" src=\"https:\/\/www.idsp.fr\/wp-content\/uploads\/2020\/09\/Sprachen-340x255.png\" alt=\"\" width=\"340\" height=\"255\" \/><\/p>\n<\/div><\/section>\n","protected":false},"excerpt":{"rendered":"","protected":false},"author":3,"featured_media":0,"parent":4049,"menu_order":12,"comment_status":"closed","ping_status":"closed","template":"","meta":{"footnotes":""},"class_list":["post-4225","page","type-page","status-publish","hentry"],"yoast_head":"<!-- This site is optimized with the Yoast SEO plugin v27.3 - https:\/\/yoast.com\/product\/yoast-seo-wordpress\/ -->\n<title>Langues - iDSP - La Schule - Internationale Deutsche Schule Paris<\/title>\n<meta name=\"robots\" content=\"index, follow, max-snippet:-1, max-image-preview:large, max-video-preview:-1\" \/>\n<link rel=\"canonical\" href=\"https:\/\/www.idsp.fr\/fr\/ecole-maternelle\/langues\/\" \/>\n<meta property=\"og:locale\" content=\"fr_FR\" \/>\n<meta property=\"og:type\" content=\"article\" \/>\n<meta property=\"og:title\" content=\"Langues - iDSP - La Schule - Internationale Deutsche Schule Paris\" \/>\n<meta property=\"og:url\" content=\"https:\/\/www.idsp.fr\/fr\/ecole-maternelle\/langues\/\" \/>\n<meta property=\"og:site_name\" content=\"iDSP - La Schule - Internationale Deutsche Schule Paris\" \/>\n<meta property=\"article:modified_time\" content=\"2025-12-12T16:35:25+00:00\" \/>\n<meta property=\"og:image\" content=\"https:\/\/www.idsp.fr\/wp-content\/uploads\/2020\/09\/Sprachen-340x255.png\" \/>\n<meta name=\"twitter:card\" content=\"summary_large_image\" \/>\n<meta name=\"twitter:label1\" content=\"Dur\u00e9e de lecture estim\u00e9e\" \/>\n\t<meta name=\"twitter:data1\" content=\"5 minutes\" \/>\n<script type=\"application\/ld+json\" class=\"yoast-schema-graph\">{\"@context\":\"https:\\\/\\\/schema.org\",\"@graph\":[{\"@type\":\"WebPage\",\"@id\":\"https:\\\/\\\/www.idsp.fr\\\/fr\\\/ecole-maternelle\\\/langues\\\/\",\"url\":\"https:\\\/\\\/www.idsp.fr\\\/fr\\\/ecole-maternelle\\\/langues\\\/\",\"name\":\"Langues - iDSP - La Schule - Internationale Deutsche Schule Paris\",\"isPartOf\":{\"@id\":\"https:\\\/\\\/www.idsp.fr\\\/#website\"},\"primaryImageOfPage\":{\"@id\":\"https:\\\/\\\/www.idsp.fr\\\/fr\\\/ecole-maternelle\\\/langues\\\/#primaryimage\"},\"image\":{\"@id\":\"https:\\\/\\\/www.idsp.fr\\\/fr\\\/ecole-maternelle\\\/langues\\\/#primaryimage\"},\"thumbnailUrl\":\"https:\\\/\\\/www.idsp.fr\\\/wp-content\\\/uploads\\\/2020\\\/09\\\/Sprachen-340x255.png\",\"datePublished\":\"2020-10-02T11:24:31+00:00\",\"dateModified\":\"2025-12-12T16:35:25+00:00\",\"breadcrumb\":{\"@id\":\"https:\\\/\\\/www.idsp.fr\\\/fr\\\/ecole-maternelle\\\/langues\\\/#breadcrumb\"},\"inLanguage\":\"fr-FR\",\"potentialAction\":[{\"@type\":\"ReadAction\",\"target\":[\"https:\\\/\\\/www.idsp.fr\\\/fr\\\/ecole-maternelle\\\/langues\\\/\"]}]},{\"@type\":\"ImageObject\",\"inLanguage\":\"fr-FR\",\"@id\":\"https:\\\/\\\/www.idsp.fr\\\/fr\\\/ecole-maternelle\\\/langues\\\/#primaryimage\",\"url\":\"https:\\\/\\\/www.idsp.fr\\\/wp-content\\\/uploads\\\/2020\\\/09\\\/Sprachen-340x255.png\",\"contentUrl\":\"https:\\\/\\\/www.idsp.fr\\\/wp-content\\\/uploads\\\/2020\\\/09\\\/Sprachen-340x255.png\"},{\"@type\":\"BreadcrumbList\",\"@id\":\"https:\\\/\\\/www.idsp.fr\\\/fr\\\/ecole-maternelle\\\/langues\\\/#breadcrumb\",\"itemListElement\":[{\"@type\":\"ListItem\",\"position\":1,\"name\":\"Startseite\",\"item\":\"https:\\\/\\\/www.idsp.fr\\\/fr\\\/idsp-ecole-allemande-internationale-de-paris\\\/\"},{\"@type\":\"ListItem\",\"position\":2,\"name\":\"ECOLE MATERNELLE\",\"item\":\"https:\\\/\\\/www.idsp.fr\\\/fr\\\/ecole-maternelle\\\/\"},{\"@type\":\"ListItem\",\"position\":3,\"name\":\"Langues\"}]},{\"@type\":\"WebSite\",\"@id\":\"https:\\\/\\\/www.idsp.fr\\\/#website\",\"url\":\"https:\\\/\\\/www.idsp.fr\\\/\",\"name\":\"iDSP - La Schule - Internationale Deutsche Schule Paris\",\"description\":\"\",\"potentialAction\":[{\"@type\":\"SearchAction\",\"target\":{\"@type\":\"EntryPoint\",\"urlTemplate\":\"https:\\\/\\\/www.idsp.fr\\\/?s={search_term_string}\"},\"query-input\":{\"@type\":\"PropertyValueSpecification\",\"valueRequired\":true,\"valueName\":\"search_term_string\"}}],\"inLanguage\":\"fr-FR\"}]}<\/script>\n<!-- \/ Yoast SEO plugin. -->","yoast_head_json":{"title":"Langues - iDSP - La Schule - Internationale Deutsche Schule Paris","robots":{"index":"index","follow":"follow","max-snippet":"max-snippet:-1","max-image-preview":"max-image-preview:large","max-video-preview":"max-video-preview:-1"},"canonical":"https:\/\/www.idsp.fr\/fr\/ecole-maternelle\/langues\/","og_locale":"fr_FR","og_type":"article","og_title":"Langues - iDSP - La Schule - Internationale Deutsche Schule Paris","og_url":"https:\/\/www.idsp.fr\/fr\/ecole-maternelle\/langues\/","og_site_name":"iDSP - La Schule - Internationale Deutsche Schule Paris","article_modified_time":"2025-12-12T16:35:25+00:00","og_image":[{"url":"https:\/\/www.idsp.fr\/wp-content\/uploads\/2020\/09\/Sprachen-340x255.png","type":"","width":"","height":""}],"twitter_card":"summary_large_image","twitter_misc":{"Dur\u00e9e de lecture estim\u00e9e":"5 minutes"},"schema":{"@context":"https:\/\/schema.org","@graph":[{"@type":"WebPage","@id":"https:\/\/www.idsp.fr\/fr\/ecole-maternelle\/langues\/","url":"https:\/\/www.idsp.fr\/fr\/ecole-maternelle\/langues\/","name":"Langues - iDSP - La Schule - Internationale Deutsche Schule Paris","isPartOf":{"@id":"https:\/\/www.idsp.fr\/#website"},"primaryImageOfPage":{"@id":"https:\/\/www.idsp.fr\/fr\/ecole-maternelle\/langues\/#primaryimage"},"image":{"@id":"https:\/\/www.idsp.fr\/fr\/ecole-maternelle\/langues\/#primaryimage"},"thumbnailUrl":"https:\/\/www.idsp.fr\/wp-content\/uploads\/2020\/09\/Sprachen-340x255.png","datePublished":"2020-10-02T11:24:31+00:00","dateModified":"2025-12-12T16:35:25+00:00","breadcrumb":{"@id":"https:\/\/www.idsp.fr\/fr\/ecole-maternelle\/langues\/#breadcrumb"},"inLanguage":"fr-FR","potentialAction":[{"@type":"ReadAction","target":["https:\/\/www.idsp.fr\/fr\/ecole-maternelle\/langues\/"]}]},{"@type":"ImageObject","inLanguage":"fr-FR","@id":"https:\/\/www.idsp.fr\/fr\/ecole-maternelle\/langues\/#primaryimage","url":"https:\/\/www.idsp.fr\/wp-content\/uploads\/2020\/09\/Sprachen-340x255.png","contentUrl":"https:\/\/www.idsp.fr\/wp-content\/uploads\/2020\/09\/Sprachen-340x255.png"},{"@type":"BreadcrumbList","@id":"https:\/\/www.idsp.fr\/fr\/ecole-maternelle\/langues\/#breadcrumb","itemListElement":[{"@type":"ListItem","position":1,"name":"Startseite","item":"https:\/\/www.idsp.fr\/fr\/idsp-ecole-allemande-internationale-de-paris\/"},{"@type":"ListItem","position":2,"name":"ECOLE MATERNELLE","item":"https:\/\/www.idsp.fr\/fr\/ecole-maternelle\/"},{"@type":"ListItem","position":3,"name":"Langues"}]},{"@type":"WebSite","@id":"https:\/\/www.idsp.fr\/#website","url":"https:\/\/www.idsp.fr\/","name":"iDSP - La Schule - Internationale Deutsche Schule Paris","description":"","potentialAction":[{"@type":"SearchAction","target":{"@type":"EntryPoint","urlTemplate":"https:\/\/www.idsp.fr\/?s={search_term_string}"},"query-input":{"@type":"PropertyValueSpecification","valueRequired":true,"valueName":"search_term_string"}}],"inLanguage":"fr-FR"}]}},"_links":{"self":[{"href":"https:\/\/www.idsp.fr\/fr\/wp-json\/wp\/v2\/pages\/4225","targetHints":{"allow":["GET"]}}],"collection":[{"href":"https:\/\/www.idsp.fr\/fr\/wp-json\/wp\/v2\/pages"}],"about":[{"href":"https:\/\/www.idsp.fr\/fr\/wp-json\/wp\/v2\/types\/page"}],"author":[{"embeddable":true,"href":"https:\/\/www.idsp.fr\/fr\/wp-json\/wp\/v2\/users\/3"}],"replies":[{"embeddable":true,"href":"https:\/\/www.idsp.fr\/fr\/wp-json\/wp\/v2\/comments?post=4225"}],"version-history":[{"count":1,"href":"https:\/\/www.idsp.fr\/fr\/wp-json\/wp\/v2\/pages\/4225\/revisions"}],"predecessor-version":[{"id":32932,"href":"https:\/\/www.idsp.fr\/fr\/wp-json\/wp\/v2\/pages\/4225\/revisions\/32932"}],"up":[{"embeddable":true,"href":"https:\/\/www.idsp.fr\/fr\/wp-json\/wp\/v2\/pages\/4049"}],"wp:attachment":[{"href":"https:\/\/www.idsp.fr\/fr\/wp-json\/wp\/v2\/media?parent=4225"}],"curies":[{"name":"wp","href":"https:\/\/api.w.org\/{rel}","templated":true}]}}