{"id":4215,"date":"2020-10-02T13:20:00","date_gmt":"2020-10-02T11:20:00","guid":{"rendered":"https:\/\/www.idsp.fr\/?page_id=4215"},"modified":"2026-04-07T10:05:22","modified_gmt":"2026-04-07T08:05:22","slug":"organisation","status":"publish","type":"page","link":"https:\/\/www.idsp.fr\/fr\/ecole-maternelle\/organisation\/","title":{"rendered":"Organisation"},"content":{"rendered":"\n<style type=\"text\/css\" data-created_by=\"avia_inline_auto\" id=\"style-css-av-k9tzp0ta-6dd7479124f797f4d8afc0b20a8557c6\">\n.avia-section.av-k9tzp0ta-6dd7479124f797f4d8afc0b20a8557c6{\nbackground-color:#024d7d;\nbackground-image:unset;\n}\n<\/style>\n<div id='av_section_1'  class='avia-section av-k9tzp0ta-6dd7479124f797f4d8afc0b20a8557c6 main_color avia-section-small avia-no-border-styling  avia-builder-el-0  el_before_av_toggle_container  avia-builder-el-first  avia-bg-style-scroll av-minimum-height av-minimum-height-custom av-height-custom  container_wrap sidebar_right'   data-av_minimum_height_px='100'><div class='container av-section-cont-open' style='height:100px'><main  role=\"main\" itemprop=\"mainContentOfPage\"  class='template-page content  av-content-small alpha units'><div class='post-entry post-entry-type-page post-entry-4215'><div class='entry-content-wrapper clearfix'>\n\n<style type=\"text\/css\" data-created_by=\"avia_inline_auto\" id=\"style-css-av-k9u5sgwx-8ebe267cd72e13eefc97995f8c1f18c8\">\n#top .av-special-heading.av-k9u5sgwx-8ebe267cd72e13eefc97995f8c1f18c8{\npadding-bottom:10px;\ncolor:#ffffff;\n}\nbody .av-special-heading.av-k9u5sgwx-8ebe267cd72e13eefc97995f8c1f18c8 .av-special-heading-tag .heading-char{\nfont-size:25px;\n}\n.av-special-heading.av-k9u5sgwx-8ebe267cd72e13eefc97995f8c1f18c8 .special-heading-inner-border{\nborder-color:#ffffff;\n}\n.av-special-heading.av-k9u5sgwx-8ebe267cd72e13eefc97995f8c1f18c8 .av-subheading{\nfont-size:15px;\n}\n<\/style>\n<div  class='av-special-heading av-k9u5sgwx-8ebe267cd72e13eefc97995f8c1f18c8 av-special-heading-h2 custom-color-heading  avia-builder-el-1  avia-builder-el-no-sibling '><h2 class='av-special-heading-tag '  itemprop=\"headline\"  >Organisation<\/h2><div class=\"special-heading-border\"><div class=\"special-heading-inner-border\"><\/div><\/div><\/div>\n<\/div><\/div><\/main><!-- close content main element --><\/div><\/div><div id='after_section_1'  class='main_color av_default_container_wrap container_wrap sidebar_right'  ><div class='container av-section-cont-open' ><div class='template-page content  av-content-small alpha units'><div class='post-entry post-entry-type-page post-entry-4215'><div class='entry-content-wrapper clearfix'>\n<div  class='togglecontainer av-k9u5v69j-be67e446875830a188ef6f6f9e755be5 av-elegant-toggle  avia-builder-el-2  el_after_av_section  avia-builder-el-no-sibling  toggle_close_all' >\n<section class='av_toggle_section av-7wrmd-e7fb811fcf7281344acda5680f0d7569'  itemscope=\"itemscope\" itemtype=\"https:\/\/schema.org\/CreativeWork\" ><div role=\"tablist\" class=\"single_toggle\" data-tags=\"{Tout} \"  ><p id='toggle-toggle-id-1' data-fake-id='#toggle-id-1' class='toggler  av-title-above '  itemprop=\"headline\"  role='tab' tabindex='0' aria-controls='toggle-id-1' data-slide-speed=\"200\" data-title=\"HORAIRES D\u2019OUVERTURE\" data-title-open=\"\" data-aria_collapsed=\"Cliquez pour \u00e9tendre : HORAIRES D\u2019OUVERTURE\" data-aria_expanded=\"Cliquez pour r\u00e9duire : HORAIRES D\u2019OUVERTURE\">HORAIRES D\u2019OUVERTURE<span class=\"toggle_icon\"><span class=\"vert_icon\"><\/span><span class=\"hor_icon\"><\/span><\/span><\/p><div id='toggle-id-1' aria-labelledby='toggle-toggle-id-1' role='region' class='toggle_wrap  av-title-above'  ><div class='toggle_content invers-color '  itemprop=\"text\" ><blockquote>\n<p><img decoding=\"async\" class=\"wp-image-2437 size-square alignright\" src=\"https:\/\/www.idsp.fr\/wp-content\/uploads\/2020\/09\/O\u0308ffnungszeiten-2-1-180x180.jpg\" alt=\"\" width=\"180\" height=\"180\" srcset=\"https:\/\/www.idsp.fr\/wp-content\/uploads\/2020\/09\/O\u0308ffnungszeiten-2-1-180x180.jpg 180w, https:\/\/www.idsp.fr\/wp-content\/uploads\/2020\/09\/O\u0308ffnungszeiten-2-1-80x80.jpg 80w, https:\/\/www.idsp.fr\/wp-content\/uploads\/2020\/09\/O\u0308ffnungszeiten-2-1-36x36.jpg 36w\" sizes=\"(max-width: 180px) 100vw, 180px\" \/><\/p>\n<p>Der Kindergarten der Internationalen Deutschen Schule Paris ist wie folgt ge\u00f6ffnet:<\/p>\n<\/blockquote>\n<ul>\n<li>Montag: 8.00 Uhr bis 13.30 Uhr\u00a0<strong>(Option bis 15.30 Uhr)<\/strong><\/li>\n<li>Dienstag: 8.00 Uhr bis 15.30 Uhr<\/li>\n<li>Mittwoch: 8.00 Uhr bis 13.30 Uhr\u00a0<strong>(Option bis 15.30 Uhr)<\/strong><\/li>\n<li>Donnerstag: 8.00 Uhr bis 15.30 Uhr<\/li>\n<li>Freitag: 8.00 Uhr bis 13.30 Uhr\u00a0<strong>(Option bis 15.30 Uhr)<\/strong><\/li>\n<\/ul>\n<p><strong>Erweiterte \u00d6ffnungszeiten: MONTAG + MITTWOCH + FREITAG von 8.00 Uhr -15.30 Uhr\u00a0<\/strong><br \/>\n<strong>sind mit einem Aufpreis verbunden.<\/strong><\/p>\n<p><strong>Essen<\/strong><\/p>\n<p>Alle Kinder bekommen t\u00e4glich ein Essen in der Kantine des Kindergartens.<\/p>\n<p><strong>Betreuung:<\/strong><\/p>\n<p>Die iDSP bietet an allen Wochentagen ein Betreuungsangebot f\u00fcr Kindergartenkinder ab 4 Jahren. Familien, die dies w\u00fcnschen, k\u00f6nnen so die Kinder ab Unterrichtsende (15.30Uhr) \u00a0bis 18.30 Uhr an der Deutschen Schule lassen. <a href=\"https:\/\/www.idsp.fr\/?id=148\">Hier\u00a0<\/a>gibt&rsquo;s dazu mehr Infos.<\/p>\n<\/div><\/div><\/div><\/section>\n<section class='av_toggle_section av-bs1id-73f8b5673c6e5ddffed077a165a8b79c'  itemscope=\"itemscope\" itemtype=\"https:\/\/schema.org\/CreativeWork\" ><div role=\"tablist\" class=\"single_toggle\" data-tags=\"{Tout} \"  ><p id='toggle-toggle-id-2' data-fake-id='#toggle-id-2' class='toggler  av-title-above '  itemprop=\"headline\"  role='tab' tabindex='0' aria-controls='toggle-id-2' data-slide-speed=\"200\" data-title=\"D\u00c9ROULEMENT D\u2019UNE JOURN\u00c9E\" data-title-open=\"\" data-aria_collapsed=\"Cliquez pour \u00e9tendre : D\u00c9ROULEMENT D\u2019UNE JOURN\u00c9E\" data-aria_expanded=\"Cliquez pour r\u00e9duire : D\u00c9ROULEMENT D\u2019UNE JOURN\u00c9E\">D\u00c9ROULEMENT D\u2019UNE JOURN\u00c9E<span class=\"toggle_icon\"><span class=\"vert_icon\"><\/span><span class=\"hor_icon\"><\/span><\/span><\/p><div id='toggle-id-2' aria-labelledby='toggle-toggle-id-2' role='region' class='toggle_wrap  av-title-above'  ><div class='toggle_content invers-color '  itemprop=\"text\" ><blockquote>\n<p><img decoding=\"async\" class=\"wp-image-2440 size-square alignright\" style=\"font-size: 19.76px;\" src=\"https:\/\/www.idsp.fr\/wp-content\/uploads\/2020\/09\/Tagesablauf-2-180x180.jpg\" alt=\"\" width=\"180\" height=\"180\" srcset=\"https:\/\/www.idsp.fr\/wp-content\/uploads\/2020\/09\/Tagesablauf-2-180x180.jpg 180w, https:\/\/www.idsp.fr\/wp-content\/uploads\/2020\/09\/Tagesablauf-2-80x80.jpg 80w, https:\/\/www.idsp.fr\/wp-content\/uploads\/2020\/09\/Tagesablauf-2-36x36.jpg 36w\" sizes=\"(max-width: 180px) 100vw, 180px\" \/><\/p>\n<p>\u00c0 la \u00ab Villa Kunterbunt \u00bb, aucune journ\u00e9e ne se ressemble vraiment, mais voici comment se d\u00e9roule g\u00e9n\u00e9ralement une journ\u00e9e :<\/p>\n<\/blockquote>\n<hr \/>\n<p><strong>Accueil des enfants (8h00 \u2013 8h30)<br \/>\n<\/strong><br \/>\nLes enfants sont accueillis en douceur. Ce temps d\u2019\u00e9change permet \u00e0 chacun de s\u2019exprimer : partager ses joies, ses pr\u00e9occupations ou ses envies du moment. La journ\u00e9e est ensuite pr\u00e9sent\u00e9e.<\/p>\n<hr \/>\n<p><strong>Temps de jeu libre, petit-d\u00e9jeuner et activit\u00e9s encadr\u00e9es<br \/>\n<\/strong><br \/>\nLes enfants choisissent librement leurs activit\u00e9s, leurs espaces de jeu et leurs camarades. Ils apprennent aussi \u00e0 respecter les autres et le cadre collectif.<br \/>\nLe petit-d\u00e9jeuner peut \u00eatre pris \u00e0 ce moment-l\u00e0.<\/p>\n<p>En parall\u00e8le, des activit\u00e9s encadr\u00e9es sont propos\u00e9es en petits groupes, selon l\u2019\u00e2ge ou les centres d\u2019int\u00e9r\u00eat. Elles visent \u00e0 accompagner les apprentissages dans diff\u00e9rents domaines.<\/p>\n<p>Durant cette p\u00e9riode ont \u00e9galement lieu diff\u00e9rentes activit\u00e9s : piscine, biblioth\u00e8que, ateliers cr\u00e9atifs, fran\u00e7ais, allemand, motricit\u00e9 et musique.<\/p>\n<hr \/>\n<p><strong>Pr\u00e9paration \u00e0 l\u2019entr\u00e9e \u00e0 l\u2019\u00e9cole \u00e9l\u00e9mentaire pour les futurs \u00e9l\u00e8ves de CP<\/strong><\/p>\n<hr \/>\n<p><strong>Travail en petits groupes pour les plus jeunes et les enfants d\u2019\u00e2ge interm\u00e9diaire<\/strong><\/p>\n<p>Des activit\u00e9s adapt\u00e9es \u00e0 chaque tranche d\u2019\u00e2ge sont propos\u00e9es.<\/p>\n<p>Temps de regroupement : les enfants chantent ensemble, participent \u00e0 des jeux, \u00e9coutent des histoires, d\u00e9couvrent des albums, f\u00eatent les anniversaires, \u00e9changent autour de situations v\u00e9cues et approfondissent les projets en cours.<\/p>\n<hr \/>\n<p><strong>Jeux en ext\u00e9rieur<\/strong><\/p>\n<p>Les enfants sortent au jardin aussi souvent que possible pour se d\u00e9penser et profiter de l\u2019ext\u00e9rieur. En cas de mauvais temps, ces temps de jeu ont lieu en int\u00e9rieur.<\/p>\n<hr \/>\n<p><strong>D\u00e9parts \u00e9chelonn\u00e9s (11h30 ou 12h30)<\/strong><\/p>\n<p>Principalement pour les plus jeunes, pour qui la matin\u00e9e peut \u00eatre intense.<strong><br \/>\n<\/strong><\/p>\n<hr \/>\n<p><strong>D\u00e9jeuner<\/strong><\/p>\n<p>\u00c0 partir de 11h30, les enfants d\u00e9jeunent \u00e0 la cantine (en deux services).<br \/>\nApr\u00e8s le repas, un temps calme est propos\u00e9 \u00e0 tous, avec la possibilit\u00e9 pour les plus petits de faire la sieste. Des activit\u00e9s calmes, cr\u00e9atives ou sportives sont \u00e9galement propos\u00e9es.<\/p>\n<hr \/>\n<p><strong>Temps de fin de journ\u00e9e (13h00 ou 15h00)<br \/>\n<\/strong><br \/>\nLa journ\u00e9e se termine par un moment collectif : comptines, petites histoires, jeux de doigts ou rituels de d\u00e9part.<\/p>\n<hr \/>\n<p><strong>Fin de la journ\u00e9e<\/strong><\/p>\n<p><strong>Lundi, mercredi, vendredi : 13h30 (ou 15h30 en option)<\/strong><br \/>\n<strong>Mardi, jeudi : 15h30<\/strong><\/p>\n<p>Les enfants prenant le bus sont accompagn\u00e9s, tandis que les autres sont remis individuellement \u00e0 la personne autoris\u00e9e.<\/p>\n<hr \/>\n<p><strong>Accueil p\u00e9riscolaire (15h30 \u2013 18h30)<br \/>\n<\/strong><br \/>\nLes enfants inscrits sont accompagn\u00e9s vers le centre de loisirs pour poursuivre leur apr\u00e8s-midi.<\/p>\n<\/div><\/div><\/div><\/section>\n<section class='av_toggle_section av-885cd-5232e306b3293e9e4eef554c7cdf095f'  itemscope=\"itemscope\" itemtype=\"https:\/\/schema.org\/CreativeWork\" ><div role=\"tablist\" class=\"single_toggle\" data-tags=\"{Tout} \"  ><p id='toggle-toggle-id-3' data-fake-id='#toggle-id-3' class='toggler  av-title-above '  itemprop=\"headline\"  role='tab' tabindex='0' aria-controls='toggle-id-3' data-slide-speed=\"200\" data-title=\"\u00c9V\u00c9NEMENTS &amp; TRADITIONS\" data-title-open=\"\" data-aria_collapsed=\"Cliquez pour \u00e9tendre : \u00c9V\u00c9NEMENTS &amp; TRADITIONS\" data-aria_expanded=\"Cliquez pour r\u00e9duire : \u00c9V\u00c9NEMENTS &amp; TRADITIONS\">\u00c9V\u00c9NEMENTS &amp; TRADITIONS<span class=\"toggle_icon\"><span class=\"vert_icon\"><\/span><span class=\"hor_icon\"><\/span><\/span><\/p><div id='toggle-id-3' aria-labelledby='toggle-toggle-id-3' role='region' class='toggle_wrap  av-title-above'  ><div class='toggle_content invers-color '  itemprop=\"text\" ><blockquote>\n<p><img decoding=\"async\" class=\"alignnone wp-image-2433 size-square\" src=\"https:\/\/www.idsp.fr\/wp-content\/uploads\/2020\/09\/Traditionen-3-180x180.jpg\" alt=\"\" width=\"180\" height=\"180\" srcset=\"https:\/\/www.idsp.fr\/wp-content\/uploads\/2020\/09\/Traditionen-3-180x180.jpg 180w, https:\/\/www.idsp.fr\/wp-content\/uploads\/2020\/09\/Traditionen-3-80x80.jpg 80w, https:\/\/www.idsp.fr\/wp-content\/uploads\/2020\/09\/Traditionen-3-36x36.jpg 36w\" sizes=\"(max-width: 180px) 100vw, 180px\" \/> <img decoding=\"async\" class=\"alignnone wp-image-2434 size-square\" src=\"https:\/\/www.idsp.fr\/wp-content\/uploads\/2020\/09\/Traditionen-180x180.jpg\" alt=\"\" width=\"180\" height=\"180\" srcset=\"https:\/\/www.idsp.fr\/wp-content\/uploads\/2020\/09\/Traditionen-180x180.jpg 180w, https:\/\/www.idsp.fr\/wp-content\/uploads\/2020\/09\/Traditionen-80x80.jpg 80w, https:\/\/www.idsp.fr\/wp-content\/uploads\/2020\/09\/Traditionen-36x36.jpg 36w\" sizes=\"(max-width: 180px) 100vw, 180px\" \/> <img decoding=\"async\" class=\"alignnone wp-image-2435 size-square\" src=\"https:\/\/www.idsp.fr\/wp-content\/uploads\/2020\/09\/Traditionen-180x180.png\" alt=\"\" width=\"180\" height=\"180\" srcset=\"https:\/\/www.idsp.fr\/wp-content\/uploads\/2020\/09\/Traditionen-180x180.png 180w, https:\/\/www.idsp.fr\/wp-content\/uploads\/2020\/09\/Traditionen-80x80.png 80w, https:\/\/www.idsp.fr\/wp-content\/uploads\/2020\/09\/Traditionen-36x36.png 36w\" sizes=\"(max-width: 180px) 100vw, 180px\" \/><\/p>\n<p>\u00c0 la maternelle \u00ab Villa Kunterbunt \u00bb, une place importante est accord\u00e9e aux traditions allemandes et fran\u00e7aises.<\/p>\n<\/blockquote>\n<p>Int\u00e9gr\u00e9es dans des projets adapt\u00e9s, ces traditions sont d\u00e9couvertes, v\u00e9cues et partag\u00e9es avec les enfants, \u00e0 travers diff\u00e9rentes f\u00eates tout au long de l\u2019ann\u00e9e :<\/p>\n<ul>\n<li>La Saint-Martin : d\u00e9fil\u00e9 aux lanternes, feu de la Saint-Martin et chants traditionnels<\/li>\n<li>La f\u00eate de Saint-Nicolas, avec la visite de Saint Nicolas<\/li>\n<li>Le march\u00e9 de No\u00ebl de l\u2019iDSP, avec la participation de la maternelle<\/li>\n<li>Une c\u00e9l\u00e9bration de No\u00ebl ou un temps de chants de l\u2019Avent avec les parents<\/li>\n<li>Un chant de No\u00ebl commun avec l\u2019\u00e9cole \u00e9l\u00e9mentaire<\/li>\n<li>L\u2019\u00c9piphanie, avec le partage de la galette des rois<\/li>\n<li>Le carnaval<\/li>\n<li>La chasse aux \u0153ufs de P\u00e2ques dans le jardin de la Villa Kunterbunt<\/li>\n<\/ul>\n<p>Ces moments festifs permettent aux enfants de d\u00e9couvrir diff\u00e9rentes cultures, de partager des traditions et de vivre des exp\u00e9riences collectives riches de sens.<\/p>\n<\/div><\/div><\/div><\/section>\n<\/div>\n","protected":false},"excerpt":{"rendered":"","protected":false},"author":3,"featured_media":0,"parent":4049,"menu_order":9,"comment_status":"closed","ping_status":"closed","template":"","meta":{"footnotes":""},"class_list":["post-4215","page","type-page","status-publish","hentry"],"yoast_head":"<!-- This site is optimized with the Yoast SEO plugin v27.4 - https:\/\/yoast.com\/product\/yoast-seo-wordpress\/ -->\n<title>Organisation - iDSP - La Schule - Internationale Deutsche Schule Paris<\/title>\n<meta name=\"robots\" content=\"index, follow, max-snippet:-1, max-image-preview:large, max-video-preview:-1\" \/>\n<link rel=\"canonical\" href=\"https:\/\/www.idsp.fr\/fr\/ecole-maternelle\/organisation\/\" \/>\n<meta property=\"og:locale\" content=\"fr_FR\" \/>\n<meta property=\"og:type\" content=\"article\" \/>\n<meta property=\"og:title\" content=\"Organisation - iDSP - La Schule - Internationale Deutsche Schule Paris\" \/>\n<meta property=\"og:url\" content=\"https:\/\/www.idsp.fr\/fr\/ecole-maternelle\/organisation\/\" \/>\n<meta property=\"og:site_name\" content=\"iDSP - La Schule - Internationale Deutsche Schule Paris\" \/>\n<meta property=\"article:modified_time\" content=\"2026-04-07T08:05:22+00:00\" \/>\n<meta property=\"og:image\" content=\"https:\/\/www.idsp.fr\/wp-content\/uploads\/2020\/09\/Tagesablauf-2-180x180.jpg\" \/>\n<meta name=\"twitter:card\" content=\"summary_large_image\" \/>\n<meta name=\"twitter:label1\" content=\"Dur\u00e9e de lecture estim\u00e9e\" \/>\n\t<meta name=\"twitter:data1\" content=\"4 minutes\" \/>\n<script type=\"application\/ld+json\" class=\"yoast-schema-graph\">{\"@context\":\"https:\\\/\\\/schema.org\",\"@graph\":[{\"@type\":\"WebPage\",\"@id\":\"https:\\\/\\\/www.idsp.fr\\\/fr\\\/ecole-maternelle\\\/organisation\\\/\",\"url\":\"https:\\\/\\\/www.idsp.fr\\\/fr\\\/ecole-maternelle\\\/organisation\\\/\",\"name\":\"Organisation - iDSP - La Schule - Internationale Deutsche Schule Paris\",\"isPartOf\":{\"@id\":\"https:\\\/\\\/www.idsp.fr\\\/#website\"},\"primaryImageOfPage\":{\"@id\":\"https:\\\/\\\/www.idsp.fr\\\/fr\\\/ecole-maternelle\\\/organisation\\\/#primaryimage\"},\"image\":{\"@id\":\"https:\\\/\\\/www.idsp.fr\\\/fr\\\/ecole-maternelle\\\/organisation\\\/#primaryimage\"},\"thumbnailUrl\":\"https:\\\/\\\/www.idsp.fr\\\/wp-content\\\/uploads\\\/2020\\\/09\\\/Tagesablauf-2-180x180.jpg\",\"datePublished\":\"2020-10-02T11:20:00+00:00\",\"dateModified\":\"2026-04-07T08:05:22+00:00\",\"breadcrumb\":{\"@id\":\"https:\\\/\\\/www.idsp.fr\\\/fr\\\/ecole-maternelle\\\/organisation\\\/#breadcrumb\"},\"inLanguage\":\"fr-FR\",\"potentialAction\":[{\"@type\":\"ReadAction\",\"target\":[\"https:\\\/\\\/www.idsp.fr\\\/fr\\\/ecole-maternelle\\\/organisation\\\/\"]}]},{\"@type\":\"ImageObject\",\"inLanguage\":\"fr-FR\",\"@id\":\"https:\\\/\\\/www.idsp.fr\\\/fr\\\/ecole-maternelle\\\/organisation\\\/#primaryimage\",\"url\":\"https:\\\/\\\/www.idsp.fr\\\/wp-content\\\/uploads\\\/2020\\\/09\\\/Tagesablauf-2-180x180.jpg\",\"contentUrl\":\"https:\\\/\\\/www.idsp.fr\\\/wp-content\\\/uploads\\\/2020\\\/09\\\/Tagesablauf-2-180x180.jpg\"},{\"@type\":\"BreadcrumbList\",\"@id\":\"https:\\\/\\\/www.idsp.fr\\\/fr\\\/ecole-maternelle\\\/organisation\\\/#breadcrumb\",\"itemListElement\":[{\"@type\":\"ListItem\",\"position\":1,\"name\":\"Startseite\",\"item\":\"https:\\\/\\\/www.idsp.fr\\\/fr\\\/idsp-ecole-allemande-internationale-de-paris\\\/\"},{\"@type\":\"ListItem\",\"position\":2,\"name\":\"ECOLE MATERNELLE\",\"item\":\"https:\\\/\\\/www.idsp.fr\\\/fr\\\/ecole-maternelle\\\/\"},{\"@type\":\"ListItem\",\"position\":3,\"name\":\"Organisation\"}]},{\"@type\":\"WebSite\",\"@id\":\"https:\\\/\\\/www.idsp.fr\\\/#website\",\"url\":\"https:\\\/\\\/www.idsp.fr\\\/\",\"name\":\"iDSP - La Schule - Internationale Deutsche Schule Paris\",\"description\":\"\",\"potentialAction\":[{\"@type\":\"SearchAction\",\"target\":{\"@type\":\"EntryPoint\",\"urlTemplate\":\"https:\\\/\\\/www.idsp.fr\\\/?s={search_term_string}\"},\"query-input\":{\"@type\":\"PropertyValueSpecification\",\"valueRequired\":true,\"valueName\":\"search_term_string\"}}],\"inLanguage\":\"fr-FR\"}]}<\/script>\n<!-- \/ Yoast SEO plugin. -->","yoast_head_json":{"title":"Organisation - iDSP - La Schule - Internationale Deutsche Schule Paris","robots":{"index":"index","follow":"follow","max-snippet":"max-snippet:-1","max-image-preview":"max-image-preview:large","max-video-preview":"max-video-preview:-1"},"canonical":"https:\/\/www.idsp.fr\/fr\/ecole-maternelle\/organisation\/","og_locale":"fr_FR","og_type":"article","og_title":"Organisation - iDSP - La Schule - Internationale Deutsche Schule Paris","og_url":"https:\/\/www.idsp.fr\/fr\/ecole-maternelle\/organisation\/","og_site_name":"iDSP - La Schule - Internationale Deutsche Schule Paris","article_modified_time":"2026-04-07T08:05:22+00:00","og_image":[{"url":"https:\/\/www.idsp.fr\/wp-content\/uploads\/2020\/09\/Tagesablauf-2-180x180.jpg","type":"","width":"","height":""}],"twitter_card":"summary_large_image","twitter_misc":{"Dur\u00e9e de lecture estim\u00e9e":"4 minutes"},"schema":{"@context":"https:\/\/schema.org","@graph":[{"@type":"WebPage","@id":"https:\/\/www.idsp.fr\/fr\/ecole-maternelle\/organisation\/","url":"https:\/\/www.idsp.fr\/fr\/ecole-maternelle\/organisation\/","name":"Organisation - iDSP - La Schule - Internationale Deutsche Schule Paris","isPartOf":{"@id":"https:\/\/www.idsp.fr\/#website"},"primaryImageOfPage":{"@id":"https:\/\/www.idsp.fr\/fr\/ecole-maternelle\/organisation\/#primaryimage"},"image":{"@id":"https:\/\/www.idsp.fr\/fr\/ecole-maternelle\/organisation\/#primaryimage"},"thumbnailUrl":"https:\/\/www.idsp.fr\/wp-content\/uploads\/2020\/09\/Tagesablauf-2-180x180.jpg","datePublished":"2020-10-02T11:20:00+00:00","dateModified":"2026-04-07T08:05:22+00:00","breadcrumb":{"@id":"https:\/\/www.idsp.fr\/fr\/ecole-maternelle\/organisation\/#breadcrumb"},"inLanguage":"fr-FR","potentialAction":[{"@type":"ReadAction","target":["https:\/\/www.idsp.fr\/fr\/ecole-maternelle\/organisation\/"]}]},{"@type":"ImageObject","inLanguage":"fr-FR","@id":"https:\/\/www.idsp.fr\/fr\/ecole-maternelle\/organisation\/#primaryimage","url":"https:\/\/www.idsp.fr\/wp-content\/uploads\/2020\/09\/Tagesablauf-2-180x180.jpg","contentUrl":"https:\/\/www.idsp.fr\/wp-content\/uploads\/2020\/09\/Tagesablauf-2-180x180.jpg"},{"@type":"BreadcrumbList","@id":"https:\/\/www.idsp.fr\/fr\/ecole-maternelle\/organisation\/#breadcrumb","itemListElement":[{"@type":"ListItem","position":1,"name":"Startseite","item":"https:\/\/www.idsp.fr\/fr\/idsp-ecole-allemande-internationale-de-paris\/"},{"@type":"ListItem","position":2,"name":"ECOLE MATERNELLE","item":"https:\/\/www.idsp.fr\/fr\/ecole-maternelle\/"},{"@type":"ListItem","position":3,"name":"Organisation"}]},{"@type":"WebSite","@id":"https:\/\/www.idsp.fr\/#website","url":"https:\/\/www.idsp.fr\/","name":"iDSP - La Schule - Internationale Deutsche Schule Paris","description":"","potentialAction":[{"@type":"SearchAction","target":{"@type":"EntryPoint","urlTemplate":"https:\/\/www.idsp.fr\/?s={search_term_string}"},"query-input":{"@type":"PropertyValueSpecification","valueRequired":true,"valueName":"search_term_string"}}],"inLanguage":"fr-FR"}]}},"_links":{"self":[{"href":"https:\/\/www.idsp.fr\/fr\/wp-json\/wp\/v2\/pages\/4215","targetHints":{"allow":["GET"]}}],"collection":[{"href":"https:\/\/www.idsp.fr\/fr\/wp-json\/wp\/v2\/pages"}],"about":[{"href":"https:\/\/www.idsp.fr\/fr\/wp-json\/wp\/v2\/types\/page"}],"author":[{"embeddable":true,"href":"https:\/\/www.idsp.fr\/fr\/wp-json\/wp\/v2\/users\/3"}],"replies":[{"embeddable":true,"href":"https:\/\/www.idsp.fr\/fr\/wp-json\/wp\/v2\/comments?post=4215"}],"version-history":[{"count":3,"href":"https:\/\/www.idsp.fr\/fr\/wp-json\/wp\/v2\/pages\/4215\/revisions"}],"predecessor-version":[{"id":34868,"href":"https:\/\/www.idsp.fr\/fr\/wp-json\/wp\/v2\/pages\/4215\/revisions\/34868"}],"up":[{"embeddable":true,"href":"https:\/\/www.idsp.fr\/fr\/wp-json\/wp\/v2\/pages\/4049"}],"wp:attachment":[{"href":"https:\/\/www.idsp.fr\/fr\/wp-json\/wp\/v2\/media?parent=4215"}],"curies":[{"name":"wp","href":"https:\/\/api.w.org\/{rel}","templated":true}]}}