{"id":4056,"date":"2020-09-30T15:51:49","date_gmt":"2020-09-30T13:51:49","guid":{"rendered":"https:\/\/www.idsp.fr\/?page_id=4056"},"modified":"2025-12-13T03:58:45","modified_gmt":"2025-12-13T02:58:45","slug":"primaire","status":"publish","type":"page","link":"https:\/\/www.idsp.fr\/fr\/primaire\/","title":{"rendered":"PRIMAIRE"},"content":{"rendered":"<div   class='avia-fullscreen-slider main_color   avia-builder-el-0  el_before_av_textblock  avia-builder-el-first  container_wrap sidebar_right'  >\n<style type=\"text\/css\" data-created_by=\"avia_inline_auto\" id=\"style-css-av-av_fullscreen-0b01e9b1998013cae59bcecadd41e5bc\">\n#top #wrap_all .avia-slideshow .av-slideshow-caption.av-av_fullscreen-0b01e9b1998013cae59bcecadd41e5bc__0 .avia-caption-title{\nfont-size:73px;\ncolor:#ffffff;\n}\n#top .avia-slideshow .av-slideshow-caption.av-av_fullscreen-0b01e9b1998013cae59bcecadd41e5bc__0 .avia-caption-content{\nfont-size:23px;\n}\n#top .avia-slideshow .av-slideshow-caption.av-av_fullscreen-0b01e9b1998013cae59bcecadd41e5bc__0 .avia-caption-content p{\nfont-size:23px;\n}\n<\/style>\n<div  class='avia-slideshow av-av_fullscreen-0b01e9b1998013cae59bcecadd41e5bc avia-slideshow-extra_large av_fullscreen avia-slide-slider av-slideshow-ui av-control-hidden av-no-slider-navigation av-hide-nav-arrows av-slideshow-manual av-loop-once av-loop-manual-endless av-default-height-applied   avia-slideshow-1' data-slideshow-options=\"{&quot;animation&quot;:&quot;slide&quot;,&quot;autoplay&quot;:false,&quot;loop_autoplay&quot;:&quot;once&quot;,&quot;interval&quot;:5,&quot;loop_manual&quot;:&quot;manual-endless&quot;,&quot;autoplay_stopper&quot;:false,&quot;noNavigation&quot;:true,&quot;bg_slider&quot;:true,&quot;keep_padding&quot;:false,&quot;hoverpause&quot;:false,&quot;show_slide_delay&quot;:0,&quot;slide_height&quot;:&quot;100&quot;,&quot;image_attachment&quot;:&quot;&quot;}\"  itemprop=\"image\" itemscope=\"itemscope\" itemtype=\"https:\/\/schema.org\/ImageObject\" ><ul class='avia-slideshow-inner ' style='padding-bottom: 100%;'><li  data-controls='aviaTBaviaTBvideo_controls' data-mute='aviaTBaviaTBvideo_mute' data-loop='aviaTBaviaTBvideo_loop' data-disable-autoplay=''  data-mobile-img='https:\/\/www.idsp.fr\/wp-content\/uploads\/2024\/08\/GS-Bibliothek-2-Kopie-2.jpeg' data-fallback-link='https:\/\/youtu.be\/gor_MqgAqVY' class='avia-slideshow-slide av-av_fullscreen-0b01e9b1998013cae59bcecadd41e5bc__0  av-video-slide av-element-cover av-video-service-youtube  av-hide-video-controls av-mute-video av-loop-video av-mobile-fallback-image  av-single-slide slide-1 slide-odd'><div data-rel='slideshow-1' class='avia-slide-wrap ' style='background-image:url(\"https:\/\/www.idsp.fr\/wp-content\/uploads\/2024\/08\/GS-Bibliothek-2-Kopie-2.jpeg\");'  ><div class='av-click-overlay'><\/div><div class='mejs-mediaelement'  itemprop=\"video\" itemtype=\"https:\/\/schema.org\/VideoObject\" ><div height='1600' width='900' class='av_youtube_frame' id='player_4056_869469961_862632166'  data-autoplay='0'  data-videoid='gor_MqgAqVY'  data-hd='1'  data-rel='0'  data-wmode='opaque'  data-loop='0'  data-version='3'  data-autohide='1'  data-color='white'  data-controls='0'  data-iv_load_policy='3'  data-original_url='https:\/\/youtu.be\/gor_MqgAqVY' ><\/div><\/div><div class=\"av-click-to-play-overlay\"><div class=\"avia_playpause_icon\"><\/div><\/div><\/div><\/li><\/ul><div class='av-slideshow-caption av-av_fullscreen-0b01e9b1998013cae59bcecadd41e5bc__0 caption_fullwidth caption_center'><div class=\"container caption_container\"><div class=\"slideshow_caption\"><div class=\"slideshow_inner_caption\"><div class=\"slideshow_align_caption\"><h2 class='avia-caption-title '  itemprop=\"name\" >Unsere Grundschule<\/h2><\/div><\/div><\/div><\/div><\/div><\/div><\/div><div id='after_full_slider_1'  class='main_color av_default_container_wrap container_wrap sidebar_right'  ><div class='container av-section-cont-open' ><div class='template-page content  av-content-small alpha units'><div class='post-entry post-entry-type-page post-entry-4056'><div class='entry-content-wrapper clearfix'>\n<section  class='av_textblock_section av-av_textblock-92ab5b4c5448b40ef3b82fb3d397e98e '   itemscope=\"itemscope\" itemtype=\"https:\/\/schema.org\/CreativeWork\" ><div class='avia_textblock'  itemprop=\"text\" ><blockquote>\n<p>Eine ganzheitliche Pers\u00f6nlichkeitsentwicklung der Sch\u00fcler ist das Ziel unserer p\u00e4dagogischen Arbeit. Deshalb wird h\u00e4ufig projektorientiert gearbeitet, um alle Sinne anzusprechen.<\/p>\n<\/blockquote>\n<p>Wir versuchen den Rhythmus und die Individualit\u00e4t eines jeden Sch\u00fclers zu fordern und zu f\u00f6rdern. Dies geschieht durch den Einsatz von unterschiedlichen Lernmethoden, vielf\u00e4ltigen Arbeitsmaterialien sowie regelm\u00e4\u00dfiges Arbeiten an Wochenpl\u00e4nen und Freiarbeit. Dabei entwickeln die Sch\u00fclerInnen Selbstst\u00e4ndigkeit und lernen gleichzeitig sich in eine Gruppe zu integrieren. Experimentieren, das Lernen mit allen Sinnen und die k\u00fcnstlerisch-kreativen Lernformen sind ein wichtiger Bestandteil unseres handlungsorientierten Unterrichts. Der regelm\u00e4\u00dfige Besuch der Grundschulb\u00fccherei motiviert zum selbstst\u00e4ndigen Lesen.<\/p>\n<p>Lernschwierigkeiten unterst\u00fctzen wir weitgehend und f\u00f6rdern besondere Begabungen und Interessen durch zus\u00e4tzliche Angebote.<\/p>\n<p>Die Grundsch\u00fcler gestalten das Schulleben in vielf\u00e4ltiger Weise mit, z.B. bei der Gartengestaltung und beim Erarbeiten von Schulregeln f\u00fcr ein konfliktfreies Miteinander. Hierzu geh\u00f6ren besonders die w\u00f6chentliche Klassenkonferenz ab Stufe 3.<\/p>\n<p><strong>Unterricht nach dem Daltonprinzip an der iDSP <\/strong><\/p>\n<p>Seit dem Schuljahr 2022\/2023 gibt es an der iDSP das sogenannte \u201eGelbe Band\u201c. Gemeint ist hiermit der Unterricht nach dem Daltonprinzip. <a href=\"https:\/\/www.idsp.fr\/wp-content\/uploads\/2024\/07\/Das-Gelbe-Band-an-der-iDSP.pdf\" target=\"_blank\" rel=\"noopener\">Mehr zum gelben Band<\/a><\/p>\n<\/div><\/section>\n","protected":false},"excerpt":{"rendered":"","protected":false},"author":1,"featured_media":0,"parent":0,"menu_order":65,"comment_status":"closed","ping_status":"closed","template":"","meta":{"footnotes":""},"class_list":["post-4056","page","type-page","status-publish","hentry"],"yoast_head":"<!-- This site is optimized with the Yoast SEO plugin v27.4 - https:\/\/yoast.com\/product\/yoast-seo-wordpress\/ -->\n<title>PRIMAIRE - iDSP - La Schule - Internationale Deutsche Schule Paris<\/title>\n<meta name=\"robots\" content=\"index, follow, max-snippet:-1, max-image-preview:large, max-video-preview:-1\" \/>\n<link rel=\"canonical\" href=\"https:\/\/www.idsp.fr\/fr\/primaire\/\" \/>\n<meta property=\"og:locale\" content=\"fr_FR\" \/>\n<meta property=\"og:type\" content=\"article\" \/>\n<meta property=\"og:title\" content=\"PRIMAIRE - iDSP - La Schule - Internationale Deutsche Schule Paris\" \/>\n<meta property=\"og:url\" content=\"https:\/\/www.idsp.fr\/fr\/primaire\/\" \/>\n<meta property=\"og:site_name\" content=\"iDSP - La Schule - Internationale Deutsche Schule Paris\" \/>\n<meta property=\"article:modified_time\" content=\"2025-12-13T02:58:45+00:00\" \/>\n<meta name=\"twitter:card\" content=\"summary_large_image\" \/>\n<meta name=\"twitter:label1\" content=\"Dur\u00e9e de lecture estim\u00e9e\" \/>\n\t<meta name=\"twitter:data1\" content=\"2 minutes\" \/>\n<script type=\"application\/ld+json\" class=\"yoast-schema-graph\">{\"@context\":\"https:\\\/\\\/schema.org\",\"@graph\":[{\"@type\":\"WebPage\",\"@id\":\"https:\\\/\\\/www.idsp.fr\\\/fr\\\/primaire\\\/\",\"url\":\"https:\\\/\\\/www.idsp.fr\\\/fr\\\/primaire\\\/\",\"name\":\"PRIMAIRE - iDSP - La Schule - Internationale Deutsche Schule Paris\",\"isPartOf\":{\"@id\":\"https:\\\/\\\/www.idsp.fr\\\/#website\"},\"datePublished\":\"2020-09-30T13:51:49+00:00\",\"dateModified\":\"2025-12-13T02:58:45+00:00\",\"breadcrumb\":{\"@id\":\"https:\\\/\\\/www.idsp.fr\\\/fr\\\/primaire\\\/#breadcrumb\"},\"inLanguage\":\"fr-FR\",\"potentialAction\":[{\"@type\":\"ReadAction\",\"target\":[\"https:\\\/\\\/www.idsp.fr\\\/fr\\\/primaire\\\/\"]}]},{\"@type\":\"BreadcrumbList\",\"@id\":\"https:\\\/\\\/www.idsp.fr\\\/fr\\\/primaire\\\/#breadcrumb\",\"itemListElement\":[{\"@type\":\"ListItem\",\"position\":1,\"name\":\"Startseite\",\"item\":\"https:\\\/\\\/www.idsp.fr\\\/fr\\\/idsp-ecole-allemande-internationale-de-paris\\\/\"},{\"@type\":\"ListItem\",\"position\":2,\"name\":\"PRIMAIRE\"}]},{\"@type\":\"WebSite\",\"@id\":\"https:\\\/\\\/www.idsp.fr\\\/#website\",\"url\":\"https:\\\/\\\/www.idsp.fr\\\/\",\"name\":\"iDSP - La Schule - Internationale Deutsche Schule Paris\",\"description\":\"\",\"potentialAction\":[{\"@type\":\"SearchAction\",\"target\":{\"@type\":\"EntryPoint\",\"urlTemplate\":\"https:\\\/\\\/www.idsp.fr\\\/?s={search_term_string}\"},\"query-input\":{\"@type\":\"PropertyValueSpecification\",\"valueRequired\":true,\"valueName\":\"search_term_string\"}}],\"inLanguage\":\"fr-FR\"}]}<\/script>\n<!-- \/ Yoast SEO plugin. -->","yoast_head_json":{"title":"PRIMAIRE - iDSP - La Schule - Internationale Deutsche Schule Paris","robots":{"index":"index","follow":"follow","max-snippet":"max-snippet:-1","max-image-preview":"max-image-preview:large","max-video-preview":"max-video-preview:-1"},"canonical":"https:\/\/www.idsp.fr\/fr\/primaire\/","og_locale":"fr_FR","og_type":"article","og_title":"PRIMAIRE - iDSP - La Schule - Internationale Deutsche Schule Paris","og_url":"https:\/\/www.idsp.fr\/fr\/primaire\/","og_site_name":"iDSP - La Schule - Internationale Deutsche Schule Paris","article_modified_time":"2025-12-13T02:58:45+00:00","twitter_card":"summary_large_image","twitter_misc":{"Dur\u00e9e de lecture estim\u00e9e":"2 minutes"},"schema":{"@context":"https:\/\/schema.org","@graph":[{"@type":"WebPage","@id":"https:\/\/www.idsp.fr\/fr\/primaire\/","url":"https:\/\/www.idsp.fr\/fr\/primaire\/","name":"PRIMAIRE - iDSP - La Schule - Internationale Deutsche Schule Paris","isPartOf":{"@id":"https:\/\/www.idsp.fr\/#website"},"datePublished":"2020-09-30T13:51:49+00:00","dateModified":"2025-12-13T02:58:45+00:00","breadcrumb":{"@id":"https:\/\/www.idsp.fr\/fr\/primaire\/#breadcrumb"},"inLanguage":"fr-FR","potentialAction":[{"@type":"ReadAction","target":["https:\/\/www.idsp.fr\/fr\/primaire\/"]}]},{"@type":"BreadcrumbList","@id":"https:\/\/www.idsp.fr\/fr\/primaire\/#breadcrumb","itemListElement":[{"@type":"ListItem","position":1,"name":"Startseite","item":"https:\/\/www.idsp.fr\/fr\/idsp-ecole-allemande-internationale-de-paris\/"},{"@type":"ListItem","position":2,"name":"PRIMAIRE"}]},{"@type":"WebSite","@id":"https:\/\/www.idsp.fr\/#website","url":"https:\/\/www.idsp.fr\/","name":"iDSP - La Schule - Internationale Deutsche Schule Paris","description":"","potentialAction":[{"@type":"SearchAction","target":{"@type":"EntryPoint","urlTemplate":"https:\/\/www.idsp.fr\/?s={search_term_string}"},"query-input":{"@type":"PropertyValueSpecification","valueRequired":true,"valueName":"search_term_string"}}],"inLanguage":"fr-FR"}]}},"_links":{"self":[{"href":"https:\/\/www.idsp.fr\/fr\/wp-json\/wp\/v2\/pages\/4056","targetHints":{"allow":["GET"]}}],"collection":[{"href":"https:\/\/www.idsp.fr\/fr\/wp-json\/wp\/v2\/pages"}],"about":[{"href":"https:\/\/www.idsp.fr\/fr\/wp-json\/wp\/v2\/types\/page"}],"author":[{"embeddable":true,"href":"https:\/\/www.idsp.fr\/fr\/wp-json\/wp\/v2\/users\/1"}],"replies":[{"embeddable":true,"href":"https:\/\/www.idsp.fr\/fr\/wp-json\/wp\/v2\/comments?post=4056"}],"version-history":[{"count":4,"href":"https:\/\/www.idsp.fr\/fr\/wp-json\/wp\/v2\/pages\/4056\/revisions"}],"predecessor-version":[{"id":33009,"href":"https:\/\/www.idsp.fr\/fr\/wp-json\/wp\/v2\/pages\/4056\/revisions\/33009"}],"wp:attachment":[{"href":"https:\/\/www.idsp.fr\/fr\/wp-json\/wp\/v2\/media?parent=4056"}],"curies":[{"name":"wp","href":"https:\/\/api.w.org\/{rel}","templated":true}]}}