{"id":4049,"date":"2020-09-30T15:33:44","date_gmt":"2020-09-30T13:33:44","guid":{"rendered":"https:\/\/www.idsp.fr\/?page_id=4049"},"modified":"2026-04-07T09:22:14","modified_gmt":"2026-04-07T07:22:14","slug":"ecole-maternelle","status":"publish","type":"page","link":"https:\/\/www.idsp.fr\/fr\/ecole-maternelle\/","title":{"rendered":"ECOLE MATERNELLE"},"content":{"rendered":"<div   class='avia-fullscreen-slider main_color   avia-builder-el-0  el_before_av_textblock  avia-builder-el-first  container_wrap sidebar_right'  >\n<style type=\"text\/css\" data-created_by=\"avia_inline_auto\" id=\"style-css-av-m00omfwf-2605db1ff1b513af8b1d2d1ef19e1dad\">\n#top #wrap_all .avia-slideshow .av-slideshow-caption.av-m00omfwf-2605db1ff1b513af8b1d2d1ef19e1dad__0 .avia-caption-title{\nfont-size:73px;\ncolor:#ffffff;\n}\n#top .avia-slideshow .av-slideshow-caption.av-m00omfwf-2605db1ff1b513af8b1d2d1ef19e1dad__0 .avia-caption-content{\nfont-size:23px;\n}\n#top .avia-slideshow .av-slideshow-caption.av-m00omfwf-2605db1ff1b513af8b1d2d1ef19e1dad__0 .avia-caption-content p{\nfont-size:23px;\n}\n<\/style>\n<div  class='avia-slideshow av-m00omfwf-2605db1ff1b513af8b1d2d1ef19e1dad avia-slideshow-extra_large av_fullscreen avia-slide-slider av-slideshow-ui av-control-hidden av-no-slider-navigation av-hide-nav-arrows av-slideshow-manual av-loop-once av-loop-manual-endless av-default-height-applied   avia-slideshow-1' data-slideshow-options=\"{&quot;animation&quot;:&quot;slide&quot;,&quot;autoplay&quot;:false,&quot;loop_autoplay&quot;:&quot;once&quot;,&quot;interval&quot;:5,&quot;loop_manual&quot;:&quot;manual-endless&quot;,&quot;autoplay_stopper&quot;:false,&quot;noNavigation&quot;:true,&quot;bg_slider&quot;:true,&quot;keep_padding&quot;:false,&quot;hoverpause&quot;:false,&quot;show_slide_delay&quot;:0,&quot;slide_height&quot;:&quot;100&quot;,&quot;image_attachment&quot;:&quot;&quot;}\"  itemprop=\"image\" itemscope=\"itemscope\" itemtype=\"https:\/\/schema.org\/ImageObject\" ><ul class='avia-slideshow-inner ' style='padding-bottom: 100%;'><li  data-controls='aviaTBaviaTBvideo_controls' data-mute='aviaTBaviaTBvideo_mute' data-loop='aviaTBaviaTBvideo_loop' data-disable-autoplay=''  data-mobile-img='https:\/\/www.idsp.fr\/wp-content\/uploads\/2024\/02\/Villa_Kunterbunt_2022_klein.jpg' data-fallback-link='https:\/\/youtu.be\/f8k3k6a9cOY' class='avia-slideshow-slide av-m00omfwf-2605db1ff1b513af8b1d2d1ef19e1dad__0  av-video-slide av-element-cover av-video-service-youtube  av-hide-video-controls av-mute-video av-loop-video av-mobile-fallback-image  av-single-slide slide-1 slide-odd'><div data-rel='slideshow-1' class='avia-slide-wrap ' style='background-image:url(\"https:\/\/www.idsp.fr\/wp-content\/uploads\/2024\/02\/Villa_Kunterbunt_2022_klein.jpg\");'  ><div class='av-click-overlay'><\/div><div class='mejs-mediaelement'  itemprop=\"video\" itemtype=\"https:\/\/schema.org\/VideoObject\" ><div height='1600' width='900' class='av_youtube_frame' id='player_4049_698024251_768286482'  data-autoplay='0'  data-videoid='f8k3k6a9cOY'  data-hd='1'  data-rel='0'  data-wmode='opaque'  data-loop='0'  data-version='3'  data-autohide='1'  data-color='white'  data-controls='0'  data-iv_load_policy='3'  data-original_url='https:\/\/youtu.be\/f8k3k6a9cOY' ><\/div><\/div><div class=\"av-click-to-play-overlay\"><div class=\"avia_playpause_icon\"><\/div><\/div><\/div><\/li><\/ul><div class='av-slideshow-caption av-m00omfwf-2605db1ff1b513af8b1d2d1ef19e1dad__0 caption_fullwidth caption_center'><div class=\"container caption_container\"><div class=\"slideshow_caption\"><div class=\"slideshow_inner_caption\"><div class=\"slideshow_align_caption\"><h2 class='avia-caption-title '  itemprop=\"name\" >Unser Kindergarten \"Villa Kunterbunt\"<\/h2><\/div><\/div><\/div><\/div><\/div><\/div><\/div><div id='after_full_slider_1'  class='main_color av_default_container_wrap container_wrap sidebar_right'  ><div class='container av-section-cont-open' ><div class='template-page content  av-content-small alpha units'><div class='post-entry post-entry-type-page post-entry-4049'><div class='entry-content-wrapper clearfix'>\n<section  class='av_textblock_section av-k9tzpmub-7d8d88c6ce40b4847954677256a207e5 '   itemscope=\"itemscope\" itemtype=\"https:\/\/schema.org\/CreativeWork\" ><div class='avia_textblock'  itemprop=\"text\" ><blockquote>\n<p>\u00c0 la maternelle \u00ab Villa Kunterbunt \u00bb, nous accompagnons chaque enfant avec bienveillance afin de favoriser son d\u00e9veloppement et son \u00e9panouissement.<br \/>\nNous veillons \u00e0 respecter son rythme et son individualit\u00e9, tout en soutenant la construction de son identit\u00e9. Notre objectif est de l\u2019aider \u00e0 gagner en confiance, \u00e0 devenir progressivement autonome et \u00e0 trouver sa place au sein du groupe.<br \/>\nCette d\u00e9marche s\u2019inscrit dans une approche \u00e9ducative globale, attentive aux besoins de l\u2019enfant dans toutes ses dimensions.<\/p>\n<\/blockquote>\n<\/div><\/section>\n<section  class='av_textblock_section av-k9u20ypo-373331643f6c3621ef170f67128dce7d '   itemscope=\"itemscope\" itemtype=\"https:\/\/schema.org\/CreativeWork\" ><div class='avia_textblock'  itemprop=\"text\" ><p>Les enfants apprennent le mieux lorsqu\u2019ils sont consid\u00e9r\u00e9s dans leur globalit\u00e9, avec leurs sens, leurs \u00e9motions et leur curiosit\u00e9 : lorsqu\u2019ils d\u00e9couvrent le monde avec la t\u00eate, le c\u0153ur et les mains.<\/p>\n<p>Dans nos groupes volontairement multi-\u00e2ges, nous accordons une place essentielle \u00e0 des valeurs telles que le respect des autres, la tol\u00e9rance et l\u2019entraide. Nous encourageons \u00e9galement les enfants \u00e0 \u00eatre acteurs de leurs apprentissages, curieux et ouverts. Dans un climat de confiance, de s\u00e9curit\u00e9 affective et de reconnaissance, ils peuvent se construire, explorer leur environnement et d\u00e9velopper leur personnalit\u00e9. Nous les accompagnons vers davantage d\u2019autonomie en renfor\u00e7ant progressivement leur confiance en eux.<\/p>\n<p>Notre mission est de proposer un accompagnement \u00e0 la fois global et individualis\u00e9, en accord avec les objectifs \u00e9ducatifs de la maternelle. Nous soutenons les capacit\u00e9s naturelles d\u2019apprentissage des enfants tout en leur transmettant les rep\u00e8res, les valeurs et les r\u00e8gles de vie en soci\u00e9t\u00e9. La qualit\u00e9 de la relation entre l\u2019enfant et l\u2019adulte, ainsi que l\u2019exemplarit\u00e9 de ce dernier, occupent une place centrale dans notre d\u00e9marche.<\/p>\n<p>Nous avons \u00e9galement \u00e0 c\u0153ur d\u2019ouvrir les enfants \u00e0 d\u2019autres cultures.<strong> \u00c0 la \u00ab Villa Kunterbunt \u00bb, ils sont quotidiennement en contact avec les langues et cultures allemande et fran\u00e7aise<\/strong>. Les traditions et les f\u00eates de ces deux cultures sont partag\u00e9es, v\u00e9cues et c\u00e9l\u00e9br\u00e9es ensemble. Les enfants apprennent ainsi \u00e0 vivre ensemble et \u00e0 grandir en citoyens ouverts, curieux et respectueux des diff\u00e9rences.<\/p>\n<p>Tout ce que les enfants vivent \u00e0 la maternelle ne se voit pas toujours imm\u00e9diatement, mais ces exp\u00e9riences nourrissent en profondeur leur d\u00e9veloppement et les accompagnent durablement dans leur vie.<\/p>\n<p>\u00ab Lorsqu\u2019on joue suffisamment pendant l\u2019enfance, on emporte avec soi des tr\u00e9sors dans lesquels on peut puiser toute sa vie. On sait alors qu\u2019on porte en soi un monde int\u00e9rieur riche et chaleureux, capable de nous soutenir dans les moments difficiles. \u00bb &#8211; Astrid Lindgren<\/p>\n<\/div><\/section>\n<div  class='hr av-rh03-0bd57ea396432a396e71037ac563e514 hr-default  avia-builder-el-3  el_after_av_textblock  avia-builder-el-last '><span class='hr-inner '><span class=\"hr-inner-style\"><\/span><\/span><\/div>\n","protected":false},"excerpt":{"rendered":"","protected":false},"author":1,"featured_media":0,"parent":0,"menu_order":59,"comment_status":"closed","ping_status":"closed","template":"","meta":{"footnotes":""},"class_list":["post-4049","page","type-page","status-publish","hentry"],"yoast_head":"<!-- This site is optimized with the Yoast SEO plugin v27.3 - https:\/\/yoast.com\/product\/yoast-seo-wordpress\/ -->\n<title>ECOLE MATERNELLE - iDSP - La Schule - Internationale Deutsche Schule Paris<\/title>\n<meta name=\"description\" content=\"\u00c0 la \u00ab Villa Kunterbunt \u00bb, les enfants sont quotidiennement en contact avec les langues et cultures allemande et fran\u00e7aise. Les traditions et les f\u00eates de ces deux cultures sont partag\u00e9es, v\u00e9cues et c\u00e9l\u00e9br\u00e9es ensemble. Les enfants apprennent ainsi \u00e0 vivre ensemble et \u00e0 grandir en citoyens ouverts, curieux et respectueux des diff\u00e9rences.\" \/>\n<meta name=\"robots\" content=\"index, follow, max-snippet:-1, max-image-preview:large, max-video-preview:-1\" \/>\n<link rel=\"canonical\" href=\"https:\/\/www.idsp.fr\/fr\/ecole-maternelle\/\" \/>\n<meta property=\"og:locale\" content=\"fr_FR\" \/>\n<meta property=\"og:type\" content=\"article\" \/>\n<meta property=\"og:title\" content=\"ECOLE MATERNELLE - iDSP - La Schule - Internationale Deutsche Schule Paris\" \/>\n<meta property=\"og:description\" content=\"\u00c0 la \u00ab Villa Kunterbunt \u00bb, les enfants sont quotidiennement en contact avec les langues et cultures allemande et fran\u00e7aise. Les traditions et les f\u00eates de ces deux cultures sont partag\u00e9es, v\u00e9cues et c\u00e9l\u00e9br\u00e9es ensemble. Les enfants apprennent ainsi \u00e0 vivre ensemble et \u00e0 grandir en citoyens ouverts, curieux et respectueux des diff\u00e9rences.\" \/>\n<meta property=\"og:url\" content=\"https:\/\/www.idsp.fr\/fr\/ecole-maternelle\/\" \/>\n<meta property=\"og:site_name\" content=\"iDSP - La Schule - Internationale Deutsche Schule Paris\" \/>\n<meta property=\"article:modified_time\" content=\"2026-04-07T07:22:14+00:00\" \/>\n<meta name=\"twitter:card\" content=\"summary_large_image\" \/>\n<meta name=\"twitter:label1\" content=\"Dur\u00e9e de lecture estim\u00e9e\" \/>\n\t<meta name=\"twitter:data1\" content=\"2 minutes\" \/>\n<script type=\"application\/ld+json\" class=\"yoast-schema-graph\">{\"@context\":\"https:\\\/\\\/schema.org\",\"@graph\":[{\"@type\":\"WebPage\",\"@id\":\"https:\\\/\\\/www.idsp.fr\\\/fr\\\/ecole-maternelle\\\/\",\"url\":\"https:\\\/\\\/www.idsp.fr\\\/fr\\\/ecole-maternelle\\\/\",\"name\":\"ECOLE MATERNELLE - iDSP - La Schule - Internationale Deutsche Schule Paris\",\"isPartOf\":{\"@id\":\"https:\\\/\\\/www.idsp.fr\\\/#website\"},\"datePublished\":\"2020-09-30T13:33:44+00:00\",\"dateModified\":\"2026-04-07T07:22:14+00:00\",\"description\":\"\u00c0 la \u00ab Villa Kunterbunt \u00bb, les enfants sont quotidiennement en contact avec les langues et cultures allemande et fran\u00e7aise. Les traditions et les f\u00eates de ces deux cultures sont partag\u00e9es, v\u00e9cues et c\u00e9l\u00e9br\u00e9es ensemble. Les enfants apprennent ainsi \u00e0 vivre ensemble et \u00e0 grandir en citoyens ouverts, curieux et respectueux des diff\u00e9rences.\",\"breadcrumb\":{\"@id\":\"https:\\\/\\\/www.idsp.fr\\\/fr\\\/ecole-maternelle\\\/#breadcrumb\"},\"inLanguage\":\"fr-FR\",\"potentialAction\":[{\"@type\":\"ReadAction\",\"target\":[\"https:\\\/\\\/www.idsp.fr\\\/fr\\\/ecole-maternelle\\\/\"]}]},{\"@type\":\"BreadcrumbList\",\"@id\":\"https:\\\/\\\/www.idsp.fr\\\/fr\\\/ecole-maternelle\\\/#breadcrumb\",\"itemListElement\":[{\"@type\":\"ListItem\",\"position\":1,\"name\":\"Startseite\",\"item\":\"https:\\\/\\\/www.idsp.fr\\\/fr\\\/idsp-ecole-allemande-internationale-de-paris\\\/\"},{\"@type\":\"ListItem\",\"position\":2,\"name\":\"ECOLE MATERNELLE\"}]},{\"@type\":\"WebSite\",\"@id\":\"https:\\\/\\\/www.idsp.fr\\\/#website\",\"url\":\"https:\\\/\\\/www.idsp.fr\\\/\",\"name\":\"iDSP - La Schule - Internationale Deutsche Schule Paris\",\"description\":\"\",\"potentialAction\":[{\"@type\":\"SearchAction\",\"target\":{\"@type\":\"EntryPoint\",\"urlTemplate\":\"https:\\\/\\\/www.idsp.fr\\\/?s={search_term_string}\"},\"query-input\":{\"@type\":\"PropertyValueSpecification\",\"valueRequired\":true,\"valueName\":\"search_term_string\"}}],\"inLanguage\":\"fr-FR\"}]}<\/script>\n<!-- \/ Yoast SEO plugin. -->","yoast_head_json":{"title":"ECOLE MATERNELLE - iDSP - La Schule - Internationale Deutsche Schule Paris","description":"\u00c0 la \u00ab Villa Kunterbunt \u00bb, les enfants sont quotidiennement en contact avec les langues et cultures allemande et fran\u00e7aise. Les traditions et les f\u00eates de ces deux cultures sont partag\u00e9es, v\u00e9cues et c\u00e9l\u00e9br\u00e9es ensemble. Les enfants apprennent ainsi \u00e0 vivre ensemble et \u00e0 grandir en citoyens ouverts, curieux et respectueux des diff\u00e9rences.","robots":{"index":"index","follow":"follow","max-snippet":"max-snippet:-1","max-image-preview":"max-image-preview:large","max-video-preview":"max-video-preview:-1"},"canonical":"https:\/\/www.idsp.fr\/fr\/ecole-maternelle\/","og_locale":"fr_FR","og_type":"article","og_title":"ECOLE MATERNELLE - iDSP - La Schule - Internationale Deutsche Schule Paris","og_description":"\u00c0 la \u00ab Villa Kunterbunt \u00bb, les enfants sont quotidiennement en contact avec les langues et cultures allemande et fran\u00e7aise. Les traditions et les f\u00eates de ces deux cultures sont partag\u00e9es, v\u00e9cues et c\u00e9l\u00e9br\u00e9es ensemble. Les enfants apprennent ainsi \u00e0 vivre ensemble et \u00e0 grandir en citoyens ouverts, curieux et respectueux des diff\u00e9rences.","og_url":"https:\/\/www.idsp.fr\/fr\/ecole-maternelle\/","og_site_name":"iDSP - La Schule - Internationale Deutsche Schule Paris","article_modified_time":"2026-04-07T07:22:14+00:00","twitter_card":"summary_large_image","twitter_misc":{"Dur\u00e9e de lecture estim\u00e9e":"2 minutes"},"schema":{"@context":"https:\/\/schema.org","@graph":[{"@type":"WebPage","@id":"https:\/\/www.idsp.fr\/fr\/ecole-maternelle\/","url":"https:\/\/www.idsp.fr\/fr\/ecole-maternelle\/","name":"ECOLE MATERNELLE - iDSP - La Schule - Internationale Deutsche Schule Paris","isPartOf":{"@id":"https:\/\/www.idsp.fr\/#website"},"datePublished":"2020-09-30T13:33:44+00:00","dateModified":"2026-04-07T07:22:14+00:00","description":"\u00c0 la \u00ab Villa Kunterbunt \u00bb, les enfants sont quotidiennement en contact avec les langues et cultures allemande et fran\u00e7aise. Les traditions et les f\u00eates de ces deux cultures sont partag\u00e9es, v\u00e9cues et c\u00e9l\u00e9br\u00e9es ensemble. Les enfants apprennent ainsi \u00e0 vivre ensemble et \u00e0 grandir en citoyens ouverts, curieux et respectueux des diff\u00e9rences.","breadcrumb":{"@id":"https:\/\/www.idsp.fr\/fr\/ecole-maternelle\/#breadcrumb"},"inLanguage":"fr-FR","potentialAction":[{"@type":"ReadAction","target":["https:\/\/www.idsp.fr\/fr\/ecole-maternelle\/"]}]},{"@type":"BreadcrumbList","@id":"https:\/\/www.idsp.fr\/fr\/ecole-maternelle\/#breadcrumb","itemListElement":[{"@type":"ListItem","position":1,"name":"Startseite","item":"https:\/\/www.idsp.fr\/fr\/idsp-ecole-allemande-internationale-de-paris\/"},{"@type":"ListItem","position":2,"name":"ECOLE MATERNELLE"}]},{"@type":"WebSite","@id":"https:\/\/www.idsp.fr\/#website","url":"https:\/\/www.idsp.fr\/","name":"iDSP - La Schule - Internationale Deutsche Schule Paris","description":"","potentialAction":[{"@type":"SearchAction","target":{"@type":"EntryPoint","urlTemplate":"https:\/\/www.idsp.fr\/?s={search_term_string}"},"query-input":{"@type":"PropertyValueSpecification","valueRequired":true,"valueName":"search_term_string"}}],"inLanguage":"fr-FR"}]}},"_links":{"self":[{"href":"https:\/\/www.idsp.fr\/fr\/wp-json\/wp\/v2\/pages\/4049","targetHints":{"allow":["GET"]}}],"collection":[{"href":"https:\/\/www.idsp.fr\/fr\/wp-json\/wp\/v2\/pages"}],"about":[{"href":"https:\/\/www.idsp.fr\/fr\/wp-json\/wp\/v2\/types\/page"}],"author":[{"embeddable":true,"href":"https:\/\/www.idsp.fr\/fr\/wp-json\/wp\/v2\/users\/1"}],"replies":[{"embeddable":true,"href":"https:\/\/www.idsp.fr\/fr\/wp-json\/wp\/v2\/comments?post=4049"}],"version-history":[{"count":63,"href":"https:\/\/www.idsp.fr\/fr\/wp-json\/wp\/v2\/pages\/4049\/revisions"}],"predecessor-version":[{"id":34857,"href":"https:\/\/www.idsp.fr\/fr\/wp-json\/wp\/v2\/pages\/4049\/revisions\/34857"}],"wp:attachment":[{"href":"https:\/\/www.idsp.fr\/fr\/wp-json\/wp\/v2\/media?parent=4049"}],"curies":[{"name":"wp","href":"https:\/\/api.w.org\/{rel}","templated":true}]}}