{"id":3959,"date":"2020-09-29T20:47:56","date_gmt":"2020-09-29T18:47:56","guid":{"rendered":"https:\/\/www.idsp.fr\/?page_id=3959"},"modified":"2024-10-23T16:31:46","modified_gmt":"2024-10-23T14:31:46","slug":"qui-sommes-nous","status":"publish","type":"page","link":"https:\/\/www.idsp.fr\/fr\/qui-sommes-nous\/","title":{"rendered":"Qui sommes-nous ?"},"content":{"rendered":"\n<style type=\"text\/css\" data-created_by=\"avia_inline_auto\" id=\"style-css-av-k9tzp0ta-6dd7479124f797f4d8afc0b20a8557c6\">\n.avia-section.av-k9tzp0ta-6dd7479124f797f4d8afc0b20a8557c6{\nbackground-color:#024d7d;\nbackground-image:unset;\n}\n<\/style>\n<div id='av_section_1'  class='avia-section av-k9tzp0ta-6dd7479124f797f4d8afc0b20a8557c6 main_color avia-section-small avia-no-border-styling  avia-builder-el-0  el_before_av_textblock  avia-builder-el-first  avia-bg-style-scroll av-minimum-height av-minimum-height-custom av-height-custom  container_wrap sidebar_right'   data-av_minimum_height_px='100'><div class='container av-section-cont-open' style='height:100px'><main  role=\"main\" itemprop=\"mainContentOfPage\"  class='template-page content  av-content-small alpha units'><div class='post-entry post-entry-type-page post-entry-3959'><div class='entry-content-wrapper clearfix'>\n\n<style type=\"text\/css\" data-created_by=\"avia_inline_auto\" id=\"style-css-av-k9vv8aav-41a6e0b89a4a29a483294d00b4943909\">\n#top .av-special-heading.av-k9vv8aav-41a6e0b89a4a29a483294d00b4943909{\npadding-bottom:10px;\ncolor:#ffffff;\n}\nbody .av-special-heading.av-k9vv8aav-41a6e0b89a4a29a483294d00b4943909 .av-special-heading-tag .heading-char{\nfont-size:25px;\n}\n.av-special-heading.av-k9vv8aav-41a6e0b89a4a29a483294d00b4943909 .special-heading-inner-border{\nborder-color:#ffffff;\n}\n.av-special-heading.av-k9vv8aav-41a6e0b89a4a29a483294d00b4943909 .av-subheading{\nfont-size:15px;\n}\n<\/style>\n<div  class='av-special-heading av-k9vv8aav-41a6e0b89a4a29a483294d00b4943909 av-special-heading-h2 custom-color-heading  avia-builder-el-1  avia-builder-el-no-sibling '><h2 class='av-special-heading-tag '  itemprop=\"headline\"  >L\u2019iDSP<\/h2><div class=\"special-heading-border\"><div class=\"special-heading-inner-border\"><\/div><\/div><\/div>\n<\/div><\/div><\/main><!-- close content main element --><\/div><\/div><div id='after_section_1'  class='main_color av_default_container_wrap container_wrap sidebar_right'  ><div class='container av-section-cont-open' ><div class='template-page content  av-content-small alpha units'><div class='post-entry post-entry-type-page post-entry-3959'><div class='entry-content-wrapper clearfix'>\n<section  class='av_textblock_section av-k9vv8oqa-1663dd7b9b7eea8ab1e41ea51e7e3471 '   itemscope=\"itemscope\" itemtype=\"https:\/\/schema.org\/CreativeWork\" ><div class='avia_textblock'  itemprop=\"text\" ><blockquote>\n<p class=\"bodytext\">L\u2019<strong>\u00c9cole allemande internationale de Paris<\/strong> (iDSP) est une \u00e9cole germanophone \u00e0 l\u2019\u00e9tranger agr\u00e9\u00e9e par le Minist\u00e8re des Affaires \u00c9trang\u00e8res, repr\u00e9sent\u00e9 par l\u2019Ambassade d\u2019Allemagne \u00e0 Paris.<\/p>\n<\/blockquote>\n<p class=\"bodytext\"><img decoding=\"async\" class=\"alignright size-medium wp-image-3471\" src=\"https:\/\/www.idsp.fr\/wp-content\/uploads\/2020\/05\/exzellente-deutsche-Auslandsschule-iDSP-340x146.jpg\" alt=\"\" width=\"300\" height=\"129\" srcset=\"https:\/\/www.idsp.fr\/wp-content\/uploads\/2020\/05\/exzellente-deutsche-Auslandsschule-iDSP-340x146.jpg 340w, https:\/\/www.idsp.fr\/wp-content\/uploads\/2020\/05\/exzellente-deutsche-Auslandsschule-iDSP.jpg 534w\" sizes=\"(max-width: 300px) 100vw, 300px\" \/><\/p>\n<p>L\u2018Association de l\u2019\u00e9cole (Schulverein) en assure la gestion financi\u00e8re et des ressources humaines.<\/p>\n<p>La Direction de l&rsquo;\u00e9cole est charg\u00e9e de l\u2019organisation et de la mise en \u0153uvre des programmes d&rsquo;enseignement et d&rsquo;\u00e9ducation et dirige l\u2019\u00e9quipe p\u00e9dagogique.<\/p>\n<p>L&rsquo;administration de l&rsquo;\u00e9cole assure le bon fonctionnement des affaires administratives ainsi que la maintenance et l&rsquo;entretien des b\u00e2timents.<\/p>\n<p>L\u2019iDSP est la seule \u00e9cole allemande \u00e0 Paris qui enseigne selon la p\u00e9dagogie allemande. Elle permet aux \u00e9l\u00e8ves un passage ais\u00e9 dans le syst\u00e8me scolaire en Allemagne de m\u00eame que l\u2019acc\u00e8s aux universit\u00e9s internationales.<\/p>\n<\/div><\/section>\n\n<style type=\"text\/css\" data-created_by=\"avia_inline_auto\" id=\"style-css-av-k9va6nzt-678a804bd314bdd63f6d963b3b768b81\">\n#top .hr.av-k9va6nzt-678a804bd314bdd63f6d963b3b768b81{\nmargin-top:25px;\nmargin-bottom:30px;\n}\n.hr.av-k9va6nzt-678a804bd314bdd63f6d963b3b768b81 .hr-inner{\nwidth:50px;\nborder-color:#024d7d;\n}\n<\/style>\n<div  class='hr av-k9va6nzt-678a804bd314bdd63f6d963b3b768b81 hr-custom  avia-builder-el-3  el_after_av_textblock  el_before_av_button  hr-left hr-icon-no'><span class='hr-inner inner-border-av-border-fat'><span class=\"hr-inner-style\"><\/span><\/span><\/div>\n<div  class='avia-button-wrap av-kaiji88p-7fb77d7c977f062868028fad626d0fb5-wrap avia-button-left  avia-builder-el-4  el_after_av_hr  avia-builder-el-last '><a href='https:\/\/www.idsp.fr\/wp-content\/uploads\/2020\/10\/iDSP_3volets-Fr_4-0_BD.pdf'  class='avia-button av-kaiji88p-7fb77d7c977f062868028fad626d0fb5 av-link-btn avia-icon_select-yes-left-icon avia-size-large avia-position-left avia-color-dark'  target=\"_blank\"  rel=\"noopener noreferrer\"  aria-label=\"iDSP - Brochure d\u2019information\"><span class='avia_button_icon avia_button_icon_left avia-iconfont avia-font-entypo-fontello' data-av_icon='\ue82d' data-av_iconfont='entypo-fontello' ><\/span><span class='avia_iconbox_title' >iDSP - Brochure d\u2019information<\/span><\/a><\/div>\n","protected":false},"excerpt":{"rendered":"","protected":false},"author":1,"featured_media":0,"parent":0,"menu_order":57,"comment_status":"closed","ping_status":"closed","template":"","meta":{"footnotes":""},"class_list":["post-3959","page","type-page","status-publish","hentry"],"yoast_head":"<!-- This site is optimized with the Yoast SEO plugin v27.3 - https:\/\/yoast.com\/product\/yoast-seo-wordpress\/ -->\n<title>Qui sommes-nous ? - iDSP - La Schule - Internationale Deutsche Schule Paris<\/title>\n<meta name=\"robots\" content=\"index, follow, max-snippet:-1, max-image-preview:large, max-video-preview:-1\" \/>\n<link rel=\"canonical\" href=\"https:\/\/www.idsp.fr\/fr\/qui-sommes-nous\/\" \/>\n<meta property=\"og:locale\" content=\"fr_FR\" \/>\n<meta property=\"og:type\" content=\"article\" \/>\n<meta property=\"og:title\" content=\"Qui sommes-nous ? - iDSP - La Schule - Internationale Deutsche Schule Paris\" \/>\n<meta property=\"og:url\" content=\"https:\/\/www.idsp.fr\/fr\/qui-sommes-nous\/\" \/>\n<meta property=\"og:site_name\" content=\"iDSP - La Schule - Internationale Deutsche Schule Paris\" \/>\n<meta property=\"article:modified_time\" content=\"2024-10-23T14:31:46+00:00\" \/>\n<meta property=\"og:image\" content=\"https:\/\/www.idsp.fr\/wp-content\/uploads\/2020\/05\/exzellente-deutsche-Auslandsschule-iDSP-340x146.jpg\" \/>\n<meta name=\"twitter:card\" content=\"summary_large_image\" \/>\n<meta name=\"twitter:label1\" content=\"Dur\u00e9e de lecture estim\u00e9e\" \/>\n\t<meta name=\"twitter:data1\" content=\"1 minute\" \/>\n<script type=\"application\/ld+json\" class=\"yoast-schema-graph\">{\"@context\":\"https:\\\/\\\/schema.org\",\"@graph\":[{\"@type\":\"WebPage\",\"@id\":\"https:\\\/\\\/www.idsp.fr\\\/fr\\\/qui-sommes-nous\\\/\",\"url\":\"https:\\\/\\\/www.idsp.fr\\\/fr\\\/qui-sommes-nous\\\/\",\"name\":\"Qui sommes-nous ? - iDSP - La Schule - Internationale Deutsche Schule Paris\",\"isPartOf\":{\"@id\":\"https:\\\/\\\/www.idsp.fr\\\/#website\"},\"primaryImageOfPage\":{\"@id\":\"https:\\\/\\\/www.idsp.fr\\\/fr\\\/qui-sommes-nous\\\/#primaryimage\"},\"image\":{\"@id\":\"https:\\\/\\\/www.idsp.fr\\\/fr\\\/qui-sommes-nous\\\/#primaryimage\"},\"thumbnailUrl\":\"https:\\\/\\\/www.idsp.fr\\\/wp-content\\\/uploads\\\/2020\\\/05\\\/exzellente-deutsche-Auslandsschule-iDSP-340x146.jpg\",\"datePublished\":\"2020-09-29T18:47:56+00:00\",\"dateModified\":\"2024-10-23T14:31:46+00:00\",\"breadcrumb\":{\"@id\":\"https:\\\/\\\/www.idsp.fr\\\/fr\\\/qui-sommes-nous\\\/#breadcrumb\"},\"inLanguage\":\"fr-FR\",\"potentialAction\":[{\"@type\":\"ReadAction\",\"target\":[\"https:\\\/\\\/www.idsp.fr\\\/fr\\\/qui-sommes-nous\\\/\"]}]},{\"@type\":\"ImageObject\",\"inLanguage\":\"fr-FR\",\"@id\":\"https:\\\/\\\/www.idsp.fr\\\/fr\\\/qui-sommes-nous\\\/#primaryimage\",\"url\":\"https:\\\/\\\/www.idsp.fr\\\/wp-content\\\/uploads\\\/2020\\\/05\\\/exzellente-deutsche-Auslandsschule-iDSP-340x146.jpg\",\"contentUrl\":\"https:\\\/\\\/www.idsp.fr\\\/wp-content\\\/uploads\\\/2020\\\/05\\\/exzellente-deutsche-Auslandsschule-iDSP-340x146.jpg\"},{\"@type\":\"BreadcrumbList\",\"@id\":\"https:\\\/\\\/www.idsp.fr\\\/fr\\\/qui-sommes-nous\\\/#breadcrumb\",\"itemListElement\":[{\"@type\":\"ListItem\",\"position\":1,\"name\":\"Startseite\",\"item\":\"https:\\\/\\\/www.idsp.fr\\\/fr\\\/idsp-ecole-allemande-internationale-de-paris\\\/\"},{\"@type\":\"ListItem\",\"position\":2,\"name\":\"Qui sommes-nous ?\"}]},{\"@type\":\"WebSite\",\"@id\":\"https:\\\/\\\/www.idsp.fr\\\/#website\",\"url\":\"https:\\\/\\\/www.idsp.fr\\\/\",\"name\":\"iDSP - La Schule - Internationale Deutsche Schule Paris\",\"description\":\"\",\"potentialAction\":[{\"@type\":\"SearchAction\",\"target\":{\"@type\":\"EntryPoint\",\"urlTemplate\":\"https:\\\/\\\/www.idsp.fr\\\/?s={search_term_string}\"},\"query-input\":{\"@type\":\"PropertyValueSpecification\",\"valueRequired\":true,\"valueName\":\"search_term_string\"}}],\"inLanguage\":\"fr-FR\"}]}<\/script>\n<!-- \/ Yoast SEO plugin. -->","yoast_head_json":{"title":"Qui sommes-nous ? - iDSP - La Schule - Internationale Deutsche Schule Paris","robots":{"index":"index","follow":"follow","max-snippet":"max-snippet:-1","max-image-preview":"max-image-preview:large","max-video-preview":"max-video-preview:-1"},"canonical":"https:\/\/www.idsp.fr\/fr\/qui-sommes-nous\/","og_locale":"fr_FR","og_type":"article","og_title":"Qui sommes-nous ? - iDSP - La Schule - Internationale Deutsche Schule Paris","og_url":"https:\/\/www.idsp.fr\/fr\/qui-sommes-nous\/","og_site_name":"iDSP - La Schule - Internationale Deutsche Schule Paris","article_modified_time":"2024-10-23T14:31:46+00:00","og_image":[{"url":"https:\/\/www.idsp.fr\/wp-content\/uploads\/2020\/05\/exzellente-deutsche-Auslandsschule-iDSP-340x146.jpg","type":"","width":"","height":""}],"twitter_card":"summary_large_image","twitter_misc":{"Dur\u00e9e de lecture estim\u00e9e":"1 minute"},"schema":{"@context":"https:\/\/schema.org","@graph":[{"@type":"WebPage","@id":"https:\/\/www.idsp.fr\/fr\/qui-sommes-nous\/","url":"https:\/\/www.idsp.fr\/fr\/qui-sommes-nous\/","name":"Qui sommes-nous ? - iDSP - La Schule - Internationale Deutsche Schule Paris","isPartOf":{"@id":"https:\/\/www.idsp.fr\/#website"},"primaryImageOfPage":{"@id":"https:\/\/www.idsp.fr\/fr\/qui-sommes-nous\/#primaryimage"},"image":{"@id":"https:\/\/www.idsp.fr\/fr\/qui-sommes-nous\/#primaryimage"},"thumbnailUrl":"https:\/\/www.idsp.fr\/wp-content\/uploads\/2020\/05\/exzellente-deutsche-Auslandsschule-iDSP-340x146.jpg","datePublished":"2020-09-29T18:47:56+00:00","dateModified":"2024-10-23T14:31:46+00:00","breadcrumb":{"@id":"https:\/\/www.idsp.fr\/fr\/qui-sommes-nous\/#breadcrumb"},"inLanguage":"fr-FR","potentialAction":[{"@type":"ReadAction","target":["https:\/\/www.idsp.fr\/fr\/qui-sommes-nous\/"]}]},{"@type":"ImageObject","inLanguage":"fr-FR","@id":"https:\/\/www.idsp.fr\/fr\/qui-sommes-nous\/#primaryimage","url":"https:\/\/www.idsp.fr\/wp-content\/uploads\/2020\/05\/exzellente-deutsche-Auslandsschule-iDSP-340x146.jpg","contentUrl":"https:\/\/www.idsp.fr\/wp-content\/uploads\/2020\/05\/exzellente-deutsche-Auslandsschule-iDSP-340x146.jpg"},{"@type":"BreadcrumbList","@id":"https:\/\/www.idsp.fr\/fr\/qui-sommes-nous\/#breadcrumb","itemListElement":[{"@type":"ListItem","position":1,"name":"Startseite","item":"https:\/\/www.idsp.fr\/fr\/idsp-ecole-allemande-internationale-de-paris\/"},{"@type":"ListItem","position":2,"name":"Qui sommes-nous ?"}]},{"@type":"WebSite","@id":"https:\/\/www.idsp.fr\/#website","url":"https:\/\/www.idsp.fr\/","name":"iDSP - La Schule - Internationale Deutsche Schule Paris","description":"","potentialAction":[{"@type":"SearchAction","target":{"@type":"EntryPoint","urlTemplate":"https:\/\/www.idsp.fr\/?s={search_term_string}"},"query-input":{"@type":"PropertyValueSpecification","valueRequired":true,"valueName":"search_term_string"}}],"inLanguage":"fr-FR"}]}},"_links":{"self":[{"href":"https:\/\/www.idsp.fr\/fr\/wp-json\/wp\/v2\/pages\/3959","targetHints":{"allow":["GET"]}}],"collection":[{"href":"https:\/\/www.idsp.fr\/fr\/wp-json\/wp\/v2\/pages"}],"about":[{"href":"https:\/\/www.idsp.fr\/fr\/wp-json\/wp\/v2\/types\/page"}],"author":[{"embeddable":true,"href":"https:\/\/www.idsp.fr\/fr\/wp-json\/wp\/v2\/users\/1"}],"replies":[{"embeddable":true,"href":"https:\/\/www.idsp.fr\/fr\/wp-json\/wp\/v2\/comments?post=3959"}],"version-history":[{"count":2,"href":"https:\/\/www.idsp.fr\/fr\/wp-json\/wp\/v2\/pages\/3959\/revisions"}],"predecessor-version":[{"id":30729,"href":"https:\/\/www.idsp.fr\/fr\/wp-json\/wp\/v2\/pages\/3959\/revisions\/30729"}],"wp:attachment":[{"href":"https:\/\/www.idsp.fr\/fr\/wp-json\/wp\/v2\/media?parent=3959"}],"curies":[{"name":"wp","href":"https:\/\/api.w.org\/{rel}","templated":true}]}}