{"id":34769,"date":"2026-03-27T11:19:39","date_gmt":"2026-03-27T10:19:39","guid":{"rendered":"https:\/\/www.idsp.fr\/?page_id=34769"},"modified":"2026-03-27T11:20:53","modified_gmt":"2026-03-27T10:20:53","slug":"stages","status":"publish","type":"page","link":"https:\/\/www.idsp.fr\/fr\/informations-pratiques\/stages\/","title":{"rendered":"Stages"},"content":{"rendered":"\n<style type=\"text\/css\" data-created_by=\"avia_inline_auto\" id=\"style-css-av-av_section-21c48b69e22c6432fc4a661b10db35ad\">\n.avia-section.av-av_section-21c48b69e22c6432fc4a661b10db35ad{\nbackground-color:#024d7d;\nbackground-image:unset;\n}\n<\/style>\n<div id='av_section_1'  class='avia-section av-av_section-21c48b69e22c6432fc4a661b10db35ad main_color avia-section-small avia-no-border-styling  avia-builder-el-0  el_before_av_heading  avia-builder-el-first  avia-bg-style-scroll av-minimum-height av-minimum-height-custom av-height-custom  container_wrap sidebar_right'   data-av_minimum_height_px='100'><div class='container av-section-cont-open' style='height:100px'><main  role=\"main\" itemprop=\"mainContentOfPage\"  class='template-page content  av-content-small alpha units'><div class='post-entry post-entry-type-page post-entry-34769'><div class='entry-content-wrapper clearfix'>\n\n<style type=\"text\/css\" data-created_by=\"avia_inline_auto\" id=\"style-css-av-av_heading-bfd6540fc428e964b4e1e7f01ff7cb17\">\n#top .av-special-heading.av-av_heading-bfd6540fc428e964b4e1e7f01ff7cb17{\npadding-bottom:10px;\ncolor:#ffffff;\n}\nbody .av-special-heading.av-av_heading-bfd6540fc428e964b4e1e7f01ff7cb17 .av-special-heading-tag .heading-char{\nfont-size:25px;\n}\n.av-special-heading.av-av_heading-bfd6540fc428e964b4e1e7f01ff7cb17 .special-heading-inner-border{\nborder-color:#ffffff;\n}\n.av-special-heading.av-av_heading-bfd6540fc428e964b4e1e7f01ff7cb17 .av-subheading{\nfont-size:15px;\n}\n<\/style>\n<div  class='av-special-heading av-av_heading-bfd6540fc428e964b4e1e7f01ff7cb17 av-special-heading-h2 custom-color-heading  avia-builder-el-1  avia-builder-el-no-sibling '><h2 class='av-special-heading-tag '  itemprop=\"headline\"  >Stages<\/h2><div class=\"special-heading-border\"><div class=\"special-heading-inner-border\"><\/div><\/div><\/div>\n<\/div><\/div><\/main><!-- close content main element --><\/div><\/div><div id='after_section_1'  class='main_color av_default_container_wrap container_wrap sidebar_right'  ><div class='container av-section-cont-open' ><div class='template-page content  av-content-small alpha units'><div class='post-entry post-entry-type-page post-entry-34769'><div class='entry-content-wrapper clearfix'>\n\n<style type=\"text\/css\" data-created_by=\"avia_inline_auto\" id=\"style-css-av-mn8r3j4g-f60df06f07941d667b082ff818c120dc\">\n#top .av-special-heading.av-mn8r3j4g-f60df06f07941d667b082ff818c120dc{\npadding-bottom:10px;\n}\nbody .av-special-heading.av-mn8r3j4g-f60df06f07941d667b082ff818c120dc .av-special-heading-tag .heading-char{\nfont-size:25px;\n}\n.av-special-heading.av-mn8r3j4g-f60df06f07941d667b082ff818c120dc .av-subheading{\nfont-size:15px;\n}\n<\/style>\n<div  class='av-special-heading av-mn8r3j4g-f60df06f07941d667b082ff818c120dc av-special-heading-h1 blockquote modern-quote  avia-builder-el-2  el_after_av_section  el_before_av_textblock  avia-builder-el-first '><h1 class='av-special-heading-tag '  itemprop=\"headline\"  >Stages \u00e0 l\u2019iDSP<\/h1><div class=\"special-heading-border\"><div class=\"special-heading-inner-border\"><\/div><\/div><\/div>\n<section  class='av_textblock_section av-av_textblock-8c42a04d92c3f2cb4661d2848f7655e2 '   itemscope=\"itemscope\" itemtype=\"https:\/\/schema.org\/CreativeWork\" ><div class='avia_textblock'  itemprop=\"text\" ><p>En tant qu&rsquo;excellente \u00e9cole allemande \u00e0 l&rsquo;\u00e9tranger, l&rsquo;iDSP poss\u00e8de plusieurs d\u00e9cennies d&rsquo;exp\u00e9rience dans l&rsquo;accompagnement de stagiaires dans les domaines professionnels suivants : \u00e9ducateur\/\u00e9ducatrice, enseignement primaire et enseignement secondaire. Nous sommes heureux de permettre aux \u00e9tudiants ayant d\u00e9j\u00e0 suivi plusieurs semestres d&rsquo;\u00e9tudes, ou aux apprentis souhaitant devenir \u00e9ducateurs, de d\u00e9couvrir la vie et le travail dans une \u00e9cole allemande \u00e0 l&rsquo;\u00e9tranger dans le cadre de stages facultatifs ou obligatoires.<\/p>\n<p>Nous offrons un accompagnement comp\u00e9tent ainsi qu&rsquo;une ambiance de travail agr\u00e9able et attendons en contrepartie de l&rsquo;ouverture d&rsquo;esprit et un haut niveau d&rsquo;engagement, c&rsquo;est-\u00e0-dire une pr\u00e9sence tous les jours de classe de la maternelle et du primaire, du lundi au vendredi (en g\u00e9n\u00e9ral de 8 h \u00e0 15 h 30), ainsi que la participation \u00e0 d&rsquo;\u00e9ventuelles manifestations scolaires. Il s&rsquo;agit donc d&rsquo;un stage \u00e0 temps plein ; il n&rsquo;est pas possible de suivre simultan\u00e9ment des cours (en ligne) ou de se pr\u00e9parer \u00e0 des examens.<\/p>\n<p>Nous ne proposons pas de stages d&rsquo;orientation purs.<\/p>\n<ul>\n<li>La dur\u00e9e du stage est limit\u00e9e aux p\u00e9riodes suivantes :<\/li>\n<\/ul>\n<table>\n<tbody>\n<tr>\n<td width=\"123\"><em>Maternelle :<\/em><\/td>\n<td width=\"208\"><em> trois \u00e0 six mois <\/em><\/td>\n<td width=\"226\"><em>\u00a0<\/em><\/td>\n<\/tr>\n<tr>\n<td width=\"123\"><em>\u00c9cole primaire :<\/em><\/td>\n<td width=\"208\"><em>six \u00e0 huit semaines scolaires <\/em><\/td>\n<td width=\"226\"><em>\u00a0<\/em><\/td>\n<\/tr>\n<tr>\n<td width=\"123\"><em>Coll\u00e8ge et lyc\u00e9e :<\/em><\/td>\n<td width=\"208\"><em>six \u00e0 huit semaines scolaires<\/em><\/td>\n<td width=\"226\"><em>D\u00e9but toujours apr\u00e8s les vacances <\/em><\/p>\n<p><a href=\"https:\/\/www.idsp.fr\/fr\/vie-de-lecole\/termine\/\" target=\"_blank\" rel=\"noopener\">CALENDRIER DES VACANCES<\/a><\/td>\n<\/tr>\n<tr>\n<td width=\"123\"><em>\u00c9quipe socio-\u00e9ducative :<\/em><\/td>\n<td width=\"208\"><em>entre quatre semaines et six mois <\/em><\/td>\n<td width=\"226\"><\/td>\n<\/tr>\n<\/tbody>\n<\/table>\n<ul>\n<li>Conditions requises pour effectuer un stage au sein de l&rsquo;\u00e9tablissement : \u00e9tudes sup\u00e9rieures avanc\u00e9es : \u00e0 partir de la fin du 4e semestre, ou avec un dipl\u00f4me de licence<\/li>\n<\/ul>\n<p>Vous trouverez de plus amples informations sur le d\u00e9roulement et l&rsquo;organisation du stage dans le document suivant : <a href=\"https:\/\/www.idsp.fr\/wp-content\/uploads\/2024\/10\/Informationen-Praktikum-iDSP-fuer-PraktikantInnen-0924.pdf\" target=\"_blank\" rel=\"noopener\">Contenu et organisation du stage \u00e0 l&rsquo;iDSP<\/a><\/p>\n<p>Nous attendons votre candidature avec impatience !<\/p>\n<\/div><\/section>\n\n<style type=\"text\/css\" data-created_by=\"avia_inline_auto\" id=\"style-css-av-av_heading-d6c791962c62e9671b7087b20fbdf7a0\">\n#top .av-special-heading.av-av_heading-d6c791962c62e9671b7087b20fbdf7a0{\npadding-bottom:10px;\n}\nbody .av-special-heading.av-av_heading-d6c791962c62e9671b7087b20fbdf7a0 .av-special-heading-tag .heading-char{\nfont-size:25px;\n}\n.av-special-heading.av-av_heading-d6c791962c62e9671b7087b20fbdf7a0 .av-subheading{\nfont-size:15px;\n}\n<\/style>\n<div  class='av-special-heading av-av_heading-d6c791962c62e9671b7087b20fbdf7a0 av-special-heading-h4  avia-builder-el-4  el_after_av_textblock  el_before_av_textblock '><h4 class='av-special-heading-tag '  itemprop=\"headline\"  >Proc\u00e9dure de candidature<\/h4><div class=\"special-heading-border\"><div class=\"special-heading-inner-border\"><\/div><\/div><\/div>\n<section  class='av_textblock_section av-av_textblock-8c42a04d92c3f2cb4661d2848f7655e2 '   itemscope=\"itemscope\" itemtype=\"https:\/\/schema.org\/CreativeWork\" ><div class='avia_textblock'  itemprop=\"text\" ><p>Veuillez envoyer les documents de candidature suivants (pi\u00e8ces jointes au format PDF) \u00e0 notre secr\u00e9tariat \u00e0 l&rsquo;adresse anette.gros@idsp.fr en indiquant l&rsquo;objet suivant : \u00ab Candidature \u00e0 un stage en maternelle\/\u00e9cole primaire\/coll\u00e8ge ; mati\u00e8res le cas \u00e9ch\u00e9ant ; p\u00e9riode \u00bb : <a href=\"mailto:anette.gros@idsp.fr\">anette.gros [ ad ] idsp.fr<\/a>:<\/p>\n<ul>\n<li><a href=\"https:\/\/www.idsp.fr\/wp-content\/uploads\/2024\/10\/E-Bewerbungsformular.pdf\" target=\"_blank\" rel=\"noopener\">formulaire de candidature rempli<\/a><\/li>\n<li>CV sous forme de tableau<\/li>\n<li>lettre de motivation<\/li>\n<li>le cas \u00e9ch\u00e9ant, bulletin interm\u00e9diaire \/ dipl\u00f4me de licence, sinon relev\u00e9 des r\u00e9sultats universitaires obtenus jusqu&rsquo;\u00e0 pr\u00e9sent<\/li>\n<li>attestation d&rsquo;inscription actuelle \/ attestation scolaire pour les \u00e9ducateurs\/\u00e9ducatrices<\/li>\n<li>en cas d&rsquo;acceptation du stage : extrait de casier judiciaire \u00e9largi (datant de moins de trois mois)<\/li>\n<\/ul>\n<p>Apr\u00e8s v\u00e9rification de nos capacit\u00e9s d&rsquo;accueil, vous recevrez une r\u00e9ponse et, en cas d&rsquo;acceptation, des informations plus d\u00e9taill\u00e9es sur l&rsquo;organisation du stage.<\/p>\n<\/div><\/section>\n","protected":false},"excerpt":{"rendered":"","protected":false},"author":1,"featured_media":0,"parent":4025,"menu_order":33,"comment_status":"closed","ping_status":"closed","template":"","meta":{"footnotes":""},"class_list":["post-34769","page","type-page","status-publish","hentry"],"yoast_head":"<!-- This site is optimized with the Yoast SEO plugin v27.3 - https:\/\/yoast.com\/product\/yoast-seo-wordpress\/ -->\n<title>Stages - iDSP - La Schule - Internationale Deutsche Schule Paris<\/title>\n<meta name=\"robots\" content=\"index, follow, max-snippet:-1, max-image-preview:large, max-video-preview:-1\" \/>\n<link rel=\"canonical\" href=\"https:\/\/www.idsp.fr\/fr\/informations-pratiques\/stages\/\" \/>\n<meta property=\"og:locale\" content=\"fr_FR\" \/>\n<meta property=\"og:type\" content=\"article\" \/>\n<meta property=\"og:title\" content=\"Stages - iDSP - La Schule - Internationale Deutsche Schule Paris\" \/>\n<meta property=\"og:url\" content=\"https:\/\/www.idsp.fr\/fr\/informations-pratiques\/stages\/\" \/>\n<meta property=\"og:site_name\" content=\"iDSP - La Schule - Internationale Deutsche Schule Paris\" \/>\n<meta property=\"article:modified_time\" content=\"2026-03-27T10:20:53+00:00\" \/>\n<meta name=\"twitter:card\" content=\"summary_large_image\" \/>\n<meta name=\"twitter:label1\" content=\"Dur\u00e9e de lecture estim\u00e9e\" \/>\n\t<meta name=\"twitter:data1\" content=\"3 minutes\" \/>\n<script type=\"application\/ld+json\" class=\"yoast-schema-graph\">{\"@context\":\"https:\\\/\\\/schema.org\",\"@graph\":[{\"@type\":\"WebPage\",\"@id\":\"https:\\\/\\\/www.idsp.fr\\\/fr\\\/informations-pratiques\\\/stages\\\/\",\"url\":\"https:\\\/\\\/www.idsp.fr\\\/fr\\\/informations-pratiques\\\/stages\\\/\",\"name\":\"Stages - iDSP - La Schule - Internationale Deutsche Schule Paris\",\"isPartOf\":{\"@id\":\"https:\\\/\\\/www.idsp.fr\\\/#website\"},\"datePublished\":\"2026-03-27T10:19:39+00:00\",\"dateModified\":\"2026-03-27T10:20:53+00:00\",\"breadcrumb\":{\"@id\":\"https:\\\/\\\/www.idsp.fr\\\/fr\\\/informations-pratiques\\\/stages\\\/#breadcrumb\"},\"inLanguage\":\"fr-FR\",\"potentialAction\":[{\"@type\":\"ReadAction\",\"target\":[\"https:\\\/\\\/www.idsp.fr\\\/fr\\\/informations-pratiques\\\/stages\\\/\"]}]},{\"@type\":\"BreadcrumbList\",\"@id\":\"https:\\\/\\\/www.idsp.fr\\\/fr\\\/informations-pratiques\\\/stages\\\/#breadcrumb\",\"itemListElement\":[{\"@type\":\"ListItem\",\"position\":1,\"name\":\"Startseite\",\"item\":\"https:\\\/\\\/www.idsp.fr\\\/fr\\\/idsp-ecole-allemande-internationale-de-paris\\\/\"},{\"@type\":\"ListItem\",\"position\":2,\"name\":\"Informations pratiques\",\"item\":\"https:\\\/\\\/www.idsp.fr\\\/fr\\\/informations-pratiques\\\/\"},{\"@type\":\"ListItem\",\"position\":3,\"name\":\"Stages\"}]},{\"@type\":\"WebSite\",\"@id\":\"https:\\\/\\\/www.idsp.fr\\\/#website\",\"url\":\"https:\\\/\\\/www.idsp.fr\\\/\",\"name\":\"iDSP - La Schule - Internationale Deutsche Schule Paris\",\"description\":\"\",\"potentialAction\":[{\"@type\":\"SearchAction\",\"target\":{\"@type\":\"EntryPoint\",\"urlTemplate\":\"https:\\\/\\\/www.idsp.fr\\\/?s={search_term_string}\"},\"query-input\":{\"@type\":\"PropertyValueSpecification\",\"valueRequired\":true,\"valueName\":\"search_term_string\"}}],\"inLanguage\":\"fr-FR\"}]}<\/script>\n<!-- \/ Yoast SEO plugin. -->","yoast_head_json":{"title":"Stages - iDSP - La Schule - Internationale Deutsche Schule Paris","robots":{"index":"index","follow":"follow","max-snippet":"max-snippet:-1","max-image-preview":"max-image-preview:large","max-video-preview":"max-video-preview:-1"},"canonical":"https:\/\/www.idsp.fr\/fr\/informations-pratiques\/stages\/","og_locale":"fr_FR","og_type":"article","og_title":"Stages - iDSP - La Schule - Internationale Deutsche Schule Paris","og_url":"https:\/\/www.idsp.fr\/fr\/informations-pratiques\/stages\/","og_site_name":"iDSP - La Schule - Internationale Deutsche Schule Paris","article_modified_time":"2026-03-27T10:20:53+00:00","twitter_card":"summary_large_image","twitter_misc":{"Dur\u00e9e de lecture estim\u00e9e":"3 minutes"},"schema":{"@context":"https:\/\/schema.org","@graph":[{"@type":"WebPage","@id":"https:\/\/www.idsp.fr\/fr\/informations-pratiques\/stages\/","url":"https:\/\/www.idsp.fr\/fr\/informations-pratiques\/stages\/","name":"Stages - iDSP - La Schule - Internationale Deutsche Schule Paris","isPartOf":{"@id":"https:\/\/www.idsp.fr\/#website"},"datePublished":"2026-03-27T10:19:39+00:00","dateModified":"2026-03-27T10:20:53+00:00","breadcrumb":{"@id":"https:\/\/www.idsp.fr\/fr\/informations-pratiques\/stages\/#breadcrumb"},"inLanguage":"fr-FR","potentialAction":[{"@type":"ReadAction","target":["https:\/\/www.idsp.fr\/fr\/informations-pratiques\/stages\/"]}]},{"@type":"BreadcrumbList","@id":"https:\/\/www.idsp.fr\/fr\/informations-pratiques\/stages\/#breadcrumb","itemListElement":[{"@type":"ListItem","position":1,"name":"Startseite","item":"https:\/\/www.idsp.fr\/fr\/idsp-ecole-allemande-internationale-de-paris\/"},{"@type":"ListItem","position":2,"name":"Informations pratiques","item":"https:\/\/www.idsp.fr\/fr\/informations-pratiques\/"},{"@type":"ListItem","position":3,"name":"Stages"}]},{"@type":"WebSite","@id":"https:\/\/www.idsp.fr\/#website","url":"https:\/\/www.idsp.fr\/","name":"iDSP - La Schule - Internationale Deutsche Schule Paris","description":"","potentialAction":[{"@type":"SearchAction","target":{"@type":"EntryPoint","urlTemplate":"https:\/\/www.idsp.fr\/?s={search_term_string}"},"query-input":{"@type":"PropertyValueSpecification","valueRequired":true,"valueName":"search_term_string"}}],"inLanguage":"fr-FR"}]}},"_links":{"self":[{"href":"https:\/\/www.idsp.fr\/fr\/wp-json\/wp\/v2\/pages\/34769","targetHints":{"allow":["GET"]}}],"collection":[{"href":"https:\/\/www.idsp.fr\/fr\/wp-json\/wp\/v2\/pages"}],"about":[{"href":"https:\/\/www.idsp.fr\/fr\/wp-json\/wp\/v2\/types\/page"}],"author":[{"embeddable":true,"href":"https:\/\/www.idsp.fr\/fr\/wp-json\/wp\/v2\/users\/1"}],"replies":[{"embeddable":true,"href":"https:\/\/www.idsp.fr\/fr\/wp-json\/wp\/v2\/comments?post=34769"}],"version-history":[{"count":2,"href":"https:\/\/www.idsp.fr\/fr\/wp-json\/wp\/v2\/pages\/34769\/revisions"}],"predecessor-version":[{"id":34771,"href":"https:\/\/www.idsp.fr\/fr\/wp-json\/wp\/v2\/pages\/34769\/revisions\/34771"}],"up":[{"embeddable":true,"href":"https:\/\/www.idsp.fr\/fr\/wp-json\/wp\/v2\/pages\/4025"}],"wp:attachment":[{"href":"https:\/\/www.idsp.fr\/fr\/wp-json\/wp\/v2\/media?parent=34769"}],"curies":[{"name":"wp","href":"https:\/\/api.w.org\/{rel}","templated":true}]}}